{"id":18991,"date":"2026-04-30T10:25:04","date_gmt":"2026-04-30T10:25:04","guid":{"rendered":"https:\/\/Regalino-Shop.de\/?post_type=product&#038;p=18991"},"modified":"2026-05-05T10:45:16","modified_gmt":"2026-05-05T10:45:16","slug":"postkarte-tulpen-moderne-florale-karte","status":"publish","type":"product","link":"https:\/\/Regalino-Shop.de\/?product=postkarte-tulpen-moderne-florale-karte","title":{"rendered":"Postkarte Tulpen \u2013 moderne florale Karte"},"content":{"rendered":"<p>&nbsp;<\/p>\n<p>&nbsp;<\/p>\n","protected":false},"excerpt":{"rendered":"<p data-start=\"111\" data-end=\"405\">Ein kleiner Fr\u00fchlingsmoment f\u00fcr jeden Tag. Die <strong>Yay Card \u2013 Tulpen<\/strong> bringt mit ihrem klaren, floralen Motiv Leichtigkeit und Frische in deinen Alltag. Reduziert im Design, aber mit genau der richtigen Portion Farbe \u2013 perfekt, um jemandem eine Freude zu machen oder dir selbst.<\/p>\n<hr data-start=\"407\" data-end=\"410\" \/>\n<p data-start=\"412\" data-end=\"425\"><strong data-start=\"412\" data-end=\"423\">Details<\/strong><\/p>\n<ul data-start=\"426\" data-end=\"622\">\n<li data-section-id=\"1c01pov\" data-start=\"426\" data-end=\"452\">Format: 10,1 \u00d7 14,2 cm<\/li>\n<li data-section-id=\"1fnmhe5\" data-start=\"453\" data-end=\"512\">Stabiler 440 g Karton \u2013 hochwertig und fest in der Hand<\/li>\n<li data-section-id=\"1pp7ekc\" data-start=\"513\" data-end=\"556\">Edler Speziallack f\u00fcr gl\u00e4nzende Akzente<\/li>\n<li data-section-id=\"wyqd\" data-start=\"557\" data-end=\"586\">FSC-zertifiziertes Papier<\/li>\n<li data-section-id=\"1h0uxb0\" data-start=\"587\" data-end=\"622\">Modernes Design mit Tulpenmotiv<\/li>\n<\/ul>\n<hr data-start=\"624\" data-end=\"627\" \/>\n<p data-start=\"629\" data-end=\"805\"><strong data-start=\"629\" data-end=\"657\">\ud83e\udd0d Regalino Styling-Tipp<\/strong><br data-start=\"657\" data-end=\"660\" \/>Sch\u00f6n im Bilderrahmen, auf dem Sideboard oder an deiner Magnetleiste. Besonders stimmig in Kombination mit hellen Naturt\u00f6nen und cleanen Fl\u00e4chen.<\/p>\n<p data-start=\"130\" data-end=\"444\">.<\/p>\n<p data-start=\"666\" data-end=\"851\">Lieferumfang: 1 Karte ohne Dekoration<\/p>\n","protected":false},"featured_media":18992,"template":"","meta":{"_et_pb_use_builder":"","_et_pb_old_content":"","_et_gb_content_width":""},"product_brand":[1857],"product_cat":[97],"product_tag":[3146,3144,354,3145,3133,3147,3135],"class_list":{"0":"post-18991","1":"product","2":"type-product","3":"status-publish","4":"has-post-thumbnail","6":"product_brand-chic-mic","7":"product_cat-poster-postkarten-besondere-papeterie-regalino","8":"product_tag-blumenmotiv","9":"product_tag-florale-postkarte","10":"product_tag-geschenkidee","11":"product_tag-moderne-karte","12":"product_tag-papierwaren","13":"product_tag-postkarte-tulpen","14":"product_tag-regalino-shop","16":"first","17":"instock","18":"taxable","19":"shipping-taxable","20":"purchasable","21":"product-type-simple"},"yoast_head":"<!-- This site is optimized with the Yoast SEO plugin v27.5 - https:\/\/yoast.com\/product\/yoast-seo-wordpress\/ -->\n<title>Postkarte Tulpen aus der YAY Collection<\/title>\n<meta name=\"description\" content=\"Moderne Postkarte mit Tulpenmotiv. Hochwertiger Karton, edler Speziallack und perfekte Geschenkidee f\u00fcr jeden Anlass.\" \/>\n<meta name=\"robots\" content=\"index, follow, max-snippet:-1, max-image-preview:large, max-video-preview:-1\" \/>\n<link rel=\"canonical\" href=\"https:\/\/Regalino-Shop.de\/?product=postkarte-tulpen-moderne-florale-karte\" \/>\n<meta property=\"og:locale\" content=\"de_DE\" \/>\n<meta property=\"og:type\" content=\"article\" \/>\n<meta property=\"og:title\" content=\"Postkarte Tulpen aus der YAY Collection\" \/>\n<meta property=\"og:description\" content=\"Moderne Postkarte mit Tulpenmotiv. Hochwertiger Karton, edler Speziallack und perfekte Geschenkidee f\u00fcr jeden Anlass.\" \/>\n<meta property=\"og:url\" content=\"https:\/\/Regalino-Shop.de\/?product=postkarte-tulpen-moderne-florale-karte\" \/>\n<meta property=\"og:site_name\" content=\"Regalino -Lively Style\" \/>\n<meta property=\"article:modified_time\" content=\"2026-05-05T10:45:16+00:00\" \/>\n<meta property=\"og:image\" content=\"https:\/\/Regalino-Shop.de\/wp-content\/uploads\/2026\/04\/chicmic-karte-yay-Tulpen.webp\" \/>\n\t<meta property=\"og:image:width\" content=\"1024\" \/>\n\t<meta property=\"og:image:height\" content=\"1280\" \/>\n\t<meta property=\"og:image:type\" content=\"image\/webp\" \/>\n<meta name=\"twitter:card\" content=\"summary_large_image\" \/>\n<meta name=\"twitter:label1\" content=\"Gesch\u00e4tzte Lesezeit\" \/>\n\t<meta name=\"twitter:data1\" content=\"1\u00a0Minute\" \/>\n<script type=\"application\/ld+json\" class=\"yoast-schema-graph\">{\"@context\":\"https:\\\/\\\/schema.org\",\"@graph\":[{\"@type\":\"WebPage\",\"@id\":\"https:\\\/\\\/Regalino-Shop.de\\\/?product=postkarte-tulpen-moderne-florale-karte\",\"url\":\"https:\\\/\\\/Regalino-Shop.de\\\/?product=postkarte-tulpen-moderne-florale-karte\",\"name\":\"Postkarte Tulpen aus der YAY Collection\",\"isPartOf\":{\"@id\":\"https:\\\/\\\/Regalino-Shop.de\\\/#website\"},\"primaryImageOfPage\":{\"@id\":\"https:\\\/\\\/Regalino-Shop.de\\\/?product=postkarte-tulpen-moderne-florale-karte#primaryimage\"},\"image\":{\"@id\":\"https:\\\/\\\/Regalino-Shop.de\\\/?product=postkarte-tulpen-moderne-florale-karte#primaryimage\"},\"thumbnailUrl\":\"https:\\\/\\\/Regalino-Shop.de\\\/wp-content\\\/uploads\\\/2026\\\/04\\\/chicmic-karte-yay-Tulpen.webp\",\"datePublished\":\"2026-04-30T10:25:04+00:00\",\"dateModified\":\"2026-05-05T10:45:16+00:00\",\"description\":\"Moderne Postkarte mit Tulpenmotiv. Hochwertiger Karton, edler Speziallack und perfekte Geschenkidee f\u00fcr jeden Anlass.\",\"breadcrumb\":{\"@id\":\"https:\\\/\\\/Regalino-Shop.de\\\/?product=postkarte-tulpen-moderne-florale-karte#breadcrumb\"},\"inLanguage\":\"de\",\"potentialAction\":[{\"@type\":\"ReadAction\",\"target\":[\"https:\\\/\\\/Regalino-Shop.de\\\/?product=postkarte-tulpen-moderne-florale-karte\"]}]},{\"@type\":\"ImageObject\",\"inLanguage\":\"de\",\"@id\":\"https:\\\/\\\/Regalino-Shop.de\\\/?product=postkarte-tulpen-moderne-florale-karte#primaryimage\",\"url\":\"https:\\\/\\\/Regalino-Shop.de\\\/wp-content\\\/uploads\\\/2026\\\/04\\\/chicmic-karte-yay-Tulpen.webp\",\"contentUrl\":\"https:\\\/\\\/Regalino-Shop.de\\\/wp-content\\\/uploads\\\/2026\\\/04\\\/chicmic-karte-yay-Tulpen.webp\",\"width\":1024,\"height\":1280,\"caption\":\"Postkarte mit stilisiertem Tulpenmotiv im modernen Design\"},{\"@type\":\"BreadcrumbList\",\"@id\":\"https:\\\/\\\/Regalino-Shop.de\\\/?product=postkarte-tulpen-moderne-florale-karte#breadcrumb\",\"itemListElement\":[{\"@type\":\"ListItem\",\"position\":1,\"name\":\"Startseite\",\"item\":\"https:\\\/\\\/Regalino-Shop.de\\\/\"},{\"@type\":\"ListItem\",\"position\":2,\"name\":\"Shop\",\"item\":\"https:\\\/\\\/Regalino-Shop.de\\\/?page_id=40\"},{\"@type\":\"ListItem\",\"position\":3,\"name\":\"Postkarte Tulpen \u2013 moderne florale Karte\"}]},{\"@type\":\"WebSite\",\"@id\":\"https:\\\/\\\/Regalino-Shop.de\\\/#website\",\"url\":\"https:\\\/\\\/Regalino-Shop.de\\\/\",\"name\":\"Regalino -Lively Style\",\"description\":\"gelebtes Zuhause\",\"potentialAction\":[{\"@type\":\"SearchAction\",\"target\":{\"@type\":\"EntryPoint\",\"urlTemplate\":\"https:\\\/\\\/Regalino-Shop.de\\\/?s={search_term_string}\"},\"query-input\":{\"@type\":\"PropertyValueSpecification\",\"valueRequired\":true,\"valueName\":\"search_term_string\"}}],\"inLanguage\":\"de\"}]}<\/script>\n<!-- \/ Yoast SEO plugin. -->","yoast_head_json":{"title":"Postkarte Tulpen aus der YAY Collection","description":"Moderne Postkarte mit Tulpenmotiv. Hochwertiger Karton, edler Speziallack und perfekte Geschenkidee f\u00fcr jeden Anlass.","robots":{"index":"index","follow":"follow","max-snippet":"max-snippet:-1","max-image-preview":"max-image-preview:large","max-video-preview":"max-video-preview:-1"},"canonical":"https:\/\/Regalino-Shop.de\/?product=postkarte-tulpen-moderne-florale-karte","og_locale":"de_DE","og_type":"article","og_title":"Postkarte Tulpen aus der YAY Collection","og_description":"Moderne Postkarte mit Tulpenmotiv. Hochwertiger Karton, edler Speziallack und perfekte Geschenkidee f\u00fcr jeden Anlass.","og_url":"https:\/\/Regalino-Shop.de\/?product=postkarte-tulpen-moderne-florale-karte","og_site_name":"Regalino -Lively Style","article_modified_time":"2026-05-05T10:45:16+00:00","og_image":[{"width":1024,"height":1280,"url":"https:\/\/Regalino-Shop.de\/wp-content\/uploads\/2026\/04\/chicmic-karte-yay-Tulpen.webp","type":"image\/webp"}],"twitter_card":"summary_large_image","twitter_misc":{"Gesch\u00e4tzte Lesezeit":"1\u00a0Minute"},"schema":{"@context":"https:\/\/schema.org","@graph":[{"@type":"WebPage","@id":"https:\/\/Regalino-Shop.de\/?product=postkarte-tulpen-moderne-florale-karte","url":"https:\/\/Regalino-Shop.de\/?product=postkarte-tulpen-moderne-florale-karte","name":"Postkarte Tulpen aus der YAY Collection","isPartOf":{"@id":"https:\/\/Regalino-Shop.de\/#website"},"primaryImageOfPage":{"@id":"https:\/\/Regalino-Shop.de\/?product=postkarte-tulpen-moderne-florale-karte#primaryimage"},"image":{"@id":"https:\/\/Regalino-Shop.de\/?product=postkarte-tulpen-moderne-florale-karte#primaryimage"},"thumbnailUrl":"https:\/\/Regalino-Shop.de\/wp-content\/uploads\/2026\/04\/chicmic-karte-yay-Tulpen.webp","datePublished":"2026-04-30T10:25:04+00:00","dateModified":"2026-05-05T10:45:16+00:00","description":"Moderne Postkarte mit Tulpenmotiv. Hochwertiger Karton, edler Speziallack und perfekte Geschenkidee f\u00fcr jeden Anlass.","breadcrumb":{"@id":"https:\/\/Regalino-Shop.de\/?product=postkarte-tulpen-moderne-florale-karte#breadcrumb"},"inLanguage":"de","potentialAction":[{"@type":"ReadAction","target":["https:\/\/Regalino-Shop.de\/?product=postkarte-tulpen-moderne-florale-karte"]}]},{"@type":"ImageObject","inLanguage":"de","@id":"https:\/\/Regalino-Shop.de\/?product=postkarte-tulpen-moderne-florale-karte#primaryimage","url":"https:\/\/Regalino-Shop.de\/wp-content\/uploads\/2026\/04\/chicmic-karte-yay-Tulpen.webp","contentUrl":"https:\/\/Regalino-Shop.de\/wp-content\/uploads\/2026\/04\/chicmic-karte-yay-Tulpen.webp","width":1024,"height":1280,"caption":"Postkarte mit stilisiertem Tulpenmotiv im modernen Design"},{"@type":"BreadcrumbList","@id":"https:\/\/Regalino-Shop.de\/?product=postkarte-tulpen-moderne-florale-karte#breadcrumb","itemListElement":[{"@type":"ListItem","position":1,"name":"Startseite","item":"https:\/\/Regalino-Shop.de\/"},{"@type":"ListItem","position":2,"name":"Shop","item":"https:\/\/Regalino-Shop.de\/?page_id=40"},{"@type":"ListItem","position":3,"name":"Postkarte Tulpen \u2013 moderne florale Karte"}]},{"@type":"WebSite","@id":"https:\/\/Regalino-Shop.de\/#website","url":"https:\/\/Regalino-Shop.de\/","name":"Regalino -Lively Style","description":"gelebtes Zuhause","potentialAction":[{"@type":"SearchAction","target":{"@type":"EntryPoint","urlTemplate":"https:\/\/Regalino-Shop.de\/?s={search_term_string}"},"query-input":{"@type":"PropertyValueSpecification","valueRequired":true,"valueName":"search_term_string"}}],"inLanguage":"de"}]}},"_links":{"self":[{"href":"https:\/\/Regalino-Shop.de\/index.php?rest_route=\/wp\/v2\/product\/18991","targetHints":{"allow":["GET"]}}],"collection":[{"href":"https:\/\/Regalino-Shop.de\/index.php?rest_route=\/wp\/v2\/product"}],"about":[{"href":"https:\/\/Regalino-Shop.de\/index.php?rest_route=\/wp\/v2\/types\/product"}],"wp:featuredmedia":[{"embeddable":true,"href":"https:\/\/Regalino-Shop.de\/index.php?rest_route=\/wp\/v2\/media\/18992"}],"wp:attachment":[{"href":"https:\/\/Regalino-Shop.de\/index.php?rest_route=%2Fwp%2Fv2%2Fmedia&parent=18991"}],"wp:term":[{"taxonomy":"product_brand","embeddable":true,"href":"https:\/\/Regalino-Shop.de\/index.php?rest_route=%2Fwp%2Fv2%2Fproduct_brand&post=18991"},{"taxonomy":"product_cat","embeddable":true,"href":"https:\/\/Regalino-Shop.de\/index.php?rest_route=%2Fwp%2Fv2%2Fproduct_cat&post=18991"},{"taxonomy":"product_tag","embeddable":true,"href":"https:\/\/Regalino-Shop.de\/index.php?rest_route=%2Fwp%2Fv2%2Fproduct_tag&post=18991"}],"curies":[{"name":"wp","href":"https:\/\/api.w.org\/{rel}","templated":true}]}}