{"id":18993,"date":"2026-04-30T10:32:44","date_gmt":"2026-04-30T10:32:44","guid":{"rendered":"https:\/\/Regalino-Shop.de\/?post_type=product&#038;p=18993"},"modified":"2026-04-30T10:36:04","modified_gmt":"2026-04-30T10:36:04","slug":"postkarte-bluemchen-moderne-florale-karte","status":"publish","type":"product","link":"https:\/\/Regalino-Shop.de\/?product=postkarte-bluemchen-moderne-florale-karte","title":{"rendered":"Postkarte Bl\u00fcmchen \u2013 moderne florale Karte"},"content":{"rendered":"<p>&nbsp;<\/p>\n<p>&nbsp;<\/p>\n","protected":false},"excerpt":{"rendered":"<p data-start=\"100\" data-end=\"380\">Ein kleiner Farbtupfer f\u00fcr deinen Alltag. Die <strong>Yay Card \u2013 Bl\u00fcmchen<\/strong> bringt mit ihrem verspielten, floralen Motiv Leichtigkeit und gute Stimmung in jeden Raum. Klar gestaltet, modern und trotzdem warm \u2013 perfekt, um jemandem eine Freude zu machen oder dir selbst.<\/p>\n<hr data-start=\"382\" data-end=\"385\" \/>\n<p data-start=\"387\" data-end=\"400\"><strong data-start=\"387\" data-end=\"398\">Details<\/strong><\/p>\n<ul data-start=\"401\" data-end=\"600\">\n<li data-section-id=\"1c01pov\" data-start=\"401\" data-end=\"427\">Format: 10,1 \u00d7 14,2 cm<\/li>\n<li data-section-id=\"1fnmhe5\" data-start=\"428\" data-end=\"487\">Stabiler 440 g Karton \u2013 hochwertig und fest in der Hand<\/li>\n<li data-section-id=\"1pp7ekc\" data-start=\"488\" data-end=\"531\">Edler Speziallack f\u00fcr gl\u00e4nzende Akzente<\/li>\n<li data-section-id=\"wyqd\" data-start=\"532\" data-end=\"561\">FSC-zertifiziertes Papier<\/li>\n<li data-section-id=\"pcmac8\" data-start=\"562\" data-end=\"600\">Modernes Design mit floralem Motiv<\/li>\n<\/ul>\n<hr data-start=\"602\" data-end=\"605\" \/>\n<p data-start=\"607\" data-end=\"787\"><strong data-start=\"607\" data-end=\"635\">\ud83e\udd0d Regalino Styling-Tipp<\/strong><br data-start=\"635\" data-end=\"638\" \/>Sch\u00f6n im Bilderrahmen, auf dem Sideboard oder an deiner Magnetleiste. Besonders stimmig in Kombination mit hellen Farben und nat\u00fcrlichen Materialien.<\/p>\n<p data-start=\"666\" data-end=\"851\">Lieferumfang: 1 Karte ohne Dekoration<\/p>\n","protected":false},"featured_media":18994,"template":"","meta":{"_et_pb_use_builder":"","_et_pb_old_content":"","_et_gb_content_width":""},"product_brand":[1857],"product_cat":[97],"product_tag":[3146,3144,354,3145,3133,3148,3135],"class_list":{"0":"post-18993","1":"product","2":"type-product","3":"status-publish","4":"has-post-thumbnail","6":"product_brand-chic-mic","7":"product_cat-poster-postkarten-besondere-papeterie-regalino","8":"product_tag-blumenmotiv","9":"product_tag-florale-postkarte","10":"product_tag-geschenkidee","11":"product_tag-moderne-karte","12":"product_tag-papierwaren","13":"product_tag-postkarte-bluemchen","14":"product_tag-regalino-shop","16":"first","17":"instock","18":"taxable","19":"shipping-taxable","20":"purchasable","21":"product-type-simple"},"yoast_head":"<!-- This site is optimized with the Yoast SEO plugin v27.5 - https:\/\/yoast.com\/product\/yoast-seo-wordpress\/ -->\n<title>Postkarte Bl\u00fcmchen aus der YAY Collection<\/title>\n<meta name=\"description\" content=\"Moderne Postkarte mit Bl\u00fcmchenmotiv. Hochwertiger Karton, edler Speziallack und perfekte Geschenkidee f\u00fcr jeden Anlass.\" \/>\n<meta name=\"robots\" content=\"index, follow, max-snippet:-1, max-image-preview:large, max-video-preview:-1\" \/>\n<link rel=\"canonical\" href=\"https:\/\/Regalino-Shop.de\/?product=postkarte-bluemchen-moderne-florale-karte\" \/>\n<meta property=\"og:locale\" content=\"de_DE\" \/>\n<meta property=\"og:type\" content=\"article\" \/>\n<meta property=\"og:title\" content=\"Postkarte Bl\u00fcmchen aus der YAY Collection\" \/>\n<meta property=\"og:description\" content=\"Moderne Postkarte mit Bl\u00fcmchenmotiv. Hochwertiger Karton, edler Speziallack und perfekte Geschenkidee f\u00fcr jeden Anlass.\" \/>\n<meta property=\"og:url\" content=\"https:\/\/Regalino-Shop.de\/?product=postkarte-bluemchen-moderne-florale-karte\" \/>\n<meta property=\"og:site_name\" content=\"Regalino -Lively Style\" \/>\n<meta property=\"article:modified_time\" content=\"2026-04-30T10:36:04+00:00\" \/>\n<meta property=\"og:image\" content=\"https:\/\/Regalino-Shop.de\/wp-content\/uploads\/2026\/04\/chicmic-karte-yay-Bluemchen.webp\" \/>\n\t<meta property=\"og:image:width\" content=\"1024\" \/>\n\t<meta property=\"og:image:height\" content=\"1280\" \/>\n\t<meta property=\"og:image:type\" content=\"image\/webp\" \/>\n<meta name=\"twitter:card\" content=\"summary_large_image\" \/>\n<meta name=\"twitter:label1\" content=\"Gesch\u00e4tzte Lesezeit\" \/>\n\t<meta name=\"twitter:data1\" content=\"1\u00a0Minute\" \/>\n<script type=\"application\/ld+json\" class=\"yoast-schema-graph\">{\"@context\":\"https:\\\/\\\/schema.org\",\"@graph\":[{\"@type\":\"WebPage\",\"@id\":\"https:\\\/\\\/Regalino-Shop.de\\\/?product=postkarte-bluemchen-moderne-florale-karte\",\"url\":\"https:\\\/\\\/Regalino-Shop.de\\\/?product=postkarte-bluemchen-moderne-florale-karte\",\"name\":\"Postkarte Bl\u00fcmchen aus der YAY Collection\",\"isPartOf\":{\"@id\":\"https:\\\/\\\/Regalino-Shop.de\\\/#website\"},\"primaryImageOfPage\":{\"@id\":\"https:\\\/\\\/Regalino-Shop.de\\\/?product=postkarte-bluemchen-moderne-florale-karte#primaryimage\"},\"image\":{\"@id\":\"https:\\\/\\\/Regalino-Shop.de\\\/?product=postkarte-bluemchen-moderne-florale-karte#primaryimage\"},\"thumbnailUrl\":\"https:\\\/\\\/Regalino-Shop.de\\\/wp-content\\\/uploads\\\/2026\\\/04\\\/chicmic-karte-yay-Bluemchen.webp\",\"datePublished\":\"2026-04-30T10:32:44+00:00\",\"dateModified\":\"2026-04-30T10:36:04+00:00\",\"description\":\"Moderne Postkarte mit Bl\u00fcmchenmotiv. Hochwertiger Karton, edler Speziallack und perfekte Geschenkidee f\u00fcr jeden Anlass.\",\"breadcrumb\":{\"@id\":\"https:\\\/\\\/Regalino-Shop.de\\\/?product=postkarte-bluemchen-moderne-florale-karte#breadcrumb\"},\"inLanguage\":\"de\",\"potentialAction\":[{\"@type\":\"ReadAction\",\"target\":[\"https:\\\/\\\/Regalino-Shop.de\\\/?product=postkarte-bluemchen-moderne-florale-karte\"]}]},{\"@type\":\"ImageObject\",\"inLanguage\":\"de\",\"@id\":\"https:\\\/\\\/Regalino-Shop.de\\\/?product=postkarte-bluemchen-moderne-florale-karte#primaryimage\",\"url\":\"https:\\\/\\\/Regalino-Shop.de\\\/wp-content\\\/uploads\\\/2026\\\/04\\\/chicmic-karte-yay-Bluemchen.webp\",\"contentUrl\":\"https:\\\/\\\/Regalino-Shop.de\\\/wp-content\\\/uploads\\\/2026\\\/04\\\/chicmic-karte-yay-Bluemchen.webp\",\"width\":1024,\"height\":1280,\"caption\":\"Postkarte mit stilisierten Blumen in Vase im modernen Design\"},{\"@type\":\"BreadcrumbList\",\"@id\":\"https:\\\/\\\/Regalino-Shop.de\\\/?product=postkarte-bluemchen-moderne-florale-karte#breadcrumb\",\"itemListElement\":[{\"@type\":\"ListItem\",\"position\":1,\"name\":\"Startseite\",\"item\":\"https:\\\/\\\/Regalino-Shop.de\\\/\"},{\"@type\":\"ListItem\",\"position\":2,\"name\":\"Shop\",\"item\":\"https:\\\/\\\/Regalino-Shop.de\\\/?page_id=40\"},{\"@type\":\"ListItem\",\"position\":3,\"name\":\"Postkarte Bl\u00fcmchen \u2013 moderne florale Karte\"}]},{\"@type\":\"WebSite\",\"@id\":\"https:\\\/\\\/Regalino-Shop.de\\\/#website\",\"url\":\"https:\\\/\\\/Regalino-Shop.de\\\/\",\"name\":\"Regalino -Lively Style\",\"description\":\"gelebtes Zuhause\",\"potentialAction\":[{\"@type\":\"SearchAction\",\"target\":{\"@type\":\"EntryPoint\",\"urlTemplate\":\"https:\\\/\\\/Regalino-Shop.de\\\/?s={search_term_string}\"},\"query-input\":{\"@type\":\"PropertyValueSpecification\",\"valueRequired\":true,\"valueName\":\"search_term_string\"}}],\"inLanguage\":\"de\"}]}<\/script>\n<!-- \/ Yoast SEO plugin. -->","yoast_head_json":{"title":"Postkarte Bl\u00fcmchen aus der YAY Collection","description":"Moderne Postkarte mit Bl\u00fcmchenmotiv. Hochwertiger Karton, edler Speziallack und perfekte Geschenkidee f\u00fcr jeden Anlass.","robots":{"index":"index","follow":"follow","max-snippet":"max-snippet:-1","max-image-preview":"max-image-preview:large","max-video-preview":"max-video-preview:-1"},"canonical":"https:\/\/Regalino-Shop.de\/?product=postkarte-bluemchen-moderne-florale-karte","og_locale":"de_DE","og_type":"article","og_title":"Postkarte Bl\u00fcmchen aus der YAY Collection","og_description":"Moderne Postkarte mit Bl\u00fcmchenmotiv. Hochwertiger Karton, edler Speziallack und perfekte Geschenkidee f\u00fcr jeden Anlass.","og_url":"https:\/\/Regalino-Shop.de\/?product=postkarte-bluemchen-moderne-florale-karte","og_site_name":"Regalino -Lively Style","article_modified_time":"2026-04-30T10:36:04+00:00","og_image":[{"width":1024,"height":1280,"url":"https:\/\/Regalino-Shop.de\/wp-content\/uploads\/2026\/04\/chicmic-karte-yay-Bluemchen.webp","type":"image\/webp"}],"twitter_card":"summary_large_image","twitter_misc":{"Gesch\u00e4tzte Lesezeit":"1\u00a0Minute"},"schema":{"@context":"https:\/\/schema.org","@graph":[{"@type":"WebPage","@id":"https:\/\/Regalino-Shop.de\/?product=postkarte-bluemchen-moderne-florale-karte","url":"https:\/\/Regalino-Shop.de\/?product=postkarte-bluemchen-moderne-florale-karte","name":"Postkarte Bl\u00fcmchen aus der YAY Collection","isPartOf":{"@id":"https:\/\/Regalino-Shop.de\/#website"},"primaryImageOfPage":{"@id":"https:\/\/Regalino-Shop.de\/?product=postkarte-bluemchen-moderne-florale-karte#primaryimage"},"image":{"@id":"https:\/\/Regalino-Shop.de\/?product=postkarte-bluemchen-moderne-florale-karte#primaryimage"},"thumbnailUrl":"https:\/\/Regalino-Shop.de\/wp-content\/uploads\/2026\/04\/chicmic-karte-yay-Bluemchen.webp","datePublished":"2026-04-30T10:32:44+00:00","dateModified":"2026-04-30T10:36:04+00:00","description":"Moderne Postkarte mit Bl\u00fcmchenmotiv. Hochwertiger Karton, edler Speziallack und perfekte Geschenkidee f\u00fcr jeden Anlass.","breadcrumb":{"@id":"https:\/\/Regalino-Shop.de\/?product=postkarte-bluemchen-moderne-florale-karte#breadcrumb"},"inLanguage":"de","potentialAction":[{"@type":"ReadAction","target":["https:\/\/Regalino-Shop.de\/?product=postkarte-bluemchen-moderne-florale-karte"]}]},{"@type":"ImageObject","inLanguage":"de","@id":"https:\/\/Regalino-Shop.de\/?product=postkarte-bluemchen-moderne-florale-karte#primaryimage","url":"https:\/\/Regalino-Shop.de\/wp-content\/uploads\/2026\/04\/chicmic-karte-yay-Bluemchen.webp","contentUrl":"https:\/\/Regalino-Shop.de\/wp-content\/uploads\/2026\/04\/chicmic-karte-yay-Bluemchen.webp","width":1024,"height":1280,"caption":"Postkarte mit stilisierten Blumen in Vase im modernen Design"},{"@type":"BreadcrumbList","@id":"https:\/\/Regalino-Shop.de\/?product=postkarte-bluemchen-moderne-florale-karte#breadcrumb","itemListElement":[{"@type":"ListItem","position":1,"name":"Startseite","item":"https:\/\/Regalino-Shop.de\/"},{"@type":"ListItem","position":2,"name":"Shop","item":"https:\/\/Regalino-Shop.de\/?page_id=40"},{"@type":"ListItem","position":3,"name":"Postkarte Bl\u00fcmchen \u2013 moderne florale Karte"}]},{"@type":"WebSite","@id":"https:\/\/Regalino-Shop.de\/#website","url":"https:\/\/Regalino-Shop.de\/","name":"Regalino -Lively Style","description":"gelebtes Zuhause","potentialAction":[{"@type":"SearchAction","target":{"@type":"EntryPoint","urlTemplate":"https:\/\/Regalino-Shop.de\/?s={search_term_string}"},"query-input":{"@type":"PropertyValueSpecification","valueRequired":true,"valueName":"search_term_string"}}],"inLanguage":"de"}]}},"_links":{"self":[{"href":"https:\/\/Regalino-Shop.de\/index.php?rest_route=\/wp\/v2\/product\/18993","targetHints":{"allow":["GET"]}}],"collection":[{"href":"https:\/\/Regalino-Shop.de\/index.php?rest_route=\/wp\/v2\/product"}],"about":[{"href":"https:\/\/Regalino-Shop.de\/index.php?rest_route=\/wp\/v2\/types\/product"}],"wp:featuredmedia":[{"embeddable":true,"href":"https:\/\/Regalino-Shop.de\/index.php?rest_route=\/wp\/v2\/media\/18994"}],"wp:attachment":[{"href":"https:\/\/Regalino-Shop.de\/index.php?rest_route=%2Fwp%2Fv2%2Fmedia&parent=18993"}],"wp:term":[{"taxonomy":"product_brand","embeddable":true,"href":"https:\/\/Regalino-Shop.de\/index.php?rest_route=%2Fwp%2Fv2%2Fproduct_brand&post=18993"},{"taxonomy":"product_cat","embeddable":true,"href":"https:\/\/Regalino-Shop.de\/index.php?rest_route=%2Fwp%2Fv2%2Fproduct_cat&post=18993"},{"taxonomy":"product_tag","embeddable":true,"href":"https:\/\/Regalino-Shop.de\/index.php?rest_route=%2Fwp%2Fv2%2Fproduct_tag&post=18993"}],"curies":[{"name":"wp","href":"https:\/\/api.w.org\/{rel}","templated":true}]}}