{"id":19035,"date":"2026-05-07T08:38:43","date_gmt":"2026-05-07T08:38:43","guid":{"rendered":"https:\/\/Regalino-Shop.de\/?post_type=product&#038;p=19035"},"modified":"2026-05-07T08:43:09","modified_gmt":"2026-05-07T08:43:09","slug":"spueltuch-2-set-gestrickt-vento-grau","status":"publish","type":"product","link":"https:\/\/Regalino-Shop.de\/?product=spueltuch-2-set-gestrickt-vento-grau","title":{"rendered":"Sp\u00fcltuch 2-Set gestrickt *Vento* grau"},"content":{"rendered":"","protected":false},"excerpt":{"rendered":"<p data-start=\"146\" data-end=\"572\">Schlicht, modern und besonders praktisch: Die Sp\u00fclt\u00fccher <strong>VENTO in Grau<\/strong> \u00fcberzeugen mit ihrer ruhigen Farbgebung und einer strukturierten <strong>Jacquard-Webung<\/strong>. Sie liegen angenehm in der Hand, sind saugf\u00e4hig und ideal f\u00fcr den t\u00e4glichen Einsatz in der K\u00fcche. Ein sch\u00f6nes Detail ist die <strong>integrierte Aufh\u00e4ngung mit eingesticktem Knopfloch<\/strong> \u2013 so lassen sich die T\u00fccher ganz einfach aufh\u00e4ngen und sind jederzeit griffbereit.<\/p>\n<hr data-start=\"574\" data-end=\"577\" \/>\n<p data-start=\"579\" data-end=\"592\"><strong data-start=\"579\" data-end=\"590\">Details<\/strong><\/p>\n<ul data-start=\"593\" data-end=\"906\">\n<li data-section-id=\"1l7tffe\" data-start=\"593\" data-end=\"612\">100 % Baumwolle<\/li>\n<li data-section-id=\"2d998l\" data-start=\"613\" data-end=\"652\">Farbe: Grau mit hellem Wellenmuster<\/li>\n<li data-section-id=\"cpahea\" data-start=\"653\" data-end=\"674\">Gr\u00f6\u00dfe: 25 \u00d7 25 cm<\/li>\n<li data-section-id=\"ikf45d\" data-start=\"675\" data-end=\"706\">Hochwertige Jacquard-Webung<\/li>\n<li data-section-id=\"8iukgu\" data-start=\"707\" data-end=\"742\">Besonders saugf\u00e4hig &amp; langlebig<\/li>\n<li data-section-id=\"1etcps5\" data-start=\"743\" data-end=\"809\">Praktische Aufh\u00e4ngung mit eingesticktem Knopfloch<\/li>\n<li data-section-id=\"wiwzpl\" data-start=\"810\" data-end=\"849\">OEKO-TEX\u00ae STANDARD 100 zertifiziert<\/li>\n<li data-section-id=\"29ylkk\" data-start=\"850\" data-end=\"906\">Ideal als Sp\u00fcltuch oder Reinigungstuch f\u00fcr die K\u00fcche<\/li>\n<\/ul>\n<hr data-start=\"908\" data-end=\"911\" \/>\n<p data-start=\"913\" data-end=\"1058\"><strong data-start=\"913\" data-end=\"923\">Pflege<\/strong><br data-start=\"923\" data-end=\"926\" \/>40 \u00b0C Schonwaschgang. B\u00fcgeln bis max. 150 \u00b0C m\u00f6glich. Trocknergeeignet (normales Programm). Nicht bleichen. Nicht chemisch reinigen.<\/p>\n<hr data-start=\"1060\" data-end=\"1063\" \/>\n<p data-start=\"1065\" data-end=\"1299\">\ud83e\udd0d <strong data-start=\"1068\" data-end=\"1093\">Regalino Styling-Tipp<\/strong><br data-start=\"1093\" data-end=\"1096\" \/>Die ruhige Graufarbe passt perfekt zu modernen K\u00fcchen mit Holz, Stein oder Keramik. Besonders sch\u00f6n wirkt das Sp\u00fcltuch locker aufgeh\u00e4ngt \u2013 so wird es gleichzeitig zum funktionalen und dekorativen Detail.<\/p>\n<p>Lieferumfang: 2-Set Sp\u00fcllappen ohne Dekoration<\/p>\n<p>&nbsp;<\/p>\n<p>&nbsp;<\/p>\n<p>&nbsp;<\/p>\n","protected":false},"featured_media":19036,"template":"","meta":{"_et_pb_use_builder":"","_et_pb_old_content":"","_et_gb_content_width":""},"product_brand":[2469],"product_cat":[81],"product_tag":[3182,3181,404,3178,1986,3179,3180,3176,3183],"class_list":{"0":"post-19035","1":"product","2":"type-product","3":"status-publish","4":"has-post-thumbnail","6":"product_brand-pad-concept","7":"product_cat-kuechentextilien-im-scandi-breton-stil-regalino","8":"product_tag-abwaschlappen","9":"product_tag-jacquard-spueltuch","10":"product_tag-kuechenhelfer","11":"product_tag-kuechentuch-klein","12":"product_tag-regalino","13":"product_tag-reinigungstuch-kueche","14":"product_tag-saugfaehiges-spueltuch","15":"product_tag-spueltuch-baumwolle","16":"product_tag-spueltuch-grau","18":"first","19":"instock","20":"taxable","21":"shipping-taxable","22":"purchasable","23":"product-type-simple"},"yoast_head":"<!-- This site is optimized with the Yoast SEO plugin v27.5 - https:\/\/yoast.com\/product\/yoast-seo-wordpress\/ -->\n<title>Sp\u00fcltuchset Aqua Blau aus Baumwolle \u2013 Jacquard - Regalino<\/title>\n<meta name=\"description\" content=\"Sp\u00fcltuchset in Grau aus 100 % Baumwolle mit Jacquard-Webung. Saugf\u00e4hig, langlebig und modern \u2013 ideal f\u00fcr deine K\u00fcche. Jetzt bei Regalino entdecken.\" \/>\n<meta name=\"robots\" content=\"index, follow, max-snippet:-1, max-image-preview:large, max-video-preview:-1\" \/>\n<link rel=\"canonical\" href=\"https:\/\/Regalino-Shop.de\/?product=spueltuch-2-set-gestrickt-vento-grau\" \/>\n<meta property=\"og:locale\" content=\"de_DE\" \/>\n<meta property=\"og:type\" content=\"article\" \/>\n<meta property=\"og:title\" content=\"Sp\u00fcltuchset Aqua Blau aus Baumwolle \u2013 Jacquard - Regalino\" \/>\n<meta property=\"og:description\" content=\"Sp\u00fcltuchset in Grau aus 100 % Baumwolle mit Jacquard-Webung. Saugf\u00e4hig, langlebig und modern \u2013 ideal f\u00fcr deine K\u00fcche. Jetzt bei Regalino entdecken.\" \/>\n<meta property=\"og:url\" content=\"https:\/\/Regalino-Shop.de\/?product=spueltuch-2-set-gestrickt-vento-grau\" \/>\n<meta property=\"og:site_name\" content=\"Regalino -Lively Style\" \/>\n<meta property=\"article:modified_time\" content=\"2026-05-07T08:43:09+00:00\" \/>\n<meta property=\"og:image\" content=\"https:\/\/Regalino-Shop.de\/wp-content\/uploads\/2026\/05\/Spueltuch-pad-Vento-25x25-grau.webp\" \/>\n\t<meta property=\"og:image:width\" content=\"800\" \/>\n\t<meta property=\"og:image:height\" content=\"800\" \/>\n\t<meta property=\"og:image:type\" content=\"image\/webp\" \/>\n<meta name=\"twitter:card\" content=\"summary_large_image\" \/>\n<meta name=\"twitter:label1\" content=\"Gesch\u00e4tzte Lesezeit\" \/>\n\t<meta name=\"twitter:data1\" content=\"1\u00a0Minute\" \/>\n<script type=\"application\/ld+json\" class=\"yoast-schema-graph\">{\"@context\":\"https:\\\/\\\/schema.org\",\"@graph\":[{\"@type\":\"WebPage\",\"@id\":\"https:\\\/\\\/Regalino-Shop.de\\\/?product=spueltuch-2-set-gestrickt-vento-grau\",\"url\":\"https:\\\/\\\/Regalino-Shop.de\\\/?product=spueltuch-2-set-gestrickt-vento-grau\",\"name\":\"Sp\u00fcltuchset Aqua Blau aus Baumwolle \u2013 Jacquard - Regalino\",\"isPartOf\":{\"@id\":\"https:\\\/\\\/Regalino-Shop.de\\\/#website\"},\"primaryImageOfPage\":{\"@id\":\"https:\\\/\\\/Regalino-Shop.de\\\/?product=spueltuch-2-set-gestrickt-vento-grau#primaryimage\"},\"image\":{\"@id\":\"https:\\\/\\\/Regalino-Shop.de\\\/?product=spueltuch-2-set-gestrickt-vento-grau#primaryimage\"},\"thumbnailUrl\":\"https:\\\/\\\/Regalino-Shop.de\\\/wp-content\\\/uploads\\\/2026\\\/05\\\/Spueltuch-pad-Vento-25x25-grau.webp\",\"datePublished\":\"2026-05-07T08:38:43+00:00\",\"dateModified\":\"2026-05-07T08:43:09+00:00\",\"description\":\"Sp\u00fcltuchset in Grau aus 100 % Baumwolle mit Jacquard-Webung. Saugf\u00e4hig, langlebig und modern \u2013 ideal f\u00fcr deine K\u00fcche. Jetzt bei Regalino entdecken.\",\"breadcrumb\":{\"@id\":\"https:\\\/\\\/Regalino-Shop.de\\\/?product=spueltuch-2-set-gestrickt-vento-grau#breadcrumb\"},\"inLanguage\":\"de\",\"potentialAction\":[{\"@type\":\"ReadAction\",\"target\":[\"https:\\\/\\\/Regalino-Shop.de\\\/?product=spueltuch-2-set-gestrickt-vento-grau\"]}]},{\"@type\":\"ImageObject\",\"inLanguage\":\"de\",\"@id\":\"https:\\\/\\\/Regalino-Shop.de\\\/?product=spueltuch-2-set-gestrickt-vento-grau#primaryimage\",\"url\":\"https:\\\/\\\/Regalino-Shop.de\\\/wp-content\\\/uploads\\\/2026\\\/05\\\/Spueltuch-pad-Vento-25x25-grau.webp\",\"contentUrl\":\"https:\\\/\\\/Regalino-Shop.de\\\/wp-content\\\/uploads\\\/2026\\\/05\\\/Spueltuch-pad-Vento-25x25-grau.webp\",\"width\":800,\"height\":800,\"caption\":\"Graues Sp\u00fcltuch aus Baumwolle mit Wellenmuster und eingestickter Aufh\u00e4ngung 2-Set\"},{\"@type\":\"BreadcrumbList\",\"@id\":\"https:\\\/\\\/Regalino-Shop.de\\\/?product=spueltuch-2-set-gestrickt-vento-grau#breadcrumb\",\"itemListElement\":[{\"@type\":\"ListItem\",\"position\":1,\"name\":\"Startseite\",\"item\":\"https:\\\/\\\/Regalino-Shop.de\\\/\"},{\"@type\":\"ListItem\",\"position\":2,\"name\":\"Shop\",\"item\":\"https:\\\/\\\/Regalino-Shop.de\\\/?page_id=40\"},{\"@type\":\"ListItem\",\"position\":3,\"name\":\"Sp\u00fcltuch 2-Set gestrickt *Vento* grau\"}]},{\"@type\":\"WebSite\",\"@id\":\"https:\\\/\\\/Regalino-Shop.de\\\/#website\",\"url\":\"https:\\\/\\\/Regalino-Shop.de\\\/\",\"name\":\"Regalino -Lively Style\",\"description\":\"gelebtes Zuhause\",\"potentialAction\":[{\"@type\":\"SearchAction\",\"target\":{\"@type\":\"EntryPoint\",\"urlTemplate\":\"https:\\\/\\\/Regalino-Shop.de\\\/?s={search_term_string}\"},\"query-input\":{\"@type\":\"PropertyValueSpecification\",\"valueRequired\":true,\"valueName\":\"search_term_string\"}}],\"inLanguage\":\"de\"}]}<\/script>\n<!-- \/ Yoast SEO plugin. -->","yoast_head_json":{"title":"Sp\u00fcltuchset Aqua Blau aus Baumwolle \u2013 Jacquard - Regalino","description":"Sp\u00fcltuchset in Grau aus 100 % Baumwolle mit Jacquard-Webung. Saugf\u00e4hig, langlebig und modern \u2013 ideal f\u00fcr deine K\u00fcche. Jetzt bei Regalino entdecken.","robots":{"index":"index","follow":"follow","max-snippet":"max-snippet:-1","max-image-preview":"max-image-preview:large","max-video-preview":"max-video-preview:-1"},"canonical":"https:\/\/Regalino-Shop.de\/?product=spueltuch-2-set-gestrickt-vento-grau","og_locale":"de_DE","og_type":"article","og_title":"Sp\u00fcltuchset Aqua Blau aus Baumwolle \u2013 Jacquard - Regalino","og_description":"Sp\u00fcltuchset in Grau aus 100 % Baumwolle mit Jacquard-Webung. Saugf\u00e4hig, langlebig und modern \u2013 ideal f\u00fcr deine K\u00fcche. Jetzt bei Regalino entdecken.","og_url":"https:\/\/Regalino-Shop.de\/?product=spueltuch-2-set-gestrickt-vento-grau","og_site_name":"Regalino -Lively Style","article_modified_time":"2026-05-07T08:43:09+00:00","og_image":[{"width":800,"height":800,"url":"https:\/\/Regalino-Shop.de\/wp-content\/uploads\/2026\/05\/Spueltuch-pad-Vento-25x25-grau.webp","type":"image\/webp"}],"twitter_card":"summary_large_image","twitter_misc":{"Gesch\u00e4tzte Lesezeit":"1\u00a0Minute"},"schema":{"@context":"https:\/\/schema.org","@graph":[{"@type":"WebPage","@id":"https:\/\/Regalino-Shop.de\/?product=spueltuch-2-set-gestrickt-vento-grau","url":"https:\/\/Regalino-Shop.de\/?product=spueltuch-2-set-gestrickt-vento-grau","name":"Sp\u00fcltuchset Aqua Blau aus Baumwolle \u2013 Jacquard - Regalino","isPartOf":{"@id":"https:\/\/Regalino-Shop.de\/#website"},"primaryImageOfPage":{"@id":"https:\/\/Regalino-Shop.de\/?product=spueltuch-2-set-gestrickt-vento-grau#primaryimage"},"image":{"@id":"https:\/\/Regalino-Shop.de\/?product=spueltuch-2-set-gestrickt-vento-grau#primaryimage"},"thumbnailUrl":"https:\/\/Regalino-Shop.de\/wp-content\/uploads\/2026\/05\/Spueltuch-pad-Vento-25x25-grau.webp","datePublished":"2026-05-07T08:38:43+00:00","dateModified":"2026-05-07T08:43:09+00:00","description":"Sp\u00fcltuchset in Grau aus 100 % Baumwolle mit Jacquard-Webung. Saugf\u00e4hig, langlebig und modern \u2013 ideal f\u00fcr deine K\u00fcche. Jetzt bei Regalino entdecken.","breadcrumb":{"@id":"https:\/\/Regalino-Shop.de\/?product=spueltuch-2-set-gestrickt-vento-grau#breadcrumb"},"inLanguage":"de","potentialAction":[{"@type":"ReadAction","target":["https:\/\/Regalino-Shop.de\/?product=spueltuch-2-set-gestrickt-vento-grau"]}]},{"@type":"ImageObject","inLanguage":"de","@id":"https:\/\/Regalino-Shop.de\/?product=spueltuch-2-set-gestrickt-vento-grau#primaryimage","url":"https:\/\/Regalino-Shop.de\/wp-content\/uploads\/2026\/05\/Spueltuch-pad-Vento-25x25-grau.webp","contentUrl":"https:\/\/Regalino-Shop.de\/wp-content\/uploads\/2026\/05\/Spueltuch-pad-Vento-25x25-grau.webp","width":800,"height":800,"caption":"Graues Sp\u00fcltuch aus Baumwolle mit Wellenmuster und eingestickter Aufh\u00e4ngung 2-Set"},{"@type":"BreadcrumbList","@id":"https:\/\/Regalino-Shop.de\/?product=spueltuch-2-set-gestrickt-vento-grau#breadcrumb","itemListElement":[{"@type":"ListItem","position":1,"name":"Startseite","item":"https:\/\/Regalino-Shop.de\/"},{"@type":"ListItem","position":2,"name":"Shop","item":"https:\/\/Regalino-Shop.de\/?page_id=40"},{"@type":"ListItem","position":3,"name":"Sp\u00fcltuch 2-Set gestrickt *Vento* grau"}]},{"@type":"WebSite","@id":"https:\/\/Regalino-Shop.de\/#website","url":"https:\/\/Regalino-Shop.de\/","name":"Regalino -Lively Style","description":"gelebtes Zuhause","potentialAction":[{"@type":"SearchAction","target":{"@type":"EntryPoint","urlTemplate":"https:\/\/Regalino-Shop.de\/?s={search_term_string}"},"query-input":{"@type":"PropertyValueSpecification","valueRequired":true,"valueName":"search_term_string"}}],"inLanguage":"de"}]}},"_links":{"self":[{"href":"https:\/\/Regalino-Shop.de\/index.php?rest_route=\/wp\/v2\/product\/19035","targetHints":{"allow":["GET"]}}],"collection":[{"href":"https:\/\/Regalino-Shop.de\/index.php?rest_route=\/wp\/v2\/product"}],"about":[{"href":"https:\/\/Regalino-Shop.de\/index.php?rest_route=\/wp\/v2\/types\/product"}],"wp:featuredmedia":[{"embeddable":true,"href":"https:\/\/Regalino-Shop.de\/index.php?rest_route=\/wp\/v2\/media\/19036"}],"wp:attachment":[{"href":"https:\/\/Regalino-Shop.de\/index.php?rest_route=%2Fwp%2Fv2%2Fmedia&parent=19035"}],"wp:term":[{"taxonomy":"product_brand","embeddable":true,"href":"https:\/\/Regalino-Shop.de\/index.php?rest_route=%2Fwp%2Fv2%2Fproduct_brand&post=19035"},{"taxonomy":"product_cat","embeddable":true,"href":"https:\/\/Regalino-Shop.de\/index.php?rest_route=%2Fwp%2Fv2%2Fproduct_cat&post=19035"},{"taxonomy":"product_tag","embeddable":true,"href":"https:\/\/Regalino-Shop.de\/index.php?rest_route=%2Fwp%2Fv2%2Fproduct_tag&post=19035"}],"curies":[{"name":"wp","href":"https:\/\/api.w.org\/{rel}","templated":true}]}}