{"id":19077,"date":"2026-05-13T13:13:29","date_gmt":"2026-05-13T13:13:29","guid":{"rendered":"https:\/\/Regalino-Shop.de\/?post_type=product&#038;p=19077"},"modified":"2026-05-13T13:21:06","modified_gmt":"2026-05-13T13:21:06","slug":"geschirrtuch-denim-lecko-mio-aus-baumwolle","status":"publish","type":"product","link":"https:\/\/Regalino-Shop.de\/?product=geschirrtuch-denim-lecko-mio-aus-baumwolle","title":{"rendered":"Geschirrtuch Denim *LECKO MIO!* aus Baumwolle"},"content":{"rendered":"","protected":false},"excerpt":{"rendered":"<p data-start=\"85\" data-end=\"508\">Frisch, modern und mit einem Hauch Leichtigkeit: Das Geschirrtuch DENIM in Mint bringt sanfte Farbe und klare Struktur in deine K\u00fcche. Die feine Stickerei setzt einen dezenten Akzent und verleiht dem Tuch eine besondere Wertigkeit. Gefertigt aus 100 % Baumwolle \u00fcberzeugt es durch seine angenehme Haptik und zuverl\u00e4ssige Saugf\u00e4higkeit \u2013 ideal f\u00fcr den t\u00e4glichen Einsatz und gleichzeitig ein stilvolles Detail.<\/p>\n<hr data-start=\"510\" data-end=\"513\" \/>\n<p data-start=\"515\" data-end=\"528\"><strong data-start=\"515\" data-end=\"526\">Details<\/strong><\/p>\n<ul data-start=\"529\" data-end=\"707\">\n<li data-section-id=\"1l7tffe\" data-start=\"529\" data-end=\"548\">100 % Baumwolle<\/li>\n<li data-section-id=\"zietr2\" data-start=\"549\" data-end=\"564\">Farbe: Mint<\/li>\n<li data-section-id=\"19nkorj\" data-start=\"565\" data-end=\"585\">Ma\u00dfe: 50 \u00d7 70 cm<\/li>\n<li data-section-id=\"3gputn\" data-start=\"586\" data-end=\"612\">Mit schicker Stickerei<\/li>\n<li data-section-id=\"wiwzpl\" data-start=\"613\" data-end=\"652\">OEKO-TEX\u00ae STANDARD 100 zertifiziert<\/li>\n<li data-section-id=\"mv6k3v\" data-start=\"653\" data-end=\"678\">Saugf\u00e4hig &amp; langlebig<\/li>\n<li data-section-id=\"1udtmeh\" data-start=\"679\" data-end=\"707\">Ideal f\u00fcr K\u00fcche &amp; Alltag<\/li>\n<\/ul>\n<hr data-start=\"709\" data-end=\"712\" \/>\n<p data-start=\"714\" data-end=\"853\"><strong data-start=\"714\" data-end=\"724\">Pflege<\/strong><br data-start=\"724\" data-end=\"727\" \/>40 \u00b0C Schonwaschgang. B\u00fcgeln bis max. 150 \u00b0C m\u00f6glich. Nicht bleichen. Nicht im Trockner trocknen. Chemische Reinigung m\u00f6glich.<\/p>\n<hr data-start=\"855\" data-end=\"858\" \/>\n<p data-start=\"860\" data-end=\"1072\">\ud83e\udd0d <strong data-start=\"863\" data-end=\"888\">Regalino Styling-Tipp<\/strong><br data-start=\"888\" data-end=\"891\" \/>Die sanfte Mintfarbe wirkt besonders sch\u00f6n in hellen K\u00fcchen und l\u00e4sst sich perfekt mit Holz, Keramik und Naturmaterialien kombinieren. Auch als kleines Geschenk eine stilvolle Wahl.<\/p>\n<p data-start=\"1565\" data-end=\"1644\">Lieferumfang: 1 Geschirrtuch<\/p>\n","protected":false},"featured_media":19079,"template":"","meta":{"_et_pb_use_builder":"","_et_pb_old_content":"","_et_gb_content_width":""},"product_brand":[2469],"product_cat":[81],"product_tag":[2457,2454,3241,2641,2359,3232,1986],"class_list":{"0":"post-19077","1":"product","2":"type-product","3":"status-publish","4":"has-post-thumbnail","6":"product_brand-pad-concept","7":"product_cat-kuechentextilien-im-scandi-breton-stil-regalino","8":"product_tag-baumwoll-geschirrtuch","9":"product_tag-geschirrtuch-baumwolle","10":"product_tag-geschirrtuch-mint","11":"product_tag-geschirrtuch-mit-stickerei","12":"product_tag-kuechenaccessoires","13":"product_tag-kuechentuch-modern","14":"product_tag-regalino","16":"first","17":"instock","18":"taxable","19":"shipping-taxable","20":"purchasable","21":"product-type-simple"},"yoast_head":"<!-- This site is optimized with the Yoast SEO plugin v27.5 - https:\/\/yoast.com\/product\/yoast-seo-wordpress\/ -->\n<title>Geschirrtuch Mint aus Baumwolle \u2013 schlicht &amp; hochwertig | Regalino<\/title>\n<meta name=\"description\" content=\"Geschirrtuch in Mint aus 100 % Baumwolle mit feiner Stickerei. Saugf\u00e4hig, modern und perfekt f\u00fcr deine K\u00fcche \u2013 jetzt bei Regalino entdecken.\" \/>\n<meta name=\"robots\" content=\"index, follow, max-snippet:-1, max-image-preview:large, max-video-preview:-1\" \/>\n<link rel=\"canonical\" href=\"https:\/\/Regalino-Shop.de\/?product=geschirrtuch-denim-lecko-mio-aus-baumwolle\" \/>\n<meta property=\"og:locale\" content=\"de_DE\" \/>\n<meta property=\"og:type\" content=\"article\" \/>\n<meta property=\"og:title\" content=\"Geschirrtuch Mint aus Baumwolle \u2013 schlicht &amp; hochwertig | Regalino\" \/>\n<meta property=\"og:description\" content=\"Geschirrtuch in Mint aus 100 % Baumwolle mit feiner Stickerei. Saugf\u00e4hig, modern und perfekt f\u00fcr deine K\u00fcche \u2013 jetzt bei Regalino entdecken.\" \/>\n<meta property=\"og:url\" content=\"https:\/\/Regalino-Shop.de\/?product=geschirrtuch-denim-lecko-mio-aus-baumwolle\" \/>\n<meta property=\"og:site_name\" content=\"Regalino -Lively Style\" \/>\n<meta property=\"article:modified_time\" content=\"2026-05-13T13:21:06+00:00\" \/>\n<meta property=\"og:image\" content=\"https:\/\/Regalino-Shop.de\/wp-content\/uploads\/2026\/05\/denim-50x70-lecko-mio_800x800-kuechentuch.webp-1.jpg\" \/>\n\t<meta property=\"og:image:width\" content=\"477\" \/>\n\t<meta property=\"og:image:height\" content=\"557\" \/>\n\t<meta property=\"og:image:type\" content=\"image\/jpeg\" \/>\n<meta name=\"twitter:card\" content=\"summary_large_image\" \/>\n<meta name=\"twitter:label1\" content=\"Gesch\u00e4tzte Lesezeit\" \/>\n\t<meta name=\"twitter:data1\" content=\"1\u00a0Minute\" \/>\n<script type=\"application\/ld+json\" class=\"yoast-schema-graph\">{\"@context\":\"https:\\\/\\\/schema.org\",\"@graph\":[{\"@type\":\"WebPage\",\"@id\":\"https:\\\/\\\/Regalino-Shop.de\\\/?product=geschirrtuch-denim-lecko-mio-aus-baumwolle\",\"url\":\"https:\\\/\\\/Regalino-Shop.de\\\/?product=geschirrtuch-denim-lecko-mio-aus-baumwolle\",\"name\":\"Geschirrtuch Mint aus Baumwolle \u2013 schlicht & hochwertig | Regalino\",\"isPartOf\":{\"@id\":\"https:\\\/\\\/Regalino-Shop.de\\\/#website\"},\"primaryImageOfPage\":{\"@id\":\"https:\\\/\\\/Regalino-Shop.de\\\/?product=geschirrtuch-denim-lecko-mio-aus-baumwolle#primaryimage\"},\"image\":{\"@id\":\"https:\\\/\\\/Regalino-Shop.de\\\/?product=geschirrtuch-denim-lecko-mio-aus-baumwolle#primaryimage\"},\"thumbnailUrl\":\"https:\\\/\\\/Regalino-Shop.de\\\/wp-content\\\/uploads\\\/2026\\\/05\\\/denim-50x70-lecko-mio_800x800-kuechentuch.webp-1.jpg\",\"datePublished\":\"2026-05-13T13:13:29+00:00\",\"dateModified\":\"2026-05-13T13:21:06+00:00\",\"description\":\"Geschirrtuch in Mint aus 100 % Baumwolle mit feiner Stickerei. Saugf\u00e4hig, modern und perfekt f\u00fcr deine K\u00fcche \u2013 jetzt bei Regalino entdecken.\",\"breadcrumb\":{\"@id\":\"https:\\\/\\\/Regalino-Shop.de\\\/?product=geschirrtuch-denim-lecko-mio-aus-baumwolle#breadcrumb\"},\"inLanguage\":\"de\",\"potentialAction\":[{\"@type\":\"ReadAction\",\"target\":[\"https:\\\/\\\/Regalino-Shop.de\\\/?product=geschirrtuch-denim-lecko-mio-aus-baumwolle\"]}]},{\"@type\":\"ImageObject\",\"inLanguage\":\"de\",\"@id\":\"https:\\\/\\\/Regalino-Shop.de\\\/?product=geschirrtuch-denim-lecko-mio-aus-baumwolle#primaryimage\",\"url\":\"https:\\\/\\\/Regalino-Shop.de\\\/wp-content\\\/uploads\\\/2026\\\/05\\\/denim-50x70-lecko-mio_800x800-kuechentuch.webp-1.jpg\",\"contentUrl\":\"https:\\\/\\\/Regalino-Shop.de\\\/wp-content\\\/uploads\\\/2026\\\/05\\\/denim-50x70-lecko-mio_800x800-kuechentuch.webp-1.jpg\",\"width\":477,\"height\":557,\"caption\":\"Geschirrtuch mint aus Baumwolle mit feiner Stickerei\"},{\"@type\":\"BreadcrumbList\",\"@id\":\"https:\\\/\\\/Regalino-Shop.de\\\/?product=geschirrtuch-denim-lecko-mio-aus-baumwolle#breadcrumb\",\"itemListElement\":[{\"@type\":\"ListItem\",\"position\":1,\"name\":\"Startseite\",\"item\":\"https:\\\/\\\/Regalino-Shop.de\\\/\"},{\"@type\":\"ListItem\",\"position\":2,\"name\":\"Shop\",\"item\":\"https:\\\/\\\/Regalino-Shop.de\\\/?page_id=40\"},{\"@type\":\"ListItem\",\"position\":3,\"name\":\"Geschirrtuch Denim *LECKO MIO!* aus Baumwolle\"}]},{\"@type\":\"WebSite\",\"@id\":\"https:\\\/\\\/Regalino-Shop.de\\\/#website\",\"url\":\"https:\\\/\\\/Regalino-Shop.de\\\/\",\"name\":\"Regalino -Lively Style\",\"description\":\"gelebtes Zuhause\",\"potentialAction\":[{\"@type\":\"SearchAction\",\"target\":{\"@type\":\"EntryPoint\",\"urlTemplate\":\"https:\\\/\\\/Regalino-Shop.de\\\/?s={search_term_string}\"},\"query-input\":{\"@type\":\"PropertyValueSpecification\",\"valueRequired\":true,\"valueName\":\"search_term_string\"}}],\"inLanguage\":\"de\"}]}<\/script>\n<!-- \/ Yoast SEO plugin. -->","yoast_head_json":{"title":"Geschirrtuch Mint aus Baumwolle \u2013 schlicht & hochwertig | Regalino","description":"Geschirrtuch in Mint aus 100 % Baumwolle mit feiner Stickerei. Saugf\u00e4hig, modern und perfekt f\u00fcr deine K\u00fcche \u2013 jetzt bei Regalino entdecken.","robots":{"index":"index","follow":"follow","max-snippet":"max-snippet:-1","max-image-preview":"max-image-preview:large","max-video-preview":"max-video-preview:-1"},"canonical":"https:\/\/Regalino-Shop.de\/?product=geschirrtuch-denim-lecko-mio-aus-baumwolle","og_locale":"de_DE","og_type":"article","og_title":"Geschirrtuch Mint aus Baumwolle \u2013 schlicht & hochwertig | Regalino","og_description":"Geschirrtuch in Mint aus 100 % Baumwolle mit feiner Stickerei. Saugf\u00e4hig, modern und perfekt f\u00fcr deine K\u00fcche \u2013 jetzt bei Regalino entdecken.","og_url":"https:\/\/Regalino-Shop.de\/?product=geschirrtuch-denim-lecko-mio-aus-baumwolle","og_site_name":"Regalino -Lively Style","article_modified_time":"2026-05-13T13:21:06+00:00","og_image":[{"width":477,"height":557,"url":"https:\/\/Regalino-Shop.de\/wp-content\/uploads\/2026\/05\/denim-50x70-lecko-mio_800x800-kuechentuch.webp-1.jpg","type":"image\/jpeg"}],"twitter_card":"summary_large_image","twitter_misc":{"Gesch\u00e4tzte Lesezeit":"1\u00a0Minute"},"schema":{"@context":"https:\/\/schema.org","@graph":[{"@type":"WebPage","@id":"https:\/\/Regalino-Shop.de\/?product=geschirrtuch-denim-lecko-mio-aus-baumwolle","url":"https:\/\/Regalino-Shop.de\/?product=geschirrtuch-denim-lecko-mio-aus-baumwolle","name":"Geschirrtuch Mint aus Baumwolle \u2013 schlicht & hochwertig | Regalino","isPartOf":{"@id":"https:\/\/Regalino-Shop.de\/#website"},"primaryImageOfPage":{"@id":"https:\/\/Regalino-Shop.de\/?product=geschirrtuch-denim-lecko-mio-aus-baumwolle#primaryimage"},"image":{"@id":"https:\/\/Regalino-Shop.de\/?product=geschirrtuch-denim-lecko-mio-aus-baumwolle#primaryimage"},"thumbnailUrl":"https:\/\/Regalino-Shop.de\/wp-content\/uploads\/2026\/05\/denim-50x70-lecko-mio_800x800-kuechentuch.webp-1.jpg","datePublished":"2026-05-13T13:13:29+00:00","dateModified":"2026-05-13T13:21:06+00:00","description":"Geschirrtuch in Mint aus 100 % Baumwolle mit feiner Stickerei. Saugf\u00e4hig, modern und perfekt f\u00fcr deine K\u00fcche \u2013 jetzt bei Regalino entdecken.","breadcrumb":{"@id":"https:\/\/Regalino-Shop.de\/?product=geschirrtuch-denim-lecko-mio-aus-baumwolle#breadcrumb"},"inLanguage":"de","potentialAction":[{"@type":"ReadAction","target":["https:\/\/Regalino-Shop.de\/?product=geschirrtuch-denim-lecko-mio-aus-baumwolle"]}]},{"@type":"ImageObject","inLanguage":"de","@id":"https:\/\/Regalino-Shop.de\/?product=geschirrtuch-denim-lecko-mio-aus-baumwolle#primaryimage","url":"https:\/\/Regalino-Shop.de\/wp-content\/uploads\/2026\/05\/denim-50x70-lecko-mio_800x800-kuechentuch.webp-1.jpg","contentUrl":"https:\/\/Regalino-Shop.de\/wp-content\/uploads\/2026\/05\/denim-50x70-lecko-mio_800x800-kuechentuch.webp-1.jpg","width":477,"height":557,"caption":"Geschirrtuch mint aus Baumwolle mit feiner Stickerei"},{"@type":"BreadcrumbList","@id":"https:\/\/Regalino-Shop.de\/?product=geschirrtuch-denim-lecko-mio-aus-baumwolle#breadcrumb","itemListElement":[{"@type":"ListItem","position":1,"name":"Startseite","item":"https:\/\/Regalino-Shop.de\/"},{"@type":"ListItem","position":2,"name":"Shop","item":"https:\/\/Regalino-Shop.de\/?page_id=40"},{"@type":"ListItem","position":3,"name":"Geschirrtuch Denim *LECKO MIO!* aus Baumwolle"}]},{"@type":"WebSite","@id":"https:\/\/Regalino-Shop.de\/#website","url":"https:\/\/Regalino-Shop.de\/","name":"Regalino -Lively Style","description":"gelebtes Zuhause","potentialAction":[{"@type":"SearchAction","target":{"@type":"EntryPoint","urlTemplate":"https:\/\/Regalino-Shop.de\/?s={search_term_string}"},"query-input":{"@type":"PropertyValueSpecification","valueRequired":true,"valueName":"search_term_string"}}],"inLanguage":"de"}]}},"_links":{"self":[{"href":"https:\/\/Regalino-Shop.de\/index.php?rest_route=\/wp\/v2\/product\/19077","targetHints":{"allow":["GET"]}}],"collection":[{"href":"https:\/\/Regalino-Shop.de\/index.php?rest_route=\/wp\/v2\/product"}],"about":[{"href":"https:\/\/Regalino-Shop.de\/index.php?rest_route=\/wp\/v2\/types\/product"}],"wp:featuredmedia":[{"embeddable":true,"href":"https:\/\/Regalino-Shop.de\/index.php?rest_route=\/wp\/v2\/media\/19079"}],"wp:attachment":[{"href":"https:\/\/Regalino-Shop.de\/index.php?rest_route=%2Fwp%2Fv2%2Fmedia&parent=19077"}],"wp:term":[{"taxonomy":"product_brand","embeddable":true,"href":"https:\/\/Regalino-Shop.de\/index.php?rest_route=%2Fwp%2Fv2%2Fproduct_brand&post=19077"},{"taxonomy":"product_cat","embeddable":true,"href":"https:\/\/Regalino-Shop.de\/index.php?rest_route=%2Fwp%2Fv2%2Fproduct_cat&post=19077"},{"taxonomy":"product_tag","embeddable":true,"href":"https:\/\/Regalino-Shop.de\/index.php?rest_route=%2Fwp%2Fv2%2Fproduct_tag&post=19077"}],"curies":[{"name":"wp","href":"https:\/\/api.w.org\/{rel}","templated":true}]}}