{"id":3987,"date":"2021-01-02T21:34:07","date_gmt":"2021-01-02T21:34:07","guid":{"rendered":"https:\/\/Regalino-Shop.de\/?post_type=product&#038;p=3987"},"modified":"2026-04-22T13:08:59","modified_gmt":"2026-04-22T13:08:59","slug":"loofah-schwamm-aus-der-altum-serie-von-ib-laursen","status":"publish","type":"product","link":"https:\/\/Regalino-Shop.de\/?product=loofah-schwamm-aus-der-altum-serie-von-ib-laursen","title":{"rendered":"Loofah Schwamm aus der Altum Serie von Ib Laursen"},"content":{"rendered":"","protected":false},"excerpt":{"rendered":"<div id=\"tab-product-description\" class=\"ui-tabs-panel ui-widget-content ui-corner-bottom\" role=\"tabpanel\" aria-labelledby=\"ui-id-1\" aria-hidden=\"false\">\n<div class=\"description\">\n<p>Loofah Schwamm Altum Serie von IB Laursen<\/p>\n<p>Ma\u00dfe: L: 12,5 \u00d8: 6,5 (Naturprodukt, Farbe und Gr\u00f6\u00dfe k\u00f6nnen abweichen)<\/p>\n<p>Material: Loofah ist ein Naturprodukt. Der Schwamm ist ein Gem\u00fcse in der Gurkenfamilie und w\u00e4chst im tropischen und subtropischen Klima. Solange die Fr\u00fcchte klein sind, sind sie essbar. Das Gem\u00fcse ist vor allem in Indien, China und Vietnam beliebt. Wenn die Fr\u00fcchte gro\u00df sind, sind sie sehr reich an Ballaststoffen. Die Fr\u00fcchte werden ausgetrocknet, die Haut und die Kerne entfernt, und zur\u00fcck bleibt der Schwamm. Ein Loofah-Schwamm ist ideal, um abgestorbene Hautzellen zu entfernen und die Durchblutung anzuregen. Der Schwamm eignet sich auch gut f\u00fcr den Hausputz<\/p>\n<\/div>\n<\/div>\n","protected":false},"featured_media":3988,"template":"","meta":{"_et_pb_use_builder":"","_et_pb_old_content":"","_et_gb_content_width":""},"product_brand":[],"product_cat":[83,3068,3067],"product_tag":[552,288,393,392,388,390,391],"class_list":{"0":"post-3987","1":"product","2":"type-product","3":"status-publish","4":"has-post-thumbnail","6":"product_cat-bad-spa-besondere-wohlfuehlmomente-regalino","7":"product_cat-fuer-mama-oma","8":"product_cat-geschenkideen","9":"product_tag-altum","10":"product_tag-geschenk","11":"product_tag-peeling","12":"product_tag-the-gift-label","13":"product_tag-vegan","14":"product_tag-waschgel","15":"product_tag-waschlotion","17":"first","18":"instock","19":"taxable","20":"shipping-taxable","21":"purchasable","22":"product-type-simple"},"yoast_head":"<!-- This site is optimized with the Yoast SEO plugin v27.5 - https:\/\/yoast.com\/product\/yoast-seo-wordpress\/ -->\n<title>Loofah Schwamm aus der Altum Serie von Ib Laursen - Regalino -Lively Style<\/title>\n<meta name=\"robots\" content=\"index, follow, max-snippet:-1, max-image-preview:large, max-video-preview:-1\" \/>\n<link rel=\"canonical\" href=\"https:\/\/Regalino-Shop.de\/?product=loofah-schwamm-aus-der-altum-serie-von-ib-laursen\" \/>\n<meta property=\"og:locale\" content=\"de_DE\" \/>\n<meta property=\"og:type\" content=\"article\" \/>\n<meta property=\"og:title\" content=\"Loofah Schwamm aus der Altum Serie von Ib Laursen - Regalino -Lively Style\" \/>\n<meta property=\"og:description\" content=\"Loofah Schwamm Altum Serie von IB Laursen  Ma\u00dfe: L: 12,5 \u00d8: 6,5 (Naturprodukt, Farbe und Gr\u00f6\u00dfe k\u00f6nnen abweichen)  Material: Loofah ist ein Naturprodukt. Der Schwamm ist ein Gem\u00fcse in der Gurkenfamilie und w\u00e4chst im tropischen und subtropischen Klima. Solange die Fr\u00fcchte klein sind, sind sie essbar. Das Gem\u00fcse ist vor allem in Indien, China und Vietnam beliebt. Wenn die Fr\u00fcchte gro\u00df sind, sind sie sehr reich an Ballaststoffen. Die Fr\u00fcchte werden ausgetrocknet, die Haut und die Kerne entfernt, und zur\u00fcck bleibt der Schwamm. Ein Loofah-Schwamm ist ideal, um abgestorbene Hautzellen zu entfernen und die Durchblutung anzuregen. Der Schwamm eignet sich auch gut f\u00fcr den Hausputz\" \/>\n<meta property=\"og:url\" content=\"https:\/\/Regalino-Shop.de\/?product=loofah-schwamm-aus-der-altum-serie-von-ib-laursen\" \/>\n<meta property=\"og:site_name\" content=\"Regalino -Lively Style\" \/>\n<meta property=\"article:modified_time\" content=\"2026-04-22T13:08:59+00:00\" \/>\n<meta property=\"og:image\" content=\"https:\/\/Regalino-Shop.de\/wp-content\/uploads\/2021\/01\/Loofah.jpg\" \/>\n\t<meta property=\"og:image:width\" content=\"448\" \/>\n\t<meta property=\"og:image:height\" content=\"467\" \/>\n\t<meta property=\"og:image:type\" content=\"image\/jpeg\" \/>\n<meta name=\"twitter:card\" content=\"summary_large_image\" \/>\n<script type=\"application\/ld+json\" class=\"yoast-schema-graph\">{\"@context\":\"https:\\\/\\\/schema.org\",\"@graph\":[{\"@type\":\"WebPage\",\"@id\":\"https:\\\/\\\/Regalino-Shop.de\\\/?product=loofah-schwamm-aus-der-altum-serie-von-ib-laursen\",\"url\":\"https:\\\/\\\/Regalino-Shop.de\\\/?product=loofah-schwamm-aus-der-altum-serie-von-ib-laursen\",\"name\":\"Loofah Schwamm aus der Altum Serie von Ib Laursen - Regalino -Lively Style\",\"isPartOf\":{\"@id\":\"https:\\\/\\\/Regalino-Shop.de\\\/#website\"},\"primaryImageOfPage\":{\"@id\":\"https:\\\/\\\/Regalino-Shop.de\\\/?product=loofah-schwamm-aus-der-altum-serie-von-ib-laursen#primaryimage\"},\"image\":{\"@id\":\"https:\\\/\\\/Regalino-Shop.de\\\/?product=loofah-schwamm-aus-der-altum-serie-von-ib-laursen#primaryimage\"},\"thumbnailUrl\":\"https:\\\/\\\/Regalino-Shop.de\\\/wp-content\\\/uploads\\\/2021\\\/01\\\/Loofah.jpg\",\"datePublished\":\"2021-01-02T21:34:07+00:00\",\"dateModified\":\"2026-04-22T13:08:59+00:00\",\"breadcrumb\":{\"@id\":\"https:\\\/\\\/Regalino-Shop.de\\\/?product=loofah-schwamm-aus-der-altum-serie-von-ib-laursen#breadcrumb\"},\"inLanguage\":\"de\",\"potentialAction\":[{\"@type\":\"ReadAction\",\"target\":[\"https:\\\/\\\/Regalino-Shop.de\\\/?product=loofah-schwamm-aus-der-altum-serie-von-ib-laursen\"]}]},{\"@type\":\"ImageObject\",\"inLanguage\":\"de\",\"@id\":\"https:\\\/\\\/Regalino-Shop.de\\\/?product=loofah-schwamm-aus-der-altum-serie-von-ib-laursen#primaryimage\",\"url\":\"https:\\\/\\\/Regalino-Shop.de\\\/wp-content\\\/uploads\\\/2021\\\/01\\\/Loofah.jpg\",\"contentUrl\":\"https:\\\/\\\/Regalino-Shop.de\\\/wp-content\\\/uploads\\\/2021\\\/01\\\/Loofah.jpg\",\"width\":448,\"height\":467},{\"@type\":\"BreadcrumbList\",\"@id\":\"https:\\\/\\\/Regalino-Shop.de\\\/?product=loofah-schwamm-aus-der-altum-serie-von-ib-laursen#breadcrumb\",\"itemListElement\":[{\"@type\":\"ListItem\",\"position\":1,\"name\":\"Startseite\",\"item\":\"https:\\\/\\\/Regalino-Shop.de\\\/\"},{\"@type\":\"ListItem\",\"position\":2,\"name\":\"Shop\",\"item\":\"https:\\\/\\\/Regalino-Shop.de\\\/?page_id=40\"},{\"@type\":\"ListItem\",\"position\":3,\"name\":\"Loofah Schwamm aus der Altum Serie von Ib Laursen\"}]},{\"@type\":\"WebSite\",\"@id\":\"https:\\\/\\\/Regalino-Shop.de\\\/#website\",\"url\":\"https:\\\/\\\/Regalino-Shop.de\\\/\",\"name\":\"Regalino -Lively Style\",\"description\":\"gelebtes Zuhause\",\"potentialAction\":[{\"@type\":\"SearchAction\",\"target\":{\"@type\":\"EntryPoint\",\"urlTemplate\":\"https:\\\/\\\/Regalino-Shop.de\\\/?s={search_term_string}\"},\"query-input\":{\"@type\":\"PropertyValueSpecification\",\"valueRequired\":true,\"valueName\":\"search_term_string\"}}],\"inLanguage\":\"de\"}]}<\/script>\n<!-- \/ Yoast SEO plugin. -->","yoast_head_json":{"title":"Loofah Schwamm aus der Altum Serie von Ib Laursen - Regalino -Lively Style","robots":{"index":"index","follow":"follow","max-snippet":"max-snippet:-1","max-image-preview":"max-image-preview:large","max-video-preview":"max-video-preview:-1"},"canonical":"https:\/\/Regalino-Shop.de\/?product=loofah-schwamm-aus-der-altum-serie-von-ib-laursen","og_locale":"de_DE","og_type":"article","og_title":"Loofah Schwamm aus der Altum Serie von Ib Laursen - Regalino -Lively Style","og_description":"Loofah Schwamm Altum Serie von IB Laursen  Ma\u00dfe: L: 12,5 \u00d8: 6,5 (Naturprodukt, Farbe und Gr\u00f6\u00dfe k\u00f6nnen abweichen)  Material: Loofah ist ein Naturprodukt. Der Schwamm ist ein Gem\u00fcse in der Gurkenfamilie und w\u00e4chst im tropischen und subtropischen Klima. Solange die Fr\u00fcchte klein sind, sind sie essbar. Das Gem\u00fcse ist vor allem in Indien, China und Vietnam beliebt. Wenn die Fr\u00fcchte gro\u00df sind, sind sie sehr reich an Ballaststoffen. Die Fr\u00fcchte werden ausgetrocknet, die Haut und die Kerne entfernt, und zur\u00fcck bleibt der Schwamm. Ein Loofah-Schwamm ist ideal, um abgestorbene Hautzellen zu entfernen und die Durchblutung anzuregen. Der Schwamm eignet sich auch gut f\u00fcr den Hausputz","og_url":"https:\/\/Regalino-Shop.de\/?product=loofah-schwamm-aus-der-altum-serie-von-ib-laursen","og_site_name":"Regalino -Lively Style","article_modified_time":"2026-04-22T13:08:59+00:00","og_image":[{"width":448,"height":467,"url":"https:\/\/Regalino-Shop.de\/wp-content\/uploads\/2021\/01\/Loofah.jpg","type":"image\/jpeg"}],"twitter_card":"summary_large_image","schema":{"@context":"https:\/\/schema.org","@graph":[{"@type":"WebPage","@id":"https:\/\/Regalino-Shop.de\/?product=loofah-schwamm-aus-der-altum-serie-von-ib-laursen","url":"https:\/\/Regalino-Shop.de\/?product=loofah-schwamm-aus-der-altum-serie-von-ib-laursen","name":"Loofah Schwamm aus der Altum Serie von Ib Laursen - Regalino -Lively Style","isPartOf":{"@id":"https:\/\/Regalino-Shop.de\/#website"},"primaryImageOfPage":{"@id":"https:\/\/Regalino-Shop.de\/?product=loofah-schwamm-aus-der-altum-serie-von-ib-laursen#primaryimage"},"image":{"@id":"https:\/\/Regalino-Shop.de\/?product=loofah-schwamm-aus-der-altum-serie-von-ib-laursen#primaryimage"},"thumbnailUrl":"https:\/\/Regalino-Shop.de\/wp-content\/uploads\/2021\/01\/Loofah.jpg","datePublished":"2021-01-02T21:34:07+00:00","dateModified":"2026-04-22T13:08:59+00:00","breadcrumb":{"@id":"https:\/\/Regalino-Shop.de\/?product=loofah-schwamm-aus-der-altum-serie-von-ib-laursen#breadcrumb"},"inLanguage":"de","potentialAction":[{"@type":"ReadAction","target":["https:\/\/Regalino-Shop.de\/?product=loofah-schwamm-aus-der-altum-serie-von-ib-laursen"]}]},{"@type":"ImageObject","inLanguage":"de","@id":"https:\/\/Regalino-Shop.de\/?product=loofah-schwamm-aus-der-altum-serie-von-ib-laursen#primaryimage","url":"https:\/\/Regalino-Shop.de\/wp-content\/uploads\/2021\/01\/Loofah.jpg","contentUrl":"https:\/\/Regalino-Shop.de\/wp-content\/uploads\/2021\/01\/Loofah.jpg","width":448,"height":467},{"@type":"BreadcrumbList","@id":"https:\/\/Regalino-Shop.de\/?product=loofah-schwamm-aus-der-altum-serie-von-ib-laursen#breadcrumb","itemListElement":[{"@type":"ListItem","position":1,"name":"Startseite","item":"https:\/\/Regalino-Shop.de\/"},{"@type":"ListItem","position":2,"name":"Shop","item":"https:\/\/Regalino-Shop.de\/?page_id=40"},{"@type":"ListItem","position":3,"name":"Loofah Schwamm aus der Altum Serie von Ib Laursen"}]},{"@type":"WebSite","@id":"https:\/\/Regalino-Shop.de\/#website","url":"https:\/\/Regalino-Shop.de\/","name":"Regalino -Lively Style","description":"gelebtes Zuhause","potentialAction":[{"@type":"SearchAction","target":{"@type":"EntryPoint","urlTemplate":"https:\/\/Regalino-Shop.de\/?s={search_term_string}"},"query-input":{"@type":"PropertyValueSpecification","valueRequired":true,"valueName":"search_term_string"}}],"inLanguage":"de"}]}},"_links":{"self":[{"href":"https:\/\/Regalino-Shop.de\/index.php?rest_route=\/wp\/v2\/product\/3987","targetHints":{"allow":["GET"]}}],"collection":[{"href":"https:\/\/Regalino-Shop.de\/index.php?rest_route=\/wp\/v2\/product"}],"about":[{"href":"https:\/\/Regalino-Shop.de\/index.php?rest_route=\/wp\/v2\/types\/product"}],"wp:featuredmedia":[{"embeddable":true,"href":"https:\/\/Regalino-Shop.de\/index.php?rest_route=\/wp\/v2\/media\/3988"}],"wp:attachment":[{"href":"https:\/\/Regalino-Shop.de\/index.php?rest_route=%2Fwp%2Fv2%2Fmedia&parent=3987"}],"wp:term":[{"taxonomy":"product_brand","embeddable":true,"href":"https:\/\/Regalino-Shop.de\/index.php?rest_route=%2Fwp%2Fv2%2Fproduct_brand&post=3987"},{"taxonomy":"product_cat","embeddable":true,"href":"https:\/\/Regalino-Shop.de\/index.php?rest_route=%2Fwp%2Fv2%2Fproduct_cat&post=3987"},{"taxonomy":"product_tag","embeddable":true,"href":"https:\/\/Regalino-Shop.de\/index.php?rest_route=%2Fwp%2Fv2%2Fproduct_tag&post=3987"}],"curies":[{"name":"wp","href":"https:\/\/api.w.org\/{rel}","templated":true}]}}