{"id":3991,"date":"2021-01-02T21:37:01","date_gmt":"2021-01-02T21:37:01","guid":{"rendered":"https:\/\/Regalino-Shop.de\/?post_type=product&#038;p=3991"},"modified":"2026-04-22T14:16:18","modified_gmt":"2026-04-22T14:16:18","slug":"massagebuerste-aus-der-altum-serie-von-ib-laursen","status":"publish","type":"product","link":"https:\/\/Regalino-Shop.de\/?product=massagebuerste-aus-der-altum-serie-von-ib-laursen","title":{"rendered":"Massageb\u00fcrste aus der Altum Serie von Ib Laursen"},"content":{"rendered":"","protected":false},"excerpt":{"rendered":"<div id=\"tab-product-description\" class=\"ui-tabs-panel ui-widget-content ui-corner-bottom\" role=\"tabpanel\" aria-labelledby=\"ui-id-1\" aria-hidden=\"false\">\n<div class=\"description\">\n<p>Massageb\u00fcrste aus der Altum Serie von IB Laursen<\/p>\n<p>Ma\u00dfe: B: 8 L: 10 cm<\/p>\n<p>Material: Buche<\/p>\n<\/div>\n<\/div>\n","protected":false},"featured_media":3992,"template":"","meta":{"_et_pb_use_builder":"","_et_pb_old_content":"","_et_gb_content_width":""},"product_brand":[],"product_cat":[83,3068,3067],"product_tag":[552,288,393,392,388,390,391],"class_list":{"0":"post-3991","1":"product","2":"type-product","3":"status-publish","4":"has-post-thumbnail","6":"product_cat-bad-spa-besondere-wohlfuehlmomente-regalino","7":"product_cat-fuer-mama-oma","8":"product_cat-geschenkideen","9":"product_tag-altum","10":"product_tag-geschenk","11":"product_tag-peeling","12":"product_tag-the-gift-label","13":"product_tag-vegan","14":"product_tag-waschgel","15":"product_tag-waschlotion","17":"first","18":"instock","19":"taxable","20":"shipping-taxable","21":"purchasable","22":"product-type-simple"},"yoast_head":"<!-- This site is optimized with the Yoast SEO plugin v27.5 - https:\/\/yoast.com\/product\/yoast-seo-wordpress\/ -->\n<title>Massageb\u00fcrste aus der Altum Serie von Ib Laursen - Regalino -Lively Style<\/title>\n<meta name=\"robots\" content=\"index, follow, max-snippet:-1, max-image-preview:large, max-video-preview:-1\" \/>\n<link rel=\"canonical\" href=\"https:\/\/Regalino-Shop.de\/?product=massagebuerste-aus-der-altum-serie-von-ib-laursen\" \/>\n<meta property=\"og:locale\" content=\"de_DE\" \/>\n<meta property=\"og:type\" content=\"article\" \/>\n<meta property=\"og:title\" content=\"Massageb\u00fcrste aus der Altum Serie von Ib Laursen - Regalino -Lively Style\" \/>\n<meta property=\"og:description\" content=\"Massageb\u00fcrste aus der Altum Serie von IB Laursen  Ma\u00dfe: B: 8 L: 10 cm  Material: Buche\" \/>\n<meta property=\"og:url\" content=\"https:\/\/Regalino-Shop.de\/?product=massagebuerste-aus-der-altum-serie-von-ib-laursen\" \/>\n<meta property=\"og:site_name\" content=\"Regalino -Lively Style\" \/>\n<meta property=\"article:modified_time\" content=\"2026-04-22T14:16:18+00:00\" \/>\n<meta property=\"og:image\" content=\"https:\/\/Regalino-Shop.de\/wp-content\/uploads\/2021\/01\/Massagebuerste.jpg\" \/>\n\t<meta property=\"og:image:width\" content=\"499\" \/>\n\t<meta property=\"og:image:height\" content=\"462\" \/>\n\t<meta property=\"og:image:type\" content=\"image\/jpeg\" \/>\n<meta name=\"twitter:card\" content=\"summary_large_image\" \/>\n<script type=\"application\/ld+json\" class=\"yoast-schema-graph\">{\"@context\":\"https:\\\/\\\/schema.org\",\"@graph\":[{\"@type\":\"WebPage\",\"@id\":\"https:\\\/\\\/Regalino-Shop.de\\\/?product=massagebuerste-aus-der-altum-serie-von-ib-laursen\",\"url\":\"https:\\\/\\\/Regalino-Shop.de\\\/?product=massagebuerste-aus-der-altum-serie-von-ib-laursen\",\"name\":\"Massageb\u00fcrste aus der Altum Serie von Ib Laursen - Regalino -Lively Style\",\"isPartOf\":{\"@id\":\"https:\\\/\\\/Regalino-Shop.de\\\/#website\"},\"primaryImageOfPage\":{\"@id\":\"https:\\\/\\\/Regalino-Shop.de\\\/?product=massagebuerste-aus-der-altum-serie-von-ib-laursen#primaryimage\"},\"image\":{\"@id\":\"https:\\\/\\\/Regalino-Shop.de\\\/?product=massagebuerste-aus-der-altum-serie-von-ib-laursen#primaryimage\"},\"thumbnailUrl\":\"https:\\\/\\\/Regalino-Shop.de\\\/wp-content\\\/uploads\\\/2021\\\/01\\\/Massagebuerste.jpg\",\"datePublished\":\"2021-01-02T21:37:01+00:00\",\"dateModified\":\"2026-04-22T14:16:18+00:00\",\"breadcrumb\":{\"@id\":\"https:\\\/\\\/Regalino-Shop.de\\\/?product=massagebuerste-aus-der-altum-serie-von-ib-laursen#breadcrumb\"},\"inLanguage\":\"de\",\"potentialAction\":[{\"@type\":\"ReadAction\",\"target\":[\"https:\\\/\\\/Regalino-Shop.de\\\/?product=massagebuerste-aus-der-altum-serie-von-ib-laursen\"]}]},{\"@type\":\"ImageObject\",\"inLanguage\":\"de\",\"@id\":\"https:\\\/\\\/Regalino-Shop.de\\\/?product=massagebuerste-aus-der-altum-serie-von-ib-laursen#primaryimage\",\"url\":\"https:\\\/\\\/Regalino-Shop.de\\\/wp-content\\\/uploads\\\/2021\\\/01\\\/Massagebuerste.jpg\",\"contentUrl\":\"https:\\\/\\\/Regalino-Shop.de\\\/wp-content\\\/uploads\\\/2021\\\/01\\\/Massagebuerste.jpg\",\"width\":499,\"height\":462},{\"@type\":\"BreadcrumbList\",\"@id\":\"https:\\\/\\\/Regalino-Shop.de\\\/?product=massagebuerste-aus-der-altum-serie-von-ib-laursen#breadcrumb\",\"itemListElement\":[{\"@type\":\"ListItem\",\"position\":1,\"name\":\"Startseite\",\"item\":\"https:\\\/\\\/Regalino-Shop.de\\\/\"},{\"@type\":\"ListItem\",\"position\":2,\"name\":\"Shop\",\"item\":\"https:\\\/\\\/Regalino-Shop.de\\\/?page_id=40\"},{\"@type\":\"ListItem\",\"position\":3,\"name\":\"Massageb\u00fcrste aus der Altum Serie von Ib Laursen\"}]},{\"@type\":\"WebSite\",\"@id\":\"https:\\\/\\\/Regalino-Shop.de\\\/#website\",\"url\":\"https:\\\/\\\/Regalino-Shop.de\\\/\",\"name\":\"Regalino -Lively Style\",\"description\":\"gelebtes Zuhause\",\"potentialAction\":[{\"@type\":\"SearchAction\",\"target\":{\"@type\":\"EntryPoint\",\"urlTemplate\":\"https:\\\/\\\/Regalino-Shop.de\\\/?s={search_term_string}\"},\"query-input\":{\"@type\":\"PropertyValueSpecification\",\"valueRequired\":true,\"valueName\":\"search_term_string\"}}],\"inLanguage\":\"de\"}]}<\/script>\n<!-- \/ Yoast SEO plugin. -->","yoast_head_json":{"title":"Massageb\u00fcrste aus der Altum Serie von Ib Laursen - Regalino -Lively Style","robots":{"index":"index","follow":"follow","max-snippet":"max-snippet:-1","max-image-preview":"max-image-preview:large","max-video-preview":"max-video-preview:-1"},"canonical":"https:\/\/Regalino-Shop.de\/?product=massagebuerste-aus-der-altum-serie-von-ib-laursen","og_locale":"de_DE","og_type":"article","og_title":"Massageb\u00fcrste aus der Altum Serie von Ib Laursen - Regalino -Lively Style","og_description":"Massageb\u00fcrste aus der Altum Serie von IB Laursen  Ma\u00dfe: B: 8 L: 10 cm  Material: Buche","og_url":"https:\/\/Regalino-Shop.de\/?product=massagebuerste-aus-der-altum-serie-von-ib-laursen","og_site_name":"Regalino -Lively Style","article_modified_time":"2026-04-22T14:16:18+00:00","og_image":[{"width":499,"height":462,"url":"https:\/\/Regalino-Shop.de\/wp-content\/uploads\/2021\/01\/Massagebuerste.jpg","type":"image\/jpeg"}],"twitter_card":"summary_large_image","schema":{"@context":"https:\/\/schema.org","@graph":[{"@type":"WebPage","@id":"https:\/\/Regalino-Shop.de\/?product=massagebuerste-aus-der-altum-serie-von-ib-laursen","url":"https:\/\/Regalino-Shop.de\/?product=massagebuerste-aus-der-altum-serie-von-ib-laursen","name":"Massageb\u00fcrste aus der Altum Serie von Ib Laursen - Regalino -Lively Style","isPartOf":{"@id":"https:\/\/Regalino-Shop.de\/#website"},"primaryImageOfPage":{"@id":"https:\/\/Regalino-Shop.de\/?product=massagebuerste-aus-der-altum-serie-von-ib-laursen#primaryimage"},"image":{"@id":"https:\/\/Regalino-Shop.de\/?product=massagebuerste-aus-der-altum-serie-von-ib-laursen#primaryimage"},"thumbnailUrl":"https:\/\/Regalino-Shop.de\/wp-content\/uploads\/2021\/01\/Massagebuerste.jpg","datePublished":"2021-01-02T21:37:01+00:00","dateModified":"2026-04-22T14:16:18+00:00","breadcrumb":{"@id":"https:\/\/Regalino-Shop.de\/?product=massagebuerste-aus-der-altum-serie-von-ib-laursen#breadcrumb"},"inLanguage":"de","potentialAction":[{"@type":"ReadAction","target":["https:\/\/Regalino-Shop.de\/?product=massagebuerste-aus-der-altum-serie-von-ib-laursen"]}]},{"@type":"ImageObject","inLanguage":"de","@id":"https:\/\/Regalino-Shop.de\/?product=massagebuerste-aus-der-altum-serie-von-ib-laursen#primaryimage","url":"https:\/\/Regalino-Shop.de\/wp-content\/uploads\/2021\/01\/Massagebuerste.jpg","contentUrl":"https:\/\/Regalino-Shop.de\/wp-content\/uploads\/2021\/01\/Massagebuerste.jpg","width":499,"height":462},{"@type":"BreadcrumbList","@id":"https:\/\/Regalino-Shop.de\/?product=massagebuerste-aus-der-altum-serie-von-ib-laursen#breadcrumb","itemListElement":[{"@type":"ListItem","position":1,"name":"Startseite","item":"https:\/\/Regalino-Shop.de\/"},{"@type":"ListItem","position":2,"name":"Shop","item":"https:\/\/Regalino-Shop.de\/?page_id=40"},{"@type":"ListItem","position":3,"name":"Massageb\u00fcrste aus der Altum Serie von Ib Laursen"}]},{"@type":"WebSite","@id":"https:\/\/Regalino-Shop.de\/#website","url":"https:\/\/Regalino-Shop.de\/","name":"Regalino -Lively Style","description":"gelebtes Zuhause","potentialAction":[{"@type":"SearchAction","target":{"@type":"EntryPoint","urlTemplate":"https:\/\/Regalino-Shop.de\/?s={search_term_string}"},"query-input":{"@type":"PropertyValueSpecification","valueRequired":true,"valueName":"search_term_string"}}],"inLanguage":"de"}]}},"_links":{"self":[{"href":"https:\/\/Regalino-Shop.de\/index.php?rest_route=\/wp\/v2\/product\/3991","targetHints":{"allow":["GET"]}}],"collection":[{"href":"https:\/\/Regalino-Shop.de\/index.php?rest_route=\/wp\/v2\/product"}],"about":[{"href":"https:\/\/Regalino-Shop.de\/index.php?rest_route=\/wp\/v2\/types\/product"}],"wp:featuredmedia":[{"embeddable":true,"href":"https:\/\/Regalino-Shop.de\/index.php?rest_route=\/wp\/v2\/media\/3992"}],"wp:attachment":[{"href":"https:\/\/Regalino-Shop.de\/index.php?rest_route=%2Fwp%2Fv2%2Fmedia&parent=3991"}],"wp:term":[{"taxonomy":"product_brand","embeddable":true,"href":"https:\/\/Regalino-Shop.de\/index.php?rest_route=%2Fwp%2Fv2%2Fproduct_brand&post=3991"},{"taxonomy":"product_cat","embeddable":true,"href":"https:\/\/Regalino-Shop.de\/index.php?rest_route=%2Fwp%2Fv2%2Fproduct_cat&post=3991"},{"taxonomy":"product_tag","embeddable":true,"href":"https:\/\/Regalino-Shop.de\/index.php?rest_route=%2Fwp%2Fv2%2Fproduct_tag&post=3991"}],"curies":[{"name":"wp","href":"https:\/\/api.w.org\/{rel}","templated":true}]}}