{"id":4090,"date":"2021-01-03T20:02:11","date_gmt":"2021-01-03T20:02:11","guid":{"rendered":"https:\/\/Regalino-Shop.de\/?post_type=product&#038;p=4090"},"modified":"2026-02-24T15:36:27","modified_gmt":"2026-02-24T15:36:27","slug":"schale-camellia-von-bloomingville","status":"publish","type":"product","link":"https:\/\/Regalino-Shop.de\/?product=schale-camellia-von-bloomingville","title":{"rendered":"Schale *Camellia* von Bloomingville"},"content":{"rendered":"","protected":false},"excerpt":{"rendered":"<p>\u00fcr M\u00fcsli, Snacks oder Eis!<\/p>\n<p><em>Schale *Camellia*<\/em><\/p>\n<p>Farbe: wei\u00df-natur<\/p>\n<p>Gr\u00f6sse: Durchmesser 12\u00a0cm , H\u00f6he 6,5 cm<\/p>\n<p>Fassungsverm\u00f6gen: 300 ml<\/p>\n<p>Material: Steingut<\/p>\n<p>sp\u00fclmaschinen- und mikrowellengeeignet, lebensmittelecht, ofenfest<\/p>\n<p>Jede Schale ist handbemalt und ein Unikat, Abweichungen in der Farbgebung sind m\u00f6glich und erw\u00fcnscht<\/p>\n","protected":false},"featured_media":4091,"template":"","meta":{"_et_pb_use_builder":"","_et_pb_old_content":"","_et_gb_content_width":""},"product_brand":[],"product_cat":[76],"product_tag":[566,577,351,428],"class_list":{"0":"post-4090","1":"product","2":"type-product","3":"status-publish","4":"has-post-thumbnail","6":"product_cat-geschirr-fuer-stilvolle-genussmomente-regalino","7":"product_tag-bowl","8":"product_tag-camellia","9":"product_tag-keramik","10":"product_tag-stoneware","12":"first","13":"instock","14":"taxable","15":"shipping-taxable","16":"purchasable","17":"product-type-simple"},"yoast_head":"<!-- This site is optimized with the Yoast SEO plugin v27.3 - https:\/\/yoast.com\/product\/yoast-seo-wordpress\/ -->\n<title>Schale *Camellia* von Bloomingville - Regalino -Lively Style<\/title>\n<meta name=\"robots\" content=\"index, follow, max-snippet:-1, max-image-preview:large, max-video-preview:-1\" \/>\n<link rel=\"canonical\" href=\"https:\/\/Regalino-Shop.de\/?product=schale-camellia-von-bloomingville\" \/>\n<meta property=\"og:locale\" content=\"de_DE\" \/>\n<meta property=\"og:type\" content=\"article\" \/>\n<meta property=\"og:title\" content=\"Schale *Camellia* von Bloomingville - Regalino -Lively Style\" \/>\n<meta property=\"og:description\" content=\"\u00fcr M\u00fcsli, Snacks oder Eis!  Schale *Camellia*  Farbe: wei\u00df-natur  Gr\u00f6sse: Durchmesser 12\u00a0cm , H\u00f6he 6,5 cm  Fassungsverm\u00f6gen: 300 ml  Material: Steingut  sp\u00fclmaschinen- und mikrowellengeeignet, lebensmittelecht, ofenfest  Jede Schale ist handbemalt und ein Unikat, Abweichungen in der Farbgebung sind m\u00f6glich und erw\u00fcnscht\" \/>\n<meta property=\"og:url\" content=\"https:\/\/Regalino-Shop.de\/?product=schale-camellia-von-bloomingville\" \/>\n<meta property=\"og:site_name\" content=\"Regalino -Lively Style\" \/>\n<meta property=\"article:modified_time\" content=\"2026-02-24T15:36:27+00:00\" \/>\n<meta property=\"og:image\" content=\"https:\/\/Regalino-Shop.de\/wp-content\/uploads\/2021\/01\/Schale-Camellia-weissbraun.jpg\" \/>\n\t<meta property=\"og:image:width\" content=\"498\" \/>\n\t<meta property=\"og:image:height\" content=\"478\" \/>\n\t<meta property=\"og:image:type\" content=\"image\/jpeg\" \/>\n<meta name=\"twitter:card\" content=\"summary_large_image\" \/>\n<script type=\"application\/ld+json\" class=\"yoast-schema-graph\">{\"@context\":\"https:\\\/\\\/schema.org\",\"@graph\":[{\"@type\":\"WebPage\",\"@id\":\"https:\\\/\\\/Regalino-Shop.de\\\/?product=schale-camellia-von-bloomingville\",\"url\":\"https:\\\/\\\/Regalino-Shop.de\\\/?product=schale-camellia-von-bloomingville\",\"name\":\"Schale *Camellia* von Bloomingville - Regalino -Lively Style\",\"isPartOf\":{\"@id\":\"https:\\\/\\\/Regalino-Shop.de\\\/#website\"},\"primaryImageOfPage\":{\"@id\":\"https:\\\/\\\/Regalino-Shop.de\\\/?product=schale-camellia-von-bloomingville#primaryimage\"},\"image\":{\"@id\":\"https:\\\/\\\/Regalino-Shop.de\\\/?product=schale-camellia-von-bloomingville#primaryimage\"},\"thumbnailUrl\":\"https:\\\/\\\/Regalino-Shop.de\\\/wp-content\\\/uploads\\\/2021\\\/01\\\/Schale-Camellia-weissbraun.jpg\",\"datePublished\":\"2021-01-03T20:02:11+00:00\",\"dateModified\":\"2026-02-24T15:36:27+00:00\",\"breadcrumb\":{\"@id\":\"https:\\\/\\\/Regalino-Shop.de\\\/?product=schale-camellia-von-bloomingville#breadcrumb\"},\"inLanguage\":\"de\",\"potentialAction\":[{\"@type\":\"ReadAction\",\"target\":[\"https:\\\/\\\/Regalino-Shop.de\\\/?product=schale-camellia-von-bloomingville\"]}]},{\"@type\":\"ImageObject\",\"inLanguage\":\"de\",\"@id\":\"https:\\\/\\\/Regalino-Shop.de\\\/?product=schale-camellia-von-bloomingville#primaryimage\",\"url\":\"https:\\\/\\\/Regalino-Shop.de\\\/wp-content\\\/uploads\\\/2021\\\/01\\\/Schale-Camellia-weissbraun.jpg\",\"contentUrl\":\"https:\\\/\\\/Regalino-Shop.de\\\/wp-content\\\/uploads\\\/2021\\\/01\\\/Schale-Camellia-weissbraun.jpg\",\"width\":498,\"height\":478},{\"@type\":\"BreadcrumbList\",\"@id\":\"https:\\\/\\\/Regalino-Shop.de\\\/?product=schale-camellia-von-bloomingville#breadcrumb\",\"itemListElement\":[{\"@type\":\"ListItem\",\"position\":1,\"name\":\"Startseite\",\"item\":\"https:\\\/\\\/Regalino-Shop.de\\\/\"},{\"@type\":\"ListItem\",\"position\":2,\"name\":\"Shop\",\"item\":\"https:\\\/\\\/Regalino-Shop.de\\\/?page_id=40\"},{\"@type\":\"ListItem\",\"position\":3,\"name\":\"Schale *Camellia* von Bloomingville\"}]},{\"@type\":\"WebSite\",\"@id\":\"https:\\\/\\\/Regalino-Shop.de\\\/#website\",\"url\":\"https:\\\/\\\/Regalino-Shop.de\\\/\",\"name\":\"Regalino -Lively Style\",\"description\":\"gelebtes Zuhause\",\"potentialAction\":[{\"@type\":\"SearchAction\",\"target\":{\"@type\":\"EntryPoint\",\"urlTemplate\":\"https:\\\/\\\/Regalino-Shop.de\\\/?s={search_term_string}\"},\"query-input\":{\"@type\":\"PropertyValueSpecification\",\"valueRequired\":true,\"valueName\":\"search_term_string\"}}],\"inLanguage\":\"de\"}]}<\/script>\n<!-- \/ Yoast SEO plugin. -->","yoast_head_json":{"title":"Schale *Camellia* von Bloomingville - Regalino -Lively Style","robots":{"index":"index","follow":"follow","max-snippet":"max-snippet:-1","max-image-preview":"max-image-preview:large","max-video-preview":"max-video-preview:-1"},"canonical":"https:\/\/Regalino-Shop.de\/?product=schale-camellia-von-bloomingville","og_locale":"de_DE","og_type":"article","og_title":"Schale *Camellia* von Bloomingville - Regalino -Lively Style","og_description":"\u00fcr M\u00fcsli, Snacks oder Eis!  Schale *Camellia*  Farbe: wei\u00df-natur  Gr\u00f6sse: Durchmesser 12\u00a0cm , H\u00f6he 6,5 cm  Fassungsverm\u00f6gen: 300 ml  Material: Steingut  sp\u00fclmaschinen- und mikrowellengeeignet, lebensmittelecht, ofenfest  Jede Schale ist handbemalt und ein Unikat, Abweichungen in der Farbgebung sind m\u00f6glich und erw\u00fcnscht","og_url":"https:\/\/Regalino-Shop.de\/?product=schale-camellia-von-bloomingville","og_site_name":"Regalino -Lively Style","article_modified_time":"2026-02-24T15:36:27+00:00","og_image":[{"width":498,"height":478,"url":"https:\/\/Regalino-Shop.de\/wp-content\/uploads\/2021\/01\/Schale-Camellia-weissbraun.jpg","type":"image\/jpeg"}],"twitter_card":"summary_large_image","schema":{"@context":"https:\/\/schema.org","@graph":[{"@type":"WebPage","@id":"https:\/\/Regalino-Shop.de\/?product=schale-camellia-von-bloomingville","url":"https:\/\/Regalino-Shop.de\/?product=schale-camellia-von-bloomingville","name":"Schale *Camellia* von Bloomingville - Regalino -Lively Style","isPartOf":{"@id":"https:\/\/Regalino-Shop.de\/#website"},"primaryImageOfPage":{"@id":"https:\/\/Regalino-Shop.de\/?product=schale-camellia-von-bloomingville#primaryimage"},"image":{"@id":"https:\/\/Regalino-Shop.de\/?product=schale-camellia-von-bloomingville#primaryimage"},"thumbnailUrl":"https:\/\/Regalino-Shop.de\/wp-content\/uploads\/2021\/01\/Schale-Camellia-weissbraun.jpg","datePublished":"2021-01-03T20:02:11+00:00","dateModified":"2026-02-24T15:36:27+00:00","breadcrumb":{"@id":"https:\/\/Regalino-Shop.de\/?product=schale-camellia-von-bloomingville#breadcrumb"},"inLanguage":"de","potentialAction":[{"@type":"ReadAction","target":["https:\/\/Regalino-Shop.de\/?product=schale-camellia-von-bloomingville"]}]},{"@type":"ImageObject","inLanguage":"de","@id":"https:\/\/Regalino-Shop.de\/?product=schale-camellia-von-bloomingville#primaryimage","url":"https:\/\/Regalino-Shop.de\/wp-content\/uploads\/2021\/01\/Schale-Camellia-weissbraun.jpg","contentUrl":"https:\/\/Regalino-Shop.de\/wp-content\/uploads\/2021\/01\/Schale-Camellia-weissbraun.jpg","width":498,"height":478},{"@type":"BreadcrumbList","@id":"https:\/\/Regalino-Shop.de\/?product=schale-camellia-von-bloomingville#breadcrumb","itemListElement":[{"@type":"ListItem","position":1,"name":"Startseite","item":"https:\/\/Regalino-Shop.de\/"},{"@type":"ListItem","position":2,"name":"Shop","item":"https:\/\/Regalino-Shop.de\/?page_id=40"},{"@type":"ListItem","position":3,"name":"Schale *Camellia* von Bloomingville"}]},{"@type":"WebSite","@id":"https:\/\/Regalino-Shop.de\/#website","url":"https:\/\/Regalino-Shop.de\/","name":"Regalino -Lively Style","description":"gelebtes Zuhause","potentialAction":[{"@type":"SearchAction","target":{"@type":"EntryPoint","urlTemplate":"https:\/\/Regalino-Shop.de\/?s={search_term_string}"},"query-input":{"@type":"PropertyValueSpecification","valueRequired":true,"valueName":"search_term_string"}}],"inLanguage":"de"}]}},"_links":{"self":[{"href":"https:\/\/Regalino-Shop.de\/index.php?rest_route=\/wp\/v2\/product\/4090","targetHints":{"allow":["GET"]}}],"collection":[{"href":"https:\/\/Regalino-Shop.de\/index.php?rest_route=\/wp\/v2\/product"}],"about":[{"href":"https:\/\/Regalino-Shop.de\/index.php?rest_route=\/wp\/v2\/types\/product"}],"wp:featuredmedia":[{"embeddable":true,"href":"https:\/\/Regalino-Shop.de\/index.php?rest_route=\/wp\/v2\/media\/4091"}],"wp:attachment":[{"href":"https:\/\/Regalino-Shop.de\/index.php?rest_route=%2Fwp%2Fv2%2Fmedia&parent=4090"}],"wp:term":[{"taxonomy":"product_brand","embeddable":true,"href":"https:\/\/Regalino-Shop.de\/index.php?rest_route=%2Fwp%2Fv2%2Fproduct_brand&post=4090"},{"taxonomy":"product_cat","embeddable":true,"href":"https:\/\/Regalino-Shop.de\/index.php?rest_route=%2Fwp%2Fv2%2Fproduct_cat&post=4090"},{"taxonomy":"product_tag","embeddable":true,"href":"https:\/\/Regalino-Shop.de\/index.php?rest_route=%2Fwp%2Fv2%2Fproduct_tag&post=4090"}],"curies":[{"name":"wp","href":"https:\/\/api.w.org\/{rel}","templated":true}]}}