{"id":4115,"date":"2021-01-03T20:24:19","date_gmt":"2021-01-03T20:24:19","guid":{"rendered":"https:\/\/Regalino-Shop.de\/?post_type=product&#038;p=4115"},"modified":"2025-08-08T09:44:28","modified_gmt":"2025-08-08T09:44:28","slug":"schale-mit-ausguss-brown-m-von-stroemshaga","status":"publish","type":"product","link":"https:\/\/Regalino-Shop.de\/?product=schale-mit-ausguss-brown-m-von-stroemshaga","title":{"rendered":"Schale mit Ausguss *Brown* (M) von Str\u00f6mshaga"},"content":{"rendered":"","protected":false},"excerpt":{"rendered":"<div id=\"tab-product-description\" class=\"ui-tabs-panel ui-widget-content ui-corner-bottom\" role=\"tabpanel\" aria-labelledby=\"ui-id-1\" aria-hidden=\"false\">\n<div class=\"description\">\n<p><em>Schale mit Ausguss in rustikaler Optik<\/em><\/p>\n<p>von Stromshaga<\/p>\n<p>Ma\u00dfe: 9,5 cm x 25 cm &#8211; Durchmesser 20 cm<\/p>\n<p>Aussenfarbe: Grau-Beige -Innenfarbe: Matt Braun glasiert<\/p>\n<p>Handgearbeitet &#8211; Unregelm\u00e4ssigkeiten k\u00f6nnen auftreten &#8211; jede Schale ist ein Unikat<\/p>\n<p>sp\u00fclmaschinen- und mikrowellengeeignet<\/p>\n<\/div>\n<\/div>\n","protected":false},"featured_media":4116,"template":"","meta":{"_et_pb_use_builder":"","_et_pb_old_content":"","_et_gb_content_width":""},"product_brand":[],"product_cat":[76],"product_tag":[593,399,398,587,247],"class_list":{"0":"post-4115","1":"product","2":"type-product","3":"status-publish","4":"has-post-thumbnail","6":"product_cat-geschirr-fuer-stilvolle-genussmomente-regalino","7":"product_tag-einar","8":"product_tag-obstschale","9":"product_tag-schale","10":"product_tag-servierschale","11":"product_tag-stroemshaga","13":"first","14":"instock","15":"taxable","16":"shipping-taxable","17":"purchasable","18":"product-type-simple"},"yoast_head":"<!-- This site is optimized with the Yoast SEO plugin v27.5 - https:\/\/yoast.com\/product\/yoast-seo-wordpress\/ -->\n<title>Schale mit Ausguss *Brown* (M) von Str\u00f6mshaga - Regalino -Lively Style<\/title>\n<meta name=\"robots\" content=\"index, follow, max-snippet:-1, max-image-preview:large, max-video-preview:-1\" \/>\n<link rel=\"canonical\" href=\"https:\/\/Regalino-Shop.de\/?product=schale-mit-ausguss-brown-m-von-stroemshaga\" \/>\n<meta property=\"og:locale\" content=\"de_DE\" \/>\n<meta property=\"og:type\" content=\"article\" \/>\n<meta property=\"og:title\" content=\"Schale mit Ausguss *Brown* (M) von Str\u00f6mshaga - Regalino -Lively Style\" \/>\n<meta property=\"og:description\" content=\"Schale mit Ausguss in rustikaler Optik  von Stromshaga  Ma\u00dfe: 9,5 cm x 25 cm - Durchmesser 20 cm  Aussenfarbe: Grau-Beige -Innenfarbe: Matt Braun glasiert  Handgearbeitet - Unregelm\u00e4ssigkeiten k\u00f6nnen auftreten - jede Schale ist ein Unikat  sp\u00fclmaschinen- und mikrowellengeeignet\" \/>\n<meta property=\"og:url\" content=\"https:\/\/Regalino-Shop.de\/?product=schale-mit-ausguss-brown-m-von-stroemshaga\" \/>\n<meta property=\"og:site_name\" content=\"Regalino -Lively Style\" \/>\n<meta property=\"article:modified_time\" content=\"2025-08-08T09:44:28+00:00\" \/>\n<meta property=\"og:image\" content=\"https:\/\/Regalino-Shop.de\/wp-content\/uploads\/2021\/01\/Schale-Ausguss-braun-M.jpg\" \/>\n\t<meta property=\"og:image:width\" content=\"530\" \/>\n\t<meta property=\"og:image:height\" content=\"480\" \/>\n\t<meta property=\"og:image:type\" content=\"image\/jpeg\" \/>\n<meta name=\"twitter:card\" content=\"summary_large_image\" \/>\n<script type=\"application\/ld+json\" class=\"yoast-schema-graph\">{\"@context\":\"https:\\\/\\\/schema.org\",\"@graph\":[{\"@type\":\"WebPage\",\"@id\":\"https:\\\/\\\/Regalino-Shop.de\\\/?product=schale-mit-ausguss-brown-m-von-stroemshaga\",\"url\":\"https:\\\/\\\/Regalino-Shop.de\\\/?product=schale-mit-ausguss-brown-m-von-stroemshaga\",\"name\":\"Schale mit Ausguss *Brown* (M) von Str\u00f6mshaga - Regalino -Lively Style\",\"isPartOf\":{\"@id\":\"https:\\\/\\\/Regalino-Shop.de\\\/#website\"},\"primaryImageOfPage\":{\"@id\":\"https:\\\/\\\/Regalino-Shop.de\\\/?product=schale-mit-ausguss-brown-m-von-stroemshaga#primaryimage\"},\"image\":{\"@id\":\"https:\\\/\\\/Regalino-Shop.de\\\/?product=schale-mit-ausguss-brown-m-von-stroemshaga#primaryimage\"},\"thumbnailUrl\":\"https:\\\/\\\/Regalino-Shop.de\\\/wp-content\\\/uploads\\\/2021\\\/01\\\/Schale-Ausguss-braun-M.jpg\",\"datePublished\":\"2021-01-03T20:24:19+00:00\",\"dateModified\":\"2025-08-08T09:44:28+00:00\",\"breadcrumb\":{\"@id\":\"https:\\\/\\\/Regalino-Shop.de\\\/?product=schale-mit-ausguss-brown-m-von-stroemshaga#breadcrumb\"},\"inLanguage\":\"de\",\"potentialAction\":[{\"@type\":\"ReadAction\",\"target\":[\"https:\\\/\\\/Regalino-Shop.de\\\/?product=schale-mit-ausguss-brown-m-von-stroemshaga\"]}]},{\"@type\":\"ImageObject\",\"inLanguage\":\"de\",\"@id\":\"https:\\\/\\\/Regalino-Shop.de\\\/?product=schale-mit-ausguss-brown-m-von-stroemshaga#primaryimage\",\"url\":\"https:\\\/\\\/Regalino-Shop.de\\\/wp-content\\\/uploads\\\/2021\\\/01\\\/Schale-Ausguss-braun-M.jpg\",\"contentUrl\":\"https:\\\/\\\/Regalino-Shop.de\\\/wp-content\\\/uploads\\\/2021\\\/01\\\/Schale-Ausguss-braun-M.jpg\",\"width\":530,\"height\":480},{\"@type\":\"BreadcrumbList\",\"@id\":\"https:\\\/\\\/Regalino-Shop.de\\\/?product=schale-mit-ausguss-brown-m-von-stroemshaga#breadcrumb\",\"itemListElement\":[{\"@type\":\"ListItem\",\"position\":1,\"name\":\"Startseite\",\"item\":\"https:\\\/\\\/Regalino-Shop.de\\\/\"},{\"@type\":\"ListItem\",\"position\":2,\"name\":\"Shop\",\"item\":\"https:\\\/\\\/Regalino-Shop.de\\\/?page_id=40\"},{\"@type\":\"ListItem\",\"position\":3,\"name\":\"Schale mit Ausguss *Brown* (M) von Str\u00f6mshaga\"}]},{\"@type\":\"WebSite\",\"@id\":\"https:\\\/\\\/Regalino-Shop.de\\\/#website\",\"url\":\"https:\\\/\\\/Regalino-Shop.de\\\/\",\"name\":\"Regalino -Lively Style\",\"description\":\"gelebtes Zuhause\",\"potentialAction\":[{\"@type\":\"SearchAction\",\"target\":{\"@type\":\"EntryPoint\",\"urlTemplate\":\"https:\\\/\\\/Regalino-Shop.de\\\/?s={search_term_string}\"},\"query-input\":{\"@type\":\"PropertyValueSpecification\",\"valueRequired\":true,\"valueName\":\"search_term_string\"}}],\"inLanguage\":\"de\"}]}<\/script>\n<!-- \/ Yoast SEO plugin. -->","yoast_head_json":{"title":"Schale mit Ausguss *Brown* (M) von Str\u00f6mshaga - Regalino -Lively Style","robots":{"index":"index","follow":"follow","max-snippet":"max-snippet:-1","max-image-preview":"max-image-preview:large","max-video-preview":"max-video-preview:-1"},"canonical":"https:\/\/Regalino-Shop.de\/?product=schale-mit-ausguss-brown-m-von-stroemshaga","og_locale":"de_DE","og_type":"article","og_title":"Schale mit Ausguss *Brown* (M) von Str\u00f6mshaga - Regalino -Lively Style","og_description":"Schale mit Ausguss in rustikaler Optik  von Stromshaga  Ma\u00dfe: 9,5 cm x 25 cm - Durchmesser 20 cm  Aussenfarbe: Grau-Beige -Innenfarbe: Matt Braun glasiert  Handgearbeitet - Unregelm\u00e4ssigkeiten k\u00f6nnen auftreten - jede Schale ist ein Unikat  sp\u00fclmaschinen- und mikrowellengeeignet","og_url":"https:\/\/Regalino-Shop.de\/?product=schale-mit-ausguss-brown-m-von-stroemshaga","og_site_name":"Regalino -Lively Style","article_modified_time":"2025-08-08T09:44:28+00:00","og_image":[{"width":530,"height":480,"url":"https:\/\/Regalino-Shop.de\/wp-content\/uploads\/2021\/01\/Schale-Ausguss-braun-M.jpg","type":"image\/jpeg"}],"twitter_card":"summary_large_image","schema":{"@context":"https:\/\/schema.org","@graph":[{"@type":"WebPage","@id":"https:\/\/Regalino-Shop.de\/?product=schale-mit-ausguss-brown-m-von-stroemshaga","url":"https:\/\/Regalino-Shop.de\/?product=schale-mit-ausguss-brown-m-von-stroemshaga","name":"Schale mit Ausguss *Brown* (M) von Str\u00f6mshaga - Regalino -Lively Style","isPartOf":{"@id":"https:\/\/Regalino-Shop.de\/#website"},"primaryImageOfPage":{"@id":"https:\/\/Regalino-Shop.de\/?product=schale-mit-ausguss-brown-m-von-stroemshaga#primaryimage"},"image":{"@id":"https:\/\/Regalino-Shop.de\/?product=schale-mit-ausguss-brown-m-von-stroemshaga#primaryimage"},"thumbnailUrl":"https:\/\/Regalino-Shop.de\/wp-content\/uploads\/2021\/01\/Schale-Ausguss-braun-M.jpg","datePublished":"2021-01-03T20:24:19+00:00","dateModified":"2025-08-08T09:44:28+00:00","breadcrumb":{"@id":"https:\/\/Regalino-Shop.de\/?product=schale-mit-ausguss-brown-m-von-stroemshaga#breadcrumb"},"inLanguage":"de","potentialAction":[{"@type":"ReadAction","target":["https:\/\/Regalino-Shop.de\/?product=schale-mit-ausguss-brown-m-von-stroemshaga"]}]},{"@type":"ImageObject","inLanguage":"de","@id":"https:\/\/Regalino-Shop.de\/?product=schale-mit-ausguss-brown-m-von-stroemshaga#primaryimage","url":"https:\/\/Regalino-Shop.de\/wp-content\/uploads\/2021\/01\/Schale-Ausguss-braun-M.jpg","contentUrl":"https:\/\/Regalino-Shop.de\/wp-content\/uploads\/2021\/01\/Schale-Ausguss-braun-M.jpg","width":530,"height":480},{"@type":"BreadcrumbList","@id":"https:\/\/Regalino-Shop.de\/?product=schale-mit-ausguss-brown-m-von-stroemshaga#breadcrumb","itemListElement":[{"@type":"ListItem","position":1,"name":"Startseite","item":"https:\/\/Regalino-Shop.de\/"},{"@type":"ListItem","position":2,"name":"Shop","item":"https:\/\/Regalino-Shop.de\/?page_id=40"},{"@type":"ListItem","position":3,"name":"Schale mit Ausguss *Brown* (M) von Str\u00f6mshaga"}]},{"@type":"WebSite","@id":"https:\/\/Regalino-Shop.de\/#website","url":"https:\/\/Regalino-Shop.de\/","name":"Regalino -Lively Style","description":"gelebtes Zuhause","potentialAction":[{"@type":"SearchAction","target":{"@type":"EntryPoint","urlTemplate":"https:\/\/Regalino-Shop.de\/?s={search_term_string}"},"query-input":{"@type":"PropertyValueSpecification","valueRequired":true,"valueName":"search_term_string"}}],"inLanguage":"de"}]}},"_links":{"self":[{"href":"https:\/\/Regalino-Shop.de\/index.php?rest_route=\/wp\/v2\/product\/4115","targetHints":{"allow":["GET"]}}],"collection":[{"href":"https:\/\/Regalino-Shop.de\/index.php?rest_route=\/wp\/v2\/product"}],"about":[{"href":"https:\/\/Regalino-Shop.de\/index.php?rest_route=\/wp\/v2\/types\/product"}],"wp:featuredmedia":[{"embeddable":true,"href":"https:\/\/Regalino-Shop.de\/index.php?rest_route=\/wp\/v2\/media\/4116"}],"wp:attachment":[{"href":"https:\/\/Regalino-Shop.de\/index.php?rest_route=%2Fwp%2Fv2%2Fmedia&parent=4115"}],"wp:term":[{"taxonomy":"product_brand","embeddable":true,"href":"https:\/\/Regalino-Shop.de\/index.php?rest_route=%2Fwp%2Fv2%2Fproduct_brand&post=4115"},{"taxonomy":"product_cat","embeddable":true,"href":"https:\/\/Regalino-Shop.de\/index.php?rest_route=%2Fwp%2Fv2%2Fproduct_cat&post=4115"},{"taxonomy":"product_tag","embeddable":true,"href":"https:\/\/Regalino-Shop.de\/index.php?rest_route=%2Fwp%2Fv2%2Fproduct_tag&post=4115"}],"curies":[{"name":"wp","href":"https:\/\/api.w.org\/{rel}","templated":true}]}}