{"id":6258,"date":"2021-09-02T11:09:01","date_gmt":"2021-09-02T11:09:01","guid":{"rendered":"https:\/\/Regalino-Shop.de\/?post_type=product&#038;p=6258"},"modified":"2026-03-11T15:54:38","modified_gmt":"2026-03-11T15:54:38","slug":"windlicht-glas-o-65-cm-von-ernst","status":"publish","type":"product","link":"https:\/\/Regalino-Shop.de\/?product=windlicht-glas-o-65-cm-von-ernst","title":{"rendered":"Windlicht\/ Kerzenhalter Glas \u00d8 6,5 cm von ERNST"},"content":{"rendered":"","protected":false},"excerpt":{"rendered":"<div>\n<p>kleines Windlicht oder Minivase von ERNST aus Schweden.<\/p>\n<p>Material: Glas<\/p>\n<p>Gr\u00f6\u00dfe: \u00d8 6,5 cm \/ H 10 cm<\/p>\n<p>&nbsp;<\/p>\n<p>&nbsp;<\/p>\n<\/div>\n","protected":false},"featured_media":6259,"template":"","meta":{"_et_pb_use_builder":"","_et_pb_old_content":"","_et_gb_content_width":""},"product_brand":[],"product_cat":[62,57,61],"product_tag":[735,423,248],"class_list":{"0":"post-6258","1":"product","2":"type-product","3":"status-publish","4":"has-post-thumbnail","6":"product_cat-licht-lampen-kerzen-im-scandi-breton-stil-regalino","7":"product_cat-neu-eingetroffen-neue-lieblingsstuecke-bei-regalino","8":"product_cat-vasen-blumentoepfe-fuer-stilvolle-wohnakzente-regalino","9":"product_tag-ernst","10":"product_tag-vase","11":"product_tag-windlicht","13":"first","14":"instock","15":"taxable","16":"shipping-taxable","17":"purchasable","18":"product-type-simple"},"yoast_head":"<!-- This site is optimized with the Yoast SEO plugin v27.5 - https:\/\/yoast.com\/product\/yoast-seo-wordpress\/ -->\n<title>Windlicht\/ Kerzenhalter Glas \u00d8 6,5 cm von ERNST - Regalino -Lively Style<\/title>\n<meta name=\"robots\" content=\"index, follow, max-snippet:-1, max-image-preview:large, max-video-preview:-1\" \/>\n<link rel=\"canonical\" href=\"https:\/\/Regalino-Shop.de\/?product=windlicht-glas-o-65-cm-von-ernst\" \/>\n<meta property=\"og:locale\" content=\"de_DE\" \/>\n<meta property=\"og:type\" content=\"article\" \/>\n<meta property=\"og:title\" content=\"Windlicht\/ Kerzenhalter Glas \u00d8 6,5 cm von ERNST - Regalino -Lively Style\" \/>\n<meta property=\"og:description\" content=\"kleines Windlicht oder Minivase von ERNST aus Schweden.  Material: Glas  Gr\u00f6\u00dfe: \u00d8 6,5 cm \/ H 10 cm  &nbsp;  &nbsp;\" \/>\n<meta property=\"og:url\" content=\"https:\/\/Regalino-Shop.de\/?product=windlicht-glas-o-65-cm-von-ernst\" \/>\n<meta property=\"og:site_name\" content=\"Regalino -Lively Style\" \/>\n<meta property=\"article:modified_time\" content=\"2026-03-11T15:54:38+00:00\" \/>\n<meta property=\"og:image\" content=\"https:\/\/Regalino-Shop.de\/wp-content\/uploads\/2021\/05\/windlicht-Glas-Ernst-Produkt-364426.jpg\" \/>\n\t<meta property=\"og:image:width\" content=\"473\" \/>\n\t<meta property=\"og:image:height\" content=\"537\" \/>\n\t<meta property=\"og:image:type\" content=\"image\/jpeg\" \/>\n<meta name=\"twitter:card\" content=\"summary_large_image\" \/>\n<script type=\"application\/ld+json\" class=\"yoast-schema-graph\">{\"@context\":\"https:\\\/\\\/schema.org\",\"@graph\":[{\"@type\":\"WebPage\",\"@id\":\"https:\\\/\\\/Regalino-Shop.de\\\/?product=windlicht-glas-o-65-cm-von-ernst\",\"url\":\"https:\\\/\\\/Regalino-Shop.de\\\/?product=windlicht-glas-o-65-cm-von-ernst\",\"name\":\"Windlicht\\\/ Kerzenhalter Glas \u00d8 6,5 cm von ERNST - Regalino -Lively Style\",\"isPartOf\":{\"@id\":\"https:\\\/\\\/Regalino-Shop.de\\\/#website\"},\"primaryImageOfPage\":{\"@id\":\"https:\\\/\\\/Regalino-Shop.de\\\/?product=windlicht-glas-o-65-cm-von-ernst#primaryimage\"},\"image\":{\"@id\":\"https:\\\/\\\/Regalino-Shop.de\\\/?product=windlicht-glas-o-65-cm-von-ernst#primaryimage\"},\"thumbnailUrl\":\"https:\\\/\\\/Regalino-Shop.de\\\/wp-content\\\/uploads\\\/2021\\\/05\\\/windlicht-Glas-Ernst-Produkt-364426.jpg\",\"datePublished\":\"2021-09-02T11:09:01+00:00\",\"dateModified\":\"2026-03-11T15:54:38+00:00\",\"breadcrumb\":{\"@id\":\"https:\\\/\\\/Regalino-Shop.de\\\/?product=windlicht-glas-o-65-cm-von-ernst#breadcrumb\"},\"inLanguage\":\"de\",\"potentialAction\":[{\"@type\":\"ReadAction\",\"target\":[\"https:\\\/\\\/Regalino-Shop.de\\\/?product=windlicht-glas-o-65-cm-von-ernst\"]}]},{\"@type\":\"ImageObject\",\"inLanguage\":\"de\",\"@id\":\"https:\\\/\\\/Regalino-Shop.de\\\/?product=windlicht-glas-o-65-cm-von-ernst#primaryimage\",\"url\":\"https:\\\/\\\/Regalino-Shop.de\\\/wp-content\\\/uploads\\\/2021\\\/05\\\/windlicht-Glas-Ernst-Produkt-364426.jpg\",\"contentUrl\":\"https:\\\/\\\/Regalino-Shop.de\\\/wp-content\\\/uploads\\\/2021\\\/05\\\/windlicht-Glas-Ernst-Produkt-364426.jpg\",\"width\":473,\"height\":537},{\"@type\":\"BreadcrumbList\",\"@id\":\"https:\\\/\\\/Regalino-Shop.de\\\/?product=windlicht-glas-o-65-cm-von-ernst#breadcrumb\",\"itemListElement\":[{\"@type\":\"ListItem\",\"position\":1,\"name\":\"Startseite\",\"item\":\"https:\\\/\\\/Regalino-Shop.de\\\/\"},{\"@type\":\"ListItem\",\"position\":2,\"name\":\"Shop\",\"item\":\"https:\\\/\\\/Regalino-Shop.de\\\/?page_id=40\"},{\"@type\":\"ListItem\",\"position\":3,\"name\":\"Windlicht\\\/ Kerzenhalter Glas \u00d8 6,5 cm von ERNST\"}]},{\"@type\":\"WebSite\",\"@id\":\"https:\\\/\\\/Regalino-Shop.de\\\/#website\",\"url\":\"https:\\\/\\\/Regalino-Shop.de\\\/\",\"name\":\"Regalino -Lively Style\",\"description\":\"gelebtes Zuhause\",\"potentialAction\":[{\"@type\":\"SearchAction\",\"target\":{\"@type\":\"EntryPoint\",\"urlTemplate\":\"https:\\\/\\\/Regalino-Shop.de\\\/?s={search_term_string}\"},\"query-input\":{\"@type\":\"PropertyValueSpecification\",\"valueRequired\":true,\"valueName\":\"search_term_string\"}}],\"inLanguage\":\"de\"}]}<\/script>\n<!-- \/ Yoast SEO plugin. -->","yoast_head_json":{"title":"Windlicht\/ Kerzenhalter Glas \u00d8 6,5 cm von ERNST - Regalino -Lively Style","robots":{"index":"index","follow":"follow","max-snippet":"max-snippet:-1","max-image-preview":"max-image-preview:large","max-video-preview":"max-video-preview:-1"},"canonical":"https:\/\/Regalino-Shop.de\/?product=windlicht-glas-o-65-cm-von-ernst","og_locale":"de_DE","og_type":"article","og_title":"Windlicht\/ Kerzenhalter Glas \u00d8 6,5 cm von ERNST - Regalino -Lively Style","og_description":"kleines Windlicht oder Minivase von ERNST aus Schweden.  Material: Glas  Gr\u00f6\u00dfe: \u00d8 6,5 cm \/ H 10 cm  &nbsp;  &nbsp;","og_url":"https:\/\/Regalino-Shop.de\/?product=windlicht-glas-o-65-cm-von-ernst","og_site_name":"Regalino -Lively Style","article_modified_time":"2026-03-11T15:54:38+00:00","og_image":[{"width":473,"height":537,"url":"https:\/\/Regalino-Shop.de\/wp-content\/uploads\/2021\/05\/windlicht-Glas-Ernst-Produkt-364426.jpg","type":"image\/jpeg"}],"twitter_card":"summary_large_image","schema":{"@context":"https:\/\/schema.org","@graph":[{"@type":"WebPage","@id":"https:\/\/Regalino-Shop.de\/?product=windlicht-glas-o-65-cm-von-ernst","url":"https:\/\/Regalino-Shop.de\/?product=windlicht-glas-o-65-cm-von-ernst","name":"Windlicht\/ Kerzenhalter Glas \u00d8 6,5 cm von ERNST - Regalino -Lively Style","isPartOf":{"@id":"https:\/\/Regalino-Shop.de\/#website"},"primaryImageOfPage":{"@id":"https:\/\/Regalino-Shop.de\/?product=windlicht-glas-o-65-cm-von-ernst#primaryimage"},"image":{"@id":"https:\/\/Regalino-Shop.de\/?product=windlicht-glas-o-65-cm-von-ernst#primaryimage"},"thumbnailUrl":"https:\/\/Regalino-Shop.de\/wp-content\/uploads\/2021\/05\/windlicht-Glas-Ernst-Produkt-364426.jpg","datePublished":"2021-09-02T11:09:01+00:00","dateModified":"2026-03-11T15:54:38+00:00","breadcrumb":{"@id":"https:\/\/Regalino-Shop.de\/?product=windlicht-glas-o-65-cm-von-ernst#breadcrumb"},"inLanguage":"de","potentialAction":[{"@type":"ReadAction","target":["https:\/\/Regalino-Shop.de\/?product=windlicht-glas-o-65-cm-von-ernst"]}]},{"@type":"ImageObject","inLanguage":"de","@id":"https:\/\/Regalino-Shop.de\/?product=windlicht-glas-o-65-cm-von-ernst#primaryimage","url":"https:\/\/Regalino-Shop.de\/wp-content\/uploads\/2021\/05\/windlicht-Glas-Ernst-Produkt-364426.jpg","contentUrl":"https:\/\/Regalino-Shop.de\/wp-content\/uploads\/2021\/05\/windlicht-Glas-Ernst-Produkt-364426.jpg","width":473,"height":537},{"@type":"BreadcrumbList","@id":"https:\/\/Regalino-Shop.de\/?product=windlicht-glas-o-65-cm-von-ernst#breadcrumb","itemListElement":[{"@type":"ListItem","position":1,"name":"Startseite","item":"https:\/\/Regalino-Shop.de\/"},{"@type":"ListItem","position":2,"name":"Shop","item":"https:\/\/Regalino-Shop.de\/?page_id=40"},{"@type":"ListItem","position":3,"name":"Windlicht\/ Kerzenhalter Glas \u00d8 6,5 cm von ERNST"}]},{"@type":"WebSite","@id":"https:\/\/Regalino-Shop.de\/#website","url":"https:\/\/Regalino-Shop.de\/","name":"Regalino -Lively Style","description":"gelebtes Zuhause","potentialAction":[{"@type":"SearchAction","target":{"@type":"EntryPoint","urlTemplate":"https:\/\/Regalino-Shop.de\/?s={search_term_string}"},"query-input":{"@type":"PropertyValueSpecification","valueRequired":true,"valueName":"search_term_string"}}],"inLanguage":"de"}]}},"_links":{"self":[{"href":"https:\/\/Regalino-Shop.de\/index.php?rest_route=\/wp\/v2\/product\/6258","targetHints":{"allow":["GET"]}}],"collection":[{"href":"https:\/\/Regalino-Shop.de\/index.php?rest_route=\/wp\/v2\/product"}],"about":[{"href":"https:\/\/Regalino-Shop.de\/index.php?rest_route=\/wp\/v2\/types\/product"}],"wp:featuredmedia":[{"embeddable":true,"href":"https:\/\/Regalino-Shop.de\/index.php?rest_route=\/wp\/v2\/media\/6259"}],"wp:attachment":[{"href":"https:\/\/Regalino-Shop.de\/index.php?rest_route=%2Fwp%2Fv2%2Fmedia&parent=6258"}],"wp:term":[{"taxonomy":"product_brand","embeddable":true,"href":"https:\/\/Regalino-Shop.de\/index.php?rest_route=%2Fwp%2Fv2%2Fproduct_brand&post=6258"},{"taxonomy":"product_cat","embeddable":true,"href":"https:\/\/Regalino-Shop.de\/index.php?rest_route=%2Fwp%2Fv2%2Fproduct_cat&post=6258"},{"taxonomy":"product_tag","embeddable":true,"href":"https:\/\/Regalino-Shop.de\/index.php?rest_route=%2Fwp%2Fv2%2Fproduct_tag&post=6258"}],"curies":[{"name":"wp","href":"https:\/\/api.w.org\/{rel}","templated":true}]}}