{"id":6406,"date":"2021-07-08T16:15:30","date_gmt":"2021-07-08T16:15:30","guid":{"rendered":"https:\/\/Regalino-Shop.de\/?post_type=product&#038;p=6406"},"modified":"2026-04-22T13:07:25","modified_gmt":"2026-04-22T13:07:25","slug":"das-gin-buch-alles-wissenswerte-von-gin-tonic-bis-wacholder","status":"publish","type":"product","link":"https:\/\/Regalino-Shop.de\/?product=das-gin-buch-alles-wissenswerte-von-gin-tonic-bis-wacholder","title":{"rendered":"Das Gin Buch &#8211; Alles Wissenswerte von Gin &#038; Tonic bis Wacholder"},"content":{"rendered":"<p>[et_pb_section fb_built=&#8220;1&#8243; _builder_version=&#8220;3.22&#8243; custom_padding=&#8220;0px||||false|false&#8220;][et_pb_row _builder_version=&#8220;3.25&#8243; background_size=&#8220;initial&#8220; background_position=&#8220;top_left&#8220; background_repeat=&#8220;repeat&#8220; width=&#8220;100%&#8220; custom_padding=&#8220;0px||0px||false|false&#8220;][et_pb_column type=&#8220;4_4&#8243; _builder_version=&#8220;3.25&#8243; custom_padding=&#8220;|||&#8220; custom_padding__hover=&#8220;|||&#8220;][et_pb_wc_breadcrumb _builder_version=&#8220;3.0.47&#8243;][\/et_pb_wc_breadcrumb][et_pb_wc_cart_notice _builder_version=&#8220;3.0.47&#8243;][\/et_pb_wc_cart_notice][\/et_pb_column][\/et_pb_row][et_pb_row column_structure=&#8220;1_2,1_2&#8243; _builder_version=&#8220;3.25&#8243; background_size=&#8220;initial&#8220; background_position=&#8220;top_left&#8220; background_repeat=&#8220;repeat&#8220; width=&#8220;100%&#8220; custom_padding=&#8220;0px||||false|false&#8220;][et_pb_column type=&#8220;1_2&#8243; _builder_version=&#8220;3.25&#8243; custom_padding=&#8220;|||&#8220; custom_padding__hover=&#8220;|||&#8220;][et_pb_wc_images _builder_version=&#8220;3.0.47&#8243;][\/et_pb_wc_images][\/et_pb_column][et_pb_column type=&#8220;1_2&#8243; _builder_version=&#8220;3.25&#8243; custom_padding=&#8220;|||&#8220; custom_padding__hover=&#8220;|||&#8220;][et_pb_wc_title _builder_version=&#8220;3.0.47&#8243;][\/et_pb_wc_title][et_pb_wc_rating _builder_version=&#8220;3.0.47&#8243;][\/et_pb_wc_rating][et_pb_wc_price _builder_version=&#8220;3.0.47&#8243;][\/et_pb_wc_price][et_pb_wc_description _builder_version=&#8220;3.0.47&#8243;][\/et_pb_wc_description][et_pb_wc_add_to_cart _builder_version=&#8220;3.0.47&#8243;][\/et_pb_wc_add_to_cart][et_pb_wc_meta _builder_version=&#8220;3.0.47&#8243;][\/et_pb_wc_meta][\/et_pb_column][\/et_pb_row][et_pb_row _builder_version=&#8220;3.25&#8243; background_size=&#8220;initial&#8220; background_position=&#8220;top_left&#8220; background_repeat=&#8220;repeat&#8220; width=&#8220;100%&#8220;][et_pb_column type=&#8220;4_4&#8243; _builder_version=&#8220;3.25&#8243; custom_padding=&#8220;|||&#8220; custom_padding__hover=&#8220;|||&#8220;][et_pb_wc_tabs _builder_version=&#8220;3.0.47&#8243;] [\/et_pb_wc_tabs][et_pb_wc_upsells _builder_version=&#8220;3.0.47&#8243;][\/et_pb_wc_upsells][et_pb_wc_related_products _builder_version=&#8220;3.0.47&#8243;][\/et_pb_wc_related_products][\/et_pb_column][\/et_pb_row][\/et_pb_section]<\/p>\n","protected":false},"excerpt":{"rendered":"<p class=\"p10\"><a href=\"https:\/\/www.suhrkamp.de\/autoren\/maria_isabel_sanchez_vegara\" data-cke-saved-href=\"https:\/\/www.suhrkamp.de\/autoren\/maria_isabel_sanchez_vegara_15453.html\">David T. Smith _ Insel Verlag<\/a><\/p>\n<div class=\"desktop xl-medium mb-1\">Das Gin-Buch<\/div>\n<div class=\"desktop s-regular content-dark mt-1 false\">Alles Wissenswerte von Gin &amp; Tonic bis Wacholder<\/div>\n<div class=\"xs-small desktop content-dark mt-1 mb-3\">Aus dem Englischen von Susanne Hornfeck. Mit Illustrationen von Stuart Patience<\/div>\n<p>&nbsp;<\/p>\n<p class=\"box\">Inhalt<\/p>\n<div>\n<div class=\"my-3\">\n<div class=\"s-regular\">\n<div class=\"mb-0\">\n<p>Weltweit erlebt der Gin gerade eine beispiellose Renaissance und ist der Star in jeder Bar. Was liegt also n\u00e4her, als mehr erfahren zu wollen \u00fcber den Lieblingsdrink, \u00fcber seine Geschichte, ungew\u00f6hnliche Brenntechniken und exotische Zutaten?<\/p>\n<p>Der Liebhaber findet hier ein ABC des Gin, ein Handbuch, das alles Wissenswerte vermittelt, f\u00fcr den gelegentlichen Gin-Genie\u00dfer ebenso wie f\u00fcr echte Gin-Nerds. Ob Bombay Sapphire, Hendrick\u2019s oder Tanqueray; Negroni, Singapore Sling oder der klassische\u00a0G &amp; T: David T. Smith nimmt uns mit auf eine Reise durch die aufregende Geschichte der Kultspirituose, erkl\u00e4rt die unterschiedlichen Herstellungsmethoden, was die besten Botanicals sind, und garniert das Ganze mit klassischen Cocktailrezepten.<\/p>\n<\/div>\n<div class=\"d-inline-block s-regular cursor-pointer blue-color mt-2\"><\/div>\n<\/div>\n<\/div>\n<p>Erschienen: 14.09.2020<br \/>\nFester Einband, 176 Seiten<br \/>\nISBN:\u00a0<span class=\"a-list-item\"> 978-3-458-20042-0<br \/>\n<\/span><\/p>\n<\/div>\n","protected":false},"featured_media":6407,"template":"","meta":{"_et_pb_use_builder":"on","_et_pb_old_content":"","_et_gb_content_width":""},"product_brand":[],"product_cat":[96,3069,3067,57],"product_tag":[291,290,288,775],"class_list":{"0":"post-6406","1":"product","2":"type-product","3":"status-publish","4":"has-post-thumbnail","6":"product_cat-buecher-fuer-erwachsene-besondere-lieblingsstuecke-regalino","7":"product_cat-fuer-papa-opa","8":"product_cat-geschenkideen","9":"product_cat-neu-eingetroffen-neue-lieblingsstuecke-bei-regalino","10":"product_tag-buch","11":"product_tag-buecher","12":"product_tag-geschenk","13":"product_tag-gin","15":"first","16":"instock","17":"taxable","18":"shipping-taxable","19":"purchasable","20":"product-type-simple"},"yoast_head":"<!-- This site is optimized with the Yoast SEO plugin v27.5 - https:\/\/yoast.com\/product\/yoast-seo-wordpress\/ -->\n<title>Das Gin Buch - Alles Wissenswerte von Gin &amp; Tonic bis Wacholder - Regalino -Lively Style<\/title>\n<meta name=\"robots\" content=\"index, follow, max-snippet:-1, max-image-preview:large, max-video-preview:-1\" \/>\n<link rel=\"canonical\" href=\"https:\/\/Regalino-Shop.de\/?product=das-gin-buch-alles-wissenswerte-von-gin-tonic-bis-wacholder\" \/>\n<meta property=\"og:locale\" content=\"de_DE\" \/>\n<meta property=\"og:type\" content=\"article\" \/>\n<meta property=\"og:title\" content=\"Das Gin Buch - Alles Wissenswerte von Gin &amp; Tonic bis Wacholder - Regalino -Lively Style\" \/>\n<meta property=\"og:description\" content=\"David T. Smith _ Insel Verlag  Das Gin-Buch Alles Wissenswerte von Gin &amp; Tonic bis Wacholder Aus dem Englischen von Susanne Hornfeck. Mit Illustrationen von Stuart Patience &nbsp; Inhalt       Weltweit erlebt der Gin gerade eine beispiellose Renaissance und ist der Star in jeder Bar. Was liegt also n\u00e4her, als mehr erfahren zu wollen \u00fcber den Lieblingsdrink, \u00fcber seine Geschichte, ungew\u00f6hnliche Brenntechniken und exotische Zutaten?  Der Liebhaber findet hier ein ABC des Gin, ein Handbuch, das alles Wissenswerte vermittelt, f\u00fcr den gelegentlichen Gin-Genie\u00dfer ebenso wie f\u00fcr echte Gin-Nerds. Ob Bombay Sapphire, Hendrick\u2019s oder Tanqueray; Negroni, Singapore Sling oder der klassische\u00a0G &amp; T: David T. Smith nimmt uns mit auf eine Reise durch die aufregende Geschichte der Kultspirituose, erkl\u00e4rt die unterschiedlichen Herstellungsmethoden, was die besten Botanicals sind, und garniert das Ganze mit klassischen Cocktailrezepten.      Erschienen: 14.09.2020 Fester Einband, 176 Seiten ISBN:\u00a0 978-3-458-20042-0\" \/>\n<meta property=\"og:url\" content=\"https:\/\/Regalino-Shop.de\/?product=das-gin-buch-alles-wissenswerte-von-gin-tonic-bis-wacholder\" \/>\n<meta property=\"og:site_name\" content=\"Regalino -Lively Style\" \/>\n<meta property=\"article:modified_time\" content=\"2026-04-22T13:07:25+00:00\" \/>\n<meta property=\"og:image\" content=\"https:\/\/Regalino-Shop.de\/wp-content\/uploads\/2021\/07\/Gin.png\" \/>\n\t<meta property=\"og:image:width\" content=\"300\" \/>\n\t<meta property=\"og:image:height\" content=\"311\" \/>\n\t<meta property=\"og:image:type\" content=\"image\/png\" \/>\n<meta name=\"twitter:card\" content=\"summary_large_image\" \/>\n<meta name=\"twitter:label1\" content=\"Gesch\u00e4tzte Lesezeit\" \/>\n\t<meta name=\"twitter:data1\" content=\"1\u00a0Minute\" \/>\n<script type=\"application\/ld+json\" class=\"yoast-schema-graph\">{\"@context\":\"https:\\\/\\\/schema.org\",\"@graph\":[{\"@type\":\"WebPage\",\"@id\":\"https:\\\/\\\/Regalino-Shop.de\\\/?product=das-gin-buch-alles-wissenswerte-von-gin-tonic-bis-wacholder\",\"url\":\"https:\\\/\\\/Regalino-Shop.de\\\/?product=das-gin-buch-alles-wissenswerte-von-gin-tonic-bis-wacholder\",\"name\":\"Das Gin Buch - Alles Wissenswerte von Gin & Tonic bis Wacholder - Regalino -Lively Style\",\"isPartOf\":{\"@id\":\"https:\\\/\\\/Regalino-Shop.de\\\/#website\"},\"primaryImageOfPage\":{\"@id\":\"https:\\\/\\\/Regalino-Shop.de\\\/?product=das-gin-buch-alles-wissenswerte-von-gin-tonic-bis-wacholder#primaryimage\"},\"image\":{\"@id\":\"https:\\\/\\\/Regalino-Shop.de\\\/?product=das-gin-buch-alles-wissenswerte-von-gin-tonic-bis-wacholder#primaryimage\"},\"thumbnailUrl\":\"https:\\\/\\\/Regalino-Shop.de\\\/wp-content\\\/uploads\\\/2021\\\/07\\\/Gin.png\",\"datePublished\":\"2021-07-08T16:15:30+00:00\",\"dateModified\":\"2026-04-22T13:07:25+00:00\",\"breadcrumb\":{\"@id\":\"https:\\\/\\\/Regalino-Shop.de\\\/?product=das-gin-buch-alles-wissenswerte-von-gin-tonic-bis-wacholder#breadcrumb\"},\"inLanguage\":\"de\",\"potentialAction\":[{\"@type\":\"ReadAction\",\"target\":[\"https:\\\/\\\/Regalino-Shop.de\\\/?product=das-gin-buch-alles-wissenswerte-von-gin-tonic-bis-wacholder\"]}]},{\"@type\":\"ImageObject\",\"inLanguage\":\"de\",\"@id\":\"https:\\\/\\\/Regalino-Shop.de\\\/?product=das-gin-buch-alles-wissenswerte-von-gin-tonic-bis-wacholder#primaryimage\",\"url\":\"https:\\\/\\\/Regalino-Shop.de\\\/wp-content\\\/uploads\\\/2021\\\/07\\\/Gin.png\",\"contentUrl\":\"https:\\\/\\\/Regalino-Shop.de\\\/wp-content\\\/uploads\\\/2021\\\/07\\\/Gin.png\",\"width\":300,\"height\":311},{\"@type\":\"BreadcrumbList\",\"@id\":\"https:\\\/\\\/Regalino-Shop.de\\\/?product=das-gin-buch-alles-wissenswerte-von-gin-tonic-bis-wacholder#breadcrumb\",\"itemListElement\":[{\"@type\":\"ListItem\",\"position\":1,\"name\":\"Startseite\",\"item\":\"https:\\\/\\\/Regalino-Shop.de\\\/\"},{\"@type\":\"ListItem\",\"position\":2,\"name\":\"Shop\",\"item\":\"https:\\\/\\\/Regalino-Shop.de\\\/?page_id=40\"},{\"@type\":\"ListItem\",\"position\":3,\"name\":\"Das Gin Buch &#8211; Alles Wissenswerte von Gin &#038; Tonic bis Wacholder\"}]},{\"@type\":\"WebSite\",\"@id\":\"https:\\\/\\\/Regalino-Shop.de\\\/#website\",\"url\":\"https:\\\/\\\/Regalino-Shop.de\\\/\",\"name\":\"Regalino -Lively Style\",\"description\":\"gelebtes Zuhause\",\"potentialAction\":[{\"@type\":\"SearchAction\",\"target\":{\"@type\":\"EntryPoint\",\"urlTemplate\":\"https:\\\/\\\/Regalino-Shop.de\\\/?s={search_term_string}\"},\"query-input\":{\"@type\":\"PropertyValueSpecification\",\"valueRequired\":true,\"valueName\":\"search_term_string\"}}],\"inLanguage\":\"de\"}]}<\/script>\n<!-- \/ Yoast SEO plugin. -->","yoast_head_json":{"title":"Das Gin Buch - Alles Wissenswerte von Gin & Tonic bis Wacholder - Regalino -Lively Style","robots":{"index":"index","follow":"follow","max-snippet":"max-snippet:-1","max-image-preview":"max-image-preview:large","max-video-preview":"max-video-preview:-1"},"canonical":"https:\/\/Regalino-Shop.de\/?product=das-gin-buch-alles-wissenswerte-von-gin-tonic-bis-wacholder","og_locale":"de_DE","og_type":"article","og_title":"Das Gin Buch - Alles Wissenswerte von Gin & Tonic bis Wacholder - Regalino -Lively Style","og_description":"David T. Smith _ Insel Verlag  Das Gin-Buch Alles Wissenswerte von Gin &amp; Tonic bis Wacholder Aus dem Englischen von Susanne Hornfeck. Mit Illustrationen von Stuart Patience &nbsp; Inhalt       Weltweit erlebt der Gin gerade eine beispiellose Renaissance und ist der Star in jeder Bar. Was liegt also n\u00e4her, als mehr erfahren zu wollen \u00fcber den Lieblingsdrink, \u00fcber seine Geschichte, ungew\u00f6hnliche Brenntechniken und exotische Zutaten?  Der Liebhaber findet hier ein ABC des Gin, ein Handbuch, das alles Wissenswerte vermittelt, f\u00fcr den gelegentlichen Gin-Genie\u00dfer ebenso wie f\u00fcr echte Gin-Nerds. Ob Bombay Sapphire, Hendrick\u2019s oder Tanqueray; Negroni, Singapore Sling oder der klassische\u00a0G &amp; T: David T. Smith nimmt uns mit auf eine Reise durch die aufregende Geschichte der Kultspirituose, erkl\u00e4rt die unterschiedlichen Herstellungsmethoden, was die besten Botanicals sind, und garniert das Ganze mit klassischen Cocktailrezepten.      Erschienen: 14.09.2020 Fester Einband, 176 Seiten ISBN:\u00a0 978-3-458-20042-0","og_url":"https:\/\/Regalino-Shop.de\/?product=das-gin-buch-alles-wissenswerte-von-gin-tonic-bis-wacholder","og_site_name":"Regalino -Lively Style","article_modified_time":"2026-04-22T13:07:25+00:00","og_image":[{"width":300,"height":311,"url":"https:\/\/Regalino-Shop.de\/wp-content\/uploads\/2021\/07\/Gin.png","type":"image\/png"}],"twitter_card":"summary_large_image","twitter_misc":{"Gesch\u00e4tzte Lesezeit":"1\u00a0Minute"},"schema":{"@context":"https:\/\/schema.org","@graph":[{"@type":"WebPage","@id":"https:\/\/Regalino-Shop.de\/?product=das-gin-buch-alles-wissenswerte-von-gin-tonic-bis-wacholder","url":"https:\/\/Regalino-Shop.de\/?product=das-gin-buch-alles-wissenswerte-von-gin-tonic-bis-wacholder","name":"Das Gin Buch - Alles Wissenswerte von Gin & Tonic bis Wacholder - Regalino -Lively Style","isPartOf":{"@id":"https:\/\/Regalino-Shop.de\/#website"},"primaryImageOfPage":{"@id":"https:\/\/Regalino-Shop.de\/?product=das-gin-buch-alles-wissenswerte-von-gin-tonic-bis-wacholder#primaryimage"},"image":{"@id":"https:\/\/Regalino-Shop.de\/?product=das-gin-buch-alles-wissenswerte-von-gin-tonic-bis-wacholder#primaryimage"},"thumbnailUrl":"https:\/\/Regalino-Shop.de\/wp-content\/uploads\/2021\/07\/Gin.png","datePublished":"2021-07-08T16:15:30+00:00","dateModified":"2026-04-22T13:07:25+00:00","breadcrumb":{"@id":"https:\/\/Regalino-Shop.de\/?product=das-gin-buch-alles-wissenswerte-von-gin-tonic-bis-wacholder#breadcrumb"},"inLanguage":"de","potentialAction":[{"@type":"ReadAction","target":["https:\/\/Regalino-Shop.de\/?product=das-gin-buch-alles-wissenswerte-von-gin-tonic-bis-wacholder"]}]},{"@type":"ImageObject","inLanguage":"de","@id":"https:\/\/Regalino-Shop.de\/?product=das-gin-buch-alles-wissenswerte-von-gin-tonic-bis-wacholder#primaryimage","url":"https:\/\/Regalino-Shop.de\/wp-content\/uploads\/2021\/07\/Gin.png","contentUrl":"https:\/\/Regalino-Shop.de\/wp-content\/uploads\/2021\/07\/Gin.png","width":300,"height":311},{"@type":"BreadcrumbList","@id":"https:\/\/Regalino-Shop.de\/?product=das-gin-buch-alles-wissenswerte-von-gin-tonic-bis-wacholder#breadcrumb","itemListElement":[{"@type":"ListItem","position":1,"name":"Startseite","item":"https:\/\/Regalino-Shop.de\/"},{"@type":"ListItem","position":2,"name":"Shop","item":"https:\/\/Regalino-Shop.de\/?page_id=40"},{"@type":"ListItem","position":3,"name":"Das Gin Buch &#8211; Alles Wissenswerte von Gin &#038; Tonic bis Wacholder"}]},{"@type":"WebSite","@id":"https:\/\/Regalino-Shop.de\/#website","url":"https:\/\/Regalino-Shop.de\/","name":"Regalino -Lively Style","description":"gelebtes Zuhause","potentialAction":[{"@type":"SearchAction","target":{"@type":"EntryPoint","urlTemplate":"https:\/\/Regalino-Shop.de\/?s={search_term_string}"},"query-input":{"@type":"PropertyValueSpecification","valueRequired":true,"valueName":"search_term_string"}}],"inLanguage":"de"}]}},"_links":{"self":[{"href":"https:\/\/Regalino-Shop.de\/index.php?rest_route=\/wp\/v2\/product\/6406","targetHints":{"allow":["GET"]}}],"collection":[{"href":"https:\/\/Regalino-Shop.de\/index.php?rest_route=\/wp\/v2\/product"}],"about":[{"href":"https:\/\/Regalino-Shop.de\/index.php?rest_route=\/wp\/v2\/types\/product"}],"wp:featuredmedia":[{"embeddable":true,"href":"https:\/\/Regalino-Shop.de\/index.php?rest_route=\/wp\/v2\/media\/6407"}],"wp:attachment":[{"href":"https:\/\/Regalino-Shop.de\/index.php?rest_route=%2Fwp%2Fv2%2Fmedia&parent=6406"}],"wp:term":[{"taxonomy":"product_brand","embeddable":true,"href":"https:\/\/Regalino-Shop.de\/index.php?rest_route=%2Fwp%2Fv2%2Fproduct_brand&post=6406"},{"taxonomy":"product_cat","embeddable":true,"href":"https:\/\/Regalino-Shop.de\/index.php?rest_route=%2Fwp%2Fv2%2Fproduct_cat&post=6406"},{"taxonomy":"product_tag","embeddable":true,"href":"https:\/\/Regalino-Shop.de\/index.php?rest_route=%2Fwp%2Fv2%2Fproduct_tag&post=6406"}],"curies":[{"name":"wp","href":"https:\/\/api.w.org\/{rel}","templated":true}]}}