{"id":6516,"date":"2021-07-14T14:52:30","date_gmt":"2021-07-14T14:52:30","guid":{"rendered":"https:\/\/Regalino-Shop.de\/?post_type=product&#038;p=6516"},"modified":"2026-03-11T15:51:07","modified_gmt":"2026-03-11T15:51:07","slug":"steingutbackform-fattoria-von-costa-nova","status":"publish","type":"product","link":"https:\/\/Regalino-Shop.de\/?product=steingutbackform-fattoria-von-costa-nova","title":{"rendered":"Steingutbackform *Fattoria* von Costa Nova"},"content":{"rendered":"","protected":false},"excerpt":{"rendered":"<p>Backform in Form einer Bl\u00fcte aus der Fattoria Serie von Costa Nova<\/p>\n<p>Farbe:\u00a0 \u00a0\u00a0 wei\u00df<strong><br \/>\n<\/strong><\/p>\n<p>Ma\u00dfe:\u00a0 \u00a0 \u00a0 \u00d8 27,1 cm H\u00f6he 6,2 cm<\/p>\n<p>Fassungsverm\u00f6gen 1,79 L<\/p>\n<p>Material:\u00a0\u00a0 Steingut<\/p>\n<p>Bei hohen Temperaturen in Portugal gebrannt &#8211; sp\u00fclmaschinenfest, mikrowellen- und backofenfest bis 250 Grad und bis minus 20 Grad gefriergeeignet<strong><br \/>\n<\/strong><\/p>\n<p>&nbsp;<\/p>\n","protected":false},"featured_media":6517,"template":"","meta":{"_et_pb_use_builder":"","_et_pb_old_content":"","_et_gb_content_width":""},"product_brand":[],"product_cat":[80,57],"product_tag":[53,786,427],"class_list":{"0":"post-6516","1":"product","2":"type-product","3":"status-publish","4":"has-post-thumbnail","6":"product_cat-kueche-servieren-im-scandi-breton-stil-regalino","7":"product_cat-neu-eingetroffen-neue-lieblingsstuecke-bei-regalino","8":"product_tag-backen","9":"product_tag-backform","10":"product_tag-steingut","12":"first","13":"instock","14":"taxable","15":"shipping-taxable","16":"purchasable","17":"product-type-simple"},"yoast_head":"<!-- This site is optimized with the Yoast SEO plugin v27.5 - https:\/\/yoast.com\/product\/yoast-seo-wordpress\/ -->\n<title>Steingutbackform *Fattoria* von Costa Nova - Regalino -Lively Style<\/title>\n<meta name=\"robots\" content=\"index, follow, max-snippet:-1, max-image-preview:large, max-video-preview:-1\" \/>\n<link rel=\"canonical\" href=\"https:\/\/Regalino-Shop.de\/?product=steingutbackform-fattoria-von-costa-nova\" \/>\n<meta property=\"og:locale\" content=\"de_DE\" \/>\n<meta property=\"og:type\" content=\"article\" \/>\n<meta property=\"og:title\" content=\"Steingutbackform *Fattoria* von Costa Nova - Regalino -Lively Style\" \/>\n<meta property=\"og:description\" content=\"Backform in Form einer Bl\u00fcte aus der Fattoria Serie von Costa Nova  Farbe:\u00a0 \u00a0\u00a0 wei\u00df   Ma\u00dfe:\u00a0 \u00a0 \u00a0 \u00d8 27,1 cm H\u00f6he 6,2 cm  Fassungsverm\u00f6gen 1,79 L  Material:\u00a0\u00a0 Steingut  Bei hohen Temperaturen in Portugal gebrannt - sp\u00fclmaschinenfest, mikrowellen- und backofenfest bis 250 Grad und bis minus 20 Grad gefriergeeignet   &nbsp;\" \/>\n<meta property=\"og:url\" content=\"https:\/\/Regalino-Shop.de\/?product=steingutbackform-fattoria-von-costa-nova\" \/>\n<meta property=\"og:site_name\" content=\"Regalino -Lively Style\" \/>\n<meta property=\"article:modified_time\" content=\"2026-03-11T15:51:07+00:00\" \/>\n<meta property=\"og:image\" content=\"https:\/\/Regalino-Shop.de\/wp-content\/uploads\/2021\/07\/cake-pan-fattoria-white-Stimmung-scaled.jpg\" \/>\n\t<meta property=\"og:image:width\" content=\"2560\" \/>\n\t<meta property=\"og:image:height\" content=\"1707\" \/>\n\t<meta property=\"og:image:type\" content=\"image\/jpeg\" \/>\n<meta name=\"twitter:card\" content=\"summary_large_image\" \/>\n<script type=\"application\/ld+json\" class=\"yoast-schema-graph\">{\"@context\":\"https:\\\/\\\/schema.org\",\"@graph\":[{\"@type\":\"WebPage\",\"@id\":\"https:\\\/\\\/Regalino-Shop.de\\\/?product=steingutbackform-fattoria-von-costa-nova\",\"url\":\"https:\\\/\\\/Regalino-Shop.de\\\/?product=steingutbackform-fattoria-von-costa-nova\",\"name\":\"Steingutbackform *Fattoria* von Costa Nova - Regalino -Lively Style\",\"isPartOf\":{\"@id\":\"https:\\\/\\\/Regalino-Shop.de\\\/#website\"},\"primaryImageOfPage\":{\"@id\":\"https:\\\/\\\/Regalino-Shop.de\\\/?product=steingutbackform-fattoria-von-costa-nova#primaryimage\"},\"image\":{\"@id\":\"https:\\\/\\\/Regalino-Shop.de\\\/?product=steingutbackform-fattoria-von-costa-nova#primaryimage\"},\"thumbnailUrl\":\"https:\\\/\\\/Regalino-Shop.de\\\/wp-content\\\/uploads\\\/2021\\\/07\\\/cake-pan-fattoria-white-Stimmung-scaled.jpg\",\"datePublished\":\"2021-07-14T14:52:30+00:00\",\"dateModified\":\"2026-03-11T15:51:07+00:00\",\"breadcrumb\":{\"@id\":\"https:\\\/\\\/Regalino-Shop.de\\\/?product=steingutbackform-fattoria-von-costa-nova#breadcrumb\"},\"inLanguage\":\"de\",\"potentialAction\":[{\"@type\":\"ReadAction\",\"target\":[\"https:\\\/\\\/Regalino-Shop.de\\\/?product=steingutbackform-fattoria-von-costa-nova\"]}]},{\"@type\":\"ImageObject\",\"inLanguage\":\"de\",\"@id\":\"https:\\\/\\\/Regalino-Shop.de\\\/?product=steingutbackform-fattoria-von-costa-nova#primaryimage\",\"url\":\"https:\\\/\\\/Regalino-Shop.de\\\/wp-content\\\/uploads\\\/2021\\\/07\\\/cake-pan-fattoria-white-Stimmung-scaled.jpg\",\"contentUrl\":\"https:\\\/\\\/Regalino-Shop.de\\\/wp-content\\\/uploads\\\/2021\\\/07\\\/cake-pan-fattoria-white-Stimmung-scaled.jpg\",\"width\":2560,\"height\":1707},{\"@type\":\"BreadcrumbList\",\"@id\":\"https:\\\/\\\/Regalino-Shop.de\\\/?product=steingutbackform-fattoria-von-costa-nova#breadcrumb\",\"itemListElement\":[{\"@type\":\"ListItem\",\"position\":1,\"name\":\"Startseite\",\"item\":\"https:\\\/\\\/Regalino-Shop.de\\\/\"},{\"@type\":\"ListItem\",\"position\":2,\"name\":\"Shop\",\"item\":\"https:\\\/\\\/Regalino-Shop.de\\\/?page_id=40\"},{\"@type\":\"ListItem\",\"position\":3,\"name\":\"Steingutbackform *Fattoria* von Costa Nova\"}]},{\"@type\":\"WebSite\",\"@id\":\"https:\\\/\\\/Regalino-Shop.de\\\/#website\",\"url\":\"https:\\\/\\\/Regalino-Shop.de\\\/\",\"name\":\"Regalino -Lively Style\",\"description\":\"gelebtes Zuhause\",\"potentialAction\":[{\"@type\":\"SearchAction\",\"target\":{\"@type\":\"EntryPoint\",\"urlTemplate\":\"https:\\\/\\\/Regalino-Shop.de\\\/?s={search_term_string}\"},\"query-input\":{\"@type\":\"PropertyValueSpecification\",\"valueRequired\":true,\"valueName\":\"search_term_string\"}}],\"inLanguage\":\"de\"}]}<\/script>\n<!-- \/ Yoast SEO plugin. -->","yoast_head_json":{"title":"Steingutbackform *Fattoria* von Costa Nova - Regalino -Lively Style","robots":{"index":"index","follow":"follow","max-snippet":"max-snippet:-1","max-image-preview":"max-image-preview:large","max-video-preview":"max-video-preview:-1"},"canonical":"https:\/\/Regalino-Shop.de\/?product=steingutbackform-fattoria-von-costa-nova","og_locale":"de_DE","og_type":"article","og_title":"Steingutbackform *Fattoria* von Costa Nova - Regalino -Lively Style","og_description":"Backform in Form einer Bl\u00fcte aus der Fattoria Serie von Costa Nova  Farbe:\u00a0 \u00a0\u00a0 wei\u00df   Ma\u00dfe:\u00a0 \u00a0 \u00a0 \u00d8 27,1 cm H\u00f6he 6,2 cm  Fassungsverm\u00f6gen 1,79 L  Material:\u00a0\u00a0 Steingut  Bei hohen Temperaturen in Portugal gebrannt - sp\u00fclmaschinenfest, mikrowellen- und backofenfest bis 250 Grad und bis minus 20 Grad gefriergeeignet   &nbsp;","og_url":"https:\/\/Regalino-Shop.de\/?product=steingutbackform-fattoria-von-costa-nova","og_site_name":"Regalino -Lively Style","article_modified_time":"2026-03-11T15:51:07+00:00","og_image":[{"width":2560,"height":1707,"url":"https:\/\/Regalino-Shop.de\/wp-content\/uploads\/2021\/07\/cake-pan-fattoria-white-Stimmung-scaled.jpg","type":"image\/jpeg"}],"twitter_card":"summary_large_image","schema":{"@context":"https:\/\/schema.org","@graph":[{"@type":"WebPage","@id":"https:\/\/Regalino-Shop.de\/?product=steingutbackform-fattoria-von-costa-nova","url":"https:\/\/Regalino-Shop.de\/?product=steingutbackform-fattoria-von-costa-nova","name":"Steingutbackform *Fattoria* von Costa Nova - Regalino -Lively Style","isPartOf":{"@id":"https:\/\/Regalino-Shop.de\/#website"},"primaryImageOfPage":{"@id":"https:\/\/Regalino-Shop.de\/?product=steingutbackform-fattoria-von-costa-nova#primaryimage"},"image":{"@id":"https:\/\/Regalino-Shop.de\/?product=steingutbackform-fattoria-von-costa-nova#primaryimage"},"thumbnailUrl":"https:\/\/Regalino-Shop.de\/wp-content\/uploads\/2021\/07\/cake-pan-fattoria-white-Stimmung-scaled.jpg","datePublished":"2021-07-14T14:52:30+00:00","dateModified":"2026-03-11T15:51:07+00:00","breadcrumb":{"@id":"https:\/\/Regalino-Shop.de\/?product=steingutbackform-fattoria-von-costa-nova#breadcrumb"},"inLanguage":"de","potentialAction":[{"@type":"ReadAction","target":["https:\/\/Regalino-Shop.de\/?product=steingutbackform-fattoria-von-costa-nova"]}]},{"@type":"ImageObject","inLanguage":"de","@id":"https:\/\/Regalino-Shop.de\/?product=steingutbackform-fattoria-von-costa-nova#primaryimage","url":"https:\/\/Regalino-Shop.de\/wp-content\/uploads\/2021\/07\/cake-pan-fattoria-white-Stimmung-scaled.jpg","contentUrl":"https:\/\/Regalino-Shop.de\/wp-content\/uploads\/2021\/07\/cake-pan-fattoria-white-Stimmung-scaled.jpg","width":2560,"height":1707},{"@type":"BreadcrumbList","@id":"https:\/\/Regalino-Shop.de\/?product=steingutbackform-fattoria-von-costa-nova#breadcrumb","itemListElement":[{"@type":"ListItem","position":1,"name":"Startseite","item":"https:\/\/Regalino-Shop.de\/"},{"@type":"ListItem","position":2,"name":"Shop","item":"https:\/\/Regalino-Shop.de\/?page_id=40"},{"@type":"ListItem","position":3,"name":"Steingutbackform *Fattoria* von Costa Nova"}]},{"@type":"WebSite","@id":"https:\/\/Regalino-Shop.de\/#website","url":"https:\/\/Regalino-Shop.de\/","name":"Regalino -Lively Style","description":"gelebtes Zuhause","potentialAction":[{"@type":"SearchAction","target":{"@type":"EntryPoint","urlTemplate":"https:\/\/Regalino-Shop.de\/?s={search_term_string}"},"query-input":{"@type":"PropertyValueSpecification","valueRequired":true,"valueName":"search_term_string"}}],"inLanguage":"de"}]}},"_links":{"self":[{"href":"https:\/\/Regalino-Shop.de\/index.php?rest_route=\/wp\/v2\/product\/6516","targetHints":{"allow":["GET"]}}],"collection":[{"href":"https:\/\/Regalino-Shop.de\/index.php?rest_route=\/wp\/v2\/product"}],"about":[{"href":"https:\/\/Regalino-Shop.de\/index.php?rest_route=\/wp\/v2\/types\/product"}],"wp:featuredmedia":[{"embeddable":true,"href":"https:\/\/Regalino-Shop.de\/index.php?rest_route=\/wp\/v2\/media\/6517"}],"wp:attachment":[{"href":"https:\/\/Regalino-Shop.de\/index.php?rest_route=%2Fwp%2Fv2%2Fmedia&parent=6516"}],"wp:term":[{"taxonomy":"product_brand","embeddable":true,"href":"https:\/\/Regalino-Shop.de\/index.php?rest_route=%2Fwp%2Fv2%2Fproduct_brand&post=6516"},{"taxonomy":"product_cat","embeddable":true,"href":"https:\/\/Regalino-Shop.de\/index.php?rest_route=%2Fwp%2Fv2%2Fproduct_cat&post=6516"},{"taxonomy":"product_tag","embeddable":true,"href":"https:\/\/Regalino-Shop.de\/index.php?rest_route=%2Fwp%2Fv2%2Fproduct_tag&post=6516"}],"curies":[{"name":"wp","href":"https:\/\/api.w.org\/{rel}","templated":true}]}}