{"id":6601,"date":"2021-07-17T17:05:37","date_gmt":"2021-07-17T17:05:37","guid":{"rendered":"https:\/\/Regalino-Shop.de\/?post_type=product&#038;p=6601"},"modified":"2025-09-26T12:24:45","modified_gmt":"2025-09-26T12:24:45","slug":"puzzle-die-prinzessin-auf-der-erbse-von-vissevasse","status":"publish","type":"product","link":"https:\/\/Regalino-Shop.de\/?product=puzzle-die-prinzessin-auf-der-erbse-von-vissevasse","title":{"rendered":"Kinder Puzzle *die Prinzessin auf der Erbse* von VISSEVASSE"},"content":{"rendered":"","protected":false},"excerpt":{"rendered":"<div id=\"tab-product-description\" class=\"ui-tabs-panel ui-widget-content ui-corner-bottom\" role=\"tabpanel\" aria-labelledby=\"ui-id-1\" aria-hidden=\"false\">\n<div class=\"description\">\n<div id=\"tab-product-description\" class=\"ui-tabs-panel ui-widget-content ui-corner-bottom\" role=\"tabpanel\" aria-labelledby=\"ui-id-1\" aria-hidden=\"false\">\n<div class=\"description\">\n<div id=\"tab-product-description\" class=\"ui-tabs-panel ui-widget-content ui-corner-bottom\" role=\"tabpanel\" aria-labelledby=\"ui-id-1\" aria-hidden=\"false\">\n<div class=\"description\">\n<div id=\"tab-product-description\" class=\"ui-tabs-panel ui-widget-content ui-corner-bottom\" role=\"tabpanel\" aria-labelledby=\"ui-id-1\" aria-hidden=\"false\">\n<div class=\"description\">\n<div id=\"tab-product-description\" class=\"ui-tabs-panel ui-widget-content ui-corner-bottom\" role=\"tabpanel\" aria-labelledby=\"ui-id-1\" aria-hidden=\"false\">\n<div class=\"description\">\n<div id=\"tab-product-description\" class=\"ui-tabs-panel ui-widget-content ui-corner-bottom\" role=\"tabpanel\" aria-labelledby=\"ui-id-1\" aria-hidden=\"false\">\n<div class=\"description\">\n<div id=\"tab-product-description\" class=\"ui-tabs-panel ui-widget-content ui-corner-bottom\" role=\"tabpanel\" aria-labelledby=\"ui-id-1\" aria-hidden=\"false\">\n<div class=\"description\">\n<div id=\"tab-product-description\" class=\"ui-tabs-panel ui-widget-content ui-corner-bottom\" role=\"tabpanel\" aria-labelledby=\"ui-id-1\" aria-hidden=\"false\">\n<div class=\"description\">\n<div id=\"tab-product-description\" class=\"ui-tabs-panel ui-widget-content ui-corner-bottom\" role=\"tabpanel\" aria-labelledby=\"ui-id-1\" aria-hidden=\"false\">\n<div class=\"description\">\n<div id=\"tab-product-description\" class=\"ui-tabs-panel ui-widget-content ui-corner-bottom\" role=\"tabpanel\" aria-labelledby=\"ui-id-1\" aria-hidden=\"false\">\n<div class=\"description\">\n<div id=\"tab-product-description\" class=\"ui-tabs-panel ui-widget-content ui-corner-bottom\" role=\"tabpanel\" aria-labelledby=\"ui-id-1\" aria-hidden=\"false\">\n<div class=\"description\">\n<div id=\"tab-product-description\" class=\"ui-tabs-panel ui-widget-content ui-corner-bottom\" role=\"tabpanel\" aria-labelledby=\"ui-id-1\" aria-hidden=\"false\">\n<div class=\"description\">\n<div id=\"tab-product-description\" class=\"ui-tabs-panel ui-widget-content ui-corner-bottom\" role=\"tabpanel\" aria-labelledby=\"ui-id-1\" aria-hidden=\"false\">\n<div class=\"description\">\n<div id=\"tab-product-description\" class=\"ui-tabs-panel ui-widget-content ui-corner-bottom\" role=\"tabpanel\" aria-labelledby=\"ui-id-1\" aria-hidden=\"false\">\n<div class=\"description\">\n<div id=\"tab-product-description\" class=\"ui-tabs-panel ui-widget-content ui-corner-bottom\" role=\"tabpanel\" aria-labelledby=\"ui-id-1\" aria-hidden=\"false\">\n<div class=\"description\">\n<div id=\"tab-product-description\" class=\"ui-tabs-panel ui-widget-content ui-corner-bottom\" role=\"tabpanel\" aria-labelledby=\"ui-id-1\" aria-hidden=\"false\">\n<div class=\"description\">\n<div id=\"tab-product-description\" class=\"ui-tabs-panel ui-widget-content ui-corner-bottom\" role=\"tabpanel\" aria-labelledby=\"ui-id-1\" aria-hidden=\"false\">\n<div class=\"description\">\n<p>Puzzle *die Prinzessin auf der Erbse * von VISSEVASSE<\/p>\n<p>mit 100 Teilen und eignet sich f\u00fcr Kinder im fr\u00fchen Schulalter<\/p>\n<p>Hans Christian Andersens fantasievoller Geist hat klassische M\u00e4rchen geschaffen, die \u00fcberall auf der Welt bekannt sind. \u201eDie Prinzessin auf der Erbse\u201c von 1835 ist eines seiner bekanntesten M\u00e4rchen. Hier sucht ein Prinz nach einer echten Prinzessin, die er heiraten kann. Wer h\u00e4tte gedacht, dass eine kleine Erbse unter 20 Matratzen und 20 Daunendecken verraten kann, ob eine Prinzessin echt ist? So empfindlich kann nur eine echte Prinzessin sein.<\/p>\n<\/div>\n<\/div>\n<p>Puzzlegr\u00f6sse: 30 x 42 cm<\/p>\n<p>enth\u00e4lt Kleinteile und ist daher nicht f\u00fcr Kinder unter 3 Jahren geeignet<\/p>\n<p>Das Produkt ist FSC<sup>\u00ae<\/sup>-zertifiziert. Das FSC-Zeichen ist deine Garantie, dass du ein Papierprodukt mit gutem Gewissen erwerben kannst. Wenn du dich f\u00fcr FSC-zertifizierte Produkte entscheidest, tr\u00e4gst du zum Schutz der W\u00e4lder, sowie der Menschen und Tiere bei, die darin leben.<\/p>\n<\/div>\n<\/div>\n<\/div>\n<\/div>\n<\/div>\n<\/div>\n<\/div>\n<\/div>\n<\/div>\n<\/div>\n<\/div>\n<\/div>\n<\/div>\n<\/div>\n<\/div>\n<\/div>\n<\/div>\n<\/div>\n<\/div>\n<\/div>\n<\/div>\n<\/div>\n<\/div>\n<\/div>\n<\/div>\n<\/div>\n<\/div>\n<\/div>\n<\/div>\n<\/div>\n<\/div>\n<\/div>\n","protected":false},"featured_media":6602,"template":"","meta":{"_et_pb_use_builder":"","_et_pb_old_content":"","_et_gb_content_width":""},"product_brand":[],"product_cat":[57,793,93],"product_tag":[288,274,795,796,794],"class_list":{"0":"post-6601","1":"product","2":"type-product","3":"status-publish","4":"has-post-thumbnail","6":"product_cat-neu-eingetroffen-neue-lieblingsstuecke-bei-regalino","7":"product_cat-puzzle-spiele-fuer-alle-schoene-lieblingsstuecke-regalino","8":"product_cat-spielzeug-kuscheltiere-mit-liebevollen-details-regalino","9":"product_tag-geschenk","10":"product_tag-maerchen","11":"product_tag-puzzle","12":"product_tag-skandinavien","13":"product_tag-vissevasse","15":"first","16":"instock","17":"taxable","18":"shipping-taxable","19":"purchasable","20":"product-type-simple"},"yoast_head":"<!-- This site is optimized with the Yoast SEO plugin v27.5 - https:\/\/yoast.com\/product\/yoast-seo-wordpress\/ -->\n<title>Kinder Puzzle *die Prinzessin auf der Erbse* von VISSEVASSE - Regalino -Lively Style<\/title>\n<meta name=\"robots\" content=\"index, follow, max-snippet:-1, max-image-preview:large, max-video-preview:-1\" \/>\n<link rel=\"canonical\" href=\"https:\/\/Regalino-Shop.de\/?product=puzzle-die-prinzessin-auf-der-erbse-von-vissevasse\" \/>\n<meta property=\"og:locale\" content=\"de_DE\" \/>\n<meta property=\"og:type\" content=\"article\" \/>\n<meta property=\"og:title\" content=\"Kinder Puzzle *die Prinzessin auf der Erbse* von VISSEVASSE - Regalino -Lively Style\" \/>\n<meta property=\"og:description\" content=\"Puzzle *die Prinzessin auf der Erbse * von VISSEVASSE  mit 100 Teilen und eignet sich f\u00fcr Kinder im fr\u00fchen Schulalter  Hans Christian Andersens fantasievoller Geist hat klassische M\u00e4rchen geschaffen, die \u00fcberall auf der Welt bekannt sind. \u201eDie Prinzessin auf der Erbse\u201c von 1835 ist eines seiner bekanntesten M\u00e4rchen. Hier sucht ein Prinz nach einer echten Prinzessin, die er heiraten kann. Wer h\u00e4tte gedacht, dass eine kleine Erbse unter 20 Matratzen und 20 Daunendecken verraten kann, ob eine Prinzessin echt ist? So empfindlich kann nur eine echte Prinzessin sein.    Puzzlegr\u00f6sse: 30 x 42 cm  enth\u00e4lt Kleinteile und ist daher nicht f\u00fcr Kinder unter 3 Jahren geeignet  Das Produkt ist FSC\u00ae-zertifiziert. Das FSC-Zeichen ist deine Garantie, dass du ein Papierprodukt mit gutem Gewissen erwerben kannst. Wenn du dich f\u00fcr FSC-zertifizierte Produkte entscheidest, tr\u00e4gst du zum Schutz der W\u00e4lder, sowie der Menschen und Tiere bei, die darin leben.\" \/>\n<meta property=\"og:url\" content=\"https:\/\/Regalino-Shop.de\/?product=puzzle-die-prinzessin-auf-der-erbse-von-vissevasse\" \/>\n<meta property=\"og:site_name\" content=\"Regalino -Lively Style\" \/>\n<meta property=\"article:modified_time\" content=\"2025-09-26T12:24:45+00:00\" \/>\n<meta property=\"og:image\" content=\"https:\/\/Regalino-Shop.de\/wp-content\/uploads\/2021\/07\/THE-PRINCESS-AND-THE-PEA-puzzle-100-pcs-primary.jpg\" \/>\n\t<meta property=\"og:image:width\" content=\"927\" \/>\n\t<meta property=\"og:image:height\" content=\"1241\" \/>\n\t<meta property=\"og:image:type\" content=\"image\/jpeg\" \/>\n<meta name=\"twitter:card\" content=\"summary_large_image\" \/>\n<script type=\"application\/ld+json\" class=\"yoast-schema-graph\">{\"@context\":\"https:\\\/\\\/schema.org\",\"@graph\":[{\"@type\":\"WebPage\",\"@id\":\"https:\\\/\\\/Regalino-Shop.de\\\/?product=puzzle-die-prinzessin-auf-der-erbse-von-vissevasse\",\"url\":\"https:\\\/\\\/Regalino-Shop.de\\\/?product=puzzle-die-prinzessin-auf-der-erbse-von-vissevasse\",\"name\":\"Kinder Puzzle *die Prinzessin auf der Erbse* von VISSEVASSE - Regalino -Lively Style\",\"isPartOf\":{\"@id\":\"https:\\\/\\\/Regalino-Shop.de\\\/#website\"},\"primaryImageOfPage\":{\"@id\":\"https:\\\/\\\/Regalino-Shop.de\\\/?product=puzzle-die-prinzessin-auf-der-erbse-von-vissevasse#primaryimage\"},\"image\":{\"@id\":\"https:\\\/\\\/Regalino-Shop.de\\\/?product=puzzle-die-prinzessin-auf-der-erbse-von-vissevasse#primaryimage\"},\"thumbnailUrl\":\"https:\\\/\\\/Regalino-Shop.de\\\/wp-content\\\/uploads\\\/2021\\\/07\\\/THE-PRINCESS-AND-THE-PEA-puzzle-100-pcs-primary.jpg\",\"datePublished\":\"2021-07-17T17:05:37+00:00\",\"dateModified\":\"2025-09-26T12:24:45+00:00\",\"breadcrumb\":{\"@id\":\"https:\\\/\\\/Regalino-Shop.de\\\/?product=puzzle-die-prinzessin-auf-der-erbse-von-vissevasse#breadcrumb\"},\"inLanguage\":\"de\",\"potentialAction\":[{\"@type\":\"ReadAction\",\"target\":[\"https:\\\/\\\/Regalino-Shop.de\\\/?product=puzzle-die-prinzessin-auf-der-erbse-von-vissevasse\"]}]},{\"@type\":\"ImageObject\",\"inLanguage\":\"de\",\"@id\":\"https:\\\/\\\/Regalino-Shop.de\\\/?product=puzzle-die-prinzessin-auf-der-erbse-von-vissevasse#primaryimage\",\"url\":\"https:\\\/\\\/Regalino-Shop.de\\\/wp-content\\\/uploads\\\/2021\\\/07\\\/THE-PRINCESS-AND-THE-PEA-puzzle-100-pcs-primary.jpg\",\"contentUrl\":\"https:\\\/\\\/Regalino-Shop.de\\\/wp-content\\\/uploads\\\/2021\\\/07\\\/THE-PRINCESS-AND-THE-PEA-puzzle-100-pcs-primary.jpg\",\"width\":927,\"height\":1241},{\"@type\":\"BreadcrumbList\",\"@id\":\"https:\\\/\\\/Regalino-Shop.de\\\/?product=puzzle-die-prinzessin-auf-der-erbse-von-vissevasse#breadcrumb\",\"itemListElement\":[{\"@type\":\"ListItem\",\"position\":1,\"name\":\"Startseite\",\"item\":\"https:\\\/\\\/Regalino-Shop.de\\\/\"},{\"@type\":\"ListItem\",\"position\":2,\"name\":\"Shop\",\"item\":\"https:\\\/\\\/Regalino-Shop.de\\\/?page_id=40\"},{\"@type\":\"ListItem\",\"position\":3,\"name\":\"Kinder Puzzle *die Prinzessin auf der Erbse* von VISSEVASSE\"}]},{\"@type\":\"WebSite\",\"@id\":\"https:\\\/\\\/Regalino-Shop.de\\\/#website\",\"url\":\"https:\\\/\\\/Regalino-Shop.de\\\/\",\"name\":\"Regalino -Lively Style\",\"description\":\"gelebtes Zuhause\",\"potentialAction\":[{\"@type\":\"SearchAction\",\"target\":{\"@type\":\"EntryPoint\",\"urlTemplate\":\"https:\\\/\\\/Regalino-Shop.de\\\/?s={search_term_string}\"},\"query-input\":{\"@type\":\"PropertyValueSpecification\",\"valueRequired\":true,\"valueName\":\"search_term_string\"}}],\"inLanguage\":\"de\"}]}<\/script>\n<!-- \/ Yoast SEO plugin. -->","yoast_head_json":{"title":"Kinder Puzzle *die Prinzessin auf der Erbse* von VISSEVASSE - Regalino -Lively Style","robots":{"index":"index","follow":"follow","max-snippet":"max-snippet:-1","max-image-preview":"max-image-preview:large","max-video-preview":"max-video-preview:-1"},"canonical":"https:\/\/Regalino-Shop.de\/?product=puzzle-die-prinzessin-auf-der-erbse-von-vissevasse","og_locale":"de_DE","og_type":"article","og_title":"Kinder Puzzle *die Prinzessin auf der Erbse* von VISSEVASSE - Regalino -Lively Style","og_description":"Puzzle *die Prinzessin auf der Erbse * von VISSEVASSE  mit 100 Teilen und eignet sich f\u00fcr Kinder im fr\u00fchen Schulalter  Hans Christian Andersens fantasievoller Geist hat klassische M\u00e4rchen geschaffen, die \u00fcberall auf der Welt bekannt sind. \u201eDie Prinzessin auf der Erbse\u201c von 1835 ist eines seiner bekanntesten M\u00e4rchen. Hier sucht ein Prinz nach einer echten Prinzessin, die er heiraten kann. Wer h\u00e4tte gedacht, dass eine kleine Erbse unter 20 Matratzen und 20 Daunendecken verraten kann, ob eine Prinzessin echt ist? So empfindlich kann nur eine echte Prinzessin sein.    Puzzlegr\u00f6sse: 30 x 42 cm  enth\u00e4lt Kleinteile und ist daher nicht f\u00fcr Kinder unter 3 Jahren geeignet  Das Produkt ist FSC\u00ae-zertifiziert. Das FSC-Zeichen ist deine Garantie, dass du ein Papierprodukt mit gutem Gewissen erwerben kannst. Wenn du dich f\u00fcr FSC-zertifizierte Produkte entscheidest, tr\u00e4gst du zum Schutz der W\u00e4lder, sowie der Menschen und Tiere bei, die darin leben.","og_url":"https:\/\/Regalino-Shop.de\/?product=puzzle-die-prinzessin-auf-der-erbse-von-vissevasse","og_site_name":"Regalino -Lively Style","article_modified_time":"2025-09-26T12:24:45+00:00","og_image":[{"width":927,"height":1241,"url":"https:\/\/Regalino-Shop.de\/wp-content\/uploads\/2021\/07\/THE-PRINCESS-AND-THE-PEA-puzzle-100-pcs-primary.jpg","type":"image\/jpeg"}],"twitter_card":"summary_large_image","schema":{"@context":"https:\/\/schema.org","@graph":[{"@type":"WebPage","@id":"https:\/\/Regalino-Shop.de\/?product=puzzle-die-prinzessin-auf-der-erbse-von-vissevasse","url":"https:\/\/Regalino-Shop.de\/?product=puzzle-die-prinzessin-auf-der-erbse-von-vissevasse","name":"Kinder Puzzle *die Prinzessin auf der Erbse* von VISSEVASSE - Regalino -Lively Style","isPartOf":{"@id":"https:\/\/Regalino-Shop.de\/#website"},"primaryImageOfPage":{"@id":"https:\/\/Regalino-Shop.de\/?product=puzzle-die-prinzessin-auf-der-erbse-von-vissevasse#primaryimage"},"image":{"@id":"https:\/\/Regalino-Shop.de\/?product=puzzle-die-prinzessin-auf-der-erbse-von-vissevasse#primaryimage"},"thumbnailUrl":"https:\/\/Regalino-Shop.de\/wp-content\/uploads\/2021\/07\/THE-PRINCESS-AND-THE-PEA-puzzle-100-pcs-primary.jpg","datePublished":"2021-07-17T17:05:37+00:00","dateModified":"2025-09-26T12:24:45+00:00","breadcrumb":{"@id":"https:\/\/Regalino-Shop.de\/?product=puzzle-die-prinzessin-auf-der-erbse-von-vissevasse#breadcrumb"},"inLanguage":"de","potentialAction":[{"@type":"ReadAction","target":["https:\/\/Regalino-Shop.de\/?product=puzzle-die-prinzessin-auf-der-erbse-von-vissevasse"]}]},{"@type":"ImageObject","inLanguage":"de","@id":"https:\/\/Regalino-Shop.de\/?product=puzzle-die-prinzessin-auf-der-erbse-von-vissevasse#primaryimage","url":"https:\/\/Regalino-Shop.de\/wp-content\/uploads\/2021\/07\/THE-PRINCESS-AND-THE-PEA-puzzle-100-pcs-primary.jpg","contentUrl":"https:\/\/Regalino-Shop.de\/wp-content\/uploads\/2021\/07\/THE-PRINCESS-AND-THE-PEA-puzzle-100-pcs-primary.jpg","width":927,"height":1241},{"@type":"BreadcrumbList","@id":"https:\/\/Regalino-Shop.de\/?product=puzzle-die-prinzessin-auf-der-erbse-von-vissevasse#breadcrumb","itemListElement":[{"@type":"ListItem","position":1,"name":"Startseite","item":"https:\/\/Regalino-Shop.de\/"},{"@type":"ListItem","position":2,"name":"Shop","item":"https:\/\/Regalino-Shop.de\/?page_id=40"},{"@type":"ListItem","position":3,"name":"Kinder Puzzle *die Prinzessin auf der Erbse* von VISSEVASSE"}]},{"@type":"WebSite","@id":"https:\/\/Regalino-Shop.de\/#website","url":"https:\/\/Regalino-Shop.de\/","name":"Regalino -Lively Style","description":"gelebtes Zuhause","potentialAction":[{"@type":"SearchAction","target":{"@type":"EntryPoint","urlTemplate":"https:\/\/Regalino-Shop.de\/?s={search_term_string}"},"query-input":{"@type":"PropertyValueSpecification","valueRequired":true,"valueName":"search_term_string"}}],"inLanguage":"de"}]}},"_links":{"self":[{"href":"https:\/\/Regalino-Shop.de\/index.php?rest_route=\/wp\/v2\/product\/6601","targetHints":{"allow":["GET"]}}],"collection":[{"href":"https:\/\/Regalino-Shop.de\/index.php?rest_route=\/wp\/v2\/product"}],"about":[{"href":"https:\/\/Regalino-Shop.de\/index.php?rest_route=\/wp\/v2\/types\/product"}],"wp:featuredmedia":[{"embeddable":true,"href":"https:\/\/Regalino-Shop.de\/index.php?rest_route=\/wp\/v2\/media\/6602"}],"wp:attachment":[{"href":"https:\/\/Regalino-Shop.de\/index.php?rest_route=%2Fwp%2Fv2%2Fmedia&parent=6601"}],"wp:term":[{"taxonomy":"product_brand","embeddable":true,"href":"https:\/\/Regalino-Shop.de\/index.php?rest_route=%2Fwp%2Fv2%2Fproduct_brand&post=6601"},{"taxonomy":"product_cat","embeddable":true,"href":"https:\/\/Regalino-Shop.de\/index.php?rest_route=%2Fwp%2Fv2%2Fproduct_cat&post=6601"},{"taxonomy":"product_tag","embeddable":true,"href":"https:\/\/Regalino-Shop.de\/index.php?rest_route=%2Fwp%2Fv2%2Fproduct_tag&post=6601"}],"curies":[{"name":"wp","href":"https:\/\/api.w.org\/{rel}","templated":true}]}}