{"id":6896,"date":"2021-08-20T14:52:00","date_gmt":"2021-08-20T14:52:00","guid":{"rendered":"https:\/\/Regalino-Shop.de\/?post_type=product&#038;p=6896"},"modified":"2026-03-11T15:55:31","modified_gmt":"2026-03-11T15:55:31","slug":"spender-aus-glas-haarshampoo-1l-von-eulenschnitt","status":"publish","type":"product","link":"https:\/\/Regalino-Shop.de\/?product=spender-aus-glas-haarshampoo-1l-von-eulenschnitt","title":{"rendered":"Spender aus Glas *Haarshampoo* 1L von Eulenschnitt"},"content":{"rendered":"","protected":false},"excerpt":{"rendered":"<p>Das sch\u00f6ne Braunglas macht den Spender zu einem absoluten Hingucker in deinem Bad! Der handgeschriebene Schriftzug sowie ein kleines Herz ziert die Vorderseite. Die wiederbef\u00fcllbare Glasflasche fasst ein F\u00fcllvolumen von 1000 ml und enth\u00e4lt sowohl einen schwarzen Pumpverschluss als auch einen schwarzen Schraubdeckel f\u00fcr den Transport. Die Flasche kommt nat\u00fcrlich unbef\u00fcllt, so dass du sie ganz nach Belieben mit deiner Lieblingsk\u00f6rperlotion bef\u00fcllen kannst.<\/p>\n<p><strong>Material: Braunglas mit wei\u00dfem Schriftzug<\/strong><\/p>\n<p><strong>Gr\u00f6sse: Inhalt\u00a0 1 L<\/strong><br \/>\n<strong>\u00a0\u00a0\u00a0\u00a0\u00a0\u00a0\u00a0\u00a0\u00a0\u00a0\u00a0\u00a0\u00a0\u00a0 <\/strong><\/p>\n<p><strong>H\u00f6he: 25,5 cm &#8211; Durchmesser: 9 cm<\/strong><\/p>\n<p>in Geschenkverpackung<\/p>\n","protected":false},"featured_media":6897,"template":"","meta":{"_et_pb_use_builder":"","_et_pb_old_content":"","_et_gb_content_width":""},"product_brand":[],"product_cat":[83,57],"product_tag":[813,210,812,349],"class_list":{"0":"post-6896","1":"product","2":"type-product","3":"status-publish","4":"has-post-thumbnail","6":"product_cat-bad-spa-besondere-wohlfuehlmomente-regalino","7":"product_cat-neu-eingetroffen-neue-lieblingsstuecke-bei-regalino","8":"product_tag-badaccessoires","9":"product_tag-eulenschnitt","10":"product_tag-handcreme","11":"product_tag-pumpspender","13":"first","14":"instock","15":"taxable","16":"shipping-taxable","17":"purchasable","18":"product-type-simple"},"yoast_head":"<!-- This site is optimized with the Yoast SEO plugin v27.5 - https:\/\/yoast.com\/product\/yoast-seo-wordpress\/ -->\n<title>Spender aus Glas *Haarshampoo* 1L von Eulenschnitt - Regalino -Lively Style<\/title>\n<meta name=\"robots\" content=\"index, follow, max-snippet:-1, max-image-preview:large, max-video-preview:-1\" \/>\n<link rel=\"canonical\" href=\"https:\/\/Regalino-Shop.de\/?product=spender-aus-glas-haarshampoo-1l-von-eulenschnitt\" \/>\n<meta property=\"og:locale\" content=\"de_DE\" \/>\n<meta property=\"og:type\" content=\"article\" \/>\n<meta property=\"og:title\" content=\"Spender aus Glas *Haarshampoo* 1L von Eulenschnitt - Regalino -Lively Style\" \/>\n<meta property=\"og:description\" content=\"Das sch\u00f6ne Braunglas macht den Spender zu einem absoluten Hingucker in deinem Bad! Der handgeschriebene Schriftzug sowie ein kleines Herz ziert die Vorderseite. Die wiederbef\u00fcllbare Glasflasche fasst ein F\u00fcllvolumen von 1000 ml und enth\u00e4lt sowohl einen schwarzen Pumpverschluss als auch einen schwarzen Schraubdeckel f\u00fcr den Transport. Die Flasche kommt nat\u00fcrlich unbef\u00fcllt, so dass du sie ganz nach Belieben mit deiner Lieblingsk\u00f6rperlotion bef\u00fcllen kannst.  Material: Braunglas mit wei\u00dfem Schriftzug  Gr\u00f6sse: Inhalt\u00a0 1 L \u00a0\u00a0\u00a0\u00a0\u00a0\u00a0\u00a0\u00a0\u00a0\u00a0\u00a0\u00a0\u00a0\u00a0   H\u00f6he: 25,5 cm - Durchmesser: 9 cm  in Geschenkverpackung\" \/>\n<meta property=\"og:url\" content=\"https:\/\/Regalino-Shop.de\/?product=spender-aus-glas-haarshampoo-1l-von-eulenschnitt\" \/>\n<meta property=\"og:site_name\" content=\"Regalino -Lively Style\" \/>\n<meta property=\"article:modified_time\" content=\"2026-03-11T15:55:31+00:00\" \/>\n<meta property=\"og:image\" content=\"https:\/\/Regalino-Shop.de\/wp-content\/uploads\/2021\/08\/gl-020_1l_haarshampoo_photocredits_maggymelzer_5.jpg\" \/>\n\t<meta property=\"og:image:width\" content=\"1500\" \/>\n\t<meta property=\"og:image:height\" content=\"1500\" \/>\n\t<meta property=\"og:image:type\" content=\"image\/jpeg\" \/>\n<meta name=\"twitter:card\" content=\"summary_large_image\" \/>\n<script type=\"application\/ld+json\" class=\"yoast-schema-graph\">{\"@context\":\"https:\\\/\\\/schema.org\",\"@graph\":[{\"@type\":\"WebPage\",\"@id\":\"https:\\\/\\\/Regalino-Shop.de\\\/?product=spender-aus-glas-haarshampoo-1l-von-eulenschnitt\",\"url\":\"https:\\\/\\\/Regalino-Shop.de\\\/?product=spender-aus-glas-haarshampoo-1l-von-eulenschnitt\",\"name\":\"Spender aus Glas *Haarshampoo* 1L von Eulenschnitt - Regalino -Lively Style\",\"isPartOf\":{\"@id\":\"https:\\\/\\\/Regalino-Shop.de\\\/#website\"},\"primaryImageOfPage\":{\"@id\":\"https:\\\/\\\/Regalino-Shop.de\\\/?product=spender-aus-glas-haarshampoo-1l-von-eulenschnitt#primaryimage\"},\"image\":{\"@id\":\"https:\\\/\\\/Regalino-Shop.de\\\/?product=spender-aus-glas-haarshampoo-1l-von-eulenschnitt#primaryimage\"},\"thumbnailUrl\":\"https:\\\/\\\/Regalino-Shop.de\\\/wp-content\\\/uploads\\\/2021\\\/08\\\/gl-020_1l_haarshampoo_photocredits_maggymelzer_5.jpg\",\"datePublished\":\"2021-08-20T14:52:00+00:00\",\"dateModified\":\"2026-03-11T15:55:31+00:00\",\"breadcrumb\":{\"@id\":\"https:\\\/\\\/Regalino-Shop.de\\\/?product=spender-aus-glas-haarshampoo-1l-von-eulenschnitt#breadcrumb\"},\"inLanguage\":\"de\",\"potentialAction\":[{\"@type\":\"ReadAction\",\"target\":[\"https:\\\/\\\/Regalino-Shop.de\\\/?product=spender-aus-glas-haarshampoo-1l-von-eulenschnitt\"]}]},{\"@type\":\"ImageObject\",\"inLanguage\":\"de\",\"@id\":\"https:\\\/\\\/Regalino-Shop.de\\\/?product=spender-aus-glas-haarshampoo-1l-von-eulenschnitt#primaryimage\",\"url\":\"https:\\\/\\\/Regalino-Shop.de\\\/wp-content\\\/uploads\\\/2021\\\/08\\\/gl-020_1l_haarshampoo_photocredits_maggymelzer_5.jpg\",\"contentUrl\":\"https:\\\/\\\/Regalino-Shop.de\\\/wp-content\\\/uploads\\\/2021\\\/08\\\/gl-020_1l_haarshampoo_photocredits_maggymelzer_5.jpg\",\"width\":1500,\"height\":1500},{\"@type\":\"BreadcrumbList\",\"@id\":\"https:\\\/\\\/Regalino-Shop.de\\\/?product=spender-aus-glas-haarshampoo-1l-von-eulenschnitt#breadcrumb\",\"itemListElement\":[{\"@type\":\"ListItem\",\"position\":1,\"name\":\"Startseite\",\"item\":\"https:\\\/\\\/Regalino-Shop.de\\\/\"},{\"@type\":\"ListItem\",\"position\":2,\"name\":\"Shop\",\"item\":\"https:\\\/\\\/Regalino-Shop.de\\\/?page_id=40\"},{\"@type\":\"ListItem\",\"position\":3,\"name\":\"Spender aus Glas *Haarshampoo* 1L von Eulenschnitt\"}]},{\"@type\":\"WebSite\",\"@id\":\"https:\\\/\\\/Regalino-Shop.de\\\/#website\",\"url\":\"https:\\\/\\\/Regalino-Shop.de\\\/\",\"name\":\"Regalino -Lively Style\",\"description\":\"gelebtes Zuhause\",\"potentialAction\":[{\"@type\":\"SearchAction\",\"target\":{\"@type\":\"EntryPoint\",\"urlTemplate\":\"https:\\\/\\\/Regalino-Shop.de\\\/?s={search_term_string}\"},\"query-input\":{\"@type\":\"PropertyValueSpecification\",\"valueRequired\":true,\"valueName\":\"search_term_string\"}}],\"inLanguage\":\"de\"}]}<\/script>\n<!-- \/ Yoast SEO plugin. -->","yoast_head_json":{"title":"Spender aus Glas *Haarshampoo* 1L von Eulenschnitt - Regalino -Lively Style","robots":{"index":"index","follow":"follow","max-snippet":"max-snippet:-1","max-image-preview":"max-image-preview:large","max-video-preview":"max-video-preview:-1"},"canonical":"https:\/\/Regalino-Shop.de\/?product=spender-aus-glas-haarshampoo-1l-von-eulenschnitt","og_locale":"de_DE","og_type":"article","og_title":"Spender aus Glas *Haarshampoo* 1L von Eulenschnitt - Regalino -Lively Style","og_description":"Das sch\u00f6ne Braunglas macht den Spender zu einem absoluten Hingucker in deinem Bad! Der handgeschriebene Schriftzug sowie ein kleines Herz ziert die Vorderseite. Die wiederbef\u00fcllbare Glasflasche fasst ein F\u00fcllvolumen von 1000 ml und enth\u00e4lt sowohl einen schwarzen Pumpverschluss als auch einen schwarzen Schraubdeckel f\u00fcr den Transport. Die Flasche kommt nat\u00fcrlich unbef\u00fcllt, so dass du sie ganz nach Belieben mit deiner Lieblingsk\u00f6rperlotion bef\u00fcllen kannst.  Material: Braunglas mit wei\u00dfem Schriftzug  Gr\u00f6sse: Inhalt\u00a0 1 L \u00a0\u00a0\u00a0\u00a0\u00a0\u00a0\u00a0\u00a0\u00a0\u00a0\u00a0\u00a0\u00a0\u00a0   H\u00f6he: 25,5 cm - Durchmesser: 9 cm  in Geschenkverpackung","og_url":"https:\/\/Regalino-Shop.de\/?product=spender-aus-glas-haarshampoo-1l-von-eulenschnitt","og_site_name":"Regalino -Lively Style","article_modified_time":"2026-03-11T15:55:31+00:00","og_image":[{"width":1500,"height":1500,"url":"https:\/\/Regalino-Shop.de\/wp-content\/uploads\/2021\/08\/gl-020_1l_haarshampoo_photocredits_maggymelzer_5.jpg","type":"image\/jpeg"}],"twitter_card":"summary_large_image","schema":{"@context":"https:\/\/schema.org","@graph":[{"@type":"WebPage","@id":"https:\/\/Regalino-Shop.de\/?product=spender-aus-glas-haarshampoo-1l-von-eulenschnitt","url":"https:\/\/Regalino-Shop.de\/?product=spender-aus-glas-haarshampoo-1l-von-eulenschnitt","name":"Spender aus Glas *Haarshampoo* 1L von Eulenschnitt - Regalino -Lively Style","isPartOf":{"@id":"https:\/\/Regalino-Shop.de\/#website"},"primaryImageOfPage":{"@id":"https:\/\/Regalino-Shop.de\/?product=spender-aus-glas-haarshampoo-1l-von-eulenschnitt#primaryimage"},"image":{"@id":"https:\/\/Regalino-Shop.de\/?product=spender-aus-glas-haarshampoo-1l-von-eulenschnitt#primaryimage"},"thumbnailUrl":"https:\/\/Regalino-Shop.de\/wp-content\/uploads\/2021\/08\/gl-020_1l_haarshampoo_photocredits_maggymelzer_5.jpg","datePublished":"2021-08-20T14:52:00+00:00","dateModified":"2026-03-11T15:55:31+00:00","breadcrumb":{"@id":"https:\/\/Regalino-Shop.de\/?product=spender-aus-glas-haarshampoo-1l-von-eulenschnitt#breadcrumb"},"inLanguage":"de","potentialAction":[{"@type":"ReadAction","target":["https:\/\/Regalino-Shop.de\/?product=spender-aus-glas-haarshampoo-1l-von-eulenschnitt"]}]},{"@type":"ImageObject","inLanguage":"de","@id":"https:\/\/Regalino-Shop.de\/?product=spender-aus-glas-haarshampoo-1l-von-eulenschnitt#primaryimage","url":"https:\/\/Regalino-Shop.de\/wp-content\/uploads\/2021\/08\/gl-020_1l_haarshampoo_photocredits_maggymelzer_5.jpg","contentUrl":"https:\/\/Regalino-Shop.de\/wp-content\/uploads\/2021\/08\/gl-020_1l_haarshampoo_photocredits_maggymelzer_5.jpg","width":1500,"height":1500},{"@type":"BreadcrumbList","@id":"https:\/\/Regalino-Shop.de\/?product=spender-aus-glas-haarshampoo-1l-von-eulenschnitt#breadcrumb","itemListElement":[{"@type":"ListItem","position":1,"name":"Startseite","item":"https:\/\/Regalino-Shop.de\/"},{"@type":"ListItem","position":2,"name":"Shop","item":"https:\/\/Regalino-Shop.de\/?page_id=40"},{"@type":"ListItem","position":3,"name":"Spender aus Glas *Haarshampoo* 1L von Eulenschnitt"}]},{"@type":"WebSite","@id":"https:\/\/Regalino-Shop.de\/#website","url":"https:\/\/Regalino-Shop.de\/","name":"Regalino -Lively Style","description":"gelebtes Zuhause","potentialAction":[{"@type":"SearchAction","target":{"@type":"EntryPoint","urlTemplate":"https:\/\/Regalino-Shop.de\/?s={search_term_string}"},"query-input":{"@type":"PropertyValueSpecification","valueRequired":true,"valueName":"search_term_string"}}],"inLanguage":"de"}]}},"_links":{"self":[{"href":"https:\/\/Regalino-Shop.de\/index.php?rest_route=\/wp\/v2\/product\/6896","targetHints":{"allow":["GET"]}}],"collection":[{"href":"https:\/\/Regalino-Shop.de\/index.php?rest_route=\/wp\/v2\/product"}],"about":[{"href":"https:\/\/Regalino-Shop.de\/index.php?rest_route=\/wp\/v2\/types\/product"}],"wp:featuredmedia":[{"embeddable":true,"href":"https:\/\/Regalino-Shop.de\/index.php?rest_route=\/wp\/v2\/media\/6897"}],"wp:attachment":[{"href":"https:\/\/Regalino-Shop.de\/index.php?rest_route=%2Fwp%2Fv2%2Fmedia&parent=6896"}],"wp:term":[{"taxonomy":"product_brand","embeddable":true,"href":"https:\/\/Regalino-Shop.de\/index.php?rest_route=%2Fwp%2Fv2%2Fproduct_brand&post=6896"},{"taxonomy":"product_cat","embeddable":true,"href":"https:\/\/Regalino-Shop.de\/index.php?rest_route=%2Fwp%2Fv2%2Fproduct_cat&post=6896"},{"taxonomy":"product_tag","embeddable":true,"href":"https:\/\/Regalino-Shop.de\/index.php?rest_route=%2Fwp%2Fv2%2Fproduct_tag&post=6896"}],"curies":[{"name":"wp","href":"https:\/\/api.w.org\/{rel}","templated":true}]}}