{"id":6909,"date":"2021-08-20T09:32:21","date_gmt":"2021-08-20T09:32:21","guid":{"rendered":"https:\/\/Regalino-Shop.de\/?post_type=product&#038;p=6909"},"modified":"2026-03-11T15:56:06","modified_gmt":"2026-03-11T15:56:06","slug":"cake-topper-lots-of-love-natur-von-eulenschnitt","status":"publish","type":"product","link":"https:\/\/Regalino-Shop.de\/?product=cake-topper-lots-of-love-natur-von-eulenschnitt","title":{"rendered":"Cake Topper *Lots of love* natur von Eulenschnitt"},"content":{"rendered":"","protected":false},"excerpt":{"rendered":"<p>F\u00fcr Begeisterung im Handumdrehen sorgst du mit dem Cake Topper \u201eLots of love\u201c von Eulenschnitt. Aus jedem Backwerk macht der naturfarbene Spiess aus Holz im Handumdrehen ein Kunstwerk. Ob zum Geburtstag, dem Jahrestag oder einfach nur so: Ab in die s\u00fc\u00dfe Versuchung gesteckt und schon machst du jedem eine gro\u00dfe Freude. Unser Tipp: Einfach noch eine kleine Kerze oder einen Sternregen mit dazu und ein grandioser Wow-Effekt ist dir sicher.<\/p>\n<p>Ma\u00dfe: H 15,5 cm &#8211; B 13,7 cm<\/p>\n<p>Material: Holz<\/p>\n<p>Die Deko ist <strong>nicht<\/strong> Teil des Lieferumfanges<strong><br \/>\n<\/strong><\/p>\n","protected":false},"featured_media":6910,"template":"","meta":{"_et_pb_use_builder":"","_et_pb_old_content":"","_et_gb_content_width":""},"product_brand":[],"product_cat":[80,57],"product_tag":[210,598,838,840,839],"class_list":{"0":"post-6909","1":"product","2":"type-product","3":"status-publish","4":"has-post-thumbnail","6":"product_cat-kueche-servieren-im-scandi-breton-stil-regalino","7":"product_cat-neu-eingetroffen-neue-lieblingsstuecke-bei-regalino","8":"product_tag-eulenschnitt","9":"product_tag-geburtstag","10":"product_tag-kuchen","11":"product_tag-kuchenspiess","12":"product_tag-tortendeko","14":"first","15":"instock","16":"taxable","17":"shipping-taxable","18":"purchasable","19":"product-type-simple"},"yoast_head":"<!-- This site is optimized with the Yoast SEO plugin v27.5 - https:\/\/yoast.com\/product\/yoast-seo-wordpress\/ -->\n<title>Cake Topper *Lots of love* natur von Eulenschnitt - Regalino -Lively Style<\/title>\n<meta name=\"robots\" content=\"index, follow, max-snippet:-1, max-image-preview:large, max-video-preview:-1\" \/>\n<link rel=\"canonical\" href=\"https:\/\/Regalino-Shop.de\/?product=cake-topper-lots-of-love-natur-von-eulenschnitt\" \/>\n<meta property=\"og:locale\" content=\"de_DE\" \/>\n<meta property=\"og:type\" content=\"article\" \/>\n<meta property=\"og:title\" content=\"Cake Topper *Lots of love* natur von Eulenschnitt - Regalino -Lively Style\" \/>\n<meta property=\"og:description\" content=\"F\u00fcr Begeisterung im Handumdrehen sorgst du mit dem Cake Topper \u201eLots of love\u201c von Eulenschnitt. Aus jedem Backwerk macht der naturfarbene Spiess aus Holz im Handumdrehen ein Kunstwerk. Ob zum Geburtstag, dem Jahrestag oder einfach nur so: Ab in die s\u00fc\u00dfe Versuchung gesteckt und schon machst du jedem eine gro\u00dfe Freude. Unser Tipp: Einfach noch eine kleine Kerze oder einen Sternregen mit dazu und ein grandioser Wow-Effekt ist dir sicher.  Ma\u00dfe: H 15,5 cm - B 13,7 cm  Material: Holz  Die Deko ist nicht Teil des Lieferumfanges\" \/>\n<meta property=\"og:url\" content=\"https:\/\/Regalino-Shop.de\/?product=cake-topper-lots-of-love-natur-von-eulenschnitt\" \/>\n<meta property=\"og:site_name\" content=\"Regalino -Lively Style\" \/>\n<meta property=\"article:modified_time\" content=\"2026-03-11T15:56:06+00:00\" \/>\n<meta property=\"og:image\" content=\"https:\/\/Regalino-Shop.de\/wp-content\/uploads\/2021\/08\/caketopper_lotsoflove_1_photocredits_maggymelzer_600x600.jpg\" \/>\n\t<meta property=\"og:image:width\" content=\"600\" \/>\n\t<meta property=\"og:image:height\" content=\"600\" \/>\n\t<meta property=\"og:image:type\" content=\"image\/jpeg\" \/>\n<meta name=\"twitter:card\" content=\"summary_large_image\" \/>\n<script type=\"application\/ld+json\" class=\"yoast-schema-graph\">{\"@context\":\"https:\\\/\\\/schema.org\",\"@graph\":[{\"@type\":\"WebPage\",\"@id\":\"https:\\\/\\\/Regalino-Shop.de\\\/?product=cake-topper-lots-of-love-natur-von-eulenschnitt\",\"url\":\"https:\\\/\\\/Regalino-Shop.de\\\/?product=cake-topper-lots-of-love-natur-von-eulenschnitt\",\"name\":\"Cake Topper *Lots of love* natur von Eulenschnitt - Regalino -Lively Style\",\"isPartOf\":{\"@id\":\"https:\\\/\\\/Regalino-Shop.de\\\/#website\"},\"primaryImageOfPage\":{\"@id\":\"https:\\\/\\\/Regalino-Shop.de\\\/?product=cake-topper-lots-of-love-natur-von-eulenschnitt#primaryimage\"},\"image\":{\"@id\":\"https:\\\/\\\/Regalino-Shop.de\\\/?product=cake-topper-lots-of-love-natur-von-eulenschnitt#primaryimage\"},\"thumbnailUrl\":\"https:\\\/\\\/Regalino-Shop.de\\\/wp-content\\\/uploads\\\/2021\\\/08\\\/caketopper_lotsoflove_1_photocredits_maggymelzer_600x600.jpg\",\"datePublished\":\"2021-08-20T09:32:21+00:00\",\"dateModified\":\"2026-03-11T15:56:06+00:00\",\"breadcrumb\":{\"@id\":\"https:\\\/\\\/Regalino-Shop.de\\\/?product=cake-topper-lots-of-love-natur-von-eulenschnitt#breadcrumb\"},\"inLanguage\":\"de\",\"potentialAction\":[{\"@type\":\"ReadAction\",\"target\":[\"https:\\\/\\\/Regalino-Shop.de\\\/?product=cake-topper-lots-of-love-natur-von-eulenschnitt\"]}]},{\"@type\":\"ImageObject\",\"inLanguage\":\"de\",\"@id\":\"https:\\\/\\\/Regalino-Shop.de\\\/?product=cake-topper-lots-of-love-natur-von-eulenschnitt#primaryimage\",\"url\":\"https:\\\/\\\/Regalino-Shop.de\\\/wp-content\\\/uploads\\\/2021\\\/08\\\/caketopper_lotsoflove_1_photocredits_maggymelzer_600x600.jpg\",\"contentUrl\":\"https:\\\/\\\/Regalino-Shop.de\\\/wp-content\\\/uploads\\\/2021\\\/08\\\/caketopper_lotsoflove_1_photocredits_maggymelzer_600x600.jpg\",\"width\":600,\"height\":600},{\"@type\":\"BreadcrumbList\",\"@id\":\"https:\\\/\\\/Regalino-Shop.de\\\/?product=cake-topper-lots-of-love-natur-von-eulenschnitt#breadcrumb\",\"itemListElement\":[{\"@type\":\"ListItem\",\"position\":1,\"name\":\"Startseite\",\"item\":\"https:\\\/\\\/Regalino-Shop.de\\\/\"},{\"@type\":\"ListItem\",\"position\":2,\"name\":\"Shop\",\"item\":\"https:\\\/\\\/Regalino-Shop.de\\\/?page_id=40\"},{\"@type\":\"ListItem\",\"position\":3,\"name\":\"Cake Topper *Lots of love* natur von Eulenschnitt\"}]},{\"@type\":\"WebSite\",\"@id\":\"https:\\\/\\\/Regalino-Shop.de\\\/#website\",\"url\":\"https:\\\/\\\/Regalino-Shop.de\\\/\",\"name\":\"Regalino -Lively Style\",\"description\":\"gelebtes Zuhause\",\"potentialAction\":[{\"@type\":\"SearchAction\",\"target\":{\"@type\":\"EntryPoint\",\"urlTemplate\":\"https:\\\/\\\/Regalino-Shop.de\\\/?s={search_term_string}\"},\"query-input\":{\"@type\":\"PropertyValueSpecification\",\"valueRequired\":true,\"valueName\":\"search_term_string\"}}],\"inLanguage\":\"de\"}]}<\/script>\n<!-- \/ Yoast SEO plugin. -->","yoast_head_json":{"title":"Cake Topper *Lots of love* natur von Eulenschnitt - Regalino -Lively Style","robots":{"index":"index","follow":"follow","max-snippet":"max-snippet:-1","max-image-preview":"max-image-preview:large","max-video-preview":"max-video-preview:-1"},"canonical":"https:\/\/Regalino-Shop.de\/?product=cake-topper-lots-of-love-natur-von-eulenschnitt","og_locale":"de_DE","og_type":"article","og_title":"Cake Topper *Lots of love* natur von Eulenschnitt - Regalino -Lively Style","og_description":"F\u00fcr Begeisterung im Handumdrehen sorgst du mit dem Cake Topper \u201eLots of love\u201c von Eulenschnitt. Aus jedem Backwerk macht der naturfarbene Spiess aus Holz im Handumdrehen ein Kunstwerk. Ob zum Geburtstag, dem Jahrestag oder einfach nur so: Ab in die s\u00fc\u00dfe Versuchung gesteckt und schon machst du jedem eine gro\u00dfe Freude. Unser Tipp: Einfach noch eine kleine Kerze oder einen Sternregen mit dazu und ein grandioser Wow-Effekt ist dir sicher.  Ma\u00dfe: H 15,5 cm - B 13,7 cm  Material: Holz  Die Deko ist nicht Teil des Lieferumfanges","og_url":"https:\/\/Regalino-Shop.de\/?product=cake-topper-lots-of-love-natur-von-eulenschnitt","og_site_name":"Regalino -Lively Style","article_modified_time":"2026-03-11T15:56:06+00:00","og_image":[{"width":600,"height":600,"url":"https:\/\/Regalino-Shop.de\/wp-content\/uploads\/2021\/08\/caketopper_lotsoflove_1_photocredits_maggymelzer_600x600.jpg","type":"image\/jpeg"}],"twitter_card":"summary_large_image","schema":{"@context":"https:\/\/schema.org","@graph":[{"@type":"WebPage","@id":"https:\/\/Regalino-Shop.de\/?product=cake-topper-lots-of-love-natur-von-eulenschnitt","url":"https:\/\/Regalino-Shop.de\/?product=cake-topper-lots-of-love-natur-von-eulenschnitt","name":"Cake Topper *Lots of love* natur von Eulenschnitt - Regalino -Lively Style","isPartOf":{"@id":"https:\/\/Regalino-Shop.de\/#website"},"primaryImageOfPage":{"@id":"https:\/\/Regalino-Shop.de\/?product=cake-topper-lots-of-love-natur-von-eulenschnitt#primaryimage"},"image":{"@id":"https:\/\/Regalino-Shop.de\/?product=cake-topper-lots-of-love-natur-von-eulenschnitt#primaryimage"},"thumbnailUrl":"https:\/\/Regalino-Shop.de\/wp-content\/uploads\/2021\/08\/caketopper_lotsoflove_1_photocredits_maggymelzer_600x600.jpg","datePublished":"2021-08-20T09:32:21+00:00","dateModified":"2026-03-11T15:56:06+00:00","breadcrumb":{"@id":"https:\/\/Regalino-Shop.de\/?product=cake-topper-lots-of-love-natur-von-eulenschnitt#breadcrumb"},"inLanguage":"de","potentialAction":[{"@type":"ReadAction","target":["https:\/\/Regalino-Shop.de\/?product=cake-topper-lots-of-love-natur-von-eulenschnitt"]}]},{"@type":"ImageObject","inLanguage":"de","@id":"https:\/\/Regalino-Shop.de\/?product=cake-topper-lots-of-love-natur-von-eulenschnitt#primaryimage","url":"https:\/\/Regalino-Shop.de\/wp-content\/uploads\/2021\/08\/caketopper_lotsoflove_1_photocredits_maggymelzer_600x600.jpg","contentUrl":"https:\/\/Regalino-Shop.de\/wp-content\/uploads\/2021\/08\/caketopper_lotsoflove_1_photocredits_maggymelzer_600x600.jpg","width":600,"height":600},{"@type":"BreadcrumbList","@id":"https:\/\/Regalino-Shop.de\/?product=cake-topper-lots-of-love-natur-von-eulenschnitt#breadcrumb","itemListElement":[{"@type":"ListItem","position":1,"name":"Startseite","item":"https:\/\/Regalino-Shop.de\/"},{"@type":"ListItem","position":2,"name":"Shop","item":"https:\/\/Regalino-Shop.de\/?page_id=40"},{"@type":"ListItem","position":3,"name":"Cake Topper *Lots of love* natur von Eulenschnitt"}]},{"@type":"WebSite","@id":"https:\/\/Regalino-Shop.de\/#website","url":"https:\/\/Regalino-Shop.de\/","name":"Regalino -Lively Style","description":"gelebtes Zuhause","potentialAction":[{"@type":"SearchAction","target":{"@type":"EntryPoint","urlTemplate":"https:\/\/Regalino-Shop.de\/?s={search_term_string}"},"query-input":{"@type":"PropertyValueSpecification","valueRequired":true,"valueName":"search_term_string"}}],"inLanguage":"de"}]}},"_links":{"self":[{"href":"https:\/\/Regalino-Shop.de\/index.php?rest_route=\/wp\/v2\/product\/6909","targetHints":{"allow":["GET"]}}],"collection":[{"href":"https:\/\/Regalino-Shop.de\/index.php?rest_route=\/wp\/v2\/product"}],"about":[{"href":"https:\/\/Regalino-Shop.de\/index.php?rest_route=\/wp\/v2\/types\/product"}],"wp:featuredmedia":[{"embeddable":true,"href":"https:\/\/Regalino-Shop.de\/index.php?rest_route=\/wp\/v2\/media\/6910"}],"wp:attachment":[{"href":"https:\/\/Regalino-Shop.de\/index.php?rest_route=%2Fwp%2Fv2%2Fmedia&parent=6909"}],"wp:term":[{"taxonomy":"product_brand","embeddable":true,"href":"https:\/\/Regalino-Shop.de\/index.php?rest_route=%2Fwp%2Fv2%2Fproduct_brand&post=6909"},{"taxonomy":"product_cat","embeddable":true,"href":"https:\/\/Regalino-Shop.de\/index.php?rest_route=%2Fwp%2Fv2%2Fproduct_cat&post=6909"},{"taxonomy":"product_tag","embeddable":true,"href":"https:\/\/Regalino-Shop.de\/index.php?rest_route=%2Fwp%2Fv2%2Fproduct_tag&post=6909"}],"curies":[{"name":"wp","href":"https:\/\/api.w.org\/{rel}","templated":true}]}}