{"id":6919,"date":"2021-08-23T18:25:49","date_gmt":"2021-08-23T18:25:49","guid":{"rendered":"https:\/\/Regalino-Shop.de\/?post_type=product&#038;p=6919"},"modified":"2026-03-11T15:54:57","modified_gmt":"2026-03-11T15:54:57","slug":"decke-serengeti-grey-70-cm-x-90-cm-von-klippan","status":"publish","type":"product","link":"https:\/\/Regalino-Shop.de\/?product=decke-serengeti-grey-70-cm-x-90-cm-von-klippan","title":{"rendered":"Decke *Serengeti Grey* 70 cm x 90 cm von Klippan"},"content":{"rendered":"","protected":false},"excerpt":{"rendered":"<div id=\"tab-product-description\" class=\"ui-tabs-panel ui-widget-content ui-corner-bottom\" role=\"tabpanel\" aria-labelledby=\"ui-id-1\" aria-hidden=\"false\">\n<div class=\"description\">\n<p>S\u00fc\u00dfe Decke von Klippan Yllefabrik aus Baumwolle eignet sich hervorragend als erste Decke f\u00fcr Neugeborene oder Krabbeldecke in Jaquardwebtechnik. Mit Motiv Tiere der Serengeti&#8230; im Kinderwagen oder zuhause, perfekt zum Einkuscheln<\/p>\n<p>70 x 90cm<\/p>\n<p>Material: 100% Baumwolle<\/p>\n<p>Farbe: grau, pink, wei\u00df, gr\u00fcn<\/p>\n<p><span class=\"a7 gk at\">Maschinenw\u00e4sche 40 \u00b0 C.<br \/>\nWoll- \/ Handwaschprogramm.<br \/>\nSeparat waschen.<br \/>\nBei mittlerer Temperatur b\u00fcgeln.<br \/>\nNicht im Trockner trocknen.<br \/>\nKein Bleichmittel benutzen.<\/span><\/p>\n<\/div>\n<\/div>\n","protected":false},"featured_media":6922,"template":"","meta":{"_et_pb_use_builder":"","_et_pb_old_content":"","_et_gb_content_width":""},"product_brand":[],"product_cat":[57,94],"product_tag":[841,609,542],"class_list":{"0":"post-6919","1":"product","2":"type-product","3":"status-publish","4":"has-post-thumbnail","6":"product_cat-neu-eingetroffen-neue-lieblingsstuecke-bei-regalino","7":"product_cat-kinderzimmer-deko-im-scandi-breton-stil-regalino","8":"product_tag-babydecke","9":"product_tag-decke","10":"product_tag-kuscheldecke","12":"first","13":"instock","14":"taxable","15":"shipping-taxable","16":"purchasable","17":"product-type-simple"},"yoast_head":"<!-- This site is optimized with the Yoast SEO plugin v27.5 - https:\/\/yoast.com\/product\/yoast-seo-wordpress\/ -->\n<title>Decke *Serengeti Grey* 70 cm x 90 cm von Klippan - Regalino -Lively Style<\/title>\n<meta name=\"robots\" content=\"index, follow, max-snippet:-1, max-image-preview:large, max-video-preview:-1\" \/>\n<link rel=\"canonical\" href=\"https:\/\/Regalino-Shop.de\/?product=decke-serengeti-grey-70-cm-x-90-cm-von-klippan\" \/>\n<meta property=\"og:locale\" content=\"de_DE\" \/>\n<meta property=\"og:type\" content=\"article\" \/>\n<meta property=\"og:title\" content=\"Decke *Serengeti Grey* 70 cm x 90 cm von Klippan - Regalino -Lively Style\" \/>\n<meta property=\"og:description\" content=\"S\u00fc\u00dfe Decke von Klippan Yllefabrik aus Baumwolle eignet sich hervorragend als erste Decke f\u00fcr Neugeborene oder Krabbeldecke in Jaquardwebtechnik. Mit Motiv Tiere der Serengeti... im Kinderwagen oder zuhause, perfekt zum Einkuscheln  70 x 90cm  Material: 100% Baumwolle  Farbe: grau, pink, wei\u00df, gr\u00fcn  Maschinenw\u00e4sche 40 \u00b0 C. Woll- \/ Handwaschprogramm. Separat waschen. Bei mittlerer Temperatur b\u00fcgeln. Nicht im Trockner trocknen. Kein Bleichmittel benutzen.\" \/>\n<meta property=\"og:url\" content=\"https:\/\/Regalino-Shop.de\/?product=decke-serengeti-grey-70-cm-x-90-cm-von-klippan\" \/>\n<meta property=\"og:site_name\" content=\"Regalino -Lively Style\" \/>\n<meta property=\"article:modified_time\" content=\"2026-03-11T15:54:57+00:00\" \/>\n<meta property=\"og:image\" content=\"https:\/\/Regalino-Shop.de\/wp-content\/uploads\/2021\/08\/serengeti-grey-2.jpg\" \/>\n\t<meta property=\"og:image:width\" content=\"282\" \/>\n\t<meta property=\"og:image:height\" content=\"286\" \/>\n\t<meta property=\"og:image:type\" content=\"image\/jpeg\" \/>\n<meta name=\"twitter:card\" content=\"summary_large_image\" \/>\n<script type=\"application\/ld+json\" class=\"yoast-schema-graph\">{\"@context\":\"https:\\\/\\\/schema.org\",\"@graph\":[{\"@type\":\"WebPage\",\"@id\":\"https:\\\/\\\/Regalino-Shop.de\\\/?product=decke-serengeti-grey-70-cm-x-90-cm-von-klippan\",\"url\":\"https:\\\/\\\/Regalino-Shop.de\\\/?product=decke-serengeti-grey-70-cm-x-90-cm-von-klippan\",\"name\":\"Decke *Serengeti Grey* 70 cm x 90 cm von Klippan - Regalino -Lively Style\",\"isPartOf\":{\"@id\":\"https:\\\/\\\/Regalino-Shop.de\\\/#website\"},\"primaryImageOfPage\":{\"@id\":\"https:\\\/\\\/Regalino-Shop.de\\\/?product=decke-serengeti-grey-70-cm-x-90-cm-von-klippan#primaryimage\"},\"image\":{\"@id\":\"https:\\\/\\\/Regalino-Shop.de\\\/?product=decke-serengeti-grey-70-cm-x-90-cm-von-klippan#primaryimage\"},\"thumbnailUrl\":\"https:\\\/\\\/Regalino-Shop.de\\\/wp-content\\\/uploads\\\/2021\\\/08\\\/serengeti-grey-2.jpg\",\"datePublished\":\"2021-08-23T18:25:49+00:00\",\"dateModified\":\"2026-03-11T15:54:57+00:00\",\"breadcrumb\":{\"@id\":\"https:\\\/\\\/Regalino-Shop.de\\\/?product=decke-serengeti-grey-70-cm-x-90-cm-von-klippan#breadcrumb\"},\"inLanguage\":\"de\",\"potentialAction\":[{\"@type\":\"ReadAction\",\"target\":[\"https:\\\/\\\/Regalino-Shop.de\\\/?product=decke-serengeti-grey-70-cm-x-90-cm-von-klippan\"]}]},{\"@type\":\"ImageObject\",\"inLanguage\":\"de\",\"@id\":\"https:\\\/\\\/Regalino-Shop.de\\\/?product=decke-serengeti-grey-70-cm-x-90-cm-von-klippan#primaryimage\",\"url\":\"https:\\\/\\\/Regalino-Shop.de\\\/wp-content\\\/uploads\\\/2021\\\/08\\\/serengeti-grey-2.jpg\",\"contentUrl\":\"https:\\\/\\\/Regalino-Shop.de\\\/wp-content\\\/uploads\\\/2021\\\/08\\\/serengeti-grey-2.jpg\",\"width\":282,\"height\":286},{\"@type\":\"BreadcrumbList\",\"@id\":\"https:\\\/\\\/Regalino-Shop.de\\\/?product=decke-serengeti-grey-70-cm-x-90-cm-von-klippan#breadcrumb\",\"itemListElement\":[{\"@type\":\"ListItem\",\"position\":1,\"name\":\"Startseite\",\"item\":\"https:\\\/\\\/Regalino-Shop.de\\\/\"},{\"@type\":\"ListItem\",\"position\":2,\"name\":\"Shop\",\"item\":\"https:\\\/\\\/Regalino-Shop.de\\\/?page_id=40\"},{\"@type\":\"ListItem\",\"position\":3,\"name\":\"Decke *Serengeti Grey* 70 cm x 90 cm von Klippan\"}]},{\"@type\":\"WebSite\",\"@id\":\"https:\\\/\\\/Regalino-Shop.de\\\/#website\",\"url\":\"https:\\\/\\\/Regalino-Shop.de\\\/\",\"name\":\"Regalino -Lively Style\",\"description\":\"gelebtes Zuhause\",\"potentialAction\":[{\"@type\":\"SearchAction\",\"target\":{\"@type\":\"EntryPoint\",\"urlTemplate\":\"https:\\\/\\\/Regalino-Shop.de\\\/?s={search_term_string}\"},\"query-input\":{\"@type\":\"PropertyValueSpecification\",\"valueRequired\":true,\"valueName\":\"search_term_string\"}}],\"inLanguage\":\"de\"}]}<\/script>\n<!-- \/ Yoast SEO plugin. -->","yoast_head_json":{"title":"Decke *Serengeti Grey* 70 cm x 90 cm von Klippan - Regalino -Lively Style","robots":{"index":"index","follow":"follow","max-snippet":"max-snippet:-1","max-image-preview":"max-image-preview:large","max-video-preview":"max-video-preview:-1"},"canonical":"https:\/\/Regalino-Shop.de\/?product=decke-serengeti-grey-70-cm-x-90-cm-von-klippan","og_locale":"de_DE","og_type":"article","og_title":"Decke *Serengeti Grey* 70 cm x 90 cm von Klippan - Regalino -Lively Style","og_description":"S\u00fc\u00dfe Decke von Klippan Yllefabrik aus Baumwolle eignet sich hervorragend als erste Decke f\u00fcr Neugeborene oder Krabbeldecke in Jaquardwebtechnik. Mit Motiv Tiere der Serengeti... im Kinderwagen oder zuhause, perfekt zum Einkuscheln  70 x 90cm  Material: 100% Baumwolle  Farbe: grau, pink, wei\u00df, gr\u00fcn  Maschinenw\u00e4sche 40 \u00b0 C. Woll- \/ Handwaschprogramm. Separat waschen. Bei mittlerer Temperatur b\u00fcgeln. Nicht im Trockner trocknen. Kein Bleichmittel benutzen.","og_url":"https:\/\/Regalino-Shop.de\/?product=decke-serengeti-grey-70-cm-x-90-cm-von-klippan","og_site_name":"Regalino -Lively Style","article_modified_time":"2026-03-11T15:54:57+00:00","og_image":[{"width":282,"height":286,"url":"https:\/\/Regalino-Shop.de\/wp-content\/uploads\/2021\/08\/serengeti-grey-2.jpg","type":"image\/jpeg"}],"twitter_card":"summary_large_image","schema":{"@context":"https:\/\/schema.org","@graph":[{"@type":"WebPage","@id":"https:\/\/Regalino-Shop.de\/?product=decke-serengeti-grey-70-cm-x-90-cm-von-klippan","url":"https:\/\/Regalino-Shop.de\/?product=decke-serengeti-grey-70-cm-x-90-cm-von-klippan","name":"Decke *Serengeti Grey* 70 cm x 90 cm von Klippan - Regalino -Lively Style","isPartOf":{"@id":"https:\/\/Regalino-Shop.de\/#website"},"primaryImageOfPage":{"@id":"https:\/\/Regalino-Shop.de\/?product=decke-serengeti-grey-70-cm-x-90-cm-von-klippan#primaryimage"},"image":{"@id":"https:\/\/Regalino-Shop.de\/?product=decke-serengeti-grey-70-cm-x-90-cm-von-klippan#primaryimage"},"thumbnailUrl":"https:\/\/Regalino-Shop.de\/wp-content\/uploads\/2021\/08\/serengeti-grey-2.jpg","datePublished":"2021-08-23T18:25:49+00:00","dateModified":"2026-03-11T15:54:57+00:00","breadcrumb":{"@id":"https:\/\/Regalino-Shop.de\/?product=decke-serengeti-grey-70-cm-x-90-cm-von-klippan#breadcrumb"},"inLanguage":"de","potentialAction":[{"@type":"ReadAction","target":["https:\/\/Regalino-Shop.de\/?product=decke-serengeti-grey-70-cm-x-90-cm-von-klippan"]}]},{"@type":"ImageObject","inLanguage":"de","@id":"https:\/\/Regalino-Shop.de\/?product=decke-serengeti-grey-70-cm-x-90-cm-von-klippan#primaryimage","url":"https:\/\/Regalino-Shop.de\/wp-content\/uploads\/2021\/08\/serengeti-grey-2.jpg","contentUrl":"https:\/\/Regalino-Shop.de\/wp-content\/uploads\/2021\/08\/serengeti-grey-2.jpg","width":282,"height":286},{"@type":"BreadcrumbList","@id":"https:\/\/Regalino-Shop.de\/?product=decke-serengeti-grey-70-cm-x-90-cm-von-klippan#breadcrumb","itemListElement":[{"@type":"ListItem","position":1,"name":"Startseite","item":"https:\/\/Regalino-Shop.de\/"},{"@type":"ListItem","position":2,"name":"Shop","item":"https:\/\/Regalino-Shop.de\/?page_id=40"},{"@type":"ListItem","position":3,"name":"Decke *Serengeti Grey* 70 cm x 90 cm von Klippan"}]},{"@type":"WebSite","@id":"https:\/\/Regalino-Shop.de\/#website","url":"https:\/\/Regalino-Shop.de\/","name":"Regalino -Lively Style","description":"gelebtes Zuhause","potentialAction":[{"@type":"SearchAction","target":{"@type":"EntryPoint","urlTemplate":"https:\/\/Regalino-Shop.de\/?s={search_term_string}"},"query-input":{"@type":"PropertyValueSpecification","valueRequired":true,"valueName":"search_term_string"}}],"inLanguage":"de"}]}},"_links":{"self":[{"href":"https:\/\/Regalino-Shop.de\/index.php?rest_route=\/wp\/v2\/product\/6919","targetHints":{"allow":["GET"]}}],"collection":[{"href":"https:\/\/Regalino-Shop.de\/index.php?rest_route=\/wp\/v2\/product"}],"about":[{"href":"https:\/\/Regalino-Shop.de\/index.php?rest_route=\/wp\/v2\/types\/product"}],"wp:featuredmedia":[{"embeddable":true,"href":"https:\/\/Regalino-Shop.de\/index.php?rest_route=\/wp\/v2\/media\/6922"}],"wp:attachment":[{"href":"https:\/\/Regalino-Shop.de\/index.php?rest_route=%2Fwp%2Fv2%2Fmedia&parent=6919"}],"wp:term":[{"taxonomy":"product_brand","embeddable":true,"href":"https:\/\/Regalino-Shop.de\/index.php?rest_route=%2Fwp%2Fv2%2Fproduct_brand&post=6919"},{"taxonomy":"product_cat","embeddable":true,"href":"https:\/\/Regalino-Shop.de\/index.php?rest_route=%2Fwp%2Fv2%2Fproduct_cat&post=6919"},{"taxonomy":"product_tag","embeddable":true,"href":"https:\/\/Regalino-Shop.de\/index.php?rest_route=%2Fwp%2Fv2%2Fproduct_tag&post=6919"}],"curies":[{"name":"wp","href":"https:\/\/api.w.org\/{rel}","templated":true}]}}