{"id":6991,"date":"2024-10-28T08:05:21","date_gmt":"2024-10-28T08:05:21","guid":{"rendered":"https:\/\/Regalino-Shop.de\/?post_type=product&#038;p=6991"},"modified":"2024-10-28T08:13:39","modified_gmt":"2024-10-28T08:13:39","slug":"lichthaus-byn-var-3-von-storefactory","status":"publish","type":"product","link":"https:\/\/Regalino-Shop.de\/?product=lichthaus-byn-var-3-von-storefactory","title":{"rendered":"Lichthaus *Byn* Var. 3 von Storefactory"},"content":{"rendered":"","protected":false},"excerpt":{"rendered":"<h3>Lichth\u00e4uschen aus matter wei\u00dfer Keramik<\/h3>\n<p>BYN ist eine Serie von H\u00e4usern aus Keramik, die unendlich viele Kombinationsm\u00f6glichkeiten bietet. Die H\u00e4user k\u00f6nnen zusammen auf dem Beistelltischplaziert werden und so ein Dorf mit beleuchteten H\u00e4usern geschaffen werden mit kleinen Lichterketten. Die unterschiedlichen Formen und Gr\u00f6\u00dfen der H\u00e4user machen es m\u00f6glich, eine Dynamik zu erzeugen, egal ob\u00a0 drei oder neun H\u00e4user miteinander kombiniert werden. Die \u00d6ffnung f\u00fcr die Lichterkette ist unten, das H\u00e4uschen ist rundum sch\u00f6n gestaltet.<\/p>\n<p>BYN 3: ca 10 \u00d7 9 \u00d7 15 cm<\/p>\n<p>Erh\u00e4ltlich in mehreren Varianten.<\/p>\n<p>HINWEIS: NICHT f\u00fcr Kerzen geeignet, nur f\u00fcr Batterielampen! (nicht im Lieferumfang enthalten)<\/p>\n<p>Pflegehinweise: Alle diese Keramiken sind matt und unbehandelt und sind ein Zeichen von Storefactory geworden. Es ist auch nat\u00fcrlich, dass es kleine Punkte oder Gr\u00fcbchen in der Keramik geben kann, wenn sie handgemacht ist.<\/p>\n<p>Abweichungen sind m\u00f6glich durch das Trockenverhalten des Tons<\/p>\n","protected":false},"featured_media":6992,"template":"","meta":{"_et_pb_use_builder":"","_et_pb_old_content":"","_et_gb_content_width":""},"product_brand":[],"product_cat":[64],"product_tag":[851,528,850,849],"class_list":{"0":"post-6991","1":"product","2":"type-product","3":"status-publish","4":"has-post-thumbnail","6":"product_cat-besondere-deko-im-nordischen-stil-maritime-akzente-regalino","7":"product_tag-bullerbue","8":"product_tag-lichthaus","9":"product_tag-schweden","10":"product_tag-weihnachtsdorf","12":"first","13":"instock","14":"taxable","15":"shipping-taxable","16":"purchasable","17":"product-type-simple"},"yoast_head":"<!-- This site is optimized with the Yoast SEO plugin v27.5 - https:\/\/yoast.com\/product\/yoast-seo-wordpress\/ -->\n<title>Lichthaus *Byn* Var. 3 von Storefactory - Regalino -Lively Style<\/title>\n<meta name=\"description\" content=\"BYN ist eine Serie von H\u00e4usern aus Keramik, die viele Kombinationsm\u00f6glichkeiten bietet. Sie k\u00f6nnen zusammen plaziert werden und so ein Dorf mit beleuchteten H\u00e4usern geschaffen werden\" \/>\n<meta name=\"robots\" content=\"index, follow, max-snippet:-1, max-image-preview:large, max-video-preview:-1\" \/>\n<link rel=\"canonical\" href=\"https:\/\/Regalino-Shop.de\/?product=lichthaus-byn-var-3-von-storefactory\" \/>\n<meta property=\"og:locale\" content=\"de_DE\" \/>\n<meta property=\"og:type\" content=\"article\" \/>\n<meta property=\"og:title\" content=\"Lichthaus *Byn* Var. 3 von Storefactory - Regalino -Lively Style\" \/>\n<meta property=\"og:description\" content=\"BYN ist eine Serie von H\u00e4usern aus Keramik, die viele Kombinationsm\u00f6glichkeiten bietet. Sie k\u00f6nnen zusammen plaziert werden und so ein Dorf mit beleuchteten H\u00e4usern geschaffen werden\" \/>\n<meta property=\"og:url\" content=\"https:\/\/Regalino-Shop.de\/?product=lichthaus-byn-var-3-von-storefactory\" \/>\n<meta property=\"og:site_name\" content=\"Regalino -Lively Style\" \/>\n<meta property=\"article:modified_time\" content=\"2024-10-28T08:13:39+00:00\" \/>\n<meta property=\"og:image\" content=\"https:\/\/Regalino-Shop.de\/wp-content\/uploads\/2021\/08\/911339-BYN-HUS.jpg\" \/>\n\t<meta property=\"og:image:width\" content=\"331\" \/>\n\t<meta property=\"og:image:height\" content=\"414\" \/>\n\t<meta property=\"og:image:type\" content=\"image\/jpeg\" \/>\n<meta name=\"twitter:card\" content=\"summary_large_image\" \/>\n<script type=\"application\/ld+json\" class=\"yoast-schema-graph\">{\"@context\":\"https:\\\/\\\/schema.org\",\"@graph\":[{\"@type\":\"WebPage\",\"@id\":\"https:\\\/\\\/Regalino-Shop.de\\\/?product=lichthaus-byn-var-3-von-storefactory\",\"url\":\"https:\\\/\\\/Regalino-Shop.de\\\/?product=lichthaus-byn-var-3-von-storefactory\",\"name\":\"Lichthaus *Byn* Var. 3 von Storefactory - Regalino -Lively Style\",\"isPartOf\":{\"@id\":\"https:\\\/\\\/Regalino-Shop.de\\\/#website\"},\"primaryImageOfPage\":{\"@id\":\"https:\\\/\\\/Regalino-Shop.de\\\/?product=lichthaus-byn-var-3-von-storefactory#primaryimage\"},\"image\":{\"@id\":\"https:\\\/\\\/Regalino-Shop.de\\\/?product=lichthaus-byn-var-3-von-storefactory#primaryimage\"},\"thumbnailUrl\":\"https:\\\/\\\/Regalino-Shop.de\\\/wp-content\\\/uploads\\\/2021\\\/08\\\/911339-BYN-HUS.jpg\",\"datePublished\":\"2024-10-28T08:05:21+00:00\",\"dateModified\":\"2024-10-28T08:13:39+00:00\",\"description\":\"BYN ist eine Serie von H\u00e4usern aus Keramik, die viele Kombinationsm\u00f6glichkeiten bietet. Sie k\u00f6nnen zusammen plaziert werden und so ein Dorf mit beleuchteten H\u00e4usern geschaffen werden\",\"breadcrumb\":{\"@id\":\"https:\\\/\\\/Regalino-Shop.de\\\/?product=lichthaus-byn-var-3-von-storefactory#breadcrumb\"},\"inLanguage\":\"de\",\"potentialAction\":[{\"@type\":\"ReadAction\",\"target\":[\"https:\\\/\\\/Regalino-Shop.de\\\/?product=lichthaus-byn-var-3-von-storefactory\"]}]},{\"@type\":\"ImageObject\",\"inLanguage\":\"de\",\"@id\":\"https:\\\/\\\/Regalino-Shop.de\\\/?product=lichthaus-byn-var-3-von-storefactory#primaryimage\",\"url\":\"https:\\\/\\\/Regalino-Shop.de\\\/wp-content\\\/uploads\\\/2021\\\/08\\\/911339-BYN-HUS.jpg\",\"contentUrl\":\"https:\\\/\\\/Regalino-Shop.de\\\/wp-content\\\/uploads\\\/2021\\\/08\\\/911339-BYN-HUS.jpg\",\"width\":331,\"height\":414},{\"@type\":\"BreadcrumbList\",\"@id\":\"https:\\\/\\\/Regalino-Shop.de\\\/?product=lichthaus-byn-var-3-von-storefactory#breadcrumb\",\"itemListElement\":[{\"@type\":\"ListItem\",\"position\":1,\"name\":\"Startseite\",\"item\":\"https:\\\/\\\/Regalino-Shop.de\\\/\"},{\"@type\":\"ListItem\",\"position\":2,\"name\":\"Shop\",\"item\":\"https:\\\/\\\/Regalino-Shop.de\\\/?page_id=40\"},{\"@type\":\"ListItem\",\"position\":3,\"name\":\"Lichthaus *Byn* Var. 3 von Storefactory\"}]},{\"@type\":\"WebSite\",\"@id\":\"https:\\\/\\\/Regalino-Shop.de\\\/#website\",\"url\":\"https:\\\/\\\/Regalino-Shop.de\\\/\",\"name\":\"Regalino -Lively Style\",\"description\":\"gelebtes Zuhause\",\"potentialAction\":[{\"@type\":\"SearchAction\",\"target\":{\"@type\":\"EntryPoint\",\"urlTemplate\":\"https:\\\/\\\/Regalino-Shop.de\\\/?s={search_term_string}\"},\"query-input\":{\"@type\":\"PropertyValueSpecification\",\"valueRequired\":true,\"valueName\":\"search_term_string\"}}],\"inLanguage\":\"de\"}]}<\/script>\n<!-- \/ Yoast SEO plugin. -->","yoast_head_json":{"title":"Lichthaus *Byn* Var. 3 von Storefactory - Regalino -Lively Style","description":"BYN ist eine Serie von H\u00e4usern aus Keramik, die viele Kombinationsm\u00f6glichkeiten bietet. Sie k\u00f6nnen zusammen plaziert werden und so ein Dorf mit beleuchteten H\u00e4usern geschaffen werden","robots":{"index":"index","follow":"follow","max-snippet":"max-snippet:-1","max-image-preview":"max-image-preview:large","max-video-preview":"max-video-preview:-1"},"canonical":"https:\/\/Regalino-Shop.de\/?product=lichthaus-byn-var-3-von-storefactory","og_locale":"de_DE","og_type":"article","og_title":"Lichthaus *Byn* Var. 3 von Storefactory - Regalino -Lively Style","og_description":"BYN ist eine Serie von H\u00e4usern aus Keramik, die viele Kombinationsm\u00f6glichkeiten bietet. Sie k\u00f6nnen zusammen plaziert werden und so ein Dorf mit beleuchteten H\u00e4usern geschaffen werden","og_url":"https:\/\/Regalino-Shop.de\/?product=lichthaus-byn-var-3-von-storefactory","og_site_name":"Regalino -Lively Style","article_modified_time":"2024-10-28T08:13:39+00:00","og_image":[{"width":331,"height":414,"url":"https:\/\/Regalino-Shop.de\/wp-content\/uploads\/2021\/08\/911339-BYN-HUS.jpg","type":"image\/jpeg"}],"twitter_card":"summary_large_image","schema":{"@context":"https:\/\/schema.org","@graph":[{"@type":"WebPage","@id":"https:\/\/Regalino-Shop.de\/?product=lichthaus-byn-var-3-von-storefactory","url":"https:\/\/Regalino-Shop.de\/?product=lichthaus-byn-var-3-von-storefactory","name":"Lichthaus *Byn* Var. 3 von Storefactory - Regalino -Lively Style","isPartOf":{"@id":"https:\/\/Regalino-Shop.de\/#website"},"primaryImageOfPage":{"@id":"https:\/\/Regalino-Shop.de\/?product=lichthaus-byn-var-3-von-storefactory#primaryimage"},"image":{"@id":"https:\/\/Regalino-Shop.de\/?product=lichthaus-byn-var-3-von-storefactory#primaryimage"},"thumbnailUrl":"https:\/\/Regalino-Shop.de\/wp-content\/uploads\/2021\/08\/911339-BYN-HUS.jpg","datePublished":"2024-10-28T08:05:21+00:00","dateModified":"2024-10-28T08:13:39+00:00","description":"BYN ist eine Serie von H\u00e4usern aus Keramik, die viele Kombinationsm\u00f6glichkeiten bietet. Sie k\u00f6nnen zusammen plaziert werden und so ein Dorf mit beleuchteten H\u00e4usern geschaffen werden","breadcrumb":{"@id":"https:\/\/Regalino-Shop.de\/?product=lichthaus-byn-var-3-von-storefactory#breadcrumb"},"inLanguage":"de","potentialAction":[{"@type":"ReadAction","target":["https:\/\/Regalino-Shop.de\/?product=lichthaus-byn-var-3-von-storefactory"]}]},{"@type":"ImageObject","inLanguage":"de","@id":"https:\/\/Regalino-Shop.de\/?product=lichthaus-byn-var-3-von-storefactory#primaryimage","url":"https:\/\/Regalino-Shop.de\/wp-content\/uploads\/2021\/08\/911339-BYN-HUS.jpg","contentUrl":"https:\/\/Regalino-Shop.de\/wp-content\/uploads\/2021\/08\/911339-BYN-HUS.jpg","width":331,"height":414},{"@type":"BreadcrumbList","@id":"https:\/\/Regalino-Shop.de\/?product=lichthaus-byn-var-3-von-storefactory#breadcrumb","itemListElement":[{"@type":"ListItem","position":1,"name":"Startseite","item":"https:\/\/Regalino-Shop.de\/"},{"@type":"ListItem","position":2,"name":"Shop","item":"https:\/\/Regalino-Shop.de\/?page_id=40"},{"@type":"ListItem","position":3,"name":"Lichthaus *Byn* Var. 3 von Storefactory"}]},{"@type":"WebSite","@id":"https:\/\/Regalino-Shop.de\/#website","url":"https:\/\/Regalino-Shop.de\/","name":"Regalino -Lively Style","description":"gelebtes Zuhause","potentialAction":[{"@type":"SearchAction","target":{"@type":"EntryPoint","urlTemplate":"https:\/\/Regalino-Shop.de\/?s={search_term_string}"},"query-input":{"@type":"PropertyValueSpecification","valueRequired":true,"valueName":"search_term_string"}}],"inLanguage":"de"}]}},"_links":{"self":[{"href":"https:\/\/Regalino-Shop.de\/index.php?rest_route=\/wp\/v2\/product\/6991","targetHints":{"allow":["GET"]}}],"collection":[{"href":"https:\/\/Regalino-Shop.de\/index.php?rest_route=\/wp\/v2\/product"}],"about":[{"href":"https:\/\/Regalino-Shop.de\/index.php?rest_route=\/wp\/v2\/types\/product"}],"wp:featuredmedia":[{"embeddable":true,"href":"https:\/\/Regalino-Shop.de\/index.php?rest_route=\/wp\/v2\/media\/6992"}],"wp:attachment":[{"href":"https:\/\/Regalino-Shop.de\/index.php?rest_route=%2Fwp%2Fv2%2Fmedia&parent=6991"}],"wp:term":[{"taxonomy":"product_brand","embeddable":true,"href":"https:\/\/Regalino-Shop.de\/index.php?rest_route=%2Fwp%2Fv2%2Fproduct_brand&post=6991"},{"taxonomy":"product_cat","embeddable":true,"href":"https:\/\/Regalino-Shop.de\/index.php?rest_route=%2Fwp%2Fv2%2Fproduct_cat&post=6991"},{"taxonomy":"product_tag","embeddable":true,"href":"https:\/\/Regalino-Shop.de\/index.php?rest_route=%2Fwp%2Fv2%2Fproduct_tag&post=6991"}],"curies":[{"name":"wp","href":"https:\/\/api.w.org\/{rel}","templated":true}]}}