{"id":7383,"date":"2021-10-18T18:22:24","date_gmt":"2021-10-18T18:22:24","guid":{"rendered":"https:\/\/Regalino-Shop.de\/?post_type=product&#038;p=7383"},"modified":"2023-10-20T09:20:03","modified_gmt":"2023-10-20T09:20:03","slug":"schmusetuch-baer-olive-von-fabelab","status":"publish","type":"product","link":"https:\/\/Regalino-Shop.de\/?product=schmusetuch-baer-olive-von-fabelab","title":{"rendered":"Schmusetuch *B\u00e4r* olive von Fabelab"},"content":{"rendered":"","protected":false},"excerpt":{"rendered":"<div class=\"_1FTz3 fggS- cell\">\n<section class=\"_2RbVQ\" data-hook=\"description-wrapper\">\n<div class=\"_3nbVj\">\n<div class=\"_3cRjW\" data-hook=\"content-wrapper\">\n<p>weiches Schmusetuch mit einem B\u00e4rengesicht<\/p>\n<p>zum Tr\u00f6sten, Schmusen, Liebhaben&#8230;<\/p>\n<p>Farbe: olive<\/p>\n<p>Gr\u00f6\u00dfe: 25 x 28 cm<\/p>\n<p>Material: Bio-Baumwolle, F\u00fcllung des Kopfes aus Recycling-Polyester<\/p>\n<p>waschbar bei 30\u00b0C<\/p>\n<p>&nbsp;<\/p>\n<p>&nbsp;<\/p>\n<p>&nbsp;<\/p>\n<\/div>\n<\/div>\n<\/section>\n<\/div>\n<p>&nbsp;<\/p>\n","protected":false},"featured_media":7384,"template":"","meta":{"_et_pb_use_builder":"","_et_pb_old_content":"","_et_gb_content_width":""},"product_brand":[],"product_cat":[93],"product_tag":[837,893,894],"class_list":{"0":"post-7383","1":"product","2":"type-product","3":"status-publish","4":"has-post-thumbnail","6":"product_cat-spielzeug-kuscheltiere-mit-liebevollen-details-regalino","7":"product_tag-baby","8":"product_tag-geschenk-zur-geburt","9":"product_tag-schmusetuch","11":"first","12":"instock","13":"taxable","14":"shipping-taxable","15":"purchasable","16":"product-type-simple"},"yoast_head":"<!-- This site is optimized with the Yoast SEO plugin v27.5 - https:\/\/yoast.com\/product\/yoast-seo-wordpress\/ -->\n<title>Schmusetuch *B\u00e4r* olive von Fabelab - Regalino -Lively Style<\/title>\n<meta name=\"robots\" content=\"index, follow, max-snippet:-1, max-image-preview:large, max-video-preview:-1\" \/>\n<link rel=\"canonical\" href=\"https:\/\/Regalino-Shop.de\/?product=schmusetuch-baer-olive-von-fabelab\" \/>\n<meta property=\"og:locale\" content=\"de_DE\" \/>\n<meta property=\"og:type\" content=\"article\" \/>\n<meta property=\"og:title\" content=\"Schmusetuch *B\u00e4r* olive von Fabelab - Regalino -Lively Style\" \/>\n<meta property=\"og:description\" content=\"weiches Schmusetuch mit einem B\u00e4rengesicht  zum Tr\u00f6sten, Schmusen, Liebhaben...  Farbe: olive  Gr\u00f6\u00dfe: 25 x 28 cm  Material: Bio-Baumwolle, F\u00fcllung des Kopfes aus Recycling-Polyester  waschbar bei 30\u00b0C  &nbsp;  &nbsp;  &nbsp;     &nbsp;\" \/>\n<meta property=\"og:url\" content=\"https:\/\/Regalino-Shop.de\/?product=schmusetuch-baer-olive-von-fabelab\" \/>\n<meta property=\"og:site_name\" content=\"Regalino -Lively Style\" \/>\n<meta property=\"article:modified_time\" content=\"2023-10-20T09:20:03+00:00\" \/>\n<meta property=\"og:image\" content=\"https:\/\/Regalino-Shop.de\/wp-content\/uploads\/2021\/10\/Schmusetuch-Baer-olive.jpg\" \/>\n\t<meta property=\"og:image:width\" content=\"681\" \/>\n\t<meta property=\"og:image:height\" content=\"749\" \/>\n\t<meta property=\"og:image:type\" content=\"image\/jpeg\" \/>\n<meta name=\"twitter:card\" content=\"summary_large_image\" \/>\n<script type=\"application\/ld+json\" class=\"yoast-schema-graph\">{\"@context\":\"https:\\\/\\\/schema.org\",\"@graph\":[{\"@type\":\"WebPage\",\"@id\":\"https:\\\/\\\/Regalino-Shop.de\\\/?product=schmusetuch-baer-olive-von-fabelab\",\"url\":\"https:\\\/\\\/Regalino-Shop.de\\\/?product=schmusetuch-baer-olive-von-fabelab\",\"name\":\"Schmusetuch *B\u00e4r* olive von Fabelab - Regalino -Lively Style\",\"isPartOf\":{\"@id\":\"https:\\\/\\\/Regalino-Shop.de\\\/#website\"},\"primaryImageOfPage\":{\"@id\":\"https:\\\/\\\/Regalino-Shop.de\\\/?product=schmusetuch-baer-olive-von-fabelab#primaryimage\"},\"image\":{\"@id\":\"https:\\\/\\\/Regalino-Shop.de\\\/?product=schmusetuch-baer-olive-von-fabelab#primaryimage\"},\"thumbnailUrl\":\"https:\\\/\\\/Regalino-Shop.de\\\/wp-content\\\/uploads\\\/2021\\\/10\\\/Schmusetuch-Baer-olive.jpg\",\"datePublished\":\"2021-10-18T18:22:24+00:00\",\"dateModified\":\"2023-10-20T09:20:03+00:00\",\"breadcrumb\":{\"@id\":\"https:\\\/\\\/Regalino-Shop.de\\\/?product=schmusetuch-baer-olive-von-fabelab#breadcrumb\"},\"inLanguage\":\"de\",\"potentialAction\":[{\"@type\":\"ReadAction\",\"target\":[\"https:\\\/\\\/Regalino-Shop.de\\\/?product=schmusetuch-baer-olive-von-fabelab\"]}]},{\"@type\":\"ImageObject\",\"inLanguage\":\"de\",\"@id\":\"https:\\\/\\\/Regalino-Shop.de\\\/?product=schmusetuch-baer-olive-von-fabelab#primaryimage\",\"url\":\"https:\\\/\\\/Regalino-Shop.de\\\/wp-content\\\/uploads\\\/2021\\\/10\\\/Schmusetuch-Baer-olive.jpg\",\"contentUrl\":\"https:\\\/\\\/Regalino-Shop.de\\\/wp-content\\\/uploads\\\/2021\\\/10\\\/Schmusetuch-Baer-olive.jpg\",\"width\":681,\"height\":749},{\"@type\":\"BreadcrumbList\",\"@id\":\"https:\\\/\\\/Regalino-Shop.de\\\/?product=schmusetuch-baer-olive-von-fabelab#breadcrumb\",\"itemListElement\":[{\"@type\":\"ListItem\",\"position\":1,\"name\":\"Startseite\",\"item\":\"https:\\\/\\\/Regalino-Shop.de\\\/\"},{\"@type\":\"ListItem\",\"position\":2,\"name\":\"Shop\",\"item\":\"https:\\\/\\\/Regalino-Shop.de\\\/?page_id=40\"},{\"@type\":\"ListItem\",\"position\":3,\"name\":\"Schmusetuch *B\u00e4r* olive von Fabelab\"}]},{\"@type\":\"WebSite\",\"@id\":\"https:\\\/\\\/Regalino-Shop.de\\\/#website\",\"url\":\"https:\\\/\\\/Regalino-Shop.de\\\/\",\"name\":\"Regalino -Lively Style\",\"description\":\"gelebtes Zuhause\",\"potentialAction\":[{\"@type\":\"SearchAction\",\"target\":{\"@type\":\"EntryPoint\",\"urlTemplate\":\"https:\\\/\\\/Regalino-Shop.de\\\/?s={search_term_string}\"},\"query-input\":{\"@type\":\"PropertyValueSpecification\",\"valueRequired\":true,\"valueName\":\"search_term_string\"}}],\"inLanguage\":\"de\"}]}<\/script>\n<!-- \/ Yoast SEO plugin. -->","yoast_head_json":{"title":"Schmusetuch *B\u00e4r* olive von Fabelab - Regalino -Lively Style","robots":{"index":"index","follow":"follow","max-snippet":"max-snippet:-1","max-image-preview":"max-image-preview:large","max-video-preview":"max-video-preview:-1"},"canonical":"https:\/\/Regalino-Shop.de\/?product=schmusetuch-baer-olive-von-fabelab","og_locale":"de_DE","og_type":"article","og_title":"Schmusetuch *B\u00e4r* olive von Fabelab - Regalino -Lively Style","og_description":"weiches Schmusetuch mit einem B\u00e4rengesicht  zum Tr\u00f6sten, Schmusen, Liebhaben...  Farbe: olive  Gr\u00f6\u00dfe: 25 x 28 cm  Material: Bio-Baumwolle, F\u00fcllung des Kopfes aus Recycling-Polyester  waschbar bei 30\u00b0C  &nbsp;  &nbsp;  &nbsp;     &nbsp;","og_url":"https:\/\/Regalino-Shop.de\/?product=schmusetuch-baer-olive-von-fabelab","og_site_name":"Regalino -Lively Style","article_modified_time":"2023-10-20T09:20:03+00:00","og_image":[{"width":681,"height":749,"url":"https:\/\/Regalino-Shop.de\/wp-content\/uploads\/2021\/10\/Schmusetuch-Baer-olive.jpg","type":"image\/jpeg"}],"twitter_card":"summary_large_image","schema":{"@context":"https:\/\/schema.org","@graph":[{"@type":"WebPage","@id":"https:\/\/Regalino-Shop.de\/?product=schmusetuch-baer-olive-von-fabelab","url":"https:\/\/Regalino-Shop.de\/?product=schmusetuch-baer-olive-von-fabelab","name":"Schmusetuch *B\u00e4r* olive von Fabelab - Regalino -Lively Style","isPartOf":{"@id":"https:\/\/Regalino-Shop.de\/#website"},"primaryImageOfPage":{"@id":"https:\/\/Regalino-Shop.de\/?product=schmusetuch-baer-olive-von-fabelab#primaryimage"},"image":{"@id":"https:\/\/Regalino-Shop.de\/?product=schmusetuch-baer-olive-von-fabelab#primaryimage"},"thumbnailUrl":"https:\/\/Regalino-Shop.de\/wp-content\/uploads\/2021\/10\/Schmusetuch-Baer-olive.jpg","datePublished":"2021-10-18T18:22:24+00:00","dateModified":"2023-10-20T09:20:03+00:00","breadcrumb":{"@id":"https:\/\/Regalino-Shop.de\/?product=schmusetuch-baer-olive-von-fabelab#breadcrumb"},"inLanguage":"de","potentialAction":[{"@type":"ReadAction","target":["https:\/\/Regalino-Shop.de\/?product=schmusetuch-baer-olive-von-fabelab"]}]},{"@type":"ImageObject","inLanguage":"de","@id":"https:\/\/Regalino-Shop.de\/?product=schmusetuch-baer-olive-von-fabelab#primaryimage","url":"https:\/\/Regalino-Shop.de\/wp-content\/uploads\/2021\/10\/Schmusetuch-Baer-olive.jpg","contentUrl":"https:\/\/Regalino-Shop.de\/wp-content\/uploads\/2021\/10\/Schmusetuch-Baer-olive.jpg","width":681,"height":749},{"@type":"BreadcrumbList","@id":"https:\/\/Regalino-Shop.de\/?product=schmusetuch-baer-olive-von-fabelab#breadcrumb","itemListElement":[{"@type":"ListItem","position":1,"name":"Startseite","item":"https:\/\/Regalino-Shop.de\/"},{"@type":"ListItem","position":2,"name":"Shop","item":"https:\/\/Regalino-Shop.de\/?page_id=40"},{"@type":"ListItem","position":3,"name":"Schmusetuch *B\u00e4r* olive von Fabelab"}]},{"@type":"WebSite","@id":"https:\/\/Regalino-Shop.de\/#website","url":"https:\/\/Regalino-Shop.de\/","name":"Regalino -Lively Style","description":"gelebtes Zuhause","potentialAction":[{"@type":"SearchAction","target":{"@type":"EntryPoint","urlTemplate":"https:\/\/Regalino-Shop.de\/?s={search_term_string}"},"query-input":{"@type":"PropertyValueSpecification","valueRequired":true,"valueName":"search_term_string"}}],"inLanguage":"de"}]}},"_links":{"self":[{"href":"https:\/\/Regalino-Shop.de\/index.php?rest_route=\/wp\/v2\/product\/7383","targetHints":{"allow":["GET"]}}],"collection":[{"href":"https:\/\/Regalino-Shop.de\/index.php?rest_route=\/wp\/v2\/product"}],"about":[{"href":"https:\/\/Regalino-Shop.de\/index.php?rest_route=\/wp\/v2\/types\/product"}],"wp:featuredmedia":[{"embeddable":true,"href":"https:\/\/Regalino-Shop.de\/index.php?rest_route=\/wp\/v2\/media\/7384"}],"wp:attachment":[{"href":"https:\/\/Regalino-Shop.de\/index.php?rest_route=%2Fwp%2Fv2%2Fmedia&parent=7383"}],"wp:term":[{"taxonomy":"product_brand","embeddable":true,"href":"https:\/\/Regalino-Shop.de\/index.php?rest_route=%2Fwp%2Fv2%2Fproduct_brand&post=7383"},{"taxonomy":"product_cat","embeddable":true,"href":"https:\/\/Regalino-Shop.de\/index.php?rest_route=%2Fwp%2Fv2%2Fproduct_cat&post=7383"},{"taxonomy":"product_tag","embeddable":true,"href":"https:\/\/Regalino-Shop.de\/index.php?rest_route=%2Fwp%2Fv2%2Fproduct_tag&post=7383"}],"curies":[{"name":"wp","href":"https:\/\/api.w.org\/{rel}","templated":true}]}}