{"id":7738,"date":"2021-12-01T18:53:43","date_gmt":"2021-12-01T18:53:43","guid":{"rendered":"https:\/\/Regalino-Shop.de\/?post_type=product&#038;p=7738"},"modified":"2023-03-17T15:26:45","modified_gmt":"2023-03-17T15:26:45","slug":"to-do-pad-bulle-von-kera-till","status":"publish","type":"product","link":"https:\/\/Regalino-Shop.de\/?product=to-do-pad-bulle-von-kera-till","title":{"rendered":"To-Do Pad *Bubblegum* von Kera Till"},"content":{"rendered":"","protected":false},"excerpt":{"rendered":"<p>Motiv *Bulle*<\/p>\n<p>praktisch und so sch\u00f6n! F\u00fcr liebe Memos an Kollegen, Einkaufslisten &#8230;<\/p>\n<p>illustriert von Kera Till aus M\u00fcnchen<\/p>\n<p>Liniert mit Illustration<\/p>\n<p>9,9 cm breit x 21 cm hoch<\/p>\n<p>Verarbeitung:<br \/>\n100 Blatt<br \/>\n120g Offsetpapier, wei\u00df<br \/>\nLeimbindung oben<br \/>\n<span class=\"attributeCartValue\">mit verst\u00e4rkter R\u00fcckpappe (grau, ca. 1 mm stark, unbedruckt)<br \/>\ncellophaniert\u00a0 <\/span><\/p>\n<p>&nbsp;<\/p>\n","protected":false},"featured_media":7739,"template":"","meta":{"_et_pb_use_builder":"","_et_pb_old_content":"","_et_gb_content_width":""},"product_brand":[],"product_cat":[57,986],"product_tag":[962,965,967,966],"class_list":{"0":"post-7738","1":"product","2":"type-product","3":"status-publish","4":"has-post-thumbnail","6":"product_cat-neu-eingetroffen-neue-lieblingsstuecke-bei-regalino","7":"product_cat-schreiben-notieren-schreibwaren-und-notizbuecher-regalino","8":"product_tag-kera_till","9":"product_tag-notepad","10":"product_tag-notizblock","11":"product_tag-to_do_pad","13":"first","14":"instock","15":"taxable","16":"shipping-taxable","17":"purchasable","18":"product-type-simple"},"yoast_head":"<!-- This site is optimized with the Yoast SEO plugin v27.5 - https:\/\/yoast.com\/product\/yoast-seo-wordpress\/ -->\n<title>To-Do Pad *Bubblegum* von Kera Till - Regalino -Lively Style<\/title>\n<meta name=\"robots\" content=\"index, follow, max-snippet:-1, max-image-preview:large, max-video-preview:-1\" \/>\n<link rel=\"canonical\" href=\"https:\/\/Regalino-Shop.de\/?product=to-do-pad-bulle-von-kera-till\" \/>\n<meta property=\"og:locale\" content=\"de_DE\" \/>\n<meta property=\"og:type\" content=\"article\" \/>\n<meta property=\"og:title\" content=\"To-Do Pad *Bubblegum* von Kera Till - Regalino -Lively Style\" \/>\n<meta property=\"og:description\" content=\"Motiv *Bulle*  praktisch und so sch\u00f6n! F\u00fcr liebe Memos an Kollegen, Einkaufslisten ...  illustriert von Kera Till aus M\u00fcnchen  Liniert mit Illustration  9,9 cm breit x 21 cm hoch  Verarbeitung: 100 Blatt 120g Offsetpapier, wei\u00df Leimbindung oben mit verst\u00e4rkter R\u00fcckpappe (grau, ca. 1 mm stark, unbedruckt) cellophaniert\u00a0   &nbsp;\" \/>\n<meta property=\"og:url\" content=\"https:\/\/Regalino-Shop.de\/?product=to-do-pad-bulle-von-kera-till\" \/>\n<meta property=\"og:site_name\" content=\"Regalino -Lively Style\" \/>\n<meta property=\"article:modified_time\" content=\"2023-03-17T15:26:45+00:00\" \/>\n<meta property=\"og:image\" content=\"https:\/\/Regalino-Shop.de\/wp-content\/uploads\/2021\/12\/to-do-pad-bulle.png\" \/>\n\t<meta property=\"og:image:width\" content=\"818\" \/>\n\t<meta property=\"og:image:height\" content=\"983\" \/>\n\t<meta property=\"og:image:type\" content=\"image\/png\" \/>\n<meta name=\"twitter:card\" content=\"summary_large_image\" \/>\n<script type=\"application\/ld+json\" class=\"yoast-schema-graph\">{\"@context\":\"https:\\\/\\\/schema.org\",\"@graph\":[{\"@type\":\"WebPage\",\"@id\":\"https:\\\/\\\/Regalino-Shop.de\\\/?product=to-do-pad-bulle-von-kera-till\",\"url\":\"https:\\\/\\\/Regalino-Shop.de\\\/?product=to-do-pad-bulle-von-kera-till\",\"name\":\"To-Do Pad *Bubblegum* von Kera Till - Regalino -Lively Style\",\"isPartOf\":{\"@id\":\"https:\\\/\\\/Regalino-Shop.de\\\/#website\"},\"primaryImageOfPage\":{\"@id\":\"https:\\\/\\\/Regalino-Shop.de\\\/?product=to-do-pad-bulle-von-kera-till#primaryimage\"},\"image\":{\"@id\":\"https:\\\/\\\/Regalino-Shop.de\\\/?product=to-do-pad-bulle-von-kera-till#primaryimage\"},\"thumbnailUrl\":\"https:\\\/\\\/Regalino-Shop.de\\\/wp-content\\\/uploads\\\/2021\\\/12\\\/to-do-pad-bulle.png\",\"datePublished\":\"2021-12-01T18:53:43+00:00\",\"dateModified\":\"2023-03-17T15:26:45+00:00\",\"breadcrumb\":{\"@id\":\"https:\\\/\\\/Regalino-Shop.de\\\/?product=to-do-pad-bulle-von-kera-till#breadcrumb\"},\"inLanguage\":\"de\",\"potentialAction\":[{\"@type\":\"ReadAction\",\"target\":[\"https:\\\/\\\/Regalino-Shop.de\\\/?product=to-do-pad-bulle-von-kera-till\"]}]},{\"@type\":\"ImageObject\",\"inLanguage\":\"de\",\"@id\":\"https:\\\/\\\/Regalino-Shop.de\\\/?product=to-do-pad-bulle-von-kera-till#primaryimage\",\"url\":\"https:\\\/\\\/Regalino-Shop.de\\\/wp-content\\\/uploads\\\/2021\\\/12\\\/to-do-pad-bulle.png\",\"contentUrl\":\"https:\\\/\\\/Regalino-Shop.de\\\/wp-content\\\/uploads\\\/2021\\\/12\\\/to-do-pad-bulle.png\",\"width\":818,\"height\":983},{\"@type\":\"BreadcrumbList\",\"@id\":\"https:\\\/\\\/Regalino-Shop.de\\\/?product=to-do-pad-bulle-von-kera-till#breadcrumb\",\"itemListElement\":[{\"@type\":\"ListItem\",\"position\":1,\"name\":\"Startseite\",\"item\":\"https:\\\/\\\/Regalino-Shop.de\\\/\"},{\"@type\":\"ListItem\",\"position\":2,\"name\":\"Shop\",\"item\":\"https:\\\/\\\/Regalino-Shop.de\\\/?page_id=40\"},{\"@type\":\"ListItem\",\"position\":3,\"name\":\"To-Do Pad *Bubblegum* von Kera Till\"}]},{\"@type\":\"WebSite\",\"@id\":\"https:\\\/\\\/Regalino-Shop.de\\\/#website\",\"url\":\"https:\\\/\\\/Regalino-Shop.de\\\/\",\"name\":\"Regalino -Lively Style\",\"description\":\"gelebtes Zuhause\",\"potentialAction\":[{\"@type\":\"SearchAction\",\"target\":{\"@type\":\"EntryPoint\",\"urlTemplate\":\"https:\\\/\\\/Regalino-Shop.de\\\/?s={search_term_string}\"},\"query-input\":{\"@type\":\"PropertyValueSpecification\",\"valueRequired\":true,\"valueName\":\"search_term_string\"}}],\"inLanguage\":\"de\"}]}<\/script>\n<!-- \/ Yoast SEO plugin. -->","yoast_head_json":{"title":"To-Do Pad *Bubblegum* von Kera Till - Regalino -Lively Style","robots":{"index":"index","follow":"follow","max-snippet":"max-snippet:-1","max-image-preview":"max-image-preview:large","max-video-preview":"max-video-preview:-1"},"canonical":"https:\/\/Regalino-Shop.de\/?product=to-do-pad-bulle-von-kera-till","og_locale":"de_DE","og_type":"article","og_title":"To-Do Pad *Bubblegum* von Kera Till - Regalino -Lively Style","og_description":"Motiv *Bulle*  praktisch und so sch\u00f6n! F\u00fcr liebe Memos an Kollegen, Einkaufslisten ...  illustriert von Kera Till aus M\u00fcnchen  Liniert mit Illustration  9,9 cm breit x 21 cm hoch  Verarbeitung: 100 Blatt 120g Offsetpapier, wei\u00df Leimbindung oben mit verst\u00e4rkter R\u00fcckpappe (grau, ca. 1 mm stark, unbedruckt) cellophaniert\u00a0   &nbsp;","og_url":"https:\/\/Regalino-Shop.de\/?product=to-do-pad-bulle-von-kera-till","og_site_name":"Regalino -Lively Style","article_modified_time":"2023-03-17T15:26:45+00:00","og_image":[{"width":818,"height":983,"url":"https:\/\/Regalino-Shop.de\/wp-content\/uploads\/2021\/12\/to-do-pad-bulle.png","type":"image\/png"}],"twitter_card":"summary_large_image","schema":{"@context":"https:\/\/schema.org","@graph":[{"@type":"WebPage","@id":"https:\/\/Regalino-Shop.de\/?product=to-do-pad-bulle-von-kera-till","url":"https:\/\/Regalino-Shop.de\/?product=to-do-pad-bulle-von-kera-till","name":"To-Do Pad *Bubblegum* von Kera Till - Regalino -Lively Style","isPartOf":{"@id":"https:\/\/Regalino-Shop.de\/#website"},"primaryImageOfPage":{"@id":"https:\/\/Regalino-Shop.de\/?product=to-do-pad-bulle-von-kera-till#primaryimage"},"image":{"@id":"https:\/\/Regalino-Shop.de\/?product=to-do-pad-bulle-von-kera-till#primaryimage"},"thumbnailUrl":"https:\/\/Regalino-Shop.de\/wp-content\/uploads\/2021\/12\/to-do-pad-bulle.png","datePublished":"2021-12-01T18:53:43+00:00","dateModified":"2023-03-17T15:26:45+00:00","breadcrumb":{"@id":"https:\/\/Regalino-Shop.de\/?product=to-do-pad-bulle-von-kera-till#breadcrumb"},"inLanguage":"de","potentialAction":[{"@type":"ReadAction","target":["https:\/\/Regalino-Shop.de\/?product=to-do-pad-bulle-von-kera-till"]}]},{"@type":"ImageObject","inLanguage":"de","@id":"https:\/\/Regalino-Shop.de\/?product=to-do-pad-bulle-von-kera-till#primaryimage","url":"https:\/\/Regalino-Shop.de\/wp-content\/uploads\/2021\/12\/to-do-pad-bulle.png","contentUrl":"https:\/\/Regalino-Shop.de\/wp-content\/uploads\/2021\/12\/to-do-pad-bulle.png","width":818,"height":983},{"@type":"BreadcrumbList","@id":"https:\/\/Regalino-Shop.de\/?product=to-do-pad-bulle-von-kera-till#breadcrumb","itemListElement":[{"@type":"ListItem","position":1,"name":"Startseite","item":"https:\/\/Regalino-Shop.de\/"},{"@type":"ListItem","position":2,"name":"Shop","item":"https:\/\/Regalino-Shop.de\/?page_id=40"},{"@type":"ListItem","position":3,"name":"To-Do Pad *Bubblegum* von Kera Till"}]},{"@type":"WebSite","@id":"https:\/\/Regalino-Shop.de\/#website","url":"https:\/\/Regalino-Shop.de\/","name":"Regalino -Lively Style","description":"gelebtes Zuhause","potentialAction":[{"@type":"SearchAction","target":{"@type":"EntryPoint","urlTemplate":"https:\/\/Regalino-Shop.de\/?s={search_term_string}"},"query-input":{"@type":"PropertyValueSpecification","valueRequired":true,"valueName":"search_term_string"}}],"inLanguage":"de"}]}},"_links":{"self":[{"href":"https:\/\/Regalino-Shop.de\/index.php?rest_route=\/wp\/v2\/product\/7738","targetHints":{"allow":["GET"]}}],"collection":[{"href":"https:\/\/Regalino-Shop.de\/index.php?rest_route=\/wp\/v2\/product"}],"about":[{"href":"https:\/\/Regalino-Shop.de\/index.php?rest_route=\/wp\/v2\/types\/product"}],"wp:featuredmedia":[{"embeddable":true,"href":"https:\/\/Regalino-Shop.de\/index.php?rest_route=\/wp\/v2\/media\/7739"}],"wp:attachment":[{"href":"https:\/\/Regalino-Shop.de\/index.php?rest_route=%2Fwp%2Fv2%2Fmedia&parent=7738"}],"wp:term":[{"taxonomy":"product_brand","embeddable":true,"href":"https:\/\/Regalino-Shop.de\/index.php?rest_route=%2Fwp%2Fv2%2Fproduct_brand&post=7738"},{"taxonomy":"product_cat","embeddable":true,"href":"https:\/\/Regalino-Shop.de\/index.php?rest_route=%2Fwp%2Fv2%2Fproduct_cat&post=7738"},{"taxonomy":"product_tag","embeddable":true,"href":"https:\/\/Regalino-Shop.de\/index.php?rest_route=%2Fwp%2Fv2%2Fproduct_tag&post=7738"}],"curies":[{"name":"wp","href":"https:\/\/api.w.org\/{rel}","templated":true}]}}