{"id":7875,"date":"2022-02-14T09:08:43","date_gmt":"2022-02-14T09:08:43","guid":{"rendered":"https:\/\/Regalino-Shop.de\/?post_type=product&#038;p=7875"},"modified":"2023-01-10T17:49:13","modified_gmt":"2023-01-10T17:49:13","slug":"eierbecher-herz-von-eulenschnitt","status":"publish","type":"product","link":"https:\/\/Regalino-Shop.de\/?product=eierbecher-herz-von-eulenschnitt","title":{"rendered":"Eierbecher *Herz* von Eulenschnitt11"},"content":{"rendered":"","protected":false},"excerpt":{"rendered":"<p>herziger\u00a0 Eierbecher aus Massivholz<\/p>\n<p>Buchenholz 2 cm dick<\/p>\n<p>mittige Aussparung f\u00fcr das Ei<\/p>\n<p>Bitte reib unser Eierbecher vor dem ersten Gebrauch von allen Seiten mit Sonnenblumen\u00f6l ein. Diese Behandlung muss in regelm\u00e4\u00dfigen Abst\u00e4nden wiederholt werden.<br \/>\nDie Geschirrsp\u00fclmaschine bitte unbedingt meiden.<\/p>\n<p>Lieferung ohne Deko<br \/>\nDie Eierbecher bitte mit lauwarmen, flie\u00dfenden Wasser abwaschen und unmittelbar danach gr\u00fcndlich mit einem trockenen Tuch abtrocknen.<br \/>\nDirekte Sonnen- und Hitzeeinstrahlung bitte vermeiden.<\/p>\n","protected":false},"featured_media":7876,"template":"","meta":{"_et_pb_use_builder":"","_et_pb_old_content":"","_et_gb_content_width":""},"product_brand":[],"product_cat":[76,845,57],"product_tag":[990,210,361,354,991,992,268],"class_list":{"0":"post-7875","1":"product","2":"type-product","3":"status-publish","4":"has-post-thumbnail","6":"product_cat-geschirr-fuer-stilvolle-genussmomente-regalino","7":"product_cat-kindergeschirr-mit-nordischem-charme-regalino","8":"product_cat-neu-eingetroffen-neue-lieblingsstuecke-bei-regalino","9":"product_tag-eierbecher","10":"product_tag-eulenschnitt","11":"product_tag-fruehstueck","12":"product_tag-geschenkidee","13":"product_tag-hochzeitsgeschenk","14":"product_tag-lieblingsmensch","15":"product_tag-ostern","17":"first","18":"instock","19":"taxable","20":"shipping-taxable","21":"purchasable","22":"product-type-simple"},"yoast_head":"<!-- This site is optimized with the Yoast SEO plugin v27.5 - https:\/\/yoast.com\/product\/yoast-seo-wordpress\/ -->\n<title>Eierbecher *Herz* von Eulenschnitt11 - Regalino -Lively Style<\/title>\n<meta name=\"robots\" content=\"index, follow, max-snippet:-1, max-image-preview:large, max-video-preview:-1\" \/>\n<link rel=\"canonical\" href=\"https:\/\/Regalino-Shop.de\/?product=eierbecher-herz-von-eulenschnitt\" \/>\n<meta property=\"og:locale\" content=\"de_DE\" \/>\n<meta property=\"og:type\" content=\"article\" \/>\n<meta property=\"og:title\" content=\"Eierbecher *Herz* von Eulenschnitt11 - Regalino -Lively Style\" \/>\n<meta property=\"og:description\" content=\"herziger\u00a0 Eierbecher aus Massivholz  Buchenholz 2 cm dick  mittige Aussparung f\u00fcr das Ei  Bitte reib unser Eierbecher vor dem ersten Gebrauch von allen Seiten mit Sonnenblumen\u00f6l ein. Diese Behandlung muss in regelm\u00e4\u00dfigen Abst\u00e4nden wiederholt werden. Die Geschirrsp\u00fclmaschine bitte unbedingt meiden.  Lieferung ohne Deko Die Eierbecher bitte mit lauwarmen, flie\u00dfenden Wasser abwaschen und unmittelbar danach gr\u00fcndlich mit einem trockenen Tuch abtrocknen. Direkte Sonnen- und Hitzeeinstrahlung bitte vermeiden.\" \/>\n<meta property=\"og:url\" content=\"https:\/\/Regalino-Shop.de\/?product=eierbecher-herz-von-eulenschnitt\" \/>\n<meta property=\"og:site_name\" content=\"Regalino -Lively Style\" \/>\n<meta property=\"article:modified_time\" content=\"2023-01-10T17:49:13+00:00\" \/>\n<meta property=\"og:image\" content=\"https:\/\/Regalino-Shop.de\/wp-content\/uploads\/2022\/02\/hz-005_4-900x900-1.jpg\" \/>\n\t<meta property=\"og:image:width\" content=\"900\" \/>\n\t<meta property=\"og:image:height\" content=\"900\" \/>\n\t<meta property=\"og:image:type\" content=\"image\/jpeg\" \/>\n<meta name=\"twitter:card\" content=\"summary_large_image\" \/>\n<script type=\"application\/ld+json\" class=\"yoast-schema-graph\">{\"@context\":\"https:\\\/\\\/schema.org\",\"@graph\":[{\"@type\":\"WebPage\",\"@id\":\"https:\\\/\\\/Regalino-Shop.de\\\/?product=eierbecher-herz-von-eulenschnitt\",\"url\":\"https:\\\/\\\/Regalino-Shop.de\\\/?product=eierbecher-herz-von-eulenschnitt\",\"name\":\"Eierbecher *Herz* von Eulenschnitt11 - Regalino -Lively Style\",\"isPartOf\":{\"@id\":\"https:\\\/\\\/Regalino-Shop.de\\\/#website\"},\"primaryImageOfPage\":{\"@id\":\"https:\\\/\\\/Regalino-Shop.de\\\/?product=eierbecher-herz-von-eulenschnitt#primaryimage\"},\"image\":{\"@id\":\"https:\\\/\\\/Regalino-Shop.de\\\/?product=eierbecher-herz-von-eulenschnitt#primaryimage\"},\"thumbnailUrl\":\"https:\\\/\\\/Regalino-Shop.de\\\/wp-content\\\/uploads\\\/2022\\\/02\\\/hz-005_4-900x900-1.jpg\",\"datePublished\":\"2022-02-14T09:08:43+00:00\",\"dateModified\":\"2023-01-10T17:49:13+00:00\",\"breadcrumb\":{\"@id\":\"https:\\\/\\\/Regalino-Shop.de\\\/?product=eierbecher-herz-von-eulenschnitt#breadcrumb\"},\"inLanguage\":\"de\",\"potentialAction\":[{\"@type\":\"ReadAction\",\"target\":[\"https:\\\/\\\/Regalino-Shop.de\\\/?product=eierbecher-herz-von-eulenschnitt\"]}]},{\"@type\":\"ImageObject\",\"inLanguage\":\"de\",\"@id\":\"https:\\\/\\\/Regalino-Shop.de\\\/?product=eierbecher-herz-von-eulenschnitt#primaryimage\",\"url\":\"https:\\\/\\\/Regalino-Shop.de\\\/wp-content\\\/uploads\\\/2022\\\/02\\\/hz-005_4-900x900-1.jpg\",\"contentUrl\":\"https:\\\/\\\/Regalino-Shop.de\\\/wp-content\\\/uploads\\\/2022\\\/02\\\/hz-005_4-900x900-1.jpg\",\"width\":900,\"height\":900},{\"@type\":\"BreadcrumbList\",\"@id\":\"https:\\\/\\\/Regalino-Shop.de\\\/?product=eierbecher-herz-von-eulenschnitt#breadcrumb\",\"itemListElement\":[{\"@type\":\"ListItem\",\"position\":1,\"name\":\"Startseite\",\"item\":\"https:\\\/\\\/Regalino-Shop.de\\\/\"},{\"@type\":\"ListItem\",\"position\":2,\"name\":\"Shop\",\"item\":\"https:\\\/\\\/Regalino-Shop.de\\\/?page_id=40\"},{\"@type\":\"ListItem\",\"position\":3,\"name\":\"Eierbecher *Herz* von Eulenschnitt11\"}]},{\"@type\":\"WebSite\",\"@id\":\"https:\\\/\\\/Regalino-Shop.de\\\/#website\",\"url\":\"https:\\\/\\\/Regalino-Shop.de\\\/\",\"name\":\"Regalino -Lively Style\",\"description\":\"gelebtes Zuhause\",\"potentialAction\":[{\"@type\":\"SearchAction\",\"target\":{\"@type\":\"EntryPoint\",\"urlTemplate\":\"https:\\\/\\\/Regalino-Shop.de\\\/?s={search_term_string}\"},\"query-input\":{\"@type\":\"PropertyValueSpecification\",\"valueRequired\":true,\"valueName\":\"search_term_string\"}}],\"inLanguage\":\"de\"}]}<\/script>\n<!-- \/ Yoast SEO plugin. -->","yoast_head_json":{"title":"Eierbecher *Herz* von Eulenschnitt11 - Regalino -Lively Style","robots":{"index":"index","follow":"follow","max-snippet":"max-snippet:-1","max-image-preview":"max-image-preview:large","max-video-preview":"max-video-preview:-1"},"canonical":"https:\/\/Regalino-Shop.de\/?product=eierbecher-herz-von-eulenschnitt","og_locale":"de_DE","og_type":"article","og_title":"Eierbecher *Herz* von Eulenschnitt11 - Regalino -Lively Style","og_description":"herziger\u00a0 Eierbecher aus Massivholz  Buchenholz 2 cm dick  mittige Aussparung f\u00fcr das Ei  Bitte reib unser Eierbecher vor dem ersten Gebrauch von allen Seiten mit Sonnenblumen\u00f6l ein. Diese Behandlung muss in regelm\u00e4\u00dfigen Abst\u00e4nden wiederholt werden. Die Geschirrsp\u00fclmaschine bitte unbedingt meiden.  Lieferung ohne Deko Die Eierbecher bitte mit lauwarmen, flie\u00dfenden Wasser abwaschen und unmittelbar danach gr\u00fcndlich mit einem trockenen Tuch abtrocknen. Direkte Sonnen- und Hitzeeinstrahlung bitte vermeiden.","og_url":"https:\/\/Regalino-Shop.de\/?product=eierbecher-herz-von-eulenschnitt","og_site_name":"Regalino -Lively Style","article_modified_time":"2023-01-10T17:49:13+00:00","og_image":[{"width":900,"height":900,"url":"https:\/\/Regalino-Shop.de\/wp-content\/uploads\/2022\/02\/hz-005_4-900x900-1.jpg","type":"image\/jpeg"}],"twitter_card":"summary_large_image","schema":{"@context":"https:\/\/schema.org","@graph":[{"@type":"WebPage","@id":"https:\/\/Regalino-Shop.de\/?product=eierbecher-herz-von-eulenschnitt","url":"https:\/\/Regalino-Shop.de\/?product=eierbecher-herz-von-eulenschnitt","name":"Eierbecher *Herz* von Eulenschnitt11 - Regalino -Lively Style","isPartOf":{"@id":"https:\/\/Regalino-Shop.de\/#website"},"primaryImageOfPage":{"@id":"https:\/\/Regalino-Shop.de\/?product=eierbecher-herz-von-eulenschnitt#primaryimage"},"image":{"@id":"https:\/\/Regalino-Shop.de\/?product=eierbecher-herz-von-eulenschnitt#primaryimage"},"thumbnailUrl":"https:\/\/Regalino-Shop.de\/wp-content\/uploads\/2022\/02\/hz-005_4-900x900-1.jpg","datePublished":"2022-02-14T09:08:43+00:00","dateModified":"2023-01-10T17:49:13+00:00","breadcrumb":{"@id":"https:\/\/Regalino-Shop.de\/?product=eierbecher-herz-von-eulenschnitt#breadcrumb"},"inLanguage":"de","potentialAction":[{"@type":"ReadAction","target":["https:\/\/Regalino-Shop.de\/?product=eierbecher-herz-von-eulenschnitt"]}]},{"@type":"ImageObject","inLanguage":"de","@id":"https:\/\/Regalino-Shop.de\/?product=eierbecher-herz-von-eulenschnitt#primaryimage","url":"https:\/\/Regalino-Shop.de\/wp-content\/uploads\/2022\/02\/hz-005_4-900x900-1.jpg","contentUrl":"https:\/\/Regalino-Shop.de\/wp-content\/uploads\/2022\/02\/hz-005_4-900x900-1.jpg","width":900,"height":900},{"@type":"BreadcrumbList","@id":"https:\/\/Regalino-Shop.de\/?product=eierbecher-herz-von-eulenschnitt#breadcrumb","itemListElement":[{"@type":"ListItem","position":1,"name":"Startseite","item":"https:\/\/Regalino-Shop.de\/"},{"@type":"ListItem","position":2,"name":"Shop","item":"https:\/\/Regalino-Shop.de\/?page_id=40"},{"@type":"ListItem","position":3,"name":"Eierbecher *Herz* von Eulenschnitt11"}]},{"@type":"WebSite","@id":"https:\/\/Regalino-Shop.de\/#website","url":"https:\/\/Regalino-Shop.de\/","name":"Regalino -Lively Style","description":"gelebtes Zuhause","potentialAction":[{"@type":"SearchAction","target":{"@type":"EntryPoint","urlTemplate":"https:\/\/Regalino-Shop.de\/?s={search_term_string}"},"query-input":{"@type":"PropertyValueSpecification","valueRequired":true,"valueName":"search_term_string"}}],"inLanguage":"de"}]}},"_links":{"self":[{"href":"https:\/\/Regalino-Shop.de\/index.php?rest_route=\/wp\/v2\/product\/7875","targetHints":{"allow":["GET"]}}],"collection":[{"href":"https:\/\/Regalino-Shop.de\/index.php?rest_route=\/wp\/v2\/product"}],"about":[{"href":"https:\/\/Regalino-Shop.de\/index.php?rest_route=\/wp\/v2\/types\/product"}],"wp:featuredmedia":[{"embeddable":true,"href":"https:\/\/Regalino-Shop.de\/index.php?rest_route=\/wp\/v2\/media\/7876"}],"wp:attachment":[{"href":"https:\/\/Regalino-Shop.de\/index.php?rest_route=%2Fwp%2Fv2%2Fmedia&parent=7875"}],"wp:term":[{"taxonomy":"product_brand","embeddable":true,"href":"https:\/\/Regalino-Shop.de\/index.php?rest_route=%2Fwp%2Fv2%2Fproduct_brand&post=7875"},{"taxonomy":"product_cat","embeddable":true,"href":"https:\/\/Regalino-Shop.de\/index.php?rest_route=%2Fwp%2Fv2%2Fproduct_cat&post=7875"},{"taxonomy":"product_tag","embeddable":true,"href":"https:\/\/Regalino-Shop.de\/index.php?rest_route=%2Fwp%2Fv2%2Fproduct_tag&post=7875"}],"curies":[{"name":"wp","href":"https:\/\/api.w.org\/{rel}","templated":true}]}}