{"id":8229,"date":"2022-06-08T09:54:29","date_gmt":"2022-06-08T09:54:29","guid":{"rendered":"https:\/\/Regalino-Shop.de\/?post_type=product&#038;p=8229"},"modified":"2025-09-30T13:56:38","modified_gmt":"2025-09-30T13:56:38","slug":"schale-grespresso-von-costa-nova-weiss","status":"publish","type":"product","link":"https:\/\/Regalino-Shop.de\/?product=schale-grespresso-von-costa-nova-weiss","title":{"rendered":"Schale *Grespresso* von Costa Nova wei\u00df"},"content":{"rendered":"","protected":false},"excerpt":{"rendered":"<p><span data-mce-mark=\"1\">aus der Grespresso Reihe von Costa Nova <\/span><\/p>\n<p><span data-mce-mark=\"1\">gefertigt in Portugal, aus hochwertigem Steinzeug. Mit individuell lasiertem Rand, der die Wellen des Meeres symbolisiert.<\/span><\/p>\n<p><span data-mce-mark=\"1\">F\u00fcr M\u00fcsli, Obtsalat, Eis, Pudding, Salat und vieles mehr<\/span><\/p>\n<p><span data-mce-mark=\"1\">temperaturbest\u00e4ndig, mikrowellenfest &amp; sp\u00fclmaschinengeeignet <\/span><\/p>\n<p><span data-mce-mark=\"1\">Inhalt: 45cl<\/span><\/p>\n<p><span data-mce-mark=\"1\">Material: Steinzeug<br \/>\n<\/span><\/p>\n<p><span data-mce-mark=\"1\">Farbe: wei\u00df (creme)<br \/>\n<\/span><\/p>\n<p><span data-mce-mark=\"1\">Ma\u00dfe: H\u00f6he: 8cm &#8211; <\/span><span data-mce-mark=\"1\">Durchmesser unten 14cm, oben ca. 7,5cm<\/span><\/p>\n<p>bei hohen Temperaturen gebrannt &#8211; sp\u00fclmaschinenfest, mikrowellen- und backofenfest bis 250 Grad und bis minus 20 Grad gefriergeeignet<strong><br \/>\n<\/strong><\/p>\n<p>&nbsp;<\/p>\n","protected":false},"featured_media":8230,"template":"","meta":{"_et_pb_use_builder":"","_et_pb_old_content":"","_et_gb_content_width":""},"product_brand":[],"product_cat":[76,57],"product_tag":[566,1071,731,1072],"class_list":{"0":"post-8229","1":"product","2":"type-product","3":"status-publish","4":"has-post-thumbnail","6":"product_cat-geschirr-fuer-stilvolle-genussmomente-regalino","7":"product_cat-neu-eingetroffen-neue-lieblingsstuecke-bei-regalino","8":"product_tag-bowl","9":"product_tag-cafe-au-lait","10":"product_tag-handmade","11":"product_tag-snackschale","13":"first","14":"instock","15":"taxable","16":"shipping-taxable","17":"purchasable","18":"product-type-simple"},"yoast_head":"<!-- This site is optimized with the Yoast SEO plugin v27.5 - https:\/\/yoast.com\/product\/yoast-seo-wordpress\/ -->\n<title>Schale *Grespresso* von Costa Nova wei\u00df - Regalino -Lively Style<\/title>\n<meta name=\"robots\" content=\"index, follow, max-snippet:-1, max-image-preview:large, max-video-preview:-1\" \/>\n<link rel=\"canonical\" href=\"https:\/\/Regalino-Shop.de\/?product=schale-grespresso-von-costa-nova-weiss\" \/>\n<meta property=\"og:locale\" content=\"de_DE\" \/>\n<meta property=\"og:type\" content=\"article\" \/>\n<meta property=\"og:title\" content=\"Schale *Grespresso* von Costa Nova wei\u00df - Regalino -Lively Style\" \/>\n<meta property=\"og:description\" content=\"aus der Grespresso Reihe von Costa Nova   gefertigt in Portugal, aus hochwertigem Steinzeug. Mit individuell lasiertem Rand, der die Wellen des Meeres symbolisiert.  F\u00fcr M\u00fcsli, Obtsalat, Eis, Pudding, Salat und vieles mehr  temperaturbest\u00e4ndig, mikrowellenfest &amp; sp\u00fclmaschinengeeignet   Inhalt: 45cl  Material: Steinzeug   Farbe: wei\u00df (creme)   Ma\u00dfe: H\u00f6he: 8cm - Durchmesser unten 14cm, oben ca. 7,5cm  bei hohen Temperaturen gebrannt - sp\u00fclmaschinenfest, mikrowellen- und backofenfest bis 250 Grad und bis minus 20 Grad gefriergeeignet   &nbsp;\" \/>\n<meta property=\"og:url\" content=\"https:\/\/Regalino-Shop.de\/?product=schale-grespresso-von-costa-nova-weiss\" \/>\n<meta property=\"og:site_name\" content=\"Regalino -Lively Style\" \/>\n<meta property=\"article:modified_time\" content=\"2025-09-30T13:56:38+00:00\" \/>\n<meta property=\"og:image\" content=\"https:\/\/Regalino-Shop.de\/wp-content\/uploads\/2022\/06\/bowl-weiss.png\" \/>\n\t<meta property=\"og:image:width\" content=\"368\" \/>\n\t<meta property=\"og:image:height\" content=\"317\" \/>\n\t<meta property=\"og:image:type\" content=\"image\/png\" \/>\n<meta name=\"twitter:card\" content=\"summary_large_image\" \/>\n<script type=\"application\/ld+json\" class=\"yoast-schema-graph\">{\"@context\":\"https:\\\/\\\/schema.org\",\"@graph\":[{\"@type\":\"WebPage\",\"@id\":\"https:\\\/\\\/Regalino-Shop.de\\\/?product=schale-grespresso-von-costa-nova-weiss\",\"url\":\"https:\\\/\\\/Regalino-Shop.de\\\/?product=schale-grespresso-von-costa-nova-weiss\",\"name\":\"Schale *Grespresso* von Costa Nova wei\u00df - Regalino -Lively Style\",\"isPartOf\":{\"@id\":\"https:\\\/\\\/Regalino-Shop.de\\\/#website\"},\"primaryImageOfPage\":{\"@id\":\"https:\\\/\\\/Regalino-Shop.de\\\/?product=schale-grespresso-von-costa-nova-weiss#primaryimage\"},\"image\":{\"@id\":\"https:\\\/\\\/Regalino-Shop.de\\\/?product=schale-grespresso-von-costa-nova-weiss#primaryimage\"},\"thumbnailUrl\":\"https:\\\/\\\/Regalino-Shop.de\\\/wp-content\\\/uploads\\\/2022\\\/06\\\/bowl-weiss.png\",\"datePublished\":\"2022-06-08T09:54:29+00:00\",\"dateModified\":\"2025-09-30T13:56:38+00:00\",\"breadcrumb\":{\"@id\":\"https:\\\/\\\/Regalino-Shop.de\\\/?product=schale-grespresso-von-costa-nova-weiss#breadcrumb\"},\"inLanguage\":\"de\",\"potentialAction\":[{\"@type\":\"ReadAction\",\"target\":[\"https:\\\/\\\/Regalino-Shop.de\\\/?product=schale-grespresso-von-costa-nova-weiss\"]}]},{\"@type\":\"ImageObject\",\"inLanguage\":\"de\",\"@id\":\"https:\\\/\\\/Regalino-Shop.de\\\/?product=schale-grespresso-von-costa-nova-weiss#primaryimage\",\"url\":\"https:\\\/\\\/Regalino-Shop.de\\\/wp-content\\\/uploads\\\/2022\\\/06\\\/bowl-weiss.png\",\"contentUrl\":\"https:\\\/\\\/Regalino-Shop.de\\\/wp-content\\\/uploads\\\/2022\\\/06\\\/bowl-weiss.png\",\"width\":368,\"height\":317},{\"@type\":\"BreadcrumbList\",\"@id\":\"https:\\\/\\\/Regalino-Shop.de\\\/?product=schale-grespresso-von-costa-nova-weiss#breadcrumb\",\"itemListElement\":[{\"@type\":\"ListItem\",\"position\":1,\"name\":\"Startseite\",\"item\":\"https:\\\/\\\/Regalino-Shop.de\\\/\"},{\"@type\":\"ListItem\",\"position\":2,\"name\":\"Shop\",\"item\":\"https:\\\/\\\/Regalino-Shop.de\\\/?page_id=40\"},{\"@type\":\"ListItem\",\"position\":3,\"name\":\"Schale *Grespresso* von Costa Nova wei\u00df\"}]},{\"@type\":\"WebSite\",\"@id\":\"https:\\\/\\\/Regalino-Shop.de\\\/#website\",\"url\":\"https:\\\/\\\/Regalino-Shop.de\\\/\",\"name\":\"Regalino -Lively Style\",\"description\":\"gelebtes Zuhause\",\"potentialAction\":[{\"@type\":\"SearchAction\",\"target\":{\"@type\":\"EntryPoint\",\"urlTemplate\":\"https:\\\/\\\/Regalino-Shop.de\\\/?s={search_term_string}\"},\"query-input\":{\"@type\":\"PropertyValueSpecification\",\"valueRequired\":true,\"valueName\":\"search_term_string\"}}],\"inLanguage\":\"de\"}]}<\/script>\n<!-- \/ Yoast SEO plugin. -->","yoast_head_json":{"title":"Schale *Grespresso* von Costa Nova wei\u00df - Regalino -Lively Style","robots":{"index":"index","follow":"follow","max-snippet":"max-snippet:-1","max-image-preview":"max-image-preview:large","max-video-preview":"max-video-preview:-1"},"canonical":"https:\/\/Regalino-Shop.de\/?product=schale-grespresso-von-costa-nova-weiss","og_locale":"de_DE","og_type":"article","og_title":"Schale *Grespresso* von Costa Nova wei\u00df - Regalino -Lively Style","og_description":"aus der Grespresso Reihe von Costa Nova   gefertigt in Portugal, aus hochwertigem Steinzeug. Mit individuell lasiertem Rand, der die Wellen des Meeres symbolisiert.  F\u00fcr M\u00fcsli, Obtsalat, Eis, Pudding, Salat und vieles mehr  temperaturbest\u00e4ndig, mikrowellenfest &amp; sp\u00fclmaschinengeeignet   Inhalt: 45cl  Material: Steinzeug   Farbe: wei\u00df (creme)   Ma\u00dfe: H\u00f6he: 8cm - Durchmesser unten 14cm, oben ca. 7,5cm  bei hohen Temperaturen gebrannt - sp\u00fclmaschinenfest, mikrowellen- und backofenfest bis 250 Grad und bis minus 20 Grad gefriergeeignet   &nbsp;","og_url":"https:\/\/Regalino-Shop.de\/?product=schale-grespresso-von-costa-nova-weiss","og_site_name":"Regalino -Lively Style","article_modified_time":"2025-09-30T13:56:38+00:00","og_image":[{"width":368,"height":317,"url":"https:\/\/Regalino-Shop.de\/wp-content\/uploads\/2022\/06\/bowl-weiss.png","type":"image\/png"}],"twitter_card":"summary_large_image","schema":{"@context":"https:\/\/schema.org","@graph":[{"@type":"WebPage","@id":"https:\/\/Regalino-Shop.de\/?product=schale-grespresso-von-costa-nova-weiss","url":"https:\/\/Regalino-Shop.de\/?product=schale-grespresso-von-costa-nova-weiss","name":"Schale *Grespresso* von Costa Nova wei\u00df - Regalino -Lively Style","isPartOf":{"@id":"https:\/\/Regalino-Shop.de\/#website"},"primaryImageOfPage":{"@id":"https:\/\/Regalino-Shop.de\/?product=schale-grespresso-von-costa-nova-weiss#primaryimage"},"image":{"@id":"https:\/\/Regalino-Shop.de\/?product=schale-grespresso-von-costa-nova-weiss#primaryimage"},"thumbnailUrl":"https:\/\/Regalino-Shop.de\/wp-content\/uploads\/2022\/06\/bowl-weiss.png","datePublished":"2022-06-08T09:54:29+00:00","dateModified":"2025-09-30T13:56:38+00:00","breadcrumb":{"@id":"https:\/\/Regalino-Shop.de\/?product=schale-grespresso-von-costa-nova-weiss#breadcrumb"},"inLanguage":"de","potentialAction":[{"@type":"ReadAction","target":["https:\/\/Regalino-Shop.de\/?product=schale-grespresso-von-costa-nova-weiss"]}]},{"@type":"ImageObject","inLanguage":"de","@id":"https:\/\/Regalino-Shop.de\/?product=schale-grespresso-von-costa-nova-weiss#primaryimage","url":"https:\/\/Regalino-Shop.de\/wp-content\/uploads\/2022\/06\/bowl-weiss.png","contentUrl":"https:\/\/Regalino-Shop.de\/wp-content\/uploads\/2022\/06\/bowl-weiss.png","width":368,"height":317},{"@type":"BreadcrumbList","@id":"https:\/\/Regalino-Shop.de\/?product=schale-grespresso-von-costa-nova-weiss#breadcrumb","itemListElement":[{"@type":"ListItem","position":1,"name":"Startseite","item":"https:\/\/Regalino-Shop.de\/"},{"@type":"ListItem","position":2,"name":"Shop","item":"https:\/\/Regalino-Shop.de\/?page_id=40"},{"@type":"ListItem","position":3,"name":"Schale *Grespresso* von Costa Nova wei\u00df"}]},{"@type":"WebSite","@id":"https:\/\/Regalino-Shop.de\/#website","url":"https:\/\/Regalino-Shop.de\/","name":"Regalino -Lively Style","description":"gelebtes Zuhause","potentialAction":[{"@type":"SearchAction","target":{"@type":"EntryPoint","urlTemplate":"https:\/\/Regalino-Shop.de\/?s={search_term_string}"},"query-input":{"@type":"PropertyValueSpecification","valueRequired":true,"valueName":"search_term_string"}}],"inLanguage":"de"}]}},"_links":{"self":[{"href":"https:\/\/Regalino-Shop.de\/index.php?rest_route=\/wp\/v2\/product\/8229","targetHints":{"allow":["GET"]}}],"collection":[{"href":"https:\/\/Regalino-Shop.de\/index.php?rest_route=\/wp\/v2\/product"}],"about":[{"href":"https:\/\/Regalino-Shop.de\/index.php?rest_route=\/wp\/v2\/types\/product"}],"wp:featuredmedia":[{"embeddable":true,"href":"https:\/\/Regalino-Shop.de\/index.php?rest_route=\/wp\/v2\/media\/8230"}],"wp:attachment":[{"href":"https:\/\/Regalino-Shop.de\/index.php?rest_route=%2Fwp%2Fv2%2Fmedia&parent=8229"}],"wp:term":[{"taxonomy":"product_brand","embeddable":true,"href":"https:\/\/Regalino-Shop.de\/index.php?rest_route=%2Fwp%2Fv2%2Fproduct_brand&post=8229"},{"taxonomy":"product_cat","embeddable":true,"href":"https:\/\/Regalino-Shop.de\/index.php?rest_route=%2Fwp%2Fv2%2Fproduct_cat&post=8229"},{"taxonomy":"product_tag","embeddable":true,"href":"https:\/\/Regalino-Shop.de\/index.php?rest_route=%2Fwp%2Fv2%2Fproduct_tag&post=8229"}],"curies":[{"name":"wp","href":"https:\/\/api.w.org\/{rel}","templated":true}]}}