{"id":8702,"date":"2022-08-14T08:40:18","date_gmt":"2022-08-14T08:40:18","guid":{"rendered":"https:\/\/Regalino-Shop.de\/?post_type=product&#038;p=8702"},"modified":"2026-03-04T14:55:07","modified_gmt":"2026-03-04T14:55:07","slug":"seifenspender-aus-steingut-serina-von-bloomingville","status":"publish","type":"product","link":"https:\/\/Regalino-Shop.de\/?product=seifenspender-aus-steingut-serina-von-bloomingville","title":{"rendered":"Seifenspender aus Steingut *Serina* von Bloomingville"},"content":{"rendered":"","protected":false},"excerpt":{"rendered":"<p>Der Serina Seifenspender von Bloomingville ist ein sch\u00f6ner schwarz-wei\u00df gestreifter Spender aus Steingut, der Ihrem Badezimmer einen Hauch von Eleganz und Stil verleiht. Kombinieren Sie ihn mit einem sch\u00f6nen Tiegel und machen Sie das H\u00e4ndewaschen zum Vergn\u00fcgen.<\/p>\n<p>Material. Steingut<\/p>\n<p>Fassungsverm\u00f6gen: 400 ml<\/p>\n<p>Gr\u00f6\u00dfe: D7,5xH19,5 cm<\/p>\n<p>bitte beachten: Abweichungen in Form &amp; Farbe<\/p>\n","protected":false},"featured_media":8705,"template":"","meta":{"_et_pb_use_builder":"","_et_pb_old_content":"","_et_gb_content_width":""},"product_brand":[],"product_cat":[83,57],"product_tag":[349,1106],"class_list":{"0":"post-8702","1":"product","2":"type-product","3":"status-publish","4":"has-post-thumbnail","6":"product_cat-bad-spa-besondere-wohlfuehlmomente-regalino","7":"product_cat-neu-eingetroffen-neue-lieblingsstuecke-bei-regalino","8":"product_tag-pumpspender","9":"product_tag-seifenspender","11":"first","12":"instock","13":"taxable","14":"shipping-taxable","15":"purchasable","16":"product-type-simple"},"yoast_head":"<!-- This site is optimized with the Yoast SEO plugin v27.5 - https:\/\/yoast.com\/product\/yoast-seo-wordpress\/ -->\n<title>Seifenspender aus Steingut *Serina* von Bloomingville - Regalino -Lively Style<\/title>\n<meta name=\"robots\" content=\"index, follow, max-snippet:-1, max-image-preview:large, max-video-preview:-1\" \/>\n<link rel=\"canonical\" href=\"https:\/\/Regalino-Shop.de\/?product=seifenspender-aus-steingut-serina-von-bloomingville\" \/>\n<meta property=\"og:locale\" content=\"de_DE\" \/>\n<meta property=\"og:type\" content=\"article\" \/>\n<meta property=\"og:title\" content=\"Seifenspender aus Steingut *Serina* von Bloomingville - Regalino -Lively Style\" \/>\n<meta property=\"og:description\" content=\"Der Serina Seifenspender von Bloomingville ist ein sch\u00f6ner schwarz-wei\u00df gestreifter Spender aus Steingut, der Ihrem Badezimmer einen Hauch von Eleganz und Stil verleiht. Kombinieren Sie ihn mit einem sch\u00f6nen Tiegel und machen Sie das H\u00e4ndewaschen zum Vergn\u00fcgen.  Material. Steingut  Fassungsverm\u00f6gen: 400 ml  Gr\u00f6\u00dfe: D7,5xH19,5 cm  bitte beachten: Abweichungen in Form &amp; Farbe\" \/>\n<meta property=\"og:url\" content=\"https:\/\/Regalino-Shop.de\/?product=seifenspender-aus-steingut-serina-von-bloomingville\" \/>\n<meta property=\"og:site_name\" content=\"Regalino -Lively Style\" \/>\n<meta property=\"article:modified_time\" content=\"2026-03-04T14:55:07+00:00\" \/>\n<meta property=\"og:image\" content=\"https:\/\/Regalino-Shop.de\/wp-content\/uploads\/2022\/08\/Seifenspender-2.jpg\" \/>\n\t<meta property=\"og:image:width\" content=\"530\" \/>\n\t<meta property=\"og:image:height\" content=\"535\" \/>\n\t<meta property=\"og:image:type\" content=\"image\/jpeg\" \/>\n<meta name=\"twitter:card\" content=\"summary_large_image\" \/>\n<script type=\"application\/ld+json\" class=\"yoast-schema-graph\">{\"@context\":\"https:\\\/\\\/schema.org\",\"@graph\":[{\"@type\":\"WebPage\",\"@id\":\"https:\\\/\\\/Regalino-Shop.de\\\/?product=seifenspender-aus-steingut-serina-von-bloomingville\",\"url\":\"https:\\\/\\\/Regalino-Shop.de\\\/?product=seifenspender-aus-steingut-serina-von-bloomingville\",\"name\":\"Seifenspender aus Steingut *Serina* von Bloomingville - Regalino -Lively Style\",\"isPartOf\":{\"@id\":\"https:\\\/\\\/Regalino-Shop.de\\\/#website\"},\"primaryImageOfPage\":{\"@id\":\"https:\\\/\\\/Regalino-Shop.de\\\/?product=seifenspender-aus-steingut-serina-von-bloomingville#primaryimage\"},\"image\":{\"@id\":\"https:\\\/\\\/Regalino-Shop.de\\\/?product=seifenspender-aus-steingut-serina-von-bloomingville#primaryimage\"},\"thumbnailUrl\":\"https:\\\/\\\/Regalino-Shop.de\\\/wp-content\\\/uploads\\\/2022\\\/08\\\/Seifenspender-2.jpg\",\"datePublished\":\"2022-08-14T08:40:18+00:00\",\"dateModified\":\"2026-03-04T14:55:07+00:00\",\"breadcrumb\":{\"@id\":\"https:\\\/\\\/Regalino-Shop.de\\\/?product=seifenspender-aus-steingut-serina-von-bloomingville#breadcrumb\"},\"inLanguage\":\"de\",\"potentialAction\":[{\"@type\":\"ReadAction\",\"target\":[\"https:\\\/\\\/Regalino-Shop.de\\\/?product=seifenspender-aus-steingut-serina-von-bloomingville\"]}]},{\"@type\":\"ImageObject\",\"inLanguage\":\"de\",\"@id\":\"https:\\\/\\\/Regalino-Shop.de\\\/?product=seifenspender-aus-steingut-serina-von-bloomingville#primaryimage\",\"url\":\"https:\\\/\\\/Regalino-Shop.de\\\/wp-content\\\/uploads\\\/2022\\\/08\\\/Seifenspender-2.jpg\",\"contentUrl\":\"https:\\\/\\\/Regalino-Shop.de\\\/wp-content\\\/uploads\\\/2022\\\/08\\\/Seifenspender-2.jpg\",\"width\":530,\"height\":535},{\"@type\":\"BreadcrumbList\",\"@id\":\"https:\\\/\\\/Regalino-Shop.de\\\/?product=seifenspender-aus-steingut-serina-von-bloomingville#breadcrumb\",\"itemListElement\":[{\"@type\":\"ListItem\",\"position\":1,\"name\":\"Startseite\",\"item\":\"https:\\\/\\\/Regalino-Shop.de\\\/\"},{\"@type\":\"ListItem\",\"position\":2,\"name\":\"Shop\",\"item\":\"https:\\\/\\\/Regalino-Shop.de\\\/?page_id=40\"},{\"@type\":\"ListItem\",\"position\":3,\"name\":\"Seifenspender aus Steingut *Serina* von Bloomingville\"}]},{\"@type\":\"WebSite\",\"@id\":\"https:\\\/\\\/Regalino-Shop.de\\\/#website\",\"url\":\"https:\\\/\\\/Regalino-Shop.de\\\/\",\"name\":\"Regalino -Lively Style\",\"description\":\"gelebtes Zuhause\",\"potentialAction\":[{\"@type\":\"SearchAction\",\"target\":{\"@type\":\"EntryPoint\",\"urlTemplate\":\"https:\\\/\\\/Regalino-Shop.de\\\/?s={search_term_string}\"},\"query-input\":{\"@type\":\"PropertyValueSpecification\",\"valueRequired\":true,\"valueName\":\"search_term_string\"}}],\"inLanguage\":\"de\"}]}<\/script>\n<!-- \/ Yoast SEO plugin. -->","yoast_head_json":{"title":"Seifenspender aus Steingut *Serina* von Bloomingville - Regalino -Lively Style","robots":{"index":"index","follow":"follow","max-snippet":"max-snippet:-1","max-image-preview":"max-image-preview:large","max-video-preview":"max-video-preview:-1"},"canonical":"https:\/\/Regalino-Shop.de\/?product=seifenspender-aus-steingut-serina-von-bloomingville","og_locale":"de_DE","og_type":"article","og_title":"Seifenspender aus Steingut *Serina* von Bloomingville - Regalino -Lively Style","og_description":"Der Serina Seifenspender von Bloomingville ist ein sch\u00f6ner schwarz-wei\u00df gestreifter Spender aus Steingut, der Ihrem Badezimmer einen Hauch von Eleganz und Stil verleiht. Kombinieren Sie ihn mit einem sch\u00f6nen Tiegel und machen Sie das H\u00e4ndewaschen zum Vergn\u00fcgen.  Material. Steingut  Fassungsverm\u00f6gen: 400 ml  Gr\u00f6\u00dfe: D7,5xH19,5 cm  bitte beachten: Abweichungen in Form &amp; Farbe","og_url":"https:\/\/Regalino-Shop.de\/?product=seifenspender-aus-steingut-serina-von-bloomingville","og_site_name":"Regalino -Lively Style","article_modified_time":"2026-03-04T14:55:07+00:00","og_image":[{"width":530,"height":535,"url":"https:\/\/Regalino-Shop.de\/wp-content\/uploads\/2022\/08\/Seifenspender-2.jpg","type":"image\/jpeg"}],"twitter_card":"summary_large_image","schema":{"@context":"https:\/\/schema.org","@graph":[{"@type":"WebPage","@id":"https:\/\/Regalino-Shop.de\/?product=seifenspender-aus-steingut-serina-von-bloomingville","url":"https:\/\/Regalino-Shop.de\/?product=seifenspender-aus-steingut-serina-von-bloomingville","name":"Seifenspender aus Steingut *Serina* von Bloomingville - Regalino -Lively Style","isPartOf":{"@id":"https:\/\/Regalino-Shop.de\/#website"},"primaryImageOfPage":{"@id":"https:\/\/Regalino-Shop.de\/?product=seifenspender-aus-steingut-serina-von-bloomingville#primaryimage"},"image":{"@id":"https:\/\/Regalino-Shop.de\/?product=seifenspender-aus-steingut-serina-von-bloomingville#primaryimage"},"thumbnailUrl":"https:\/\/Regalino-Shop.de\/wp-content\/uploads\/2022\/08\/Seifenspender-2.jpg","datePublished":"2022-08-14T08:40:18+00:00","dateModified":"2026-03-04T14:55:07+00:00","breadcrumb":{"@id":"https:\/\/Regalino-Shop.de\/?product=seifenspender-aus-steingut-serina-von-bloomingville#breadcrumb"},"inLanguage":"de","potentialAction":[{"@type":"ReadAction","target":["https:\/\/Regalino-Shop.de\/?product=seifenspender-aus-steingut-serina-von-bloomingville"]}]},{"@type":"ImageObject","inLanguage":"de","@id":"https:\/\/Regalino-Shop.de\/?product=seifenspender-aus-steingut-serina-von-bloomingville#primaryimage","url":"https:\/\/Regalino-Shop.de\/wp-content\/uploads\/2022\/08\/Seifenspender-2.jpg","contentUrl":"https:\/\/Regalino-Shop.de\/wp-content\/uploads\/2022\/08\/Seifenspender-2.jpg","width":530,"height":535},{"@type":"BreadcrumbList","@id":"https:\/\/Regalino-Shop.de\/?product=seifenspender-aus-steingut-serina-von-bloomingville#breadcrumb","itemListElement":[{"@type":"ListItem","position":1,"name":"Startseite","item":"https:\/\/Regalino-Shop.de\/"},{"@type":"ListItem","position":2,"name":"Shop","item":"https:\/\/Regalino-Shop.de\/?page_id=40"},{"@type":"ListItem","position":3,"name":"Seifenspender aus Steingut *Serina* von Bloomingville"}]},{"@type":"WebSite","@id":"https:\/\/Regalino-Shop.de\/#website","url":"https:\/\/Regalino-Shop.de\/","name":"Regalino -Lively Style","description":"gelebtes Zuhause","potentialAction":[{"@type":"SearchAction","target":{"@type":"EntryPoint","urlTemplate":"https:\/\/Regalino-Shop.de\/?s={search_term_string}"},"query-input":{"@type":"PropertyValueSpecification","valueRequired":true,"valueName":"search_term_string"}}],"inLanguage":"de"}]}},"_links":{"self":[{"href":"https:\/\/Regalino-Shop.de\/index.php?rest_route=\/wp\/v2\/product\/8702","targetHints":{"allow":["GET"]}}],"collection":[{"href":"https:\/\/Regalino-Shop.de\/index.php?rest_route=\/wp\/v2\/product"}],"about":[{"href":"https:\/\/Regalino-Shop.de\/index.php?rest_route=\/wp\/v2\/types\/product"}],"wp:featuredmedia":[{"embeddable":true,"href":"https:\/\/Regalino-Shop.de\/index.php?rest_route=\/wp\/v2\/media\/8705"}],"wp:attachment":[{"href":"https:\/\/Regalino-Shop.de\/index.php?rest_route=%2Fwp%2Fv2%2Fmedia&parent=8702"}],"wp:term":[{"taxonomy":"product_brand","embeddable":true,"href":"https:\/\/Regalino-Shop.de\/index.php?rest_route=%2Fwp%2Fv2%2Fproduct_brand&post=8702"},{"taxonomy":"product_cat","embeddable":true,"href":"https:\/\/Regalino-Shop.de\/index.php?rest_route=%2Fwp%2Fv2%2Fproduct_cat&post=8702"},{"taxonomy":"product_tag","embeddable":true,"href":"https:\/\/Regalino-Shop.de\/index.php?rest_route=%2Fwp%2Fv2%2Fproduct_tag&post=8702"}],"curies":[{"name":"wp","href":"https:\/\/api.w.org\/{rel}","templated":true}]}}