{"id":9130,"date":"2022-08-23T09:14:48","date_gmt":"2022-08-23T09:14:48","guid":{"rendered":"https:\/\/Regalino-Shop.de\/?post_type=product&#038;p=9130"},"modified":"2026-03-29T08:05:52","modified_gmt":"2026-03-29T08:05:52","slug":"armband-double-mala-1001-night-von-samsara","status":"publish","type":"product","link":"https:\/\/Regalino-Shop.de\/?product=armband-double-mala-1001-night-von-samsara","title":{"rendered":"Armband Double Mala *1001 Night* von Samsara"},"content":{"rendered":"","protected":false},"excerpt":{"rendered":"<div class=\"woocommerce-product-details__short-description\">\n<div id=\"text_highlighted\">\n<div>\n<div class=\"preview\">\n<div class=\"woocommerce-product-details__short-description\">\n<div id=\"text_highlighted\">\n<div>\n<div class=\"preview\">\n<div>\n<p>Aufeinander abgestimmte Farben und dynamische Akzente pr\u00e4gen den Look dieses wundersch\u00f6nen samsara Armbandes.<\/p>\n<p>Auf zwei Reihen pr\u00e4sentiert das von Hand gefertigte Accessoire zahlreiche Perlen aus vergoldetem 925 Sterlingsilber. Lapislazuli &amp; Holzperlen (petrol)<\/p>\n<p>Ein farbliches Highlight f\u00fcr jedes Handgelenk<\/p>\n<p>Dieses Armband eignet sich f\u00fcr Handgelenke mit einem Umfang von ca. 17 \u2013 18 cm<\/p>\n<p>Die edlen Chakra Armb\u00e4nder (oder auch Mala Armb\u00e4nder genannt) von samsara collection verspr\u00fchen \u00e4therischen Charme, der Dich in den Bann zieht.<br \/>\nDer Begriff \u201eMala (\u092e\u093e\u0932\u093e, sprich: m\u0101l\u0101)\u201c ist Sanskrit. Angelehnt an die traditionellen Japa-Meditationskr\u00e4nze erweisen sich die Armb\u00e4nder als Schmuckst\u00fccke voller Symbolkraft und spiritueller Energie.<br \/>\nMit ihren ausgew\u00e4hlten hochwertigen Materialien wie Rosenquarz, Amethyst und Fluorit unterst\u00fctzen Dich diese wundervollen Armb\u00e4nder auf dem Weg in Dein Inneres &#8211; w\u00e4hrend der Meditation wie auch im Alltag. Entdecke die Kraft der Edelsteine und w\u00e4hle Kombinationen, die wahlweise kr\u00e4ftigend oder entspannend wirken.<br \/>\nZauberhafte Details wie farblich abgesetzte Perlen oder kleine metallisch funkelnde Anh\u00e4nger machen die sorgf\u00e4ltig verarbeiteten Chakra Armb\u00e4nder zum wundervollen Blickfang.<\/p>\n<div class=\"vc_tta-panel-body\">\n<p><strong>Material und Pflege:<\/strong><\/p>\n<p>Jedes samsara St\u00fcck ist von Hand gefertigt. Durch die Verwendung nat\u00fcrlicher Edelsteine kann es zu leichten Unterschieden in Gr\u00f6\u00dfe, Form und Farbe kommen, welches jedem St\u00fcck seine Einzigartigkeit verleiht. Alle zus\u00e4tzlich verwendeten Materialien sind aus 925 Sterling Silber und \/ oder hochwertigem Modeschmuck und gem\u00e4\u00df Herstellerangabe Nickel- und Bleifrei.<\/p>\n<p>Damit Dein samsara St\u00fcck lange sch\u00f6n bleibt, lege es am besten nach dem Tragen immer zur\u00fcck in das mitgelieferte Schmuck-Etui und\u00a0 trage es bitte nicht bei der Haus- und Gartenarbeit, in der Sauna oder beim Sport. Durch Sp\u00fclwasser, Kosmetika und Schwei\u00df wird die Oberfl\u00e4che auf Dauer besch\u00e4digt. Reinige nach dem Tragen Dein samsara St\u00fcck einfach mit einem trockenen Baumwoll- oder Microfasertuch. Verwende bitte auf keinen Fall scharfe Reinigungsmittel.<\/p>\n<\/div>\n<\/div>\n<div>\n<div class=\"preview\">\n<p>&nbsp;<\/p>\n<\/div>\n<\/div>\n<\/div>\n<\/div>\n<\/div>\n<\/div>\n<\/div>\n<\/div>\n<\/div>\n<\/div>\n","protected":false},"featured_media":9132,"template":"","meta":{"_et_pb_use_builder":"","_et_pb_old_content":"","_et_gb_content_width":""},"product_brand":[],"product_cat":[2983,57,103],"product_tag":[730,1137,1151,355,288,1152],"class_list":{"0":"post-9130","1":"product","2":"type-product","3":"status-publish","4":"has-post-thumbnail","6":"product_cat-accessoires","7":"product_cat-neu-eingetroffen-neue-lieblingsstuecke-bei-regalino","8":"product_cat-schmuck-fuer-damen-stilvolle-accessoires-regalino","9":"product_tag-armband","10":"product_tag-buddha","11":"product_tag-chakra","12":"product_tag-freundin","13":"product_tag-geschenk","14":"product_tag-mala","16":"first","17":"instock","18":"taxable","19":"shipping-taxable","20":"purchasable","21":"product-type-simple"},"yoast_head":"<!-- This site is optimized with the Yoast SEO plugin v27.5 - https:\/\/yoast.com\/product\/yoast-seo-wordpress\/ -->\n<title>Armband Double Mala *1001 Night* von Samsara - Regalino -Lively Style<\/title>\n<meta name=\"robots\" content=\"index, follow, max-snippet:-1, max-image-preview:large, max-video-preview:-1\" \/>\n<link rel=\"canonical\" href=\"https:\/\/Regalino-Shop.de\/?product=armband-double-mala-1001-night-von-samsara\" \/>\n<meta property=\"og:locale\" content=\"de_DE\" \/>\n<meta property=\"og:type\" content=\"article\" \/>\n<meta property=\"og:title\" content=\"Armband Double Mala *1001 Night* von Samsara - Regalino -Lively Style\" \/>\n<meta property=\"og:description\" content=\"Aufeinander abgestimmte Farben und dynamische Akzente pr\u00e4gen den Look dieses wundersch\u00f6nen samsara Armbandes.  Auf zwei Reihen pr\u00e4sentiert das von Hand gefertigte Accessoire zahlreiche Perlen aus vergoldetem 925 Sterlingsilber. Lapislazuli &amp; Holzperlen (petrol)  Ein farbliches Highlight f\u00fcr jedes Handgelenk  Dieses Armband eignet sich f\u00fcr Handgelenke mit einem Umfang von ca. 17 \u2013 18 cm  Die edlen Chakra Armb\u00e4nder (oder auch Mala Armb\u00e4nder genannt) von samsara collection verspr\u00fchen \u00e4therischen Charme, der Dich in den Bann zieht. Der Begriff \u201eMala (\u092e\u093e\u0932\u093e, sprich: m\u0101l\u0101)\u201c ist Sanskrit. Angelehnt an die traditionellen Japa-Meditationskr\u00e4nze erweisen sich die Armb\u00e4nder als Schmuckst\u00fccke voller Symbolkraft und spiritueller Energie. Mit ihren ausgew\u00e4hlten hochwertigen Materialien wie Rosenquarz, Amethyst und Fluorit unterst\u00fctzen Dich diese wundervollen Armb\u00e4nder auf dem Weg in Dein Inneres - w\u00e4hrend der Meditation wie auch im Alltag. Entdecke die Kraft der Edelsteine und w\u00e4hle Kombinationen, die wahlweise kr\u00e4ftigend oder entspannend wirken. Zauberhafte Details wie farblich abgesetzte Perlen oder kleine metallisch funkelnde Anh\u00e4nger machen die sorgf\u00e4ltig verarbeiteten Chakra Armb\u00e4nder zum wundervollen Blickfang.   Material und Pflege:  Jedes samsara St\u00fcck ist von Hand gefertigt. Durch die Verwendung nat\u00fcrlicher Edelsteine kann es zu leichten Unterschieden in Gr\u00f6\u00dfe, Form und Farbe kommen, welches jedem St\u00fcck seine Einzigartigkeit verleiht. Alle zus\u00e4tzlich verwendeten Materialien sind aus 925 Sterling Silber und \/ oder hochwertigem Modeschmuck und gem\u00e4\u00df Herstellerangabe Nickel- und Bleifrei.  Damit Dein samsara St\u00fcck lange sch\u00f6n bleibt, lege es am besten nach dem Tragen immer zur\u00fcck in das mitgelieferte Schmuck-Etui und\u00a0 trage es bitte nicht bei der Haus- und Gartenarbeit, in der Sauna oder beim Sport. Durch Sp\u00fclwasser, Kosmetika und Schwei\u00df wird die Oberfl\u00e4che auf Dauer besch\u00e4digt. Reinige nach dem Tragen Dein samsara St\u00fcck einfach mit einem trockenen Baumwoll- oder Microfasertuch. Verwende bitte auf keinen Fall scharfe Reinigungsmittel.       &nbsp;\" \/>\n<meta property=\"og:url\" content=\"https:\/\/Regalino-Shop.de\/?product=armband-double-mala-1001-night-von-samsara\" \/>\n<meta property=\"og:site_name\" content=\"Regalino -Lively Style\" \/>\n<meta property=\"article:modified_time\" content=\"2026-03-29T08:05:52+00:00\" \/>\n<meta property=\"og:image\" content=\"https:\/\/Regalino-Shop.de\/wp-content\/uploads\/2022\/08\/20220823_111819-scaled.jpg\" \/>\n\t<meta property=\"og:image:width\" content=\"1789\" \/>\n\t<meta property=\"og:image:height\" content=\"2560\" \/>\n\t<meta property=\"og:image:type\" content=\"image\/jpeg\" \/>\n<meta name=\"twitter:card\" content=\"summary_large_image\" \/>\n<script type=\"application\/ld+json\" class=\"yoast-schema-graph\">{\"@context\":\"https:\\\/\\\/schema.org\",\"@graph\":[{\"@type\":\"WebPage\",\"@id\":\"https:\\\/\\\/Regalino-Shop.de\\\/?product=armband-double-mala-1001-night-von-samsara\",\"url\":\"https:\\\/\\\/Regalino-Shop.de\\\/?product=armband-double-mala-1001-night-von-samsara\",\"name\":\"Armband Double Mala *1001 Night* von Samsara - Regalino -Lively Style\",\"isPartOf\":{\"@id\":\"https:\\\/\\\/Regalino-Shop.de\\\/#website\"},\"primaryImageOfPage\":{\"@id\":\"https:\\\/\\\/Regalino-Shop.de\\\/?product=armband-double-mala-1001-night-von-samsara#primaryimage\"},\"image\":{\"@id\":\"https:\\\/\\\/Regalino-Shop.de\\\/?product=armband-double-mala-1001-night-von-samsara#primaryimage\"},\"thumbnailUrl\":\"https:\\\/\\\/Regalino-Shop.de\\\/wp-content\\\/uploads\\\/2022\\\/08\\\/20220823_111819-scaled.jpg\",\"datePublished\":\"2022-08-23T09:14:48+00:00\",\"dateModified\":\"2026-03-29T08:05:52+00:00\",\"breadcrumb\":{\"@id\":\"https:\\\/\\\/Regalino-Shop.de\\\/?product=armband-double-mala-1001-night-von-samsara#breadcrumb\"},\"inLanguage\":\"de\",\"potentialAction\":[{\"@type\":\"ReadAction\",\"target\":[\"https:\\\/\\\/Regalino-Shop.de\\\/?product=armband-double-mala-1001-night-von-samsara\"]}]},{\"@type\":\"ImageObject\",\"inLanguage\":\"de\",\"@id\":\"https:\\\/\\\/Regalino-Shop.de\\\/?product=armband-double-mala-1001-night-von-samsara#primaryimage\",\"url\":\"https:\\\/\\\/Regalino-Shop.de\\\/wp-content\\\/uploads\\\/2022\\\/08\\\/20220823_111819-scaled.jpg\",\"contentUrl\":\"https:\\\/\\\/Regalino-Shop.de\\\/wp-content\\\/uploads\\\/2022\\\/08\\\/20220823_111819-scaled.jpg\",\"width\":1789,\"height\":2560},{\"@type\":\"BreadcrumbList\",\"@id\":\"https:\\\/\\\/Regalino-Shop.de\\\/?product=armband-double-mala-1001-night-von-samsara#breadcrumb\",\"itemListElement\":[{\"@type\":\"ListItem\",\"position\":1,\"name\":\"Startseite\",\"item\":\"https:\\\/\\\/Regalino-Shop.de\\\/\"},{\"@type\":\"ListItem\",\"position\":2,\"name\":\"Shop\",\"item\":\"https:\\\/\\\/Regalino-Shop.de\\\/?page_id=40\"},{\"@type\":\"ListItem\",\"position\":3,\"name\":\"Armband Double Mala *1001 Night* von Samsara\"}]},{\"@type\":\"WebSite\",\"@id\":\"https:\\\/\\\/Regalino-Shop.de\\\/#website\",\"url\":\"https:\\\/\\\/Regalino-Shop.de\\\/\",\"name\":\"Regalino -Lively Style\",\"description\":\"gelebtes Zuhause\",\"potentialAction\":[{\"@type\":\"SearchAction\",\"target\":{\"@type\":\"EntryPoint\",\"urlTemplate\":\"https:\\\/\\\/Regalino-Shop.de\\\/?s={search_term_string}\"},\"query-input\":{\"@type\":\"PropertyValueSpecification\",\"valueRequired\":true,\"valueName\":\"search_term_string\"}}],\"inLanguage\":\"de\"}]}<\/script>\n<!-- \/ Yoast SEO plugin. -->","yoast_head_json":{"title":"Armband Double Mala *1001 Night* von Samsara - Regalino -Lively Style","robots":{"index":"index","follow":"follow","max-snippet":"max-snippet:-1","max-image-preview":"max-image-preview:large","max-video-preview":"max-video-preview:-1"},"canonical":"https:\/\/Regalino-Shop.de\/?product=armband-double-mala-1001-night-von-samsara","og_locale":"de_DE","og_type":"article","og_title":"Armband Double Mala *1001 Night* von Samsara - Regalino -Lively Style","og_description":"Aufeinander abgestimmte Farben und dynamische Akzente pr\u00e4gen den Look dieses wundersch\u00f6nen samsara Armbandes.  Auf zwei Reihen pr\u00e4sentiert das von Hand gefertigte Accessoire zahlreiche Perlen aus vergoldetem 925 Sterlingsilber. Lapislazuli &amp; Holzperlen (petrol)  Ein farbliches Highlight f\u00fcr jedes Handgelenk  Dieses Armband eignet sich f\u00fcr Handgelenke mit einem Umfang von ca. 17 \u2013 18 cm  Die edlen Chakra Armb\u00e4nder (oder auch Mala Armb\u00e4nder genannt) von samsara collection verspr\u00fchen \u00e4therischen Charme, der Dich in den Bann zieht. Der Begriff \u201eMala (\u092e\u093e\u0932\u093e, sprich: m\u0101l\u0101)\u201c ist Sanskrit. Angelehnt an die traditionellen Japa-Meditationskr\u00e4nze erweisen sich die Armb\u00e4nder als Schmuckst\u00fccke voller Symbolkraft und spiritueller Energie. Mit ihren ausgew\u00e4hlten hochwertigen Materialien wie Rosenquarz, Amethyst und Fluorit unterst\u00fctzen Dich diese wundervollen Armb\u00e4nder auf dem Weg in Dein Inneres - w\u00e4hrend der Meditation wie auch im Alltag. Entdecke die Kraft der Edelsteine und w\u00e4hle Kombinationen, die wahlweise kr\u00e4ftigend oder entspannend wirken. Zauberhafte Details wie farblich abgesetzte Perlen oder kleine metallisch funkelnde Anh\u00e4nger machen die sorgf\u00e4ltig verarbeiteten Chakra Armb\u00e4nder zum wundervollen Blickfang.   Material und Pflege:  Jedes samsara St\u00fcck ist von Hand gefertigt. Durch die Verwendung nat\u00fcrlicher Edelsteine kann es zu leichten Unterschieden in Gr\u00f6\u00dfe, Form und Farbe kommen, welches jedem St\u00fcck seine Einzigartigkeit verleiht. Alle zus\u00e4tzlich verwendeten Materialien sind aus 925 Sterling Silber und \/ oder hochwertigem Modeschmuck und gem\u00e4\u00df Herstellerangabe Nickel- und Bleifrei.  Damit Dein samsara St\u00fcck lange sch\u00f6n bleibt, lege es am besten nach dem Tragen immer zur\u00fcck in das mitgelieferte Schmuck-Etui und\u00a0 trage es bitte nicht bei der Haus- und Gartenarbeit, in der Sauna oder beim Sport. Durch Sp\u00fclwasser, Kosmetika und Schwei\u00df wird die Oberfl\u00e4che auf Dauer besch\u00e4digt. Reinige nach dem Tragen Dein samsara St\u00fcck einfach mit einem trockenen Baumwoll- oder Microfasertuch. Verwende bitte auf keinen Fall scharfe Reinigungsmittel.       &nbsp;","og_url":"https:\/\/Regalino-Shop.de\/?product=armband-double-mala-1001-night-von-samsara","og_site_name":"Regalino -Lively Style","article_modified_time":"2026-03-29T08:05:52+00:00","og_image":[{"width":1789,"height":2560,"url":"https:\/\/Regalino-Shop.de\/wp-content\/uploads\/2022\/08\/20220823_111819-scaled.jpg","type":"image\/jpeg"}],"twitter_card":"summary_large_image","schema":{"@context":"https:\/\/schema.org","@graph":[{"@type":"WebPage","@id":"https:\/\/Regalino-Shop.de\/?product=armband-double-mala-1001-night-von-samsara","url":"https:\/\/Regalino-Shop.de\/?product=armband-double-mala-1001-night-von-samsara","name":"Armband Double Mala *1001 Night* von Samsara - Regalino -Lively Style","isPartOf":{"@id":"https:\/\/Regalino-Shop.de\/#website"},"primaryImageOfPage":{"@id":"https:\/\/Regalino-Shop.de\/?product=armband-double-mala-1001-night-von-samsara#primaryimage"},"image":{"@id":"https:\/\/Regalino-Shop.de\/?product=armband-double-mala-1001-night-von-samsara#primaryimage"},"thumbnailUrl":"https:\/\/Regalino-Shop.de\/wp-content\/uploads\/2022\/08\/20220823_111819-scaled.jpg","datePublished":"2022-08-23T09:14:48+00:00","dateModified":"2026-03-29T08:05:52+00:00","breadcrumb":{"@id":"https:\/\/Regalino-Shop.de\/?product=armband-double-mala-1001-night-von-samsara#breadcrumb"},"inLanguage":"de","potentialAction":[{"@type":"ReadAction","target":["https:\/\/Regalino-Shop.de\/?product=armband-double-mala-1001-night-von-samsara"]}]},{"@type":"ImageObject","inLanguage":"de","@id":"https:\/\/Regalino-Shop.de\/?product=armband-double-mala-1001-night-von-samsara#primaryimage","url":"https:\/\/Regalino-Shop.de\/wp-content\/uploads\/2022\/08\/20220823_111819-scaled.jpg","contentUrl":"https:\/\/Regalino-Shop.de\/wp-content\/uploads\/2022\/08\/20220823_111819-scaled.jpg","width":1789,"height":2560},{"@type":"BreadcrumbList","@id":"https:\/\/Regalino-Shop.de\/?product=armband-double-mala-1001-night-von-samsara#breadcrumb","itemListElement":[{"@type":"ListItem","position":1,"name":"Startseite","item":"https:\/\/Regalino-Shop.de\/"},{"@type":"ListItem","position":2,"name":"Shop","item":"https:\/\/Regalino-Shop.de\/?page_id=40"},{"@type":"ListItem","position":3,"name":"Armband Double Mala *1001 Night* von Samsara"}]},{"@type":"WebSite","@id":"https:\/\/Regalino-Shop.de\/#website","url":"https:\/\/Regalino-Shop.de\/","name":"Regalino -Lively Style","description":"gelebtes Zuhause","potentialAction":[{"@type":"SearchAction","target":{"@type":"EntryPoint","urlTemplate":"https:\/\/Regalino-Shop.de\/?s={search_term_string}"},"query-input":{"@type":"PropertyValueSpecification","valueRequired":true,"valueName":"search_term_string"}}],"inLanguage":"de"}]}},"_links":{"self":[{"href":"https:\/\/Regalino-Shop.de\/index.php?rest_route=\/wp\/v2\/product\/9130","targetHints":{"allow":["GET"]}}],"collection":[{"href":"https:\/\/Regalino-Shop.de\/index.php?rest_route=\/wp\/v2\/product"}],"about":[{"href":"https:\/\/Regalino-Shop.de\/index.php?rest_route=\/wp\/v2\/types\/product"}],"wp:featuredmedia":[{"embeddable":true,"href":"https:\/\/Regalino-Shop.de\/index.php?rest_route=\/wp\/v2\/media\/9132"}],"wp:attachment":[{"href":"https:\/\/Regalino-Shop.de\/index.php?rest_route=%2Fwp%2Fv2%2Fmedia&parent=9130"}],"wp:term":[{"taxonomy":"product_brand","embeddable":true,"href":"https:\/\/Regalino-Shop.de\/index.php?rest_route=%2Fwp%2Fv2%2Fproduct_brand&post=9130"},{"taxonomy":"product_cat","embeddable":true,"href":"https:\/\/Regalino-Shop.de\/index.php?rest_route=%2Fwp%2Fv2%2Fproduct_cat&post=9130"},{"taxonomy":"product_tag","embeddable":true,"href":"https:\/\/Regalino-Shop.de\/index.php?rest_route=%2Fwp%2Fv2%2Fproduct_tag&post=9130"}],"curies":[{"name":"wp","href":"https:\/\/api.w.org\/{rel}","templated":true}]}}