{"id":9143,"date":"2022-08-23T12:04:52","date_gmt":"2022-08-23T12:04:52","guid":{"rendered":"https:\/\/Regalino-Shop.de\/?post_type=product&#038;p=9143"},"modified":"2026-03-29T08:05:51","modified_gmt":"2026-03-29T08:05:51","slug":"kette-boho-deluxe-amazonite-von-samsara","status":"publish","type":"product","link":"https:\/\/Regalino-Shop.de\/?product=kette-boho-deluxe-amazonite-von-samsara","title":{"rendered":"Kette Boho Deluxe * Amazonite* von Samsara"},"content":{"rendered":"<blockquote><p>&nbsp;<\/p><\/blockquote>\n","protected":false},"excerpt":{"rendered":"<div class=\"woocommerce-product-details__short-description\">\n<div id=\"text_highlighted\">\n<div>\n<div class=\"preview\">\n<div class=\"woocommerce-product-details__short-description\">\n<div id=\"text_highlighted\">\n<div>\n<div class=\"preview\">\n<div>\n<p>Boho Deluxe Kette (ca. 78 cm) mit Perlen aus 925 Sterlingsilber, 6 mm \u2013 10 mm Amazonit, 10 mm Holz (ros\u00e9), Reptiloptik und Quaste<\/p>\n<div class=\"vc_tta-panel-body\">\n<p><strong>Material und Pflege:<\/strong><\/p>\n<p>Jedes samsara St\u00fcck ist von Hand gefertigt. Durch die Verwendung nat\u00fcrlicher Edelsteine kann es zu leichten Unterschieden in Gr\u00f6\u00dfe, Form und Farbe kommen, welches jedem St\u00fcck seine Einzigartigkeit verleiht. Alle zus\u00e4tzlich verwendeten Materialien sind aus 925 Sterling Silber und \/ oder hochwertigem Modeschmuck und gem\u00e4\u00df Herstellerangabe Nickel- und Bleifrei.<\/p>\n<p>Damit Dein samsara St\u00fcck lange sch\u00f6n bleibt, lege es am besten nach dem Tragen immer zur\u00fcck in das mitgelieferte Schmuck-Etui und\u00a0 trage es bitte nicht bei der Haus- und Gartenarbeit, in der Sauna oder beim Sport. Durch Sp\u00fclwasser, Kosmetika und Schwei\u00df wird die Oberfl\u00e4che auf Dauer besch\u00e4digt. Reinige nach dem Tragen Dein samsara St\u00fcck einfach mit einem trockenen Baumwoll- oder Microfasertuch. Verwende bitte auf keinen Fall scharfe Reinigungsmittel.<\/p>\n<\/div>\n<\/div>\n<div>\n<div class=\"preview\">\n<p>&nbsp;<\/p>\n<\/div>\n<\/div>\n<\/div>\n<\/div>\n<\/div>\n<\/div>\n<\/div>\n<\/div>\n<\/div>\n<\/div>\n","protected":false},"featured_media":9145,"template":"","meta":{"_et_pb_use_builder":"","_et_pb_old_content":"","_et_gb_content_width":""},"product_brand":[],"product_cat":[2983,57,103],"product_tag":[750,1151,355,288,1147,1152],"class_list":{"0":"post-9143","1":"product","2":"type-product","3":"status-publish","4":"has-post-thumbnail","6":"product_cat-accessoires","7":"product_cat-neu-eingetroffen-neue-lieblingsstuecke-bei-regalino","8":"product_cat-schmuck-fuer-damen-stilvolle-accessoires-regalino","9":"product_tag-boho","10":"product_tag-chakra","11":"product_tag-freundin","12":"product_tag-geschenk","13":"product_tag-kette","14":"product_tag-mala","16":"first","17":"instock","18":"taxable","19":"shipping-taxable","20":"purchasable","21":"product-type-simple"},"yoast_head":"<!-- This site is optimized with the Yoast SEO plugin v27.5 - https:\/\/yoast.com\/product\/yoast-seo-wordpress\/ -->\n<title>Kette Boho Deluxe * Amazonite* von Samsara - Regalino -Lively Style<\/title>\n<meta name=\"robots\" content=\"index, follow, max-snippet:-1, max-image-preview:large, max-video-preview:-1\" \/>\n<link rel=\"canonical\" href=\"https:\/\/Regalino-Shop.de\/?product=kette-boho-deluxe-amazonite-von-samsara\" \/>\n<meta property=\"og:locale\" content=\"de_DE\" \/>\n<meta property=\"og:type\" content=\"article\" \/>\n<meta property=\"og:title\" content=\"Kette Boho Deluxe * Amazonite* von Samsara - Regalino -Lively Style\" \/>\n<meta property=\"og:description\" content=\"Boho Deluxe Kette (ca. 78 cm) mit Perlen aus 925 Sterlingsilber, 6 mm \u2013 10 mm Amazonit, 10 mm Holz (ros\u00e9), Reptiloptik und Quaste   Material und Pflege:  Jedes samsara St\u00fcck ist von Hand gefertigt. Durch die Verwendung nat\u00fcrlicher Edelsteine kann es zu leichten Unterschieden in Gr\u00f6\u00dfe, Form und Farbe kommen, welches jedem St\u00fcck seine Einzigartigkeit verleiht. Alle zus\u00e4tzlich verwendeten Materialien sind aus 925 Sterling Silber und \/ oder hochwertigem Modeschmuck und gem\u00e4\u00df Herstellerangabe Nickel- und Bleifrei.  Damit Dein samsara St\u00fcck lange sch\u00f6n bleibt, lege es am besten nach dem Tragen immer zur\u00fcck in das mitgelieferte Schmuck-Etui und\u00a0 trage es bitte nicht bei der Haus- und Gartenarbeit, in der Sauna oder beim Sport. Durch Sp\u00fclwasser, Kosmetika und Schwei\u00df wird die Oberfl\u00e4che auf Dauer besch\u00e4digt. Reinige nach dem Tragen Dein samsara St\u00fcck einfach mit einem trockenen Baumwoll- oder Microfasertuch. Verwende bitte auf keinen Fall scharfe Reinigungsmittel.       &nbsp;\" \/>\n<meta property=\"og:url\" content=\"https:\/\/Regalino-Shop.de\/?product=kette-boho-deluxe-amazonite-von-samsara\" \/>\n<meta property=\"og:site_name\" content=\"Regalino -Lively Style\" \/>\n<meta property=\"article:modified_time\" content=\"2026-03-29T08:05:51+00:00\" \/>\n<meta property=\"og:image\" content=\"https:\/\/Regalino-Shop.de\/wp-content\/uploads\/2022\/08\/20220823_141340.jpg\" \/>\n\t<meta property=\"og:image:width\" content=\"2084\" \/>\n\t<meta property=\"og:image:height\" content=\"2471\" \/>\n\t<meta property=\"og:image:type\" content=\"image\/jpeg\" \/>\n<meta name=\"twitter:card\" content=\"summary_large_image\" \/>\n<script type=\"application\/ld+json\" class=\"yoast-schema-graph\">{\"@context\":\"https:\\\/\\\/schema.org\",\"@graph\":[{\"@type\":\"WebPage\",\"@id\":\"https:\\\/\\\/Regalino-Shop.de\\\/?product=kette-boho-deluxe-amazonite-von-samsara\",\"url\":\"https:\\\/\\\/Regalino-Shop.de\\\/?product=kette-boho-deluxe-amazonite-von-samsara\",\"name\":\"Kette Boho Deluxe * Amazonite* von Samsara - Regalino -Lively Style\",\"isPartOf\":{\"@id\":\"https:\\\/\\\/Regalino-Shop.de\\\/#website\"},\"primaryImageOfPage\":{\"@id\":\"https:\\\/\\\/Regalino-Shop.de\\\/?product=kette-boho-deluxe-amazonite-von-samsara#primaryimage\"},\"image\":{\"@id\":\"https:\\\/\\\/Regalino-Shop.de\\\/?product=kette-boho-deluxe-amazonite-von-samsara#primaryimage\"},\"thumbnailUrl\":\"https:\\\/\\\/Regalino-Shop.de\\\/wp-content\\\/uploads\\\/2022\\\/08\\\/20220823_141340.jpg\",\"datePublished\":\"2022-08-23T12:04:52+00:00\",\"dateModified\":\"2026-03-29T08:05:51+00:00\",\"breadcrumb\":{\"@id\":\"https:\\\/\\\/Regalino-Shop.de\\\/?product=kette-boho-deluxe-amazonite-von-samsara#breadcrumb\"},\"inLanguage\":\"de\",\"potentialAction\":[{\"@type\":\"ReadAction\",\"target\":[\"https:\\\/\\\/Regalino-Shop.de\\\/?product=kette-boho-deluxe-amazonite-von-samsara\"]}]},{\"@type\":\"ImageObject\",\"inLanguage\":\"de\",\"@id\":\"https:\\\/\\\/Regalino-Shop.de\\\/?product=kette-boho-deluxe-amazonite-von-samsara#primaryimage\",\"url\":\"https:\\\/\\\/Regalino-Shop.de\\\/wp-content\\\/uploads\\\/2022\\\/08\\\/20220823_141340.jpg\",\"contentUrl\":\"https:\\\/\\\/Regalino-Shop.de\\\/wp-content\\\/uploads\\\/2022\\\/08\\\/20220823_141340.jpg\",\"width\":2084,\"height\":2471},{\"@type\":\"BreadcrumbList\",\"@id\":\"https:\\\/\\\/Regalino-Shop.de\\\/?product=kette-boho-deluxe-amazonite-von-samsara#breadcrumb\",\"itemListElement\":[{\"@type\":\"ListItem\",\"position\":1,\"name\":\"Startseite\",\"item\":\"https:\\\/\\\/Regalino-Shop.de\\\/\"},{\"@type\":\"ListItem\",\"position\":2,\"name\":\"Shop\",\"item\":\"https:\\\/\\\/Regalino-Shop.de\\\/?page_id=40\"},{\"@type\":\"ListItem\",\"position\":3,\"name\":\"Kette Boho Deluxe * Amazonite* von Samsara\"}]},{\"@type\":\"WebSite\",\"@id\":\"https:\\\/\\\/Regalino-Shop.de\\\/#website\",\"url\":\"https:\\\/\\\/Regalino-Shop.de\\\/\",\"name\":\"Regalino -Lively Style\",\"description\":\"gelebtes Zuhause\",\"potentialAction\":[{\"@type\":\"SearchAction\",\"target\":{\"@type\":\"EntryPoint\",\"urlTemplate\":\"https:\\\/\\\/Regalino-Shop.de\\\/?s={search_term_string}\"},\"query-input\":{\"@type\":\"PropertyValueSpecification\",\"valueRequired\":true,\"valueName\":\"search_term_string\"}}],\"inLanguage\":\"de\"}]}<\/script>\n<!-- \/ Yoast SEO plugin. -->","yoast_head_json":{"title":"Kette Boho Deluxe * Amazonite* von Samsara - Regalino -Lively Style","robots":{"index":"index","follow":"follow","max-snippet":"max-snippet:-1","max-image-preview":"max-image-preview:large","max-video-preview":"max-video-preview:-1"},"canonical":"https:\/\/Regalino-Shop.de\/?product=kette-boho-deluxe-amazonite-von-samsara","og_locale":"de_DE","og_type":"article","og_title":"Kette Boho Deluxe * Amazonite* von Samsara - Regalino -Lively Style","og_description":"Boho Deluxe Kette (ca. 78 cm) mit Perlen aus 925 Sterlingsilber, 6 mm \u2013 10 mm Amazonit, 10 mm Holz (ros\u00e9), Reptiloptik und Quaste   Material und Pflege:  Jedes samsara St\u00fcck ist von Hand gefertigt. Durch die Verwendung nat\u00fcrlicher Edelsteine kann es zu leichten Unterschieden in Gr\u00f6\u00dfe, Form und Farbe kommen, welches jedem St\u00fcck seine Einzigartigkeit verleiht. Alle zus\u00e4tzlich verwendeten Materialien sind aus 925 Sterling Silber und \/ oder hochwertigem Modeschmuck und gem\u00e4\u00df Herstellerangabe Nickel- und Bleifrei.  Damit Dein samsara St\u00fcck lange sch\u00f6n bleibt, lege es am besten nach dem Tragen immer zur\u00fcck in das mitgelieferte Schmuck-Etui und\u00a0 trage es bitte nicht bei der Haus- und Gartenarbeit, in der Sauna oder beim Sport. Durch Sp\u00fclwasser, Kosmetika und Schwei\u00df wird die Oberfl\u00e4che auf Dauer besch\u00e4digt. Reinige nach dem Tragen Dein samsara St\u00fcck einfach mit einem trockenen Baumwoll- oder Microfasertuch. Verwende bitte auf keinen Fall scharfe Reinigungsmittel.       &nbsp;","og_url":"https:\/\/Regalino-Shop.de\/?product=kette-boho-deluxe-amazonite-von-samsara","og_site_name":"Regalino -Lively Style","article_modified_time":"2026-03-29T08:05:51+00:00","og_image":[{"width":2084,"height":2471,"url":"https:\/\/Regalino-Shop.de\/wp-content\/uploads\/2022\/08\/20220823_141340.jpg","type":"image\/jpeg"}],"twitter_card":"summary_large_image","schema":{"@context":"https:\/\/schema.org","@graph":[{"@type":"WebPage","@id":"https:\/\/Regalino-Shop.de\/?product=kette-boho-deluxe-amazonite-von-samsara","url":"https:\/\/Regalino-Shop.de\/?product=kette-boho-deluxe-amazonite-von-samsara","name":"Kette Boho Deluxe * Amazonite* von Samsara - Regalino -Lively Style","isPartOf":{"@id":"https:\/\/Regalino-Shop.de\/#website"},"primaryImageOfPage":{"@id":"https:\/\/Regalino-Shop.de\/?product=kette-boho-deluxe-amazonite-von-samsara#primaryimage"},"image":{"@id":"https:\/\/Regalino-Shop.de\/?product=kette-boho-deluxe-amazonite-von-samsara#primaryimage"},"thumbnailUrl":"https:\/\/Regalino-Shop.de\/wp-content\/uploads\/2022\/08\/20220823_141340.jpg","datePublished":"2022-08-23T12:04:52+00:00","dateModified":"2026-03-29T08:05:51+00:00","breadcrumb":{"@id":"https:\/\/Regalino-Shop.de\/?product=kette-boho-deluxe-amazonite-von-samsara#breadcrumb"},"inLanguage":"de","potentialAction":[{"@type":"ReadAction","target":["https:\/\/Regalino-Shop.de\/?product=kette-boho-deluxe-amazonite-von-samsara"]}]},{"@type":"ImageObject","inLanguage":"de","@id":"https:\/\/Regalino-Shop.de\/?product=kette-boho-deluxe-amazonite-von-samsara#primaryimage","url":"https:\/\/Regalino-Shop.de\/wp-content\/uploads\/2022\/08\/20220823_141340.jpg","contentUrl":"https:\/\/Regalino-Shop.de\/wp-content\/uploads\/2022\/08\/20220823_141340.jpg","width":2084,"height":2471},{"@type":"BreadcrumbList","@id":"https:\/\/Regalino-Shop.de\/?product=kette-boho-deluxe-amazonite-von-samsara#breadcrumb","itemListElement":[{"@type":"ListItem","position":1,"name":"Startseite","item":"https:\/\/Regalino-Shop.de\/"},{"@type":"ListItem","position":2,"name":"Shop","item":"https:\/\/Regalino-Shop.de\/?page_id=40"},{"@type":"ListItem","position":3,"name":"Kette Boho Deluxe * Amazonite* von Samsara"}]},{"@type":"WebSite","@id":"https:\/\/Regalino-Shop.de\/#website","url":"https:\/\/Regalino-Shop.de\/","name":"Regalino -Lively Style","description":"gelebtes Zuhause","potentialAction":[{"@type":"SearchAction","target":{"@type":"EntryPoint","urlTemplate":"https:\/\/Regalino-Shop.de\/?s={search_term_string}"},"query-input":{"@type":"PropertyValueSpecification","valueRequired":true,"valueName":"search_term_string"}}],"inLanguage":"de"}]}},"_links":{"self":[{"href":"https:\/\/Regalino-Shop.de\/index.php?rest_route=\/wp\/v2\/product\/9143","targetHints":{"allow":["GET"]}}],"collection":[{"href":"https:\/\/Regalino-Shop.de\/index.php?rest_route=\/wp\/v2\/product"}],"about":[{"href":"https:\/\/Regalino-Shop.de\/index.php?rest_route=\/wp\/v2\/types\/product"}],"wp:featuredmedia":[{"embeddable":true,"href":"https:\/\/Regalino-Shop.de\/index.php?rest_route=\/wp\/v2\/media\/9145"}],"wp:attachment":[{"href":"https:\/\/Regalino-Shop.de\/index.php?rest_route=%2Fwp%2Fv2%2Fmedia&parent=9143"}],"wp:term":[{"taxonomy":"product_brand","embeddable":true,"href":"https:\/\/Regalino-Shop.de\/index.php?rest_route=%2Fwp%2Fv2%2Fproduct_brand&post=9143"},{"taxonomy":"product_cat","embeddable":true,"href":"https:\/\/Regalino-Shop.de\/index.php?rest_route=%2Fwp%2Fv2%2Fproduct_cat&post=9143"},{"taxonomy":"product_tag","embeddable":true,"href":"https:\/\/Regalino-Shop.de\/index.php?rest_route=%2Fwp%2Fv2%2Fproduct_tag&post=9143"}],"curies":[{"name":"wp","href":"https:\/\/api.w.org\/{rel}","templated":true}]}}