{"id":9363,"date":"2022-08-26T08:20:47","date_gmt":"2022-08-26T08:20:47","guid":{"rendered":"https:\/\/Regalino-Shop.de\/?post_type=product&#038;p=9363"},"modified":"2025-01-17T12:31:47","modified_gmt":"2025-01-17T12:31:47","slug":"qwetsch-isolierflasche-hanami-500-ml","status":"publish","type":"product","link":"https:\/\/Regalino-Shop.de\/?product=qwetsch-isolierflasche-hanami-500-ml","title":{"rendered":"Qwetsch Isolierflasche *Hanami* 500 ml"},"content":{"rendered":"","protected":false},"excerpt":{"rendered":"<div class=\"col-md-6 pr-0 pr-md-2\">\n<div class=\"caracteristic_from_variation\">\n<p><strong>Isolierflasche aus Edelstahl: halten Getr\u00e4nke 24 h kalt und 12 h warm.<\/strong><\/p>\n<div class=\"caracteristic_from_variation\">\n<div class=\"caracteristic_from_variation\">\n<p><strong>Ma\u00dfe und Gewicht<\/strong><\/p>\n<ul>\n<li>H\u00f6he: 26 cm<\/li>\n<li>Durchmesser: 7 cm<\/li>\n<li>Durchmesser \u00d6ffnung: 3,2 cm<\/li>\n<li>Gewicht: 0,30 kg<\/li>\n<li>Kapazit\u00e4t: 500 ml<\/li>\n<\/ul>\n<p><strong>Materialien<\/strong><\/p>\n<p>Flaschen :<\/p>\n<ul>\n<li>Edelstahl 304 (18\/8)<\/li>\n<\/ul>\n<p>Schraubverschluss :<\/p>\n<ul>\n<li>Innenseite des Deckels 304 (18\/8)<\/li>\n<li>Silikondichtung<\/li>\n<li>Struktur PP5 ohne BPA<\/li>\n<\/ul>\n<p><strong>Lebensmittelkontakt mit Edelstahl<\/strong><\/p>\n<\/div>\n<\/div>\n<\/div>\n<\/div>\n","protected":false},"featured_media":9364,"template":"","meta":{"_et_pb_use_builder":"","_et_pb_old_content":"","_et_gb_content_width":""},"product_brand":[],"product_cat":[82],"product_tag":[379,1184,1185,378,381],"class_list":{"0":"post-9363","1":"product","2":"type-product","3":"status-publish","4":"has-post-thumbnail","6":"product_cat-unterwegs-picknick-praktische-lieblingsstuecke-regalino","7":"product_tag-flasche","8":"product_tag-isolierflasche","9":"product_tag-qwetsch","10":"product_tag-thermoskanne","11":"product_tag-trinkflasche","13":"first","14":"instock","15":"taxable","16":"shipping-taxable","17":"purchasable","18":"product-type-simple"},"yoast_head":"<!-- This site is optimized with the Yoast SEO plugin v27.5 - https:\/\/yoast.com\/product\/yoast-seo-wordpress\/ -->\n<title>Qwetsch Isolierflasche *Hanami* 500 ml - Regalino -Lively Style<\/title>\n<meta name=\"robots\" content=\"index, follow, max-snippet:-1, max-image-preview:large, max-video-preview:-1\" \/>\n<link rel=\"canonical\" href=\"https:\/\/Regalino-Shop.de\/?product=qwetsch-isolierflasche-hanami-500-ml\" \/>\n<meta property=\"og:locale\" content=\"de_DE\" \/>\n<meta property=\"og:type\" content=\"article\" \/>\n<meta property=\"og:title\" content=\"Qwetsch Isolierflasche *Hanami* 500 ml - Regalino -Lively Style\" \/>\n<meta property=\"og:description\" content=\"Isolierflasche aus Edelstahl: halten Getr\u00e4nke 24 h kalt und 12 h warm.    Ma\u00dfe und Gewicht   H\u00f6he: 26 cm  Durchmesser: 7 cm  Durchmesser \u00d6ffnung: 3,2 cm  Gewicht: 0,30 kg  Kapazit\u00e4t: 500 ml  Materialien  Flaschen :   Edelstahl 304 (18\/8)  Schraubverschluss :   Innenseite des Deckels 304 (18\/8)  Silikondichtung  Struktur PP5 ohne BPA  Lebensmittelkontakt mit Edelstahl\" \/>\n<meta property=\"og:url\" content=\"https:\/\/Regalino-Shop.de\/?product=qwetsch-isolierflasche-hanami-500-ml\" \/>\n<meta property=\"og:site_name\" content=\"Regalino -Lively Style\" \/>\n<meta property=\"article:modified_time\" content=\"2025-01-17T12:31:47+00:00\" \/>\n<meta property=\"og:image\" content=\"https:\/\/Regalino-Shop.de\/wp-content\/uploads\/2022\/08\/Bouteille-Hanami-bleu.png\" \/>\n\t<meta property=\"og:image:width\" content=\"1100\" \/>\n\t<meta property=\"og:image:height\" content=\"1100\" \/>\n\t<meta property=\"og:image:type\" content=\"image\/png\" \/>\n<meta name=\"twitter:card\" content=\"summary_large_image\" \/>\n<script type=\"application\/ld+json\" class=\"yoast-schema-graph\">{\"@context\":\"https:\\\/\\\/schema.org\",\"@graph\":[{\"@type\":\"WebPage\",\"@id\":\"https:\\\/\\\/Regalino-Shop.de\\\/?product=qwetsch-isolierflasche-hanami-500-ml\",\"url\":\"https:\\\/\\\/Regalino-Shop.de\\\/?product=qwetsch-isolierflasche-hanami-500-ml\",\"name\":\"Qwetsch Isolierflasche *Hanami* 500 ml - Regalino -Lively Style\",\"isPartOf\":{\"@id\":\"https:\\\/\\\/Regalino-Shop.de\\\/#website\"},\"primaryImageOfPage\":{\"@id\":\"https:\\\/\\\/Regalino-Shop.de\\\/?product=qwetsch-isolierflasche-hanami-500-ml#primaryimage\"},\"image\":{\"@id\":\"https:\\\/\\\/Regalino-Shop.de\\\/?product=qwetsch-isolierflasche-hanami-500-ml#primaryimage\"},\"thumbnailUrl\":\"https:\\\/\\\/Regalino-Shop.de\\\/wp-content\\\/uploads\\\/2022\\\/08\\\/Bouteille-Hanami-bleu.png\",\"datePublished\":\"2022-08-26T08:20:47+00:00\",\"dateModified\":\"2025-01-17T12:31:47+00:00\",\"breadcrumb\":{\"@id\":\"https:\\\/\\\/Regalino-Shop.de\\\/?product=qwetsch-isolierflasche-hanami-500-ml#breadcrumb\"},\"inLanguage\":\"de\",\"potentialAction\":[{\"@type\":\"ReadAction\",\"target\":[\"https:\\\/\\\/Regalino-Shop.de\\\/?product=qwetsch-isolierflasche-hanami-500-ml\"]}]},{\"@type\":\"ImageObject\",\"inLanguage\":\"de\",\"@id\":\"https:\\\/\\\/Regalino-Shop.de\\\/?product=qwetsch-isolierflasche-hanami-500-ml#primaryimage\",\"url\":\"https:\\\/\\\/Regalino-Shop.de\\\/wp-content\\\/uploads\\\/2022\\\/08\\\/Bouteille-Hanami-bleu.png\",\"contentUrl\":\"https:\\\/\\\/Regalino-Shop.de\\\/wp-content\\\/uploads\\\/2022\\\/08\\\/Bouteille-Hanami-bleu.png\",\"width\":1100,\"height\":1100},{\"@type\":\"BreadcrumbList\",\"@id\":\"https:\\\/\\\/Regalino-Shop.de\\\/?product=qwetsch-isolierflasche-hanami-500-ml#breadcrumb\",\"itemListElement\":[{\"@type\":\"ListItem\",\"position\":1,\"name\":\"Startseite\",\"item\":\"https:\\\/\\\/Regalino-Shop.de\\\/\"},{\"@type\":\"ListItem\",\"position\":2,\"name\":\"Shop\",\"item\":\"https:\\\/\\\/Regalino-Shop.de\\\/?page_id=40\"},{\"@type\":\"ListItem\",\"position\":3,\"name\":\"Qwetsch Isolierflasche *Hanami* 500 ml\"}]},{\"@type\":\"WebSite\",\"@id\":\"https:\\\/\\\/Regalino-Shop.de\\\/#website\",\"url\":\"https:\\\/\\\/Regalino-Shop.de\\\/\",\"name\":\"Regalino -Lively Style\",\"description\":\"gelebtes Zuhause\",\"potentialAction\":[{\"@type\":\"SearchAction\",\"target\":{\"@type\":\"EntryPoint\",\"urlTemplate\":\"https:\\\/\\\/Regalino-Shop.de\\\/?s={search_term_string}\"},\"query-input\":{\"@type\":\"PropertyValueSpecification\",\"valueRequired\":true,\"valueName\":\"search_term_string\"}}],\"inLanguage\":\"de\"}]}<\/script>\n<!-- \/ Yoast SEO plugin. -->","yoast_head_json":{"title":"Qwetsch Isolierflasche *Hanami* 500 ml - Regalino -Lively Style","robots":{"index":"index","follow":"follow","max-snippet":"max-snippet:-1","max-image-preview":"max-image-preview:large","max-video-preview":"max-video-preview:-1"},"canonical":"https:\/\/Regalino-Shop.de\/?product=qwetsch-isolierflasche-hanami-500-ml","og_locale":"de_DE","og_type":"article","og_title":"Qwetsch Isolierflasche *Hanami* 500 ml - Regalino -Lively Style","og_description":"Isolierflasche aus Edelstahl: halten Getr\u00e4nke 24 h kalt und 12 h warm.    Ma\u00dfe und Gewicht   H\u00f6he: 26 cm  Durchmesser: 7 cm  Durchmesser \u00d6ffnung: 3,2 cm  Gewicht: 0,30 kg  Kapazit\u00e4t: 500 ml  Materialien  Flaschen :   Edelstahl 304 (18\/8)  Schraubverschluss :   Innenseite des Deckels 304 (18\/8)  Silikondichtung  Struktur PP5 ohne BPA  Lebensmittelkontakt mit Edelstahl","og_url":"https:\/\/Regalino-Shop.de\/?product=qwetsch-isolierflasche-hanami-500-ml","og_site_name":"Regalino -Lively Style","article_modified_time":"2025-01-17T12:31:47+00:00","og_image":[{"width":1100,"height":1100,"url":"https:\/\/Regalino-Shop.de\/wp-content\/uploads\/2022\/08\/Bouteille-Hanami-bleu.png","type":"image\/png"}],"twitter_card":"summary_large_image","schema":{"@context":"https:\/\/schema.org","@graph":[{"@type":"WebPage","@id":"https:\/\/Regalino-Shop.de\/?product=qwetsch-isolierflasche-hanami-500-ml","url":"https:\/\/Regalino-Shop.de\/?product=qwetsch-isolierflasche-hanami-500-ml","name":"Qwetsch Isolierflasche *Hanami* 500 ml - Regalino -Lively Style","isPartOf":{"@id":"https:\/\/Regalino-Shop.de\/#website"},"primaryImageOfPage":{"@id":"https:\/\/Regalino-Shop.de\/?product=qwetsch-isolierflasche-hanami-500-ml#primaryimage"},"image":{"@id":"https:\/\/Regalino-Shop.de\/?product=qwetsch-isolierflasche-hanami-500-ml#primaryimage"},"thumbnailUrl":"https:\/\/Regalino-Shop.de\/wp-content\/uploads\/2022\/08\/Bouteille-Hanami-bleu.png","datePublished":"2022-08-26T08:20:47+00:00","dateModified":"2025-01-17T12:31:47+00:00","breadcrumb":{"@id":"https:\/\/Regalino-Shop.de\/?product=qwetsch-isolierflasche-hanami-500-ml#breadcrumb"},"inLanguage":"de","potentialAction":[{"@type":"ReadAction","target":["https:\/\/Regalino-Shop.de\/?product=qwetsch-isolierflasche-hanami-500-ml"]}]},{"@type":"ImageObject","inLanguage":"de","@id":"https:\/\/Regalino-Shop.de\/?product=qwetsch-isolierflasche-hanami-500-ml#primaryimage","url":"https:\/\/Regalino-Shop.de\/wp-content\/uploads\/2022\/08\/Bouteille-Hanami-bleu.png","contentUrl":"https:\/\/Regalino-Shop.de\/wp-content\/uploads\/2022\/08\/Bouteille-Hanami-bleu.png","width":1100,"height":1100},{"@type":"BreadcrumbList","@id":"https:\/\/Regalino-Shop.de\/?product=qwetsch-isolierflasche-hanami-500-ml#breadcrumb","itemListElement":[{"@type":"ListItem","position":1,"name":"Startseite","item":"https:\/\/Regalino-Shop.de\/"},{"@type":"ListItem","position":2,"name":"Shop","item":"https:\/\/Regalino-Shop.de\/?page_id=40"},{"@type":"ListItem","position":3,"name":"Qwetsch Isolierflasche *Hanami* 500 ml"}]},{"@type":"WebSite","@id":"https:\/\/Regalino-Shop.de\/#website","url":"https:\/\/Regalino-Shop.de\/","name":"Regalino -Lively Style","description":"gelebtes Zuhause","potentialAction":[{"@type":"SearchAction","target":{"@type":"EntryPoint","urlTemplate":"https:\/\/Regalino-Shop.de\/?s={search_term_string}"},"query-input":{"@type":"PropertyValueSpecification","valueRequired":true,"valueName":"search_term_string"}}],"inLanguage":"de"}]}},"_links":{"self":[{"href":"https:\/\/Regalino-Shop.de\/index.php?rest_route=\/wp\/v2\/product\/9363","targetHints":{"allow":["GET"]}}],"collection":[{"href":"https:\/\/Regalino-Shop.de\/index.php?rest_route=\/wp\/v2\/product"}],"about":[{"href":"https:\/\/Regalino-Shop.de\/index.php?rest_route=\/wp\/v2\/types\/product"}],"wp:featuredmedia":[{"embeddable":true,"href":"https:\/\/Regalino-Shop.de\/index.php?rest_route=\/wp\/v2\/media\/9364"}],"wp:attachment":[{"href":"https:\/\/Regalino-Shop.de\/index.php?rest_route=%2Fwp%2Fv2%2Fmedia&parent=9363"}],"wp:term":[{"taxonomy":"product_brand","embeddable":true,"href":"https:\/\/Regalino-Shop.de\/index.php?rest_route=%2Fwp%2Fv2%2Fproduct_brand&post=9363"},{"taxonomy":"product_cat","embeddable":true,"href":"https:\/\/Regalino-Shop.de\/index.php?rest_route=%2Fwp%2Fv2%2Fproduct_cat&post=9363"},{"taxonomy":"product_tag","embeddable":true,"href":"https:\/\/Regalino-Shop.de\/index.php?rest_route=%2Fwp%2Fv2%2Fproduct_tag&post=9363"}],"curies":[{"name":"wp","href":"https:\/\/api.w.org\/{rel}","templated":true}]}}