{"id":9380,"date":"2022-08-26T09:07:37","date_gmt":"2022-08-26T09:07:37","guid":{"rendered":"https:\/\/Regalino-Shop.de\/?post_type=product&#038;p=9380"},"modified":"2024-03-08T12:23:13","modified_gmt":"2024-03-08T12:23:13","slug":"qwetsch-schraubverschluss-mit-sieb-fuer-500-ml-flaschen","status":"publish","type":"product","link":"https:\/\/Regalino-Shop.de\/?product=qwetsch-schraubverschluss-mit-sieb-fuer-500-ml-flaschen","title":{"rendered":"Qwetsch Schraubverschluss mit Sieb f\u00fcr 500 ml Flaschen"},"content":{"rendered":"","protected":false},"excerpt":{"rendered":"<div class=\"col-md-6 pr-0 pr-md-2\">\n<div class=\"caracteristic_from_variation\">Der <strong>Edelstahl-Deckel mit aufsetzbarem Sieb<\/strong>, passt auf alle <strong>Qwetch-Isolierflaschen <\/strong>der entsprechenden Gr\u00f6\u00dfe.<br \/>\nDer Deckel kann allein oder zusammen mit dem Filter verwendet werden (der Filter kann von der Kappe auf- und abgeschraubt werden).<br \/>\nDieser Deckel ist das ideale Accessoire f\u00fcr passionierte Teetrinker, die je nach Situation Tee oder andere Getr\u00e4nke genie\u00dfen m\u00f6chten.<\/div>\n<\/div>\n<div>\n<div class=\"col-md-6 pr-0 pr-md-2\">\n<div class=\"caracteristic_from_variation\">\n<ul>\n<li>Innenseite des Deckels aus Edelstahl 304 (18\/8)<\/li>\n<li>Struktur PP5 ohne BPA<\/li>\n<li><strong>Lebensmittelkontakt mit Edelstahl<\/strong><\/li>\n<\/ul>\n<\/div>\n<\/div>\n<div class=\"col-md-6 pl-2 pl-md-4 mt-4 mt-md-0 icones_caracteristic_from_variation\">\n<div class=\"mb-4\"><img decoding=\"async\" class=\"mr-3\" src=\"https:\/\/www.qwetch.com\/wp-content\/uploads\/2021\/04\/bpa-free.png\" \/> BPA-frei<\/div>\n<div class=\"mb-4\"><img decoding=\"async\" class=\"mr-3\" src=\"https:\/\/www.qwetch.com\/wp-content\/uploads\/2021\/04\/hermetique.png\" \/> 100% dicht<\/div>\n<div class=\"mb-4\"><img decoding=\"async\" class=\"mr-3\" src=\"https:\/\/www.qwetch.com\/wp-content\/uploads\/2021\/04\/materiaux-sains.png\" \/> Gesundheitsvertr\u00e4gliche Materialien<\/div>\n<\/div>\n<\/div>\n","protected":false},"featured_media":9381,"template":"","meta":{"_et_pb_use_builder":"","_et_pb_old_content":"","_et_gb_content_width":""},"product_brand":[],"product_cat":[82],"product_tag":[379,1184,1185,701,1188,763,1189,378,381],"class_list":{"0":"post-9380","1":"product","2":"type-product","3":"status-publish","4":"has-post-thumbnail","6":"product_cat-unterwegs-picknick-praktische-lieblingsstuecke-regalino","7":"product_tag-flasche","8":"product_tag-isolierflasche","9":"product_tag-qwetsch","10":"product_tag-tee","11":"product_tag-teebecher","12":"product_tag-teekanne","13":"product_tag-teesieb","14":"product_tag-thermoskanne","15":"product_tag-trinkflasche","17":"first","18":"instock","19":"taxable","20":"shipping-taxable","21":"purchasable","22":"product-type-simple"},"yoast_head":"<!-- This site is optimized with the Yoast SEO plugin v27.5 - https:\/\/yoast.com\/product\/yoast-seo-wordpress\/ -->\n<title>Qwetsch Schraubverschluss mit Sieb f\u00fcr 500 ml Flaschen - Regalino -Lively Style<\/title>\n<meta name=\"robots\" content=\"index, follow, max-snippet:-1, max-image-preview:large, max-video-preview:-1\" \/>\n<link rel=\"canonical\" href=\"https:\/\/Regalino-Shop.de\/?product=qwetsch-schraubverschluss-mit-sieb-fuer-500-ml-flaschen\" \/>\n<meta property=\"og:locale\" content=\"de_DE\" \/>\n<meta property=\"og:type\" content=\"article\" \/>\n<meta property=\"og:title\" content=\"Qwetsch Schraubverschluss mit Sieb f\u00fcr 500 ml Flaschen - Regalino -Lively Style\" \/>\n<meta property=\"og:description\" content=\"Der Edelstahl-Deckel mit aufsetzbarem Sieb, passt auf alle Qwetch-Isolierflaschen der entsprechenden Gr\u00f6\u00dfe. Der Deckel kann allein oder zusammen mit dem Filter verwendet werden (der Filter kann von der Kappe auf- und abgeschraubt werden). Dieser Deckel ist das ideale Accessoire f\u00fcr passionierte Teetrinker, die je nach Situation Tee oder andere Getr\u00e4nke genie\u00dfen m\u00f6chten.       Innenseite des Deckels aus Edelstahl 304 (18\/8)  Struktur PP5 ohne BPA  Lebensmittelkontakt mit Edelstahl      BPA-frei  100% dicht  Gesundheitsvertr\u00e4gliche Materialien\" \/>\n<meta property=\"og:url\" content=\"https:\/\/Regalino-Shop.de\/?product=qwetsch-schraubverschluss-mit-sieb-fuer-500-ml-flaschen\" \/>\n<meta property=\"og:site_name\" content=\"Regalino -Lively Style\" \/>\n<meta property=\"article:modified_time\" content=\"2024-03-08T12:23:13+00:00\" \/>\n<meta property=\"og:image\" content=\"https:\/\/Regalino-Shop.de\/wp-content\/uploads\/2022\/08\/QDBF3900_bouchon_filtre_inox_OK.png\" \/>\n\t<meta property=\"og:image:width\" content=\"1100\" \/>\n\t<meta property=\"og:image:height\" content=\"1100\" \/>\n\t<meta property=\"og:image:type\" content=\"image\/png\" \/>\n<meta name=\"twitter:card\" content=\"summary_large_image\" \/>\n<script type=\"application\/ld+json\" class=\"yoast-schema-graph\">{\"@context\":\"https:\\\/\\\/schema.org\",\"@graph\":[{\"@type\":\"WebPage\",\"@id\":\"https:\\\/\\\/Regalino-Shop.de\\\/?product=qwetsch-schraubverschluss-mit-sieb-fuer-500-ml-flaschen\",\"url\":\"https:\\\/\\\/Regalino-Shop.de\\\/?product=qwetsch-schraubverschluss-mit-sieb-fuer-500-ml-flaschen\",\"name\":\"Qwetsch Schraubverschluss mit Sieb f\u00fcr 500 ml Flaschen - Regalino -Lively Style\",\"isPartOf\":{\"@id\":\"https:\\\/\\\/Regalino-Shop.de\\\/#website\"},\"primaryImageOfPage\":{\"@id\":\"https:\\\/\\\/Regalino-Shop.de\\\/?product=qwetsch-schraubverschluss-mit-sieb-fuer-500-ml-flaschen#primaryimage\"},\"image\":{\"@id\":\"https:\\\/\\\/Regalino-Shop.de\\\/?product=qwetsch-schraubverschluss-mit-sieb-fuer-500-ml-flaschen#primaryimage\"},\"thumbnailUrl\":\"https:\\\/\\\/Regalino-Shop.de\\\/wp-content\\\/uploads\\\/2022\\\/08\\\/QDBF3900_bouchon_filtre_inox_OK.png\",\"datePublished\":\"2022-08-26T09:07:37+00:00\",\"dateModified\":\"2024-03-08T12:23:13+00:00\",\"breadcrumb\":{\"@id\":\"https:\\\/\\\/Regalino-Shop.de\\\/?product=qwetsch-schraubverschluss-mit-sieb-fuer-500-ml-flaschen#breadcrumb\"},\"inLanguage\":\"de\",\"potentialAction\":[{\"@type\":\"ReadAction\",\"target\":[\"https:\\\/\\\/Regalino-Shop.de\\\/?product=qwetsch-schraubverschluss-mit-sieb-fuer-500-ml-flaschen\"]}]},{\"@type\":\"ImageObject\",\"inLanguage\":\"de\",\"@id\":\"https:\\\/\\\/Regalino-Shop.de\\\/?product=qwetsch-schraubverschluss-mit-sieb-fuer-500-ml-flaschen#primaryimage\",\"url\":\"https:\\\/\\\/Regalino-Shop.de\\\/wp-content\\\/uploads\\\/2022\\\/08\\\/QDBF3900_bouchon_filtre_inox_OK.png\",\"contentUrl\":\"https:\\\/\\\/Regalino-Shop.de\\\/wp-content\\\/uploads\\\/2022\\\/08\\\/QDBF3900_bouchon_filtre_inox_OK.png\",\"width\":1100,\"height\":1100},{\"@type\":\"BreadcrumbList\",\"@id\":\"https:\\\/\\\/Regalino-Shop.de\\\/?product=qwetsch-schraubverschluss-mit-sieb-fuer-500-ml-flaschen#breadcrumb\",\"itemListElement\":[{\"@type\":\"ListItem\",\"position\":1,\"name\":\"Startseite\",\"item\":\"https:\\\/\\\/Regalino-Shop.de\\\/\"},{\"@type\":\"ListItem\",\"position\":2,\"name\":\"Shop\",\"item\":\"https:\\\/\\\/Regalino-Shop.de\\\/?page_id=40\"},{\"@type\":\"ListItem\",\"position\":3,\"name\":\"Qwetsch Schraubverschluss mit Sieb f\u00fcr 500 ml Flaschen\"}]},{\"@type\":\"WebSite\",\"@id\":\"https:\\\/\\\/Regalino-Shop.de\\\/#website\",\"url\":\"https:\\\/\\\/Regalino-Shop.de\\\/\",\"name\":\"Regalino -Lively Style\",\"description\":\"gelebtes Zuhause\",\"potentialAction\":[{\"@type\":\"SearchAction\",\"target\":{\"@type\":\"EntryPoint\",\"urlTemplate\":\"https:\\\/\\\/Regalino-Shop.de\\\/?s={search_term_string}\"},\"query-input\":{\"@type\":\"PropertyValueSpecification\",\"valueRequired\":true,\"valueName\":\"search_term_string\"}}],\"inLanguage\":\"de\"}]}<\/script>\n<!-- \/ Yoast SEO plugin. -->","yoast_head_json":{"title":"Qwetsch Schraubverschluss mit Sieb f\u00fcr 500 ml Flaschen - Regalino -Lively Style","robots":{"index":"index","follow":"follow","max-snippet":"max-snippet:-1","max-image-preview":"max-image-preview:large","max-video-preview":"max-video-preview:-1"},"canonical":"https:\/\/Regalino-Shop.de\/?product=qwetsch-schraubverschluss-mit-sieb-fuer-500-ml-flaschen","og_locale":"de_DE","og_type":"article","og_title":"Qwetsch Schraubverschluss mit Sieb f\u00fcr 500 ml Flaschen - Regalino -Lively Style","og_description":"Der Edelstahl-Deckel mit aufsetzbarem Sieb, passt auf alle Qwetch-Isolierflaschen der entsprechenden Gr\u00f6\u00dfe. Der Deckel kann allein oder zusammen mit dem Filter verwendet werden (der Filter kann von der Kappe auf- und abgeschraubt werden). Dieser Deckel ist das ideale Accessoire f\u00fcr passionierte Teetrinker, die je nach Situation Tee oder andere Getr\u00e4nke genie\u00dfen m\u00f6chten.       Innenseite des Deckels aus Edelstahl 304 (18\/8)  Struktur PP5 ohne BPA  Lebensmittelkontakt mit Edelstahl      BPA-frei  100% dicht  Gesundheitsvertr\u00e4gliche Materialien","og_url":"https:\/\/Regalino-Shop.de\/?product=qwetsch-schraubverschluss-mit-sieb-fuer-500-ml-flaschen","og_site_name":"Regalino -Lively Style","article_modified_time":"2024-03-08T12:23:13+00:00","og_image":[{"width":1100,"height":1100,"url":"https:\/\/Regalino-Shop.de\/wp-content\/uploads\/2022\/08\/QDBF3900_bouchon_filtre_inox_OK.png","type":"image\/png"}],"twitter_card":"summary_large_image","schema":{"@context":"https:\/\/schema.org","@graph":[{"@type":"WebPage","@id":"https:\/\/Regalino-Shop.de\/?product=qwetsch-schraubverschluss-mit-sieb-fuer-500-ml-flaschen","url":"https:\/\/Regalino-Shop.de\/?product=qwetsch-schraubverschluss-mit-sieb-fuer-500-ml-flaschen","name":"Qwetsch Schraubverschluss mit Sieb f\u00fcr 500 ml Flaschen - Regalino -Lively Style","isPartOf":{"@id":"https:\/\/Regalino-Shop.de\/#website"},"primaryImageOfPage":{"@id":"https:\/\/Regalino-Shop.de\/?product=qwetsch-schraubverschluss-mit-sieb-fuer-500-ml-flaschen#primaryimage"},"image":{"@id":"https:\/\/Regalino-Shop.de\/?product=qwetsch-schraubverschluss-mit-sieb-fuer-500-ml-flaschen#primaryimage"},"thumbnailUrl":"https:\/\/Regalino-Shop.de\/wp-content\/uploads\/2022\/08\/QDBF3900_bouchon_filtre_inox_OK.png","datePublished":"2022-08-26T09:07:37+00:00","dateModified":"2024-03-08T12:23:13+00:00","breadcrumb":{"@id":"https:\/\/Regalino-Shop.de\/?product=qwetsch-schraubverschluss-mit-sieb-fuer-500-ml-flaschen#breadcrumb"},"inLanguage":"de","potentialAction":[{"@type":"ReadAction","target":["https:\/\/Regalino-Shop.de\/?product=qwetsch-schraubverschluss-mit-sieb-fuer-500-ml-flaschen"]}]},{"@type":"ImageObject","inLanguage":"de","@id":"https:\/\/Regalino-Shop.de\/?product=qwetsch-schraubverschluss-mit-sieb-fuer-500-ml-flaschen#primaryimage","url":"https:\/\/Regalino-Shop.de\/wp-content\/uploads\/2022\/08\/QDBF3900_bouchon_filtre_inox_OK.png","contentUrl":"https:\/\/Regalino-Shop.de\/wp-content\/uploads\/2022\/08\/QDBF3900_bouchon_filtre_inox_OK.png","width":1100,"height":1100},{"@type":"BreadcrumbList","@id":"https:\/\/Regalino-Shop.de\/?product=qwetsch-schraubverschluss-mit-sieb-fuer-500-ml-flaschen#breadcrumb","itemListElement":[{"@type":"ListItem","position":1,"name":"Startseite","item":"https:\/\/Regalino-Shop.de\/"},{"@type":"ListItem","position":2,"name":"Shop","item":"https:\/\/Regalino-Shop.de\/?page_id=40"},{"@type":"ListItem","position":3,"name":"Qwetsch Schraubverschluss mit Sieb f\u00fcr 500 ml Flaschen"}]},{"@type":"WebSite","@id":"https:\/\/Regalino-Shop.de\/#website","url":"https:\/\/Regalino-Shop.de\/","name":"Regalino -Lively Style","description":"gelebtes Zuhause","potentialAction":[{"@type":"SearchAction","target":{"@type":"EntryPoint","urlTemplate":"https:\/\/Regalino-Shop.de\/?s={search_term_string}"},"query-input":{"@type":"PropertyValueSpecification","valueRequired":true,"valueName":"search_term_string"}}],"inLanguage":"de"}]}},"_links":{"self":[{"href":"https:\/\/Regalino-Shop.de\/index.php?rest_route=\/wp\/v2\/product\/9380","targetHints":{"allow":["GET"]}}],"collection":[{"href":"https:\/\/Regalino-Shop.de\/index.php?rest_route=\/wp\/v2\/product"}],"about":[{"href":"https:\/\/Regalino-Shop.de\/index.php?rest_route=\/wp\/v2\/types\/product"}],"wp:featuredmedia":[{"embeddable":true,"href":"https:\/\/Regalino-Shop.de\/index.php?rest_route=\/wp\/v2\/media\/9381"}],"wp:attachment":[{"href":"https:\/\/Regalino-Shop.de\/index.php?rest_route=%2Fwp%2Fv2%2Fmedia&parent=9380"}],"wp:term":[{"taxonomy":"product_brand","embeddable":true,"href":"https:\/\/Regalino-Shop.de\/index.php?rest_route=%2Fwp%2Fv2%2Fproduct_brand&post=9380"},{"taxonomy":"product_cat","embeddable":true,"href":"https:\/\/Regalino-Shop.de\/index.php?rest_route=%2Fwp%2Fv2%2Fproduct_cat&post=9380"},{"taxonomy":"product_tag","embeddable":true,"href":"https:\/\/Regalino-Shop.de\/index.php?rest_route=%2Fwp%2Fv2%2Fproduct_tag&post=9380"}],"curies":[{"name":"wp","href":"https:\/\/api.w.org\/{rel}","templated":true}]}}