{"id":9403,"date":"2022-08-27T11:37:33","date_gmt":"2022-08-27T11:37:33","guid":{"rendered":"https:\/\/Regalino-Shop.de\/?post_type=product&#038;p=9403"},"modified":"2026-03-11T15:42:49","modified_gmt":"2026-03-11T15:42:49","slug":"decke-blocks-75-cm-x-100-cm-von-laessig","status":"publish","type":"product","link":"https:\/\/Regalino-Shop.de\/?product=decke-blocks-75-cm-x-100-cm-von-laessig","title":{"rendered":"Decke *Blocks* 75 cm x 100 cm von L\u00e4ssig"},"content":{"rendered":"","protected":false},"excerpt":{"rendered":"<div id=\"tab-product-description\" class=\"ui-tabs-panel ui-widget-content ui-corner-bottom\" role=\"tabpanel\" aria-labelledby=\"ui-id-1\" aria-hidden=\"false\">\n<div class=\"description\">\n<p>Die GOTS zertifizierte L\u00c4SSIG Mull Babydecke sorgt mit ihren gem\u00fctlichen Farbt\u00f6nen und der Baumwolle (bio) f\u00fcr den Rundum-Wohlf\u00fchlfaktor. Sie ist besonders sanft zur sensiblen Babyhaut und ideal zum Einkuscheln zu Hause oder unterwegs.<\/p>\n<p>Die Mull Decke in der Gr\u00f6\u00dfe 75 x 100 cm begeistert Familien durch ihre vielseitigen Verwendungsm\u00f6glichkeiten \u2013 als Unterlage, Krabbeldecke, zum Zudecken, Pucken oder einfach zum Kuscheln. Sie ist wendbar und sorgt dank ihrer Vorderseite mit schlichten Prints sowie einer einfarbigen R\u00fcckseite stets f\u00fcr Abwechslung.<\/p>\n<p>Das mehrlagige Mull-Gewebe verleiht der Babydecke eine sch\u00f6ne Struktur sowie ein weiches und luftig leichtes Tragegef\u00fchl. So ist die Babydecke atmungsaktiv und wird nach jedem Waschgang noch weicher.<\/p>\n<p>Die Decke ist waschbar bei 60 \u00b0C und gem\u00e4\u00df der GOTS Richtlinien (Global Organic Textile Standard) produziert und zertifiziert.<\/p>\n<p>Material: <span class=\"a7 gk at\">100% Bio-Baumwolle<br \/>\n<\/span><\/p>\n<p>Farbe: taupe, beige (R\u00fcckseite uni taupe)<\/p>\n<p><span class=\"a7 gk at\">Maschinenw\u00e4sche 60 \u00b0 C.<\/span><\/p>\n<p>&nbsp;<\/p>\n<p>&nbsp;<\/p>\n<\/div>\n<\/div>\n","protected":false},"featured_media":9404,"template":"","meta":{"_et_pb_use_builder":"","_et_pb_old_content":"","_et_gb_content_width":""},"product_brand":[],"product_cat":[94],"product_tag":[841,609,1195,542],"class_list":{"0":"post-9403","1":"product","2":"type-product","3":"status-publish","4":"has-post-thumbnail","6":"product_cat-kinderzimmer-deko-im-scandi-breton-stil-regalino","7":"product_tag-babydecke","8":"product_tag-decke","9":"product_tag-krabbeldecke","10":"product_tag-kuscheldecke","12":"first","13":"instock","14":"taxable","15":"shipping-taxable","16":"purchasable","17":"product-type-simple"},"yoast_head":"<!-- This site is optimized with the Yoast SEO plugin v27.5 - https:\/\/yoast.com\/product\/yoast-seo-wordpress\/ -->\n<title>Decke *Blocks* 75 cm x 100 cm von L\u00e4ssig - Regalino -Lively Style<\/title>\n<meta name=\"robots\" content=\"index, follow, max-snippet:-1, max-image-preview:large, max-video-preview:-1\" \/>\n<link rel=\"canonical\" href=\"https:\/\/Regalino-Shop.de\/?product=decke-blocks-75-cm-x-100-cm-von-laessig\" \/>\n<meta property=\"og:locale\" content=\"de_DE\" \/>\n<meta property=\"og:type\" content=\"article\" \/>\n<meta property=\"og:title\" content=\"Decke *Blocks* 75 cm x 100 cm von L\u00e4ssig - Regalino -Lively Style\" \/>\n<meta property=\"og:description\" content=\"Die GOTS zertifizierte L\u00c4SSIG Mull Babydecke sorgt mit ihren gem\u00fctlichen Farbt\u00f6nen und der Baumwolle (bio) f\u00fcr den Rundum-Wohlf\u00fchlfaktor. Sie ist besonders sanft zur sensiblen Babyhaut und ideal zum Einkuscheln zu Hause oder unterwegs.  Die Mull Decke in der Gr\u00f6\u00dfe 75 x 100 cm begeistert Familien durch ihre vielseitigen Verwendungsm\u00f6glichkeiten \u2013 als Unterlage, Krabbeldecke, zum Zudecken, Pucken oder einfach zum Kuscheln. Sie ist wendbar und sorgt dank ihrer Vorderseite mit schlichten Prints sowie einer einfarbigen R\u00fcckseite stets f\u00fcr Abwechslung.  Das mehrlagige Mull-Gewebe verleiht der Babydecke eine sch\u00f6ne Struktur sowie ein weiches und luftig leichtes Tragegef\u00fchl. So ist die Babydecke atmungsaktiv und wird nach jedem Waschgang noch weicher.  Die Decke ist waschbar bei 60 \u00b0C und gem\u00e4\u00df der GOTS Richtlinien (Global Organic Textile Standard) produziert und zertifiziert.  Material: 100% Bio-Baumwolle   Farbe: taupe, beige (R\u00fcckseite uni taupe)  Maschinenw\u00e4sche 60 \u00b0 C.  &nbsp;  &nbsp;\" \/>\n<meta property=\"og:url\" content=\"https:\/\/Regalino-Shop.de\/?product=decke-blocks-75-cm-x-100-cm-von-laessig\" \/>\n<meta property=\"og:site_name\" content=\"Regalino -Lively Style\" \/>\n<meta property=\"article:modified_time\" content=\"2026-03-11T15:42:49+00:00\" \/>\n<meta property=\"og:image\" content=\"https:\/\/Regalino-Shop.de\/wp-content\/uploads\/2022\/08\/Decke-blocks.jpg\" \/>\n\t<meta property=\"og:image:width\" content=\"2000\" \/>\n\t<meta property=\"og:image:height\" content=\"2000\" \/>\n\t<meta property=\"og:image:type\" content=\"image\/jpeg\" \/>\n<meta name=\"twitter:card\" content=\"summary_large_image\" \/>\n<script type=\"application\/ld+json\" class=\"yoast-schema-graph\">{\"@context\":\"https:\\\/\\\/schema.org\",\"@graph\":[{\"@type\":\"WebPage\",\"@id\":\"https:\\\/\\\/Regalino-Shop.de\\\/?product=decke-blocks-75-cm-x-100-cm-von-laessig\",\"url\":\"https:\\\/\\\/Regalino-Shop.de\\\/?product=decke-blocks-75-cm-x-100-cm-von-laessig\",\"name\":\"Decke *Blocks* 75 cm x 100 cm von L\u00e4ssig - Regalino -Lively Style\",\"isPartOf\":{\"@id\":\"https:\\\/\\\/Regalino-Shop.de\\\/#website\"},\"primaryImageOfPage\":{\"@id\":\"https:\\\/\\\/Regalino-Shop.de\\\/?product=decke-blocks-75-cm-x-100-cm-von-laessig#primaryimage\"},\"image\":{\"@id\":\"https:\\\/\\\/Regalino-Shop.de\\\/?product=decke-blocks-75-cm-x-100-cm-von-laessig#primaryimage\"},\"thumbnailUrl\":\"https:\\\/\\\/Regalino-Shop.de\\\/wp-content\\\/uploads\\\/2022\\\/08\\\/Decke-blocks.jpg\",\"datePublished\":\"2022-08-27T11:37:33+00:00\",\"dateModified\":\"2026-03-11T15:42:49+00:00\",\"breadcrumb\":{\"@id\":\"https:\\\/\\\/Regalino-Shop.de\\\/?product=decke-blocks-75-cm-x-100-cm-von-laessig#breadcrumb\"},\"inLanguage\":\"de\",\"potentialAction\":[{\"@type\":\"ReadAction\",\"target\":[\"https:\\\/\\\/Regalino-Shop.de\\\/?product=decke-blocks-75-cm-x-100-cm-von-laessig\"]}]},{\"@type\":\"ImageObject\",\"inLanguage\":\"de\",\"@id\":\"https:\\\/\\\/Regalino-Shop.de\\\/?product=decke-blocks-75-cm-x-100-cm-von-laessig#primaryimage\",\"url\":\"https:\\\/\\\/Regalino-Shop.de\\\/wp-content\\\/uploads\\\/2022\\\/08\\\/Decke-blocks.jpg\",\"contentUrl\":\"https:\\\/\\\/Regalino-Shop.de\\\/wp-content\\\/uploads\\\/2022\\\/08\\\/Decke-blocks.jpg\",\"width\":2000,\"height\":2000},{\"@type\":\"BreadcrumbList\",\"@id\":\"https:\\\/\\\/Regalino-Shop.de\\\/?product=decke-blocks-75-cm-x-100-cm-von-laessig#breadcrumb\",\"itemListElement\":[{\"@type\":\"ListItem\",\"position\":1,\"name\":\"Startseite\",\"item\":\"https:\\\/\\\/Regalino-Shop.de\\\/\"},{\"@type\":\"ListItem\",\"position\":2,\"name\":\"Shop\",\"item\":\"https:\\\/\\\/Regalino-Shop.de\\\/?page_id=40\"},{\"@type\":\"ListItem\",\"position\":3,\"name\":\"Decke *Blocks* 75 cm x 100 cm von L\u00e4ssig\"}]},{\"@type\":\"WebSite\",\"@id\":\"https:\\\/\\\/Regalino-Shop.de\\\/#website\",\"url\":\"https:\\\/\\\/Regalino-Shop.de\\\/\",\"name\":\"Regalino -Lively Style\",\"description\":\"gelebtes Zuhause\",\"potentialAction\":[{\"@type\":\"SearchAction\",\"target\":{\"@type\":\"EntryPoint\",\"urlTemplate\":\"https:\\\/\\\/Regalino-Shop.de\\\/?s={search_term_string}\"},\"query-input\":{\"@type\":\"PropertyValueSpecification\",\"valueRequired\":true,\"valueName\":\"search_term_string\"}}],\"inLanguage\":\"de\"}]}<\/script>\n<!-- \/ Yoast SEO plugin. -->","yoast_head_json":{"title":"Decke *Blocks* 75 cm x 100 cm von L\u00e4ssig - Regalino -Lively Style","robots":{"index":"index","follow":"follow","max-snippet":"max-snippet:-1","max-image-preview":"max-image-preview:large","max-video-preview":"max-video-preview:-1"},"canonical":"https:\/\/Regalino-Shop.de\/?product=decke-blocks-75-cm-x-100-cm-von-laessig","og_locale":"de_DE","og_type":"article","og_title":"Decke *Blocks* 75 cm x 100 cm von L\u00e4ssig - Regalino -Lively Style","og_description":"Die GOTS zertifizierte L\u00c4SSIG Mull Babydecke sorgt mit ihren gem\u00fctlichen Farbt\u00f6nen und der Baumwolle (bio) f\u00fcr den Rundum-Wohlf\u00fchlfaktor. Sie ist besonders sanft zur sensiblen Babyhaut und ideal zum Einkuscheln zu Hause oder unterwegs.  Die Mull Decke in der Gr\u00f6\u00dfe 75 x 100 cm begeistert Familien durch ihre vielseitigen Verwendungsm\u00f6glichkeiten \u2013 als Unterlage, Krabbeldecke, zum Zudecken, Pucken oder einfach zum Kuscheln. Sie ist wendbar und sorgt dank ihrer Vorderseite mit schlichten Prints sowie einer einfarbigen R\u00fcckseite stets f\u00fcr Abwechslung.  Das mehrlagige Mull-Gewebe verleiht der Babydecke eine sch\u00f6ne Struktur sowie ein weiches und luftig leichtes Tragegef\u00fchl. So ist die Babydecke atmungsaktiv und wird nach jedem Waschgang noch weicher.  Die Decke ist waschbar bei 60 \u00b0C und gem\u00e4\u00df der GOTS Richtlinien (Global Organic Textile Standard) produziert und zertifiziert.  Material: 100% Bio-Baumwolle   Farbe: taupe, beige (R\u00fcckseite uni taupe)  Maschinenw\u00e4sche 60 \u00b0 C.  &nbsp;  &nbsp;","og_url":"https:\/\/Regalino-Shop.de\/?product=decke-blocks-75-cm-x-100-cm-von-laessig","og_site_name":"Regalino -Lively Style","article_modified_time":"2026-03-11T15:42:49+00:00","og_image":[{"width":2000,"height":2000,"url":"https:\/\/Regalino-Shop.de\/wp-content\/uploads\/2022\/08\/Decke-blocks.jpg","type":"image\/jpeg"}],"twitter_card":"summary_large_image","schema":{"@context":"https:\/\/schema.org","@graph":[{"@type":"WebPage","@id":"https:\/\/Regalino-Shop.de\/?product=decke-blocks-75-cm-x-100-cm-von-laessig","url":"https:\/\/Regalino-Shop.de\/?product=decke-blocks-75-cm-x-100-cm-von-laessig","name":"Decke *Blocks* 75 cm x 100 cm von L\u00e4ssig - Regalino -Lively Style","isPartOf":{"@id":"https:\/\/Regalino-Shop.de\/#website"},"primaryImageOfPage":{"@id":"https:\/\/Regalino-Shop.de\/?product=decke-blocks-75-cm-x-100-cm-von-laessig#primaryimage"},"image":{"@id":"https:\/\/Regalino-Shop.de\/?product=decke-blocks-75-cm-x-100-cm-von-laessig#primaryimage"},"thumbnailUrl":"https:\/\/Regalino-Shop.de\/wp-content\/uploads\/2022\/08\/Decke-blocks.jpg","datePublished":"2022-08-27T11:37:33+00:00","dateModified":"2026-03-11T15:42:49+00:00","breadcrumb":{"@id":"https:\/\/Regalino-Shop.de\/?product=decke-blocks-75-cm-x-100-cm-von-laessig#breadcrumb"},"inLanguage":"de","potentialAction":[{"@type":"ReadAction","target":["https:\/\/Regalino-Shop.de\/?product=decke-blocks-75-cm-x-100-cm-von-laessig"]}]},{"@type":"ImageObject","inLanguage":"de","@id":"https:\/\/Regalino-Shop.de\/?product=decke-blocks-75-cm-x-100-cm-von-laessig#primaryimage","url":"https:\/\/Regalino-Shop.de\/wp-content\/uploads\/2022\/08\/Decke-blocks.jpg","contentUrl":"https:\/\/Regalino-Shop.de\/wp-content\/uploads\/2022\/08\/Decke-blocks.jpg","width":2000,"height":2000},{"@type":"BreadcrumbList","@id":"https:\/\/Regalino-Shop.de\/?product=decke-blocks-75-cm-x-100-cm-von-laessig#breadcrumb","itemListElement":[{"@type":"ListItem","position":1,"name":"Startseite","item":"https:\/\/Regalino-Shop.de\/"},{"@type":"ListItem","position":2,"name":"Shop","item":"https:\/\/Regalino-Shop.de\/?page_id=40"},{"@type":"ListItem","position":3,"name":"Decke *Blocks* 75 cm x 100 cm von L\u00e4ssig"}]},{"@type":"WebSite","@id":"https:\/\/Regalino-Shop.de\/#website","url":"https:\/\/Regalino-Shop.de\/","name":"Regalino -Lively Style","description":"gelebtes Zuhause","potentialAction":[{"@type":"SearchAction","target":{"@type":"EntryPoint","urlTemplate":"https:\/\/Regalino-Shop.de\/?s={search_term_string}"},"query-input":{"@type":"PropertyValueSpecification","valueRequired":true,"valueName":"search_term_string"}}],"inLanguage":"de"}]}},"_links":{"self":[{"href":"https:\/\/Regalino-Shop.de\/index.php?rest_route=\/wp\/v2\/product\/9403","targetHints":{"allow":["GET"]}}],"collection":[{"href":"https:\/\/Regalino-Shop.de\/index.php?rest_route=\/wp\/v2\/product"}],"about":[{"href":"https:\/\/Regalino-Shop.de\/index.php?rest_route=\/wp\/v2\/types\/product"}],"wp:featuredmedia":[{"embeddable":true,"href":"https:\/\/Regalino-Shop.de\/index.php?rest_route=\/wp\/v2\/media\/9404"}],"wp:attachment":[{"href":"https:\/\/Regalino-Shop.de\/index.php?rest_route=%2Fwp%2Fv2%2Fmedia&parent=9403"}],"wp:term":[{"taxonomy":"product_brand","embeddable":true,"href":"https:\/\/Regalino-Shop.de\/index.php?rest_route=%2Fwp%2Fv2%2Fproduct_brand&post=9403"},{"taxonomy":"product_cat","embeddable":true,"href":"https:\/\/Regalino-Shop.de\/index.php?rest_route=%2Fwp%2Fv2%2Fproduct_cat&post=9403"},{"taxonomy":"product_tag","embeddable":true,"href":"https:\/\/Regalino-Shop.de\/index.php?rest_route=%2Fwp%2Fv2%2Fproduct_tag&post=9403"}],"curies":[{"name":"wp","href":"https:\/\/api.w.org\/{rel}","templated":true}]}}