{"id":9797,"date":"2022-09-13T09:38:14","date_gmt":"2022-09-13T09:38:14","guid":{"rendered":"https:\/\/Regalino-Shop.de\/?post_type=product&#038;p=9797"},"modified":"2026-03-11T12:53:16","modified_gmt":"2026-03-11T12:53:16","slug":"kleiner-hosentaschen-baer-ocker-von-fabelab","status":"publish","type":"product","link":"https:\/\/Regalino-Shop.de\/?product=kleiner-hosentaschen-baer-ocker-von-fabelab","title":{"rendered":"kleiner Hosentaschen *B\u00e4r* ocker von Fabelab"},"content":{"rendered":"","protected":false},"excerpt":{"rendered":"<div class=\"_1FTz3 fggS- cell\">\n<section class=\"_2RbVQ\" data-hook=\"description-wrapper\">\n<div class=\"_3nbVj\">\n<div class=\"_3cRjW\" data-hook=\"content-wrapper\">\n<p>kleiner Seelentr\u00f6ster, bewahrt jedes Geheimnis ..braucht kein Futter, nur gaaaannzz viele liebevolle Umarmung<\/p>\n<p>kleiner B\u00e4r in gen\u00e4hter Hosentasche mit kurzen Bindeb\u00e4ndern &#8230;der s\u00fcsse B\u00e4r hat eine prima Gr\u00f6sse f\u00fcr kleine Kinderh\u00e4nde<\/p>\n<\/div>\n<\/div>\n<div class=\"_3nbVj\">\n<p>Farbe: ocker<\/p>\n<div class=\"_3cRjW\" data-hook=\"content-wrapper\">\n<p>Gr\u00f6\u00dfe des B\u00e4ren: ca 12 cm<\/p>\n<p>Material: Bio-Baumwolle, F\u00fcllung aus Maisfaser<\/p>\n<\/div>\n<\/div>\n<\/section>\n<\/div>\n","protected":false},"featured_media":9799,"template":"","meta":{"_et_pb_use_builder":"","_et_pb_old_content":"","_et_gb_content_width":""},"product_brand":[],"product_cat":[93],"product_tag":[837,893,894],"class_list":{"0":"post-9797","1":"product","2":"type-product","3":"status-publish","4":"has-post-thumbnail","6":"product_cat-spielzeug-kuscheltiere-mit-liebevollen-details-regalino","7":"product_tag-baby","8":"product_tag-geschenk-zur-geburt","9":"product_tag-schmusetuch","11":"first","12":"instock","13":"taxable","14":"shipping-taxable","15":"purchasable","16":"product-type-simple"},"yoast_head":"<!-- This site is optimized with the Yoast SEO plugin v27.5 - https:\/\/yoast.com\/product\/yoast-seo-wordpress\/ -->\n<title>kleiner Hosentaschen *B\u00e4r* ocker von Fabelab - Regalino -Lively Style<\/title>\n<meta name=\"description\" content=\"kleiner Seelentr\u00f6ster, bewahrt jedes Geheimnis ..braucht kein Futter, nur gaaaannzz viele liebevolle Umarmungkleiner B\u00e4r in gen\u00e4hter Hosentasche mit kurzen Bindeb\u00e4ndern ...der s\u00fcsse B\u00e4r hat eine prima Gr\u00f6sse f\u00fcr kleine Kinderh\u00e4nde\" \/>\n<meta name=\"robots\" content=\"index, follow, max-snippet:-1, max-image-preview:large, max-video-preview:-1\" \/>\n<link rel=\"canonical\" href=\"https:\/\/Regalino-Shop.de\/?product=kleiner-hosentaschen-baer-ocker-von-fabelab\" \/>\n<meta property=\"og:locale\" content=\"de_DE\" \/>\n<meta property=\"og:type\" content=\"article\" \/>\n<meta property=\"og:title\" content=\"kleiner Hosentaschen *B\u00e4r* ocker von Fabelab - Regalino -Lively Style\" \/>\n<meta property=\"og:description\" content=\"kleiner Seelentr\u00f6ster, bewahrt jedes Geheimnis ..braucht kein Futter, nur gaaaannzz viele liebevolle Umarmungkleiner B\u00e4r in gen\u00e4hter Hosentasche mit kurzen Bindeb\u00e4ndern ...der s\u00fcsse B\u00e4r hat eine prima Gr\u00f6sse f\u00fcr kleine Kinderh\u00e4nde\" \/>\n<meta property=\"og:url\" content=\"https:\/\/Regalino-Shop.de\/?product=kleiner-hosentaschen-baer-ocker-von-fabelab\" \/>\n<meta property=\"og:site_name\" content=\"Regalino -Lively Style\" \/>\n<meta property=\"article:modified_time\" content=\"2026-03-11T12:53:16+00:00\" \/>\n<meta property=\"og:image\" content=\"https:\/\/Regalino-Shop.de\/wp-content\/uploads\/2022\/09\/pocket-baer.png\" \/>\n\t<meta property=\"og:image:width\" content=\"750\" \/>\n\t<meta property=\"og:image:height\" content=\"750\" \/>\n\t<meta property=\"og:image:type\" content=\"image\/png\" \/>\n<meta name=\"twitter:card\" content=\"summary_large_image\" \/>\n<script type=\"application\/ld+json\" class=\"yoast-schema-graph\">{\"@context\":\"https:\\\/\\\/schema.org\",\"@graph\":[{\"@type\":\"WebPage\",\"@id\":\"https:\\\/\\\/Regalino-Shop.de\\\/?product=kleiner-hosentaschen-baer-ocker-von-fabelab\",\"url\":\"https:\\\/\\\/Regalino-Shop.de\\\/?product=kleiner-hosentaschen-baer-ocker-von-fabelab\",\"name\":\"kleiner Hosentaschen *B\u00e4r* ocker von Fabelab - Regalino -Lively Style\",\"isPartOf\":{\"@id\":\"https:\\\/\\\/Regalino-Shop.de\\\/#website\"},\"primaryImageOfPage\":{\"@id\":\"https:\\\/\\\/Regalino-Shop.de\\\/?product=kleiner-hosentaschen-baer-ocker-von-fabelab#primaryimage\"},\"image\":{\"@id\":\"https:\\\/\\\/Regalino-Shop.de\\\/?product=kleiner-hosentaschen-baer-ocker-von-fabelab#primaryimage\"},\"thumbnailUrl\":\"https:\\\/\\\/Regalino-Shop.de\\\/wp-content\\\/uploads\\\/2022\\\/09\\\/pocket-baer.png\",\"datePublished\":\"2022-09-13T09:38:14+00:00\",\"dateModified\":\"2026-03-11T12:53:16+00:00\",\"description\":\"kleiner Seelentr\u00f6ster, bewahrt jedes Geheimnis ..braucht kein Futter, nur gaaaannzz viele liebevolle Umarmungkleiner B\u00e4r in gen\u00e4hter Hosentasche mit kurzen Bindeb\u00e4ndern ...der s\u00fcsse B\u00e4r hat eine prima Gr\u00f6sse f\u00fcr kleine Kinderh\u00e4nde\",\"breadcrumb\":{\"@id\":\"https:\\\/\\\/Regalino-Shop.de\\\/?product=kleiner-hosentaschen-baer-ocker-von-fabelab#breadcrumb\"},\"inLanguage\":\"de\",\"potentialAction\":[{\"@type\":\"ReadAction\",\"target\":[\"https:\\\/\\\/Regalino-Shop.de\\\/?product=kleiner-hosentaschen-baer-ocker-von-fabelab\"]}]},{\"@type\":\"ImageObject\",\"inLanguage\":\"de\",\"@id\":\"https:\\\/\\\/Regalino-Shop.de\\\/?product=kleiner-hosentaschen-baer-ocker-von-fabelab#primaryimage\",\"url\":\"https:\\\/\\\/Regalino-Shop.de\\\/wp-content\\\/uploads\\\/2022\\\/09\\\/pocket-baer.png\",\"contentUrl\":\"https:\\\/\\\/Regalino-Shop.de\\\/wp-content\\\/uploads\\\/2022\\\/09\\\/pocket-baer.png\",\"width\":750,\"height\":750},{\"@type\":\"BreadcrumbList\",\"@id\":\"https:\\\/\\\/Regalino-Shop.de\\\/?product=kleiner-hosentaschen-baer-ocker-von-fabelab#breadcrumb\",\"itemListElement\":[{\"@type\":\"ListItem\",\"position\":1,\"name\":\"Startseite\",\"item\":\"https:\\\/\\\/Regalino-Shop.de\\\/\"},{\"@type\":\"ListItem\",\"position\":2,\"name\":\"Shop\",\"item\":\"https:\\\/\\\/Regalino-Shop.de\\\/?page_id=40\"},{\"@type\":\"ListItem\",\"position\":3,\"name\":\"kleiner Hosentaschen *B\u00e4r* ocker von Fabelab\"}]},{\"@type\":\"WebSite\",\"@id\":\"https:\\\/\\\/Regalino-Shop.de\\\/#website\",\"url\":\"https:\\\/\\\/Regalino-Shop.de\\\/\",\"name\":\"Regalino -Lively Style\",\"description\":\"gelebtes Zuhause\",\"potentialAction\":[{\"@type\":\"SearchAction\",\"target\":{\"@type\":\"EntryPoint\",\"urlTemplate\":\"https:\\\/\\\/Regalino-Shop.de\\\/?s={search_term_string}\"},\"query-input\":{\"@type\":\"PropertyValueSpecification\",\"valueRequired\":true,\"valueName\":\"search_term_string\"}}],\"inLanguage\":\"de\"}]}<\/script>\n<!-- \/ Yoast SEO plugin. -->","yoast_head_json":{"title":"kleiner Hosentaschen *B\u00e4r* ocker von Fabelab - Regalino -Lively Style","description":"kleiner Seelentr\u00f6ster, bewahrt jedes Geheimnis ..braucht kein Futter, nur gaaaannzz viele liebevolle Umarmungkleiner B\u00e4r in gen\u00e4hter Hosentasche mit kurzen Bindeb\u00e4ndern ...der s\u00fcsse B\u00e4r hat eine prima Gr\u00f6sse f\u00fcr kleine Kinderh\u00e4nde","robots":{"index":"index","follow":"follow","max-snippet":"max-snippet:-1","max-image-preview":"max-image-preview:large","max-video-preview":"max-video-preview:-1"},"canonical":"https:\/\/Regalino-Shop.de\/?product=kleiner-hosentaschen-baer-ocker-von-fabelab","og_locale":"de_DE","og_type":"article","og_title":"kleiner Hosentaschen *B\u00e4r* ocker von Fabelab - Regalino -Lively Style","og_description":"kleiner Seelentr\u00f6ster, bewahrt jedes Geheimnis ..braucht kein Futter, nur gaaaannzz viele liebevolle Umarmungkleiner B\u00e4r in gen\u00e4hter Hosentasche mit kurzen Bindeb\u00e4ndern ...der s\u00fcsse B\u00e4r hat eine prima Gr\u00f6sse f\u00fcr kleine Kinderh\u00e4nde","og_url":"https:\/\/Regalino-Shop.de\/?product=kleiner-hosentaschen-baer-ocker-von-fabelab","og_site_name":"Regalino -Lively Style","article_modified_time":"2026-03-11T12:53:16+00:00","og_image":[{"width":750,"height":750,"url":"https:\/\/Regalino-Shop.de\/wp-content\/uploads\/2022\/09\/pocket-baer.png","type":"image\/png"}],"twitter_card":"summary_large_image","schema":{"@context":"https:\/\/schema.org","@graph":[{"@type":"WebPage","@id":"https:\/\/Regalino-Shop.de\/?product=kleiner-hosentaschen-baer-ocker-von-fabelab","url":"https:\/\/Regalino-Shop.de\/?product=kleiner-hosentaschen-baer-ocker-von-fabelab","name":"kleiner Hosentaschen *B\u00e4r* ocker von Fabelab - Regalino -Lively Style","isPartOf":{"@id":"https:\/\/Regalino-Shop.de\/#website"},"primaryImageOfPage":{"@id":"https:\/\/Regalino-Shop.de\/?product=kleiner-hosentaschen-baer-ocker-von-fabelab#primaryimage"},"image":{"@id":"https:\/\/Regalino-Shop.de\/?product=kleiner-hosentaschen-baer-ocker-von-fabelab#primaryimage"},"thumbnailUrl":"https:\/\/Regalino-Shop.de\/wp-content\/uploads\/2022\/09\/pocket-baer.png","datePublished":"2022-09-13T09:38:14+00:00","dateModified":"2026-03-11T12:53:16+00:00","description":"kleiner Seelentr\u00f6ster, bewahrt jedes Geheimnis ..braucht kein Futter, nur gaaaannzz viele liebevolle Umarmungkleiner B\u00e4r in gen\u00e4hter Hosentasche mit kurzen Bindeb\u00e4ndern ...der s\u00fcsse B\u00e4r hat eine prima Gr\u00f6sse f\u00fcr kleine Kinderh\u00e4nde","breadcrumb":{"@id":"https:\/\/Regalino-Shop.de\/?product=kleiner-hosentaschen-baer-ocker-von-fabelab#breadcrumb"},"inLanguage":"de","potentialAction":[{"@type":"ReadAction","target":["https:\/\/Regalino-Shop.de\/?product=kleiner-hosentaschen-baer-ocker-von-fabelab"]}]},{"@type":"ImageObject","inLanguage":"de","@id":"https:\/\/Regalino-Shop.de\/?product=kleiner-hosentaschen-baer-ocker-von-fabelab#primaryimage","url":"https:\/\/Regalino-Shop.de\/wp-content\/uploads\/2022\/09\/pocket-baer.png","contentUrl":"https:\/\/Regalino-Shop.de\/wp-content\/uploads\/2022\/09\/pocket-baer.png","width":750,"height":750},{"@type":"BreadcrumbList","@id":"https:\/\/Regalino-Shop.de\/?product=kleiner-hosentaschen-baer-ocker-von-fabelab#breadcrumb","itemListElement":[{"@type":"ListItem","position":1,"name":"Startseite","item":"https:\/\/Regalino-Shop.de\/"},{"@type":"ListItem","position":2,"name":"Shop","item":"https:\/\/Regalino-Shop.de\/?page_id=40"},{"@type":"ListItem","position":3,"name":"kleiner Hosentaschen *B\u00e4r* ocker von Fabelab"}]},{"@type":"WebSite","@id":"https:\/\/Regalino-Shop.de\/#website","url":"https:\/\/Regalino-Shop.de\/","name":"Regalino -Lively Style","description":"gelebtes Zuhause","potentialAction":[{"@type":"SearchAction","target":{"@type":"EntryPoint","urlTemplate":"https:\/\/Regalino-Shop.de\/?s={search_term_string}"},"query-input":{"@type":"PropertyValueSpecification","valueRequired":true,"valueName":"search_term_string"}}],"inLanguage":"de"}]}},"_links":{"self":[{"href":"https:\/\/Regalino-Shop.de\/index.php?rest_route=\/wp\/v2\/product\/9797","targetHints":{"allow":["GET"]}}],"collection":[{"href":"https:\/\/Regalino-Shop.de\/index.php?rest_route=\/wp\/v2\/product"}],"about":[{"href":"https:\/\/Regalino-Shop.de\/index.php?rest_route=\/wp\/v2\/types\/product"}],"wp:featuredmedia":[{"embeddable":true,"href":"https:\/\/Regalino-Shop.de\/index.php?rest_route=\/wp\/v2\/media\/9799"}],"wp:attachment":[{"href":"https:\/\/Regalino-Shop.de\/index.php?rest_route=%2Fwp%2Fv2%2Fmedia&parent=9797"}],"wp:term":[{"taxonomy":"product_brand","embeddable":true,"href":"https:\/\/Regalino-Shop.de\/index.php?rest_route=%2Fwp%2Fv2%2Fproduct_brand&post=9797"},{"taxonomy":"product_cat","embeddable":true,"href":"https:\/\/Regalino-Shop.de\/index.php?rest_route=%2Fwp%2Fv2%2Fproduct_cat&post=9797"},{"taxonomy":"product_tag","embeddable":true,"href":"https:\/\/Regalino-Shop.de\/index.php?rest_route=%2Fwp%2Fv2%2Fproduct_tag&post=9797"}],"curies":[{"name":"wp","href":"https:\/\/api.w.org\/{rel}","templated":true}]}}