{"id":9893,"date":"2022-10-03T09:46:31","date_gmt":"2022-10-03T09:46:31","guid":{"rendered":"https:\/\/Regalino-Shop.de\/?post_type=product&#038;p=9893"},"modified":"2026-03-11T15:41:02","modified_gmt":"2026-03-11T15:41:02","slug":"geschirrtuch-sei-kein-spuelverderber-von-1730-hamburg","status":"publish","type":"product","link":"https:\/\/Regalino-Shop.de\/?product=geschirrtuch-sei-kein-spuelverderber-von-1730-hamburg","title":{"rendered":"Geschirrtuch *Sei kein Sp\u00fclverderber* von 17;30 Hamburg"},"content":{"rendered":"","protected":false},"excerpt":{"rendered":"<p>wei\u00df mit Aufdruck *Sei kein Sp\u00fclverderber* blau im Siebdruckverfahren<\/p>\n<p>im Format: 70 x 50 cm<\/p>\n<p>100 % Baumwolle<\/p>\n<p>waschbar bis 60\u00b0C<\/p>\n<p>das Geschirrtuch kommt zusamengefaltet mit einer Banderole umwickelt<\/p>\n<p>&nbsp;<\/p>\n<p>Photo: 17;30 Hamburg<\/p>\n","protected":false},"featured_media":9894,"template":"","meta":{"_et_pb_use_builder":"","_et_pb_old_content":"","_et_gb_content_width":""},"product_brand":[],"product_cat":[81,15],"product_tag":[371,363,370,875],"class_list":{"0":"post-9893","1":"product","2":"type-product","3":"status-publish","4":"has-post-thumbnail","6":"product_cat-kuechentextilien-im-scandi-breton-stil-regalino","7":"product_cat-unkategorisiert","8":"product_tag-geschirrtuch","9":"product_tag-nachhaltig","10":"product_tag-servietten","11":"product_tag-siebdruck","13":"first","14":"instock","15":"taxable","16":"shipping-taxable","17":"purchasable","18":"product-type-simple"},"yoast_head":"<!-- This site is optimized with the Yoast SEO plugin v27.5 - https:\/\/yoast.com\/product\/yoast-seo-wordpress\/ -->\n<title>Geschirrtuch *Sei kein Sp\u00fclverderber* von 17;30 Hamburg - Regalino -Lively Style<\/title>\n<meta name=\"description\" content=\"kleine Motivationshilfe - lustiges Geschirrtuch mit Aufdruck *Sei kein Sp\u00fclverderber*\" \/>\n<meta name=\"robots\" content=\"index, follow, max-snippet:-1, max-image-preview:large, max-video-preview:-1\" \/>\n<link rel=\"canonical\" href=\"https:\/\/Regalino-Shop.de\/?product=geschirrtuch-sei-kein-spuelverderber-von-1730-hamburg\" \/>\n<meta property=\"og:locale\" content=\"de_DE\" \/>\n<meta property=\"og:type\" content=\"article\" \/>\n<meta property=\"og:title\" content=\"Geschirrtuch *Sei kein Sp\u00fclverderber* von 17;30 Hamburg - Regalino -Lively Style\" \/>\n<meta property=\"og:description\" content=\"kleine Motivationshilfe - lustiges Geschirrtuch mit Aufdruck *Sei kein Sp\u00fclverderber*\" \/>\n<meta property=\"og:url\" content=\"https:\/\/Regalino-Shop.de\/?product=geschirrtuch-sei-kein-spuelverderber-von-1730-hamburg\" \/>\n<meta property=\"og:site_name\" content=\"Regalino -Lively Style\" \/>\n<meta property=\"article:modified_time\" content=\"2026-03-11T15:41:02+00:00\" \/>\n<meta property=\"og:image\" content=\"https:\/\/Regalino-Shop.de\/wp-content\/uploads\/2022\/10\/1730_geschirrtuch_Teil-3_quer_spuelverderber_600x600.jpg\" \/>\n\t<meta property=\"og:image:width\" content=\"600\" \/>\n\t<meta property=\"og:image:height\" content=\"600\" \/>\n\t<meta property=\"og:image:type\" content=\"image\/jpeg\" \/>\n<meta name=\"twitter:card\" content=\"summary_large_image\" \/>\n<script type=\"application\/ld+json\" class=\"yoast-schema-graph\">{\"@context\":\"https:\\\/\\\/schema.org\",\"@graph\":[{\"@type\":\"WebPage\",\"@id\":\"https:\\\/\\\/Regalino-Shop.de\\\/?product=geschirrtuch-sei-kein-spuelverderber-von-1730-hamburg\",\"url\":\"https:\\\/\\\/Regalino-Shop.de\\\/?product=geschirrtuch-sei-kein-spuelverderber-von-1730-hamburg\",\"name\":\"Geschirrtuch *Sei kein Sp\u00fclverderber* von 17;30 Hamburg - Regalino -Lively Style\",\"isPartOf\":{\"@id\":\"https:\\\/\\\/Regalino-Shop.de\\\/#website\"},\"primaryImageOfPage\":{\"@id\":\"https:\\\/\\\/Regalino-Shop.de\\\/?product=geschirrtuch-sei-kein-spuelverderber-von-1730-hamburg#primaryimage\"},\"image\":{\"@id\":\"https:\\\/\\\/Regalino-Shop.de\\\/?product=geschirrtuch-sei-kein-spuelverderber-von-1730-hamburg#primaryimage\"},\"thumbnailUrl\":\"https:\\\/\\\/Regalino-Shop.de\\\/wp-content\\\/uploads\\\/2022\\\/10\\\/1730_geschirrtuch_Teil-3_quer_spuelverderber_600x600.jpg\",\"datePublished\":\"2022-10-03T09:46:31+00:00\",\"dateModified\":\"2026-03-11T15:41:02+00:00\",\"description\":\"kleine Motivationshilfe - lustiges Geschirrtuch mit Aufdruck *Sei kein Sp\u00fclverderber*\",\"breadcrumb\":{\"@id\":\"https:\\\/\\\/Regalino-Shop.de\\\/?product=geschirrtuch-sei-kein-spuelverderber-von-1730-hamburg#breadcrumb\"},\"inLanguage\":\"de\",\"potentialAction\":[{\"@type\":\"ReadAction\",\"target\":[\"https:\\\/\\\/Regalino-Shop.de\\\/?product=geschirrtuch-sei-kein-spuelverderber-von-1730-hamburg\"]}]},{\"@type\":\"ImageObject\",\"inLanguage\":\"de\",\"@id\":\"https:\\\/\\\/Regalino-Shop.de\\\/?product=geschirrtuch-sei-kein-spuelverderber-von-1730-hamburg#primaryimage\",\"url\":\"https:\\\/\\\/Regalino-Shop.de\\\/wp-content\\\/uploads\\\/2022\\\/10\\\/1730_geschirrtuch_Teil-3_quer_spuelverderber_600x600.jpg\",\"contentUrl\":\"https:\\\/\\\/Regalino-Shop.de\\\/wp-content\\\/uploads\\\/2022\\\/10\\\/1730_geschirrtuch_Teil-3_quer_spuelverderber_600x600.jpg\",\"width\":600,\"height\":600},{\"@type\":\"BreadcrumbList\",\"@id\":\"https:\\\/\\\/Regalino-Shop.de\\\/?product=geschirrtuch-sei-kein-spuelverderber-von-1730-hamburg#breadcrumb\",\"itemListElement\":[{\"@type\":\"ListItem\",\"position\":1,\"name\":\"Startseite\",\"item\":\"https:\\\/\\\/Regalino-Shop.de\\\/\"},{\"@type\":\"ListItem\",\"position\":2,\"name\":\"Shop\",\"item\":\"https:\\\/\\\/Regalino-Shop.de\\\/?page_id=40\"},{\"@type\":\"ListItem\",\"position\":3,\"name\":\"Geschirrtuch *Sei kein Sp\u00fclverderber* von 17;30 Hamburg\"}]},{\"@type\":\"WebSite\",\"@id\":\"https:\\\/\\\/Regalino-Shop.de\\\/#website\",\"url\":\"https:\\\/\\\/Regalino-Shop.de\\\/\",\"name\":\"Regalino -Lively Style\",\"description\":\"gelebtes Zuhause\",\"potentialAction\":[{\"@type\":\"SearchAction\",\"target\":{\"@type\":\"EntryPoint\",\"urlTemplate\":\"https:\\\/\\\/Regalino-Shop.de\\\/?s={search_term_string}\"},\"query-input\":{\"@type\":\"PropertyValueSpecification\",\"valueRequired\":true,\"valueName\":\"search_term_string\"}}],\"inLanguage\":\"de\"}]}<\/script>\n<!-- \/ Yoast SEO plugin. -->","yoast_head_json":{"title":"Geschirrtuch *Sei kein Sp\u00fclverderber* von 17;30 Hamburg - Regalino -Lively Style","description":"kleine Motivationshilfe - lustiges Geschirrtuch mit Aufdruck *Sei kein Sp\u00fclverderber*","robots":{"index":"index","follow":"follow","max-snippet":"max-snippet:-1","max-image-preview":"max-image-preview:large","max-video-preview":"max-video-preview:-1"},"canonical":"https:\/\/Regalino-Shop.de\/?product=geschirrtuch-sei-kein-spuelverderber-von-1730-hamburg","og_locale":"de_DE","og_type":"article","og_title":"Geschirrtuch *Sei kein Sp\u00fclverderber* von 17;30 Hamburg - Regalino -Lively Style","og_description":"kleine Motivationshilfe - lustiges Geschirrtuch mit Aufdruck *Sei kein Sp\u00fclverderber*","og_url":"https:\/\/Regalino-Shop.de\/?product=geschirrtuch-sei-kein-spuelverderber-von-1730-hamburg","og_site_name":"Regalino -Lively Style","article_modified_time":"2026-03-11T15:41:02+00:00","og_image":[{"width":600,"height":600,"url":"https:\/\/Regalino-Shop.de\/wp-content\/uploads\/2022\/10\/1730_geschirrtuch_Teil-3_quer_spuelverderber_600x600.jpg","type":"image\/jpeg"}],"twitter_card":"summary_large_image","schema":{"@context":"https:\/\/schema.org","@graph":[{"@type":"WebPage","@id":"https:\/\/Regalino-Shop.de\/?product=geschirrtuch-sei-kein-spuelverderber-von-1730-hamburg","url":"https:\/\/Regalino-Shop.de\/?product=geschirrtuch-sei-kein-spuelverderber-von-1730-hamburg","name":"Geschirrtuch *Sei kein Sp\u00fclverderber* von 17;30 Hamburg - Regalino -Lively Style","isPartOf":{"@id":"https:\/\/Regalino-Shop.de\/#website"},"primaryImageOfPage":{"@id":"https:\/\/Regalino-Shop.de\/?product=geschirrtuch-sei-kein-spuelverderber-von-1730-hamburg#primaryimage"},"image":{"@id":"https:\/\/Regalino-Shop.de\/?product=geschirrtuch-sei-kein-spuelverderber-von-1730-hamburg#primaryimage"},"thumbnailUrl":"https:\/\/Regalino-Shop.de\/wp-content\/uploads\/2022\/10\/1730_geschirrtuch_Teil-3_quer_spuelverderber_600x600.jpg","datePublished":"2022-10-03T09:46:31+00:00","dateModified":"2026-03-11T15:41:02+00:00","description":"kleine Motivationshilfe - lustiges Geschirrtuch mit Aufdruck *Sei kein Sp\u00fclverderber*","breadcrumb":{"@id":"https:\/\/Regalino-Shop.de\/?product=geschirrtuch-sei-kein-spuelverderber-von-1730-hamburg#breadcrumb"},"inLanguage":"de","potentialAction":[{"@type":"ReadAction","target":["https:\/\/Regalino-Shop.de\/?product=geschirrtuch-sei-kein-spuelverderber-von-1730-hamburg"]}]},{"@type":"ImageObject","inLanguage":"de","@id":"https:\/\/Regalino-Shop.de\/?product=geschirrtuch-sei-kein-spuelverderber-von-1730-hamburg#primaryimage","url":"https:\/\/Regalino-Shop.de\/wp-content\/uploads\/2022\/10\/1730_geschirrtuch_Teil-3_quer_spuelverderber_600x600.jpg","contentUrl":"https:\/\/Regalino-Shop.de\/wp-content\/uploads\/2022\/10\/1730_geschirrtuch_Teil-3_quer_spuelverderber_600x600.jpg","width":600,"height":600},{"@type":"BreadcrumbList","@id":"https:\/\/Regalino-Shop.de\/?product=geschirrtuch-sei-kein-spuelverderber-von-1730-hamburg#breadcrumb","itemListElement":[{"@type":"ListItem","position":1,"name":"Startseite","item":"https:\/\/Regalino-Shop.de\/"},{"@type":"ListItem","position":2,"name":"Shop","item":"https:\/\/Regalino-Shop.de\/?page_id=40"},{"@type":"ListItem","position":3,"name":"Geschirrtuch *Sei kein Sp\u00fclverderber* von 17;30 Hamburg"}]},{"@type":"WebSite","@id":"https:\/\/Regalino-Shop.de\/#website","url":"https:\/\/Regalino-Shop.de\/","name":"Regalino -Lively Style","description":"gelebtes Zuhause","potentialAction":[{"@type":"SearchAction","target":{"@type":"EntryPoint","urlTemplate":"https:\/\/Regalino-Shop.de\/?s={search_term_string}"},"query-input":{"@type":"PropertyValueSpecification","valueRequired":true,"valueName":"search_term_string"}}],"inLanguage":"de"}]}},"_links":{"self":[{"href":"https:\/\/Regalino-Shop.de\/index.php?rest_route=\/wp\/v2\/product\/9893","targetHints":{"allow":["GET"]}}],"collection":[{"href":"https:\/\/Regalino-Shop.de\/index.php?rest_route=\/wp\/v2\/product"}],"about":[{"href":"https:\/\/Regalino-Shop.de\/index.php?rest_route=\/wp\/v2\/types\/product"}],"wp:featuredmedia":[{"embeddable":true,"href":"https:\/\/Regalino-Shop.de\/index.php?rest_route=\/wp\/v2\/media\/9894"}],"wp:attachment":[{"href":"https:\/\/Regalino-Shop.de\/index.php?rest_route=%2Fwp%2Fv2%2Fmedia&parent=9893"}],"wp:term":[{"taxonomy":"product_brand","embeddable":true,"href":"https:\/\/Regalino-Shop.de\/index.php?rest_route=%2Fwp%2Fv2%2Fproduct_brand&post=9893"},{"taxonomy":"product_cat","embeddable":true,"href":"https:\/\/Regalino-Shop.de\/index.php?rest_route=%2Fwp%2Fv2%2Fproduct_cat&post=9893"},{"taxonomy":"product_tag","embeddable":true,"href":"https:\/\/Regalino-Shop.de\/index.php?rest_route=%2Fwp%2Fv2%2Fproduct_tag&post=9893"}],"curies":[{"name":"wp","href":"https:\/\/api.w.org\/{rel}","templated":true}]}}